{"id":98,"date":"2016-06-09T10:38:08","date_gmt":"2016-06-09T08:38:08","guid":{"rendered":"http:\/\/jo12.de\/?page_id=98"},"modified":"2025-10-21T14:07:14","modified_gmt":"2025-10-21T12:07:14","slug":"projekte","status":"publish","type":"page","link":"https:\/\/musiculum.de\/index.php\/projekte\/","title":{"rendered":"Schule\/Ganztag"},"content":{"rendered":"<div id=\"pg-98-0\"  class=\"panel-grid\" ><div class=\"panel-grid-core\"><div id=\"pgc-98-0-0\"  class=\"panel-grid-cell\" ><div class=\"panel-widget-style\" ><p style=\"\"><img decoding=\"async\" src=\"https:\/\/musiculum.de\/wp-content\/uploads\/2016\/12\/das_musiculum_ist_02.jpg\" alt=\"\" style=\"\" \/><\/p><\/div><div class=\"panel-widget-style\" ><p style=\"\"><img decoding=\"async\" src=\"https:\/\/musiculum.de\/wp-content\/uploads\/2016\/12\/das_musiculum_ist_07.jpg\" alt=\"\" style=\"\" \/><\/p><\/div><div class=\"panel-widget-style\" ><p style=\"\"><img decoding=\"async\" src=\"https:\/\/musiculum.de\/wp-content\/uploads\/2016\/12\/das_musiculum_ist_12.jpg\" alt=\"\" style=\"\" \/><\/p><\/div><\/div><div id=\"pgc-98-0-1\"  class=\"panel-grid-cell\" ><div class=\"panel-widget-style\" >\t\t\t<div class=\"textwidget\"><p>Um eine nachhaltige F\u00f6rderung von Kindern und Jugendlichen zu erm\u00f6glichen, spielt im musiculum Projektarbeit die zentrale Rolle. Vormittags finden <strong><a href=\"http:\/\/musiculum.de\/index.php\/schulprojekte\/\" rel=\"noopener noreferrer\">Schulprojekte<\/a><\/strong>\u00a0statt. Lehrkr\u00e4fte aller F\u00e4cher k\u00f6nnen ihre Klassen zu Projekttagen und Projektwochen anmelden.<\/p>\n<p>Im Rahmen Ihres Ganztags-Angebotes besuchen Klassen von Kieler Schulen \u00fcber den Zeitraum von einem Schulhalbjahr einmal pro Woche die <strong><a href=\"http:\/\/musiculum.de\/index.php\/kooperationsprojekte\/\" rel=\"noopener noreferrer\">Kooperationsprojekte <\/a><\/strong>\u00a0des musiculums. Neben den Angeboten f\u00fcr Regelschulen, werden Kooperationsprojekte f\u00fcr Kinder mit F\u00f6rderbedarf sowie inklusive Projekte durchgef\u00fchrt.<\/p>\n<p>Der <strong><a href=\"http:\/\/musiculum.de\/index.php\/nachmittagsprogramm\/\" rel=\"noopener noreferrer\">Nachmittag <\/a><\/strong>ist Projekten vorbehalten, die f\u00fcr verschiedene Altersgruppen konzipiert sind und die in der Regel \u00fcber einen Zeitraum von sechs bis zehn Wochen (pro Woche ein Termin) dauern. Damit die Projekte sinnvoll geplant werden k\u00f6nnen, ist auch hier eine Anmeldung vonn\u00f6ten.<\/p>\n<p>Zus\u00e4tzlich zu den regul\u00e4ren Vormittags- und Nachmittagsprojekten bietet das musiculum in den Schulferien <a href=\"https:\/\/musiculum.de\/index.php\/ferienprogramm-2\/\" rel=\"noopener noreferrer\"><strong>Ferienprojekte <\/strong><\/a>an, die von Fachleuten aus Musik, Kunst und Handwerk gestaltet werden. Hier werden an direkt aufeinanderfolgenden Tagen au\u00dfergew\u00f6hnlichere Themen behandelt und besondere Kenntnisse und Fertigkeiten vermittelt.<\/p>\n<\/div>\n\t\t<\/div><\/div><\/div><\/div>","protected":false},"excerpt":{"rendered":"<p>Um eine nachhaltige F\u00f6rderung von Kindern und Jugendlichen zu erm\u00f6glichen, spielt im musiculum Projektarbeit die zentrale Rolle. Vormittags finden Schulprojekte\u00a0statt. Lehrkr\u00e4fte aller F\u00e4cher k\u00f6nnen ihre Klassen zu Projekttagen und Projektwochen anmelden. Im Rahmen Ihres Ganztags-Angebotes besuchen Klassen von Kieler Schulen \u00fcber den Zeitraum von einem Schulhalbjahr einmal pro Woche die Kooperationsprojekte \u00a0des musiculums. Neben den [&hellip;]<\/p>\n","protected":false},"author":2,"featured_media":0,"parent":0,"menu_order":0,"comment_status":"closed","ping_status":"closed","template":"","meta":{"footnotes":""},"categories":[],"tags":[],"class_list":["post-98","page","type-page","status-publish","hentry"],"yoast_head":"<!-- This site is optimized with the Yoast SEO plugin v27.5 - https:\/\/yoast.com\/product\/yoast-seo-wordpress\/ -->\n<title>Schule\/Ganztag - musiculum<\/title>\n<meta name=\"robots\" content=\"index, follow, max-snippet:-1, max-image-preview:large, max-video-preview:-1\" \/>\n<link rel=\"canonical\" href=\"https:\/\/musiculum.de\/index.php\/projekte\/\" \/>\n<meta property=\"og:locale\" content=\"de_DE\" \/>\n<meta property=\"og:type\" content=\"article\" \/>\n<meta property=\"og:title\" content=\"Schule\/Ganztag - musiculum\" \/>\n<meta property=\"og:description\" content=\"Um eine nachhaltige F\u00f6rderung von Kindern und Jugendlichen zu erm\u00f6glichen, spielt im musiculum Projektarbeit die zentrale Rolle. Vormittags finden Schulprojekte\u00a0statt. Lehrkr\u00e4fte aller F\u00e4cher k\u00f6nnen ihre Klassen zu Projekttagen und Projektwochen anmelden. Im Rahmen Ihres Ganztags-Angebotes besuchen Klassen von Kieler Schulen \u00fcber den Zeitraum von einem Schulhalbjahr einmal pro Woche die Kooperationsprojekte \u00a0des musiculums. Neben den [&hellip;]\" \/>\n<meta property=\"og:url\" content=\"https:\/\/musiculum.de\/index.php\/projekte\/\" \/>\n<meta property=\"og:site_name\" content=\"musiculum\" \/>\n<meta property=\"article:modified_time\" content=\"2025-10-21T12:07:14+00:00\" \/>\n<meta name=\"twitter:card\" content=\"summary_large_image\" \/>\n<meta name=\"twitter:label1\" content=\"Gesch\u00e4tzte Lesezeit\" \/>\n\t<meta name=\"twitter:data1\" content=\"1\u00a0Minute\" \/>\n<script type=\"application\/ld+json\" class=\"yoast-schema-graph\">{\"@context\":\"https:\\\/\\\/schema.org\",\"@graph\":[{\"@type\":\"WebPage\",\"@id\":\"https:\\\/\\\/musiculum.de\\\/index.php\\\/projekte\\\/\",\"url\":\"https:\\\/\\\/musiculum.de\\\/index.php\\\/projekte\\\/\",\"name\":\"Schule\\\/Ganztag - musiculum\",\"isPartOf\":{\"@id\":\"https:\\\/\\\/musiculum.de\\\/#website\"},\"datePublished\":\"2016-06-09T08:38:08+00:00\",\"dateModified\":\"2025-10-21T12:07:14+00:00\",\"breadcrumb\":{\"@id\":\"https:\\\/\\\/musiculum.de\\\/index.php\\\/projekte\\\/#breadcrumb\"},\"inLanguage\":\"de\",\"potentialAction\":[{\"@type\":\"ReadAction\",\"target\":[\"https:\\\/\\\/musiculum.de\\\/index.php\\\/projekte\\\/\"]}]},{\"@type\":\"BreadcrumbList\",\"@id\":\"https:\\\/\\\/musiculum.de\\\/index.php\\\/projekte\\\/#breadcrumb\",\"itemListElement\":[{\"@type\":\"ListItem\",\"position\":1,\"name\":\"Startseite\",\"item\":\"https:\\\/\\\/musiculum.de\\\/\"},{\"@type\":\"ListItem\",\"position\":2,\"name\":\"Schule\\\/Ganztag\"}]},{\"@type\":\"WebSite\",\"@id\":\"https:\\\/\\\/musiculum.de\\\/#website\",\"url\":\"https:\\\/\\\/musiculum.de\\\/\",\"name\":\"musiculum\",\"description\":\"Lern- und Experimentierwerkstatt f\u00fcr Kinder und Jugendliche\",\"potentialAction\":[{\"@type\":\"SearchAction\",\"target\":{\"@type\":\"EntryPoint\",\"urlTemplate\":\"https:\\\/\\\/musiculum.de\\\/?s={search_term_string}\"},\"query-input\":{\"@type\":\"PropertyValueSpecification\",\"valueRequired\":true,\"valueName\":\"search_term_string\"}}],\"inLanguage\":\"de\"}]}<\/script>\n<!-- \/ Yoast SEO plugin. -->","yoast_head_json":{"title":"Schule\/Ganztag - musiculum","robots":{"index":"index","follow":"follow","max-snippet":"max-snippet:-1","max-image-preview":"max-image-preview:large","max-video-preview":"max-video-preview:-1"},"canonical":"https:\/\/musiculum.de\/index.php\/projekte\/","og_locale":"de_DE","og_type":"article","og_title":"Schule\/Ganztag - musiculum","og_description":"Um eine nachhaltige F\u00f6rderung von Kindern und Jugendlichen zu erm\u00f6glichen, spielt im musiculum Projektarbeit die zentrale Rolle. Vormittags finden Schulprojekte\u00a0statt. Lehrkr\u00e4fte aller F\u00e4cher k\u00f6nnen ihre Klassen zu Projekttagen und Projektwochen anmelden. Im Rahmen Ihres Ganztags-Angebotes besuchen Klassen von Kieler Schulen \u00fcber den Zeitraum von einem Schulhalbjahr einmal pro Woche die Kooperationsprojekte \u00a0des musiculums. Neben den [&hellip;]","og_url":"https:\/\/musiculum.de\/index.php\/projekte\/","og_site_name":"musiculum","article_modified_time":"2025-10-21T12:07:14+00:00","twitter_card":"summary_large_image","twitter_misc":{"Gesch\u00e4tzte Lesezeit":"1\u00a0Minute"},"schema":{"@context":"https:\/\/schema.org","@graph":[{"@type":"WebPage","@id":"https:\/\/musiculum.de\/index.php\/projekte\/","url":"https:\/\/musiculum.de\/index.php\/projekte\/","name":"Schule\/Ganztag - musiculum","isPartOf":{"@id":"https:\/\/musiculum.de\/#website"},"datePublished":"2016-06-09T08:38:08+00:00","dateModified":"2025-10-21T12:07:14+00:00","breadcrumb":{"@id":"https:\/\/musiculum.de\/index.php\/projekte\/#breadcrumb"},"inLanguage":"de","potentialAction":[{"@type":"ReadAction","target":["https:\/\/musiculum.de\/index.php\/projekte\/"]}]},{"@type":"BreadcrumbList","@id":"https:\/\/musiculum.de\/index.php\/projekte\/#breadcrumb","itemListElement":[{"@type":"ListItem","position":1,"name":"Startseite","item":"https:\/\/musiculum.de\/"},{"@type":"ListItem","position":2,"name":"Schule\/Ganztag"}]},{"@type":"WebSite","@id":"https:\/\/musiculum.de\/#website","url":"https:\/\/musiculum.de\/","name":"musiculum","description":"Lern- und Experimentierwerkstatt f\u00fcr Kinder und Jugendliche","potentialAction":[{"@type":"SearchAction","target":{"@type":"EntryPoint","urlTemplate":"https:\/\/musiculum.de\/?s={search_term_string}"},"query-input":{"@type":"PropertyValueSpecification","valueRequired":true,"valueName":"search_term_string"}}],"inLanguage":"de"}]}},"_links":{"self":[{"href":"https:\/\/musiculum.de\/index.php\/wp-json\/wp\/v2\/pages\/98","targetHints":{"allow":["GET"]}}],"collection":[{"href":"https:\/\/musiculum.de\/index.php\/wp-json\/wp\/v2\/pages"}],"about":[{"href":"https:\/\/musiculum.de\/index.php\/wp-json\/wp\/v2\/types\/page"}],"author":[{"embeddable":true,"href":"https:\/\/musiculum.de\/index.php\/wp-json\/wp\/v2\/users\/2"}],"replies":[{"embeddable":true,"href":"https:\/\/musiculum.de\/index.php\/wp-json\/wp\/v2\/comments?post=98"}],"version-history":[{"count":5,"href":"https:\/\/musiculum.de\/index.php\/wp-json\/wp\/v2\/pages\/98\/revisions"}],"predecessor-version":[{"id":6892,"href":"https:\/\/musiculum.de\/index.php\/wp-json\/wp\/v2\/pages\/98\/revisions\/6892"}],"wp:attachment":[{"href":"https:\/\/musiculum.de\/index.php\/wp-json\/wp\/v2\/media?parent=98"}],"wp:term":[{"taxonomy":"category","embeddable":true,"href":"https:\/\/musiculum.de\/index.php\/wp-json\/wp\/v2\/categories?post=98"},{"taxonomy":"post_tag","embeddable":true,"href":"https:\/\/musiculum.de\/index.php\/wp-json\/wp\/v2\/tags?post=98"}],"curies":[{"name":"wp","href":"https:\/\/api.w.org\/{rel}","templated":true}]}}