{"id":829,"date":"2016-12-20T17:25:28","date_gmt":"2016-12-20T16:25:28","guid":{"rendered":"http:\/\/jo12.de\/?page_id=829"},"modified":"2018-05-27T18:45:32","modified_gmt":"2018-05-27T16:45:32","slug":"raum1","status":"publish","type":"page","link":"https:\/\/musiculum.de\/index.php\/raum1\/","title":{"rendered":"Raum 1 (Aufenthaltsraum 1)"},"content":{"rendered":"<div id=\"pg-829-0\"  class=\"panel-grid\" ><div class=\"panel-grid-core\"><div id=\"pgc-829-0-0\"  class=\"panel-grid-cell\" ><div class=\"panel-widget-style\" ><p>Dieser Raum kann unter anderem\u00a0f\u00fcr Vortr\u00e4ge, Kurse, Unterricht und Seminare\u00a0genutzt werden. Des weiteren kann hier auf Anfrage bei gr\u00f6\u00dferen Veranstaltungen eine Garderobe eingerichtet werden.<\/p><p><strong>Raumgr\u00f6\u00dfe<\/strong>: ca. 50 m\u00b2<br \/><strong>Maximale Personenzahl:<\/strong>\u00a0max. 25 (je nach Stellung der Tische \/ St\u00fchle)<br \/><strong>Preis pro Nutzung:<\/strong> 20,00 \u20ac pro Stunde zzgl. 19% Mwst. \/ Tagessatz ab 6 bis 10 Stunden: 120,- \u20ac zzgl. 19% Mwst.<br \/><strong>Ausstattung:<\/strong> Auf Anfrage gegen Leihgeb\u00fchr Equipment wie Beamer, Leinwand, Flipchart, Pinwand usw.<br \/><strong>Buchungsanfragen:<\/strong> T.: 0431-666 889-0 oder \u00fcber das <a href=\"https:\/\/musiculum.de\/index.php\/kontakt\/\" target=\"_blank\" rel=\"noopener noreferrer\"><strong>Kontaktformular<\/strong><\/a><\/p><\/div><\/div><\/div><\/div><div id=\"pg-829-1\"  class=\"panel-grid\" ><div class=\"panel-grid-core\"><div id=\"pgc-829-1-0\"  class=\"panel-grid-cell\" ><div class=\"panel-widget-style\" ><div class=\"sc-lightbox image\"><span><img decoding=\"async\" class=\"lightbox\" src=\"https:\/\/musiculum.de\/wp-content\/uploads\/2018\/05\/musiculum_aufenthaltsraum_1_01.jpg\"><\/span><div class=\"image-overlay style2\"><div class=\"image-overlay-inner\"><div class=\"hover-icons\"><a class=\"hover-zoom prettyPhoto\" href=\"https:\/\/musiculum.de\/wp-content\/uploads\/2018\/05\/musiculum_aufenthaltsraum_1_01.jpg\"><\/a><\/div><\/div><\/div><\/div><\/div><\/div><div id=\"pgc-829-1-1\"  class=\"panel-grid-cell\" ><\/div><div id=\"pgc-829-1-2\"  class=\"panel-grid-cell\" ><\/div><\/div><\/div>","protected":false},"excerpt":{"rendered":"<p>Dieser Raum kann unter anderem\u00a0f\u00fcr Vortr\u00e4ge, Kurse, Unterricht und Seminare\u00a0genutzt werden. Des weiteren kann hier auf Anfrage bei gr\u00f6\u00dferen Veranstaltungen eine Garderobe eingerichtet werden.Raumgr\u00f6\u00dfe: ca. 50 m\u00b2Maximale Personenzahl:\u00a0max. 25 (je nach Stellung der Tische \/ St\u00fchle)Preis pro Nutzung: 20,00 \u20ac pro Stunde zzgl. 19% Mwst. \/ Tagessatz ab 6 bis 10 Stunden: 120,- \u20ac zzgl. [&hellip;]<\/p>\n","protected":false},"author":1,"featured_media":0,"parent":0,"menu_order":0,"comment_status":"closed","ping_status":"closed","template":"","meta":{"footnotes":""},"categories":[],"tags":[],"class_list":["post-829","page","type-page","status-publish","hentry"],"yoast_head":"<!-- This site is optimized with the Yoast SEO plugin v27.2 - https:\/\/yoast.com\/product\/yoast-seo-wordpress\/ -->\n<title>Raum 1 (Aufenthaltsraum 1) - musiculum<\/title>\n<meta name=\"robots\" content=\"index, follow, max-snippet:-1, max-image-preview:large, max-video-preview:-1\" \/>\n<link rel=\"canonical\" href=\"https:\/\/musiculum.de\/index.php\/raum1\/\" \/>\n<meta property=\"og:locale\" content=\"de_DE\" \/>\n<meta property=\"og:type\" content=\"article\" \/>\n<meta property=\"og:title\" content=\"Raum 1 (Aufenthaltsraum 1) - musiculum\" \/>\n<meta property=\"og:description\" content=\"Dieser Raum kann unter anderem\u00a0f\u00fcr Vortr\u00e4ge, Kurse, Unterricht und Seminare\u00a0genutzt werden. Des weiteren kann hier auf Anfrage bei gr\u00f6\u00dferen Veranstaltungen eine Garderobe eingerichtet werden.Raumgr\u00f6\u00dfe: ca. 50 m\u00b2Maximale Personenzahl:\u00a0max. 25 (je nach Stellung der Tische \/ St\u00fchle)Preis pro Nutzung: 20,00 \u20ac pro Stunde zzgl. 19% Mwst. \/ Tagessatz ab 6 bis 10 Stunden: 120,- \u20ac zzgl. [&hellip;]\" \/>\n<meta property=\"og:url\" content=\"https:\/\/musiculum.de\/index.php\/raum1\/\" \/>\n<meta property=\"og:site_name\" content=\"musiculum\" \/>\n<meta property=\"article:modified_time\" content=\"2018-05-27T16:45:32+00:00\" \/>\n<meta name=\"twitter:card\" content=\"summary_large_image\" \/>\n<script type=\"application\/ld+json\" class=\"yoast-schema-graph\">{\"@context\":\"https:\/\/schema.org\",\"@graph\":[{\"@type\":\"WebPage\",\"@id\":\"https:\/\/musiculum.de\/index.php\/raum1\/\",\"url\":\"https:\/\/musiculum.de\/index.php\/raum1\/\",\"name\":\"Raum 1 (Aufenthaltsraum 1) - musiculum\",\"isPartOf\":{\"@id\":\"https:\/\/musiculum.de\/#website\"},\"datePublished\":\"2016-12-20T16:25:28+00:00\",\"dateModified\":\"2018-05-27T16:45:32+00:00\",\"breadcrumb\":{\"@id\":\"https:\/\/musiculum.de\/index.php\/raum1\/#breadcrumb\"},\"inLanguage\":\"de\",\"potentialAction\":[{\"@type\":\"ReadAction\",\"target\":[\"https:\/\/musiculum.de\/index.php\/raum1\/\"]}]},{\"@type\":\"BreadcrumbList\",\"@id\":\"https:\/\/musiculum.de\/index.php\/raum1\/#breadcrumb\",\"itemListElement\":[{\"@type\":\"ListItem\",\"position\":1,\"name\":\"Startseite\",\"item\":\"https:\/\/musiculum.de\/\"},{\"@type\":\"ListItem\",\"position\":2,\"name\":\"Raum 1 (Aufenthaltsraum 1)\"}]},{\"@type\":\"WebSite\",\"@id\":\"https:\/\/musiculum.de\/#website\",\"url\":\"https:\/\/musiculum.de\/\",\"name\":\"musiculum\",\"description\":\"Lern- und Experimentierwerkstatt f\u00fcr Kinder und Jugendliche\",\"potentialAction\":[{\"@type\":\"SearchAction\",\"target\":{\"@type\":\"EntryPoint\",\"urlTemplate\":\"https:\/\/musiculum.de\/?s={search_term_string}\"},\"query-input\":{\"@type\":\"PropertyValueSpecification\",\"valueRequired\":true,\"valueName\":\"search_term_string\"}}],\"inLanguage\":\"de\"}]}<\/script>\n<!-- \/ Yoast SEO plugin. -->","yoast_head_json":{"title":"Raum 1 (Aufenthaltsraum 1) - musiculum","robots":{"index":"index","follow":"follow","max-snippet":"max-snippet:-1","max-image-preview":"max-image-preview:large","max-video-preview":"max-video-preview:-1"},"canonical":"https:\/\/musiculum.de\/index.php\/raum1\/","og_locale":"de_DE","og_type":"article","og_title":"Raum 1 (Aufenthaltsraum 1) - musiculum","og_description":"Dieser Raum kann unter anderem\u00a0f\u00fcr Vortr\u00e4ge, Kurse, Unterricht und Seminare\u00a0genutzt werden. Des weiteren kann hier auf Anfrage bei gr\u00f6\u00dferen Veranstaltungen eine Garderobe eingerichtet werden.Raumgr\u00f6\u00dfe: ca. 50 m\u00b2Maximale Personenzahl:\u00a0max. 25 (je nach Stellung der Tische \/ St\u00fchle)Preis pro Nutzung: 20,00 \u20ac pro Stunde zzgl. 19% Mwst. \/ Tagessatz ab 6 bis 10 Stunden: 120,- \u20ac zzgl. [&hellip;]","og_url":"https:\/\/musiculum.de\/index.php\/raum1\/","og_site_name":"musiculum","article_modified_time":"2018-05-27T16:45:32+00:00","twitter_card":"summary_large_image","schema":{"@context":"https:\/\/schema.org","@graph":[{"@type":"WebPage","@id":"https:\/\/musiculum.de\/index.php\/raum1\/","url":"https:\/\/musiculum.de\/index.php\/raum1\/","name":"Raum 1 (Aufenthaltsraum 1) - musiculum","isPartOf":{"@id":"https:\/\/musiculum.de\/#website"},"datePublished":"2016-12-20T16:25:28+00:00","dateModified":"2018-05-27T16:45:32+00:00","breadcrumb":{"@id":"https:\/\/musiculum.de\/index.php\/raum1\/#breadcrumb"},"inLanguage":"de","potentialAction":[{"@type":"ReadAction","target":["https:\/\/musiculum.de\/index.php\/raum1\/"]}]},{"@type":"BreadcrumbList","@id":"https:\/\/musiculum.de\/index.php\/raum1\/#breadcrumb","itemListElement":[{"@type":"ListItem","position":1,"name":"Startseite","item":"https:\/\/musiculum.de\/"},{"@type":"ListItem","position":2,"name":"Raum 1 (Aufenthaltsraum 1)"}]},{"@type":"WebSite","@id":"https:\/\/musiculum.de\/#website","url":"https:\/\/musiculum.de\/","name":"musiculum","description":"Lern- und Experimentierwerkstatt f\u00fcr Kinder und Jugendliche","potentialAction":[{"@type":"SearchAction","target":{"@type":"EntryPoint","urlTemplate":"https:\/\/musiculum.de\/?s={search_term_string}"},"query-input":{"@type":"PropertyValueSpecification","valueRequired":true,"valueName":"search_term_string"}}],"inLanguage":"de"}]}},"_links":{"self":[{"href":"https:\/\/musiculum.de\/index.php\/wp-json\/wp\/v2\/pages\/829","targetHints":{"allow":["GET"]}}],"collection":[{"href":"https:\/\/musiculum.de\/index.php\/wp-json\/wp\/v2\/pages"}],"about":[{"href":"https:\/\/musiculum.de\/index.php\/wp-json\/wp\/v2\/types\/page"}],"author":[{"embeddable":true,"href":"https:\/\/musiculum.de\/index.php\/wp-json\/wp\/v2\/users\/1"}],"replies":[{"embeddable":true,"href":"https:\/\/musiculum.de\/index.php\/wp-json\/wp\/v2\/comments?post=829"}],"version-history":[{"count":4,"href":"https:\/\/musiculum.de\/index.php\/wp-json\/wp\/v2\/pages\/829\/revisions"}],"predecessor-version":[{"id":868,"href":"https:\/\/musiculum.de\/index.php\/wp-json\/wp\/v2\/pages\/829\/revisions\/868"}],"wp:attachment":[{"href":"https:\/\/musiculum.de\/index.php\/wp-json\/wp\/v2\/media?parent=829"}],"wp:term":[{"taxonomy":"category","embeddable":true,"href":"https:\/\/musiculum.de\/index.php\/wp-json\/wp\/v2\/categories?post=829"},{"taxonomy":"post_tag","embeddable":true,"href":"https:\/\/musiculum.de\/index.php\/wp-json\/wp\/v2\/tags?post=829"}],"curies":[{"name":"wp","href":"https:\/\/api.w.org\/{rel}","templated":true}]}}