{"id":608,"date":"2016-10-19T14:43:30","date_gmt":"2016-10-19T12:43:30","guid":{"rendered":"http:\/\/jo12.de\/?page_id=608"},"modified":"2025-10-22T07:52:47","modified_gmt":"2025-10-22T05:52:47","slug":"sinnesraum","status":"publish","type":"page","link":"https:\/\/musiculum.de\/index.php\/sinnesraum\/","title":{"rendered":"Sinnesraum"},"content":{"rendered":"<div id=\"pg-608-0\"  class=\"panel-grid\" ><div class=\"panel-grid-core\"><div id=\"pgc-608-0-0\"  class=\"panel-grid-cell\" ><div class=\"panel-widget-style\" >\t\t\t<div class=\"textwidget\"><p><strong>Raumgr\u00f6\u00dfe<\/strong>: ca. 40 m\u00b2<br \/>\n<strong>Lage im Geb\u00e4ude:<\/strong> 1. OG<br \/>\n<strong>Mit Fahrstuhl erreichbar:<\/strong> Ja<br \/>\n<strong>Maximale Personenzahl mit Tischen regul\u00e4r:<\/strong> 10 bis 12<br \/>\n<strong>Maximale Personenzahl ohne Tische mit Stuhlkreis:<\/strong> 15<br \/>\n<strong>Maximale Personenzahl mit Tischen und 1,5m Abstand:<\/strong> 6<br \/>\n<strong>Maximale Personenzahl ohne Tische und 1,5m Abstand:<\/strong> 8<br \/>\n<strong>Ausstattung:<\/strong> Auf Anfrage gegen Leihgeb\u00fchr Equipment wie Beamer, Leinwand, Flipchart, Pinwand usw.<br \/>\n<strong>Buchungsanfragen:<\/strong> T.: 0431-666 889-0 oder \u00fcber das <a href=\"https:\/\/musiculum.de\/index.php\/kontakt\/\" rel=\"noopener noreferrer\"><strong>Kontaktformular<\/strong><\/a><\/p>\n<\/div>\n\t\t<\/div><\/div><div id=\"pgc-608-0-1\"  class=\"panel-grid-cell\" ><div class=\"panel-widget-style\" >\t\t\t<div class=\"textwidget\"><p>Der Sinnesraum kann in Absprache auch als Backstage-Raum genutzt werden.<\/p>\n<p>Zudem ist eine Nutzung als Seminarraum oder als Sinnesraum (Klangschalen usw. k\u00f6nnen gegen Geb\u00fchr ausgeliehen werden) m\u00f6glich.<\/p>\n<\/div>\n\t\t<\/div><\/div><\/div><\/div><div id=\"pg-608-1\"  class=\"panel-grid\" ><div class=\"panel-grid-core\"><div id=\"pgc-608-1-0\"  class=\"panel-grid-cell\" ><div class=\"panel-widget-style\" ><div class=\"sc-lightbox image\"><span><img decoding=\"async\" class=\"lightbox\" src=\"https:\/\/musiculum.de\/wp-content\/uploads\/2018\/05\/musiculum_sinnesraum_01.jpg\"><\/span><div class=\"image-overlay style2\"><div class=\"image-overlay-inner\"><div class=\"hover-icons\"><a class=\"hover-zoom prettyPhoto\" href=\"https:\/\/musiculum.de\/wp-content\/uploads\/2018\/05\/musiculum_sinnesraum_01.jpg\"><\/a><\/div><\/div><\/div><\/div><\/div><\/div><div id=\"pgc-608-1-1\"  class=\"panel-grid-cell\" ><div class=\"panel-widget-style\" ><div class=\"sc-lightbox image\"><span><img decoding=\"async\" class=\"lightbox\" src=\"https:\/\/musiculum.de\/wp-content\/uploads\/2016\/12\/Sinnesraum-leer-HDR-LR.jpg\"><\/span><div class=\"image-overlay style2\"><div class=\"image-overlay-inner\"><div class=\"hover-icons\"><a class=\"hover-zoom prettyPhoto\" href=\"https:\/\/musiculum.de\/wp-content\/uploads\/2016\/12\/Sinnesraum-leer-HDR-LR.jpg\"><\/a><\/div><\/div><\/div><\/div><\/div><\/div><div id=\"pgc-608-1-2\"  class=\"panel-grid-cell\" ><div class=\"panel-widget-style\" ><div class=\"sc-lightbox image\"><span><img decoding=\"async\" class=\"lightbox\" src=\"https:\/\/musiculum.de\/wp-content\/uploads\/2016\/12\/Sinnesraum-Klangschalen-HDR-LR.jpg\"><\/span><div class=\"image-overlay style2\"><div class=\"image-overlay-inner\"><div class=\"hover-icons\"><a class=\"hover-zoom prettyPhoto\" href=\"https:\/\/musiculum.de\/wp-content\/uploads\/2016\/12\/Sinnesraum-Klangschalen-HDR-LR.jpg\"><\/a><\/div><\/div><\/div><\/div><\/div><\/div><\/div><\/div>","protected":false},"excerpt":{"rendered":"<p>Raumgr\u00f6\u00dfe: ca. 40 m\u00b2 Lage im Geb\u00e4ude: 1. OG Mit Fahrstuhl erreichbar: Ja Maximale Personenzahl mit Tischen regul\u00e4r: 10 bis 12 Maximale Personenzahl ohne Tische mit Stuhlkreis: 15 Maximale Personenzahl mit Tischen und 1,5m Abstand: 6 Maximale Personenzahl ohne Tische und 1,5m Abstand: 8 Ausstattung: Auf Anfrage gegen Leihgeb\u00fchr Equipment wie Beamer, Leinwand, Flipchart, Pinwand [&hellip;]<\/p>\n","protected":false},"author":1,"featured_media":0,"parent":0,"menu_order":0,"comment_status":"closed","ping_status":"closed","template":"","meta":{"footnotes":""},"categories":[],"tags":[],"class_list":["post-608","page","type-page","status-publish","hentry"],"yoast_head":"<!-- This site is optimized with the Yoast SEO plugin v27.3 - https:\/\/yoast.com\/product\/yoast-seo-wordpress\/ -->\n<title>Sinnesraum - musiculum<\/title>\n<meta name=\"robots\" content=\"index, follow, max-snippet:-1, max-image-preview:large, max-video-preview:-1\" \/>\n<link rel=\"canonical\" href=\"https:\/\/musiculum.de\/index.php\/sinnesraum\/\" \/>\n<meta property=\"og:locale\" content=\"de_DE\" \/>\n<meta property=\"og:type\" content=\"article\" \/>\n<meta property=\"og:title\" content=\"Sinnesraum - musiculum\" \/>\n<meta property=\"og:description\" content=\"Raumgr\u00f6\u00dfe: ca. 40 m\u00b2 Lage im Geb\u00e4ude: 1. OG Mit Fahrstuhl erreichbar: Ja Maximale Personenzahl mit Tischen regul\u00e4r: 10 bis 12 Maximale Personenzahl ohne Tische mit Stuhlkreis: 15 Maximale Personenzahl mit Tischen und 1,5m Abstand: 6 Maximale Personenzahl ohne Tische und 1,5m Abstand: 8 Ausstattung: Auf Anfrage gegen Leihgeb\u00fchr Equipment wie Beamer, Leinwand, Flipchart, Pinwand [&hellip;]\" \/>\n<meta property=\"og:url\" content=\"https:\/\/musiculum.de\/index.php\/sinnesraum\/\" \/>\n<meta property=\"og:site_name\" content=\"musiculum\" \/>\n<meta property=\"article:modified_time\" content=\"2025-10-22T05:52:47+00:00\" \/>\n<meta name=\"twitter:card\" content=\"summary_large_image\" \/>\n<meta name=\"twitter:label1\" content=\"Gesch\u00e4tzte Lesezeit\" \/>\n\t<meta name=\"twitter:data1\" content=\"1\u00a0Minute\" \/>\n<script type=\"application\/ld+json\" class=\"yoast-schema-graph\">{\"@context\":\"https:\\\/\\\/schema.org\",\"@graph\":[{\"@type\":\"WebPage\",\"@id\":\"https:\\\/\\\/musiculum.de\\\/index.php\\\/sinnesraum\\\/\",\"url\":\"https:\\\/\\\/musiculum.de\\\/index.php\\\/sinnesraum\\\/\",\"name\":\"Sinnesraum - musiculum\",\"isPartOf\":{\"@id\":\"https:\\\/\\\/musiculum.de\\\/#website\"},\"datePublished\":\"2016-10-19T12:43:30+00:00\",\"dateModified\":\"2025-10-22T05:52:47+00:00\",\"breadcrumb\":{\"@id\":\"https:\\\/\\\/musiculum.de\\\/index.php\\\/sinnesraum\\\/#breadcrumb\"},\"inLanguage\":\"de\",\"potentialAction\":[{\"@type\":\"ReadAction\",\"target\":[\"https:\\\/\\\/musiculum.de\\\/index.php\\\/sinnesraum\\\/\"]}]},{\"@type\":\"BreadcrumbList\",\"@id\":\"https:\\\/\\\/musiculum.de\\\/index.php\\\/sinnesraum\\\/#breadcrumb\",\"itemListElement\":[{\"@type\":\"ListItem\",\"position\":1,\"name\":\"Startseite\",\"item\":\"https:\\\/\\\/musiculum.de\\\/\"},{\"@type\":\"ListItem\",\"position\":2,\"name\":\"Sinnesraum\"}]},{\"@type\":\"WebSite\",\"@id\":\"https:\\\/\\\/musiculum.de\\\/#website\",\"url\":\"https:\\\/\\\/musiculum.de\\\/\",\"name\":\"musiculum\",\"description\":\"Lern- und Experimentierwerkstatt f\u00fcr Kinder und Jugendliche\",\"potentialAction\":[{\"@type\":\"SearchAction\",\"target\":{\"@type\":\"EntryPoint\",\"urlTemplate\":\"https:\\\/\\\/musiculum.de\\\/?s={search_term_string}\"},\"query-input\":{\"@type\":\"PropertyValueSpecification\",\"valueRequired\":true,\"valueName\":\"search_term_string\"}}],\"inLanguage\":\"de\"}]}<\/script>\n<!-- \/ Yoast SEO plugin. -->","yoast_head_json":{"title":"Sinnesraum - musiculum","robots":{"index":"index","follow":"follow","max-snippet":"max-snippet:-1","max-image-preview":"max-image-preview:large","max-video-preview":"max-video-preview:-1"},"canonical":"https:\/\/musiculum.de\/index.php\/sinnesraum\/","og_locale":"de_DE","og_type":"article","og_title":"Sinnesraum - musiculum","og_description":"Raumgr\u00f6\u00dfe: ca. 40 m\u00b2 Lage im Geb\u00e4ude: 1. OG Mit Fahrstuhl erreichbar: Ja Maximale Personenzahl mit Tischen regul\u00e4r: 10 bis 12 Maximale Personenzahl ohne Tische mit Stuhlkreis: 15 Maximale Personenzahl mit Tischen und 1,5m Abstand: 6 Maximale Personenzahl ohne Tische und 1,5m Abstand: 8 Ausstattung: Auf Anfrage gegen Leihgeb\u00fchr Equipment wie Beamer, Leinwand, Flipchart, Pinwand [&hellip;]","og_url":"https:\/\/musiculum.de\/index.php\/sinnesraum\/","og_site_name":"musiculum","article_modified_time":"2025-10-22T05:52:47+00:00","twitter_card":"summary_large_image","twitter_misc":{"Gesch\u00e4tzte Lesezeit":"1\u00a0Minute"},"schema":{"@context":"https:\/\/schema.org","@graph":[{"@type":"WebPage","@id":"https:\/\/musiculum.de\/index.php\/sinnesraum\/","url":"https:\/\/musiculum.de\/index.php\/sinnesraum\/","name":"Sinnesraum - musiculum","isPartOf":{"@id":"https:\/\/musiculum.de\/#website"},"datePublished":"2016-10-19T12:43:30+00:00","dateModified":"2025-10-22T05:52:47+00:00","breadcrumb":{"@id":"https:\/\/musiculum.de\/index.php\/sinnesraum\/#breadcrumb"},"inLanguage":"de","potentialAction":[{"@type":"ReadAction","target":["https:\/\/musiculum.de\/index.php\/sinnesraum\/"]}]},{"@type":"BreadcrumbList","@id":"https:\/\/musiculum.de\/index.php\/sinnesraum\/#breadcrumb","itemListElement":[{"@type":"ListItem","position":1,"name":"Startseite","item":"https:\/\/musiculum.de\/"},{"@type":"ListItem","position":2,"name":"Sinnesraum"}]},{"@type":"WebSite","@id":"https:\/\/musiculum.de\/#website","url":"https:\/\/musiculum.de\/","name":"musiculum","description":"Lern- und Experimentierwerkstatt f\u00fcr Kinder und Jugendliche","potentialAction":[{"@type":"SearchAction","target":{"@type":"EntryPoint","urlTemplate":"https:\/\/musiculum.de\/?s={search_term_string}"},"query-input":{"@type":"PropertyValueSpecification","valueRequired":true,"valueName":"search_term_string"}}],"inLanguage":"de"}]}},"_links":{"self":[{"href":"https:\/\/musiculum.de\/index.php\/wp-json\/wp\/v2\/pages\/608","targetHints":{"allow":["GET"]}}],"collection":[{"href":"https:\/\/musiculum.de\/index.php\/wp-json\/wp\/v2\/pages"}],"about":[{"href":"https:\/\/musiculum.de\/index.php\/wp-json\/wp\/v2\/types\/page"}],"author":[{"embeddable":true,"href":"https:\/\/musiculum.de\/index.php\/wp-json\/wp\/v2\/users\/1"}],"replies":[{"embeddable":true,"href":"https:\/\/musiculum.de\/index.php\/wp-json\/wp\/v2\/comments?post=608"}],"version-history":[{"count":5,"href":"https:\/\/musiculum.de\/index.php\/wp-json\/wp\/v2\/pages\/608\/revisions"}],"predecessor-version":[{"id":6917,"href":"https:\/\/musiculum.de\/index.php\/wp-json\/wp\/v2\/pages\/608\/revisions\/6917"}],"wp:attachment":[{"href":"https:\/\/musiculum.de\/index.php\/wp-json\/wp\/v2\/media?parent=608"}],"wp:term":[{"taxonomy":"category","embeddable":true,"href":"https:\/\/musiculum.de\/index.php\/wp-json\/wp\/v2\/categories?post=608"},{"taxonomy":"post_tag","embeddable":true,"href":"https:\/\/musiculum.de\/index.php\/wp-json\/wp\/v2\/tags?post=608"}],"curies":[{"name":"wp","href":"https:\/\/api.w.org\/{rel}","templated":true}]}}