{"id":5036,"date":"2022-04-21T10:39:00","date_gmt":"2022-04-21T08:39:00","guid":{"rendered":"https:\/\/musiculum.de\/?page_id=5036"},"modified":"2025-10-21T14:36:04","modified_gmt":"2025-10-21T12:36:04","slug":"ausschreiben-interaktive-spiel-app-2","status":"publish","type":"page","link":"https:\/\/musiculum.de\/musiculum-spiel\/","title":{"rendered":"Das musiculum SPIEL"},"content":{"rendered":"<div id=\"pg-5036-0\"  class=\"panel-grid\" ><div class=\"panel-grid-core\"><div id=\"pgc-5036-0-0\"  class=\"panel-grid-cell\" ><div class=\"panel-widget-style\" >\t\t\t<div class=\"textwidget\"><h3><b>Unser musiculum SPIEL f\u00fcr alle Menschen ab 8 Jahren<\/b><\/h3>\n<p>In unserem digitalen musiculum SPIEL kannst du unseren tierischen Freunden Bombastico, Fragmento und Glissandra helfen das musiculum zum Erklingen zu bringen:<\/p>\n<p><i>Der tollpatschige Elefant Bombastico, der etwas verwirrte Affe Fragmento und das neugierige Papagei-M\u00e4dchen Glissandra erkunden die Welt der Instrumente im musiculum. Doch Bombastico macht ausversehen gleich alles kaputt und Fragmento hat alle M\u00fche, die Instrumente wieder zusammen zu bauen. Glissandra hingegen gef\u00e4llt die Welt der T\u00f6ne und sie findet H\u00f6hen und Tiefen.<\/i><\/p>\n<p><i>In unserem Spiel kannst du in vier verschiedenen Bereichen helfen im musiculum alles wieder in Ordnung zu bringen: Instrumente zusammenzubauen, Karten an den richtigen Ort zu sortieren und die richtigen Tonh\u00f6hen zu finden. Hast du Lust mitzumachen? Dann klicke einfach auf einen der Links.<\/i><\/p>\n<p>Wenn du mit dem Handy oder Tablet hier bist:<br \/>\n<a href=\"https:\/\/apps.apple.com\/us\/app\/musiculum-spiel\/id1612833433\" target=\"_blank\" rel=\"noopener\"><img decoding=\"async\" src=\"https:\/\/musiculum.de\/wp-content\/uploads\/2022\/04\/apple.png\" width=\"30%\" \/><\/a> <a href=\"https:\/\/play.google.com\/store\/apps\/details?id=com.OffTheBeatenTrack.DasmusiculumSpiel\" target=\"_blank\" rel=\"noopener\"><img decoding=\"async\" src=\"https:\/\/musiculum.de\/wp-content\/uploads\/2022\/04\/android.png\" width=\"30%\" \/><\/a><\/p>\n<p>Und wenn du mit PC oder Laptop spielen m\u00f6chtest, kannst Du das Spiel direkt von unserer Homepage <a href=\"https:\/\/musiculum.de\/wp-content\/uploads\/2022\/05\/musiculumSPIEL_14.zip\" target=\"_blank\" rel=\"noopener\">downloaden<\/a>. (Siehe Installationstipps unten rechts an der Seite.)<\/p>\n<p>Unser Spiel konnte entwickelt werden, da wir F\u00f6rdergelder vom Programm \u201cNeustart Kultur\u201d \u00fcber die Bundesregierung erhalten haben. Es orientiert sich an der Ideenwelt und Experimentierm\u00f6glichkeiten unseres Hauses. Umgesetzt wurde es von \u201e<a href=\"https:\/\/www.offthebeatentrack.games\/\" target=\"_blank\" rel=\"noopener\">Off The Beaten Track<\/a>\u201c, einem Spiele-Entwicklungs-Studio aus Kiel.<\/p>\n<\/div>\n\t\t<\/div><\/div><div id=\"pgc-5036-0-1\"  class=\"panel-grid-cell\" ><div class=\"panel-widget-style\" ><p style=\"\"><img decoding=\"async\" src=\"https:\/\/musiculum.de\/wp-content\/uploads\/2022\/04\/glissandra.jpg\" alt=\"\" style=\"\" \/><\/p><\/div><div class=\"panel-widget-style\" ><p style=\"\"><img decoding=\"async\" src=\"https:\/\/musiculum.de\/wp-content\/uploads\/2022\/04\/fragmento.jpg\" alt=\"\" style=\"\" \/><\/p><\/div><div class=\"panel-widget-style\" ><p style=\"\"><img decoding=\"async\" src=\"https:\/\/musiculum.de\/wp-content\/uploads\/2022\/04\/bombastico.jpg\" alt=\"\" style=\"\" \/><\/p><\/div><\/div><\/div><\/div><div id=\"pg-5036-1\"  class=\"panel-grid\" ><div class=\"panel-grid-core\"><div id=\"pgc-5036-1-0\"  class=\"panel-grid-cell\" ><div class=\"panel-widget-style\" ><p style=\"\"><img decoding=\"async\" src=\"https:\/\/musiculum.de\/wp-content\/uploads\/2022\/04\/Spiel_Startbildschirm.jpg\" alt=\"\" style=\"\" \/><\/p><\/div><\/div><div id=\"pgc-5036-1-1\"  class=\"panel-grid-cell\" ><div class=\"panel-widget-style\" >\t\t\t<div class=\"textwidget\"><h3>Downloads f\u00fcr PC und Mac<\/h3>\n<p><a href=\"https:\/\/musiculum.de\/wp-content\/uploads\/2022\/05\/musiculumSPIEL_14.zip\" target=\"_blank\" rel=\"noopener\"><img decoding=\"async\" src=\"https:\/\/musiculum.de\/wp-content\/uploads\/2022\/04\/windl.png&quot;\" width=\"30px\" \/> <strong>Windows<\/strong><\/a> (ZIP-Datei, 85,7 MB)<\/p>\n<p>Download f\u00fcr <strong>Mac<\/strong> (mit High Sierra 10.13 oder h\u00f6her) \u00fcber <a href=\"https:\/\/apps.apple.com\/us\/app\/musiculum-spiel\/id1612833433?platform=mac\" target=\"_blank\" rel=\"noopener\">App Store<\/a><\/p>\n<\/div>\n\t\t<\/div><div class=\"panel-widget-style\" ><div style=\"font-size: 10pt;\"><strong>Installation und Ausf\u00fchrung unter Windows<\/strong><\/div><div class=\"panel-widget-style\" style=\"border-width: 1px !important; border-style: solid !important; border-color: #1e73be !important;\" ><div class=\"sc-lightbox image\"><span><img decoding=\"async\" class=\"lightbox\" src=\"https:\/\/musiculum.de\/wp-content\/uploads\/2022\/04\/howtoinstall.jpg\"><\/span><div class=\"image-overlay style2\"><div class=\"image-overlay-inner\"><div class=\"hover-icons\"><a class=\"hover-zoom prettyPhoto\" href=\"https:\/\/musiculum.de\/wp-content\/uploads\/2022\/04\/howtoinstall.jpg\"><\/a><\/div><\/div><\/div><\/div><\/div><div class=\"panel-widget-style\" >\t\t\t<div class=\"textwidget\"><p>Zip-Datei nach Download entpacken und die Datei &#8220;musiculum SPIEL.exe&#8221; ausf\u00fchren. Falls Windows fragt &#8220;App im Store suchen?&#8221; mit Nein antworten.<\/p><\/div>\n<div style=\"font-size: 8pt; font-style: italic;\">(Anforderungen: Windows 7 (SP1+), Windows 10 und Windows 11 auf x86 oder x64-Plattform mit SSE2-Unterst\u00fctzung, DirectX-Grafik (DX10, DX11, DX12))<\/div>\n<\/div>\n\t\t<\/div><\/div><\/div><\/div><div id=\"pg-5036-2\"  class=\"panel-grid\" ><div class=\"panel-grid-core\"><div id=\"pgc-5036-2-0\"  class=\"panel-grid-cell\" ><div class=\"panel-widget-style\" >\t\t\t<div class=\"textwidget\"><h3>Gef\u00f6rdert von:<\/h3>\n<\/div>\n\t\t<\/div><div class=\"panel-widget-style\" ><p style=\"\"><a href=\"http:\/\/www.kulturstaatsministerin.de\"><img decoding=\"async\" src=\"https:\/\/musiculum.de\/wp-content\/uploads\/2021\/07\/BKM_2017_322x138.gif\" alt=\"\" style=\"\" \/><\/a><\/p><\/div><div class=\"panel-widget-style\" ><p style=\"\"><img decoding=\"async\" src=\"https:\/\/musiculum.de\/wp-content\/uploads\/2021\/07\/KSL_Schwarz_414x138.gif\" alt=\"\" style=\"\" \/><\/p><\/div><\/div><div id=\"pgc-5036-2-1\"  class=\"panel-grid-cell\" ><div class=\"panel-widget-style\" style=\"margin-top: 70px !important; margin-bottom: 100px !important; margin-left: 100px !important; margin-right: 100px !important;\" ><p style=\"\"><a href=\"https:\/\/www.bundesregierung.de\/breg-de\/bundesregierung\/staatsministerin-fuer-kultur-und-medien\/neustart-kultur-startet-1767056\"><img decoding=\"async\" src=\"https:\/\/musiculum.de\/wp-content\/uploads\/2023\/10\/nk-logo-ausgeschnitten02.jpg\" alt=\"\" style=\"\" \/><\/a><\/p><\/div><\/div><div id=\"pgc-5036-2-2\"  class=\"panel-grid-cell\" ><div class=\"panel-widget-style\" style=\"margin-top: 65px !important;\" ><p style=\"\"><a href=\"https:\/\/www.dvarch.de\/\"><img decoding=\"async\" src=\"https:\/\/musiculum.de\/wp-content\/uploads\/2023\/10\/dva-logo-1994x588-1.jpg\" alt=\"\" style=\"\" \/><\/a><\/p><\/div><\/div><\/div><\/div>","protected":false},"excerpt":{"rendered":"<p>Unser musiculum SPIEL f\u00fcr alle Menschen ab 8 Jahren In unserem digitalen musiculum SPIEL kannst du unseren tierischen Freunden Bombastico, Fragmento und Glissandra helfen das musiculum zum Erklingen zu bringen: Der tollpatschige Elefant Bombastico, der etwas verwirrte Affe Fragmento und das neugierige Papagei-M\u00e4dchen Glissandra erkunden die Welt der Instrumente im musiculum. Doch Bombastico macht ausversehen [&hellip;]<\/p>\n","protected":false},"author":1,"featured_media":0,"parent":0,"menu_order":0,"comment_status":"closed","ping_status":"closed","template":"","meta":{"footnotes":""},"categories":[],"tags":[],"class_list":["post-5036","page","type-page","status-publish","hentry"],"yoast_head":"<!-- This site is optimized with the Yoast SEO plugin v27.3 - https:\/\/yoast.com\/product\/yoast-seo-wordpress\/ -->\n<title>Das musiculum SPIEL - musiculum<\/title>\n<meta name=\"robots\" content=\"index, follow, max-snippet:-1, max-image-preview:large, max-video-preview:-1\" \/>\n<link rel=\"canonical\" href=\"https:\/\/musiculum.de\/musiculum-spiel\/\" \/>\n<meta property=\"og:locale\" content=\"de_DE\" \/>\n<meta property=\"og:type\" content=\"article\" \/>\n<meta property=\"og:title\" content=\"- Das musiculum SPIEL -\" \/>\n<meta property=\"og:description\" content=\"In unserem digitalen musiculum SPIEL kannst du unseren tierischen Freunden Bombastico, Fragmento und Glissandra helfen das musiculum zum Erklingen zu bringen. Das Spiel gibt es f\u00fcr Android und iOS sowie f\u00fcr Windows und Mac.\" \/>\n<meta property=\"og:url\" content=\"https:\/\/musiculum.de\/musiculum-spiel\/\" \/>\n<meta property=\"og:site_name\" content=\"musiculum\" \/>\n<meta property=\"article:modified_time\" content=\"2025-10-21T12:36:04+00:00\" \/>\n<meta property=\"og:image\" content=\"https:\/\/musiculum.de\/wp-content\/uploads\/2022\/04\/Spiel_Startbildschirm.jpg\" \/>\n\t<meta property=\"og:image:width\" content=\"1920\" \/>\n\t<meta property=\"og:image:height\" content=\"1080\" \/>\n\t<meta property=\"og:image:type\" content=\"image\/jpeg\" \/>\n<meta name=\"twitter:card\" content=\"summary_large_image\" \/>\n<meta name=\"twitter:label1\" content=\"Gesch\u00e4tzte Lesezeit\" \/>\n\t<meta name=\"twitter:data1\" content=\"3\u00a0Minuten\" \/>\n<script type=\"application\/ld+json\" class=\"yoast-schema-graph\">{\"@context\":\"https:\\\/\\\/schema.org\",\"@graph\":[{\"@type\":\"WebPage\",\"@id\":\"https:\\\/\\\/musiculum.de\\\/musiculum-spiel\\\/\",\"url\":\"https:\\\/\\\/musiculum.de\\\/musiculum-spiel\\\/\",\"name\":\"Das musiculum SPIEL - musiculum\",\"isPartOf\":{\"@id\":\"https:\\\/\\\/musiculum.de\\\/#website\"},\"primaryImageOfPage\":{\"@id\":\"https:\\\/\\\/musiculum.de\\\/musiculum-spiel\\\/#primaryimage\"},\"image\":{\"@id\":\"https:\\\/\\\/musiculum.de\\\/musiculum-spiel\\\/#primaryimage\"},\"thumbnailUrl\":\"https:\\\/\\\/musiculum.de\\\/wp-content\\\/uploads\\\/2022\\\/04\\\/apple.png\",\"datePublished\":\"2022-04-21T08:39:00+00:00\",\"dateModified\":\"2025-10-21T12:36:04+00:00\",\"breadcrumb\":{\"@id\":\"https:\\\/\\\/musiculum.de\\\/musiculum-spiel\\\/#breadcrumb\"},\"inLanguage\":\"de\",\"potentialAction\":[{\"@type\":\"ReadAction\",\"target\":[\"https:\\\/\\\/musiculum.de\\\/musiculum-spiel\\\/\"]}]},{\"@type\":\"ImageObject\",\"inLanguage\":\"de\",\"@id\":\"https:\\\/\\\/musiculum.de\\\/musiculum-spiel\\\/#primaryimage\",\"url\":\"https:\\\/\\\/musiculum.de\\\/wp-content\\\/uploads\\\/2022\\\/04\\\/apple.png\",\"contentUrl\":\"https:\\\/\\\/musiculum.de\\\/wp-content\\\/uploads\\\/2022\\\/04\\\/apple.png\",\"width\":800,\"height\":245},{\"@type\":\"BreadcrumbList\",\"@id\":\"https:\\\/\\\/musiculum.de\\\/musiculum-spiel\\\/#breadcrumb\",\"itemListElement\":[{\"@type\":\"ListItem\",\"position\":1,\"name\":\"Startseite\",\"item\":\"https:\\\/\\\/musiculum.de\\\/\"},{\"@type\":\"ListItem\",\"position\":2,\"name\":\"Das musiculum SPIEL\"}]},{\"@type\":\"WebSite\",\"@id\":\"https:\\\/\\\/musiculum.de\\\/#website\",\"url\":\"https:\\\/\\\/musiculum.de\\\/\",\"name\":\"musiculum\",\"description\":\"Lern- und Experimentierwerkstatt f\u00fcr Kinder und Jugendliche\",\"potentialAction\":[{\"@type\":\"SearchAction\",\"target\":{\"@type\":\"EntryPoint\",\"urlTemplate\":\"https:\\\/\\\/musiculum.de\\\/?s={search_term_string}\"},\"query-input\":{\"@type\":\"PropertyValueSpecification\",\"valueRequired\":true,\"valueName\":\"search_term_string\"}}],\"inLanguage\":\"de\"}]}<\/script>\n<!-- \/ Yoast SEO plugin. -->","yoast_head_json":{"title":"Das musiculum SPIEL - musiculum","robots":{"index":"index","follow":"follow","max-snippet":"max-snippet:-1","max-image-preview":"max-image-preview:large","max-video-preview":"max-video-preview:-1"},"canonical":"https:\/\/musiculum.de\/musiculum-spiel\/","og_locale":"de_DE","og_type":"article","og_title":"- Das musiculum SPIEL -","og_description":"In unserem digitalen musiculum SPIEL kannst du unseren tierischen Freunden Bombastico, Fragmento und Glissandra helfen das musiculum zum Erklingen zu bringen. Das Spiel gibt es f\u00fcr Android und iOS sowie f\u00fcr Windows und Mac.","og_url":"https:\/\/musiculum.de\/musiculum-spiel\/","og_site_name":"musiculum","article_modified_time":"2025-10-21T12:36:04+00:00","og_image":[{"width":1920,"height":1080,"url":"https:\/\/musiculum.de\/wp-content\/uploads\/2022\/04\/Spiel_Startbildschirm.jpg","type":"image\/jpeg"}],"twitter_card":"summary_large_image","twitter_misc":{"Gesch\u00e4tzte Lesezeit":"3\u00a0Minuten"},"schema":{"@context":"https:\/\/schema.org","@graph":[{"@type":"WebPage","@id":"https:\/\/musiculum.de\/musiculum-spiel\/","url":"https:\/\/musiculum.de\/musiculum-spiel\/","name":"Das musiculum SPIEL - musiculum","isPartOf":{"@id":"https:\/\/musiculum.de\/#website"},"primaryImageOfPage":{"@id":"https:\/\/musiculum.de\/musiculum-spiel\/#primaryimage"},"image":{"@id":"https:\/\/musiculum.de\/musiculum-spiel\/#primaryimage"},"thumbnailUrl":"https:\/\/musiculum.de\/wp-content\/uploads\/2022\/04\/apple.png","datePublished":"2022-04-21T08:39:00+00:00","dateModified":"2025-10-21T12:36:04+00:00","breadcrumb":{"@id":"https:\/\/musiculum.de\/musiculum-spiel\/#breadcrumb"},"inLanguage":"de","potentialAction":[{"@type":"ReadAction","target":["https:\/\/musiculum.de\/musiculum-spiel\/"]}]},{"@type":"ImageObject","inLanguage":"de","@id":"https:\/\/musiculum.de\/musiculum-spiel\/#primaryimage","url":"https:\/\/musiculum.de\/wp-content\/uploads\/2022\/04\/apple.png","contentUrl":"https:\/\/musiculum.de\/wp-content\/uploads\/2022\/04\/apple.png","width":800,"height":245},{"@type":"BreadcrumbList","@id":"https:\/\/musiculum.de\/musiculum-spiel\/#breadcrumb","itemListElement":[{"@type":"ListItem","position":1,"name":"Startseite","item":"https:\/\/musiculum.de\/"},{"@type":"ListItem","position":2,"name":"Das musiculum SPIEL"}]},{"@type":"WebSite","@id":"https:\/\/musiculum.de\/#website","url":"https:\/\/musiculum.de\/","name":"musiculum","description":"Lern- und Experimentierwerkstatt f\u00fcr Kinder und Jugendliche","potentialAction":[{"@type":"SearchAction","target":{"@type":"EntryPoint","urlTemplate":"https:\/\/musiculum.de\/?s={search_term_string}"},"query-input":{"@type":"PropertyValueSpecification","valueRequired":true,"valueName":"search_term_string"}}],"inLanguage":"de"}]}},"_links":{"self":[{"href":"https:\/\/musiculum.de\/index.php\/wp-json\/wp\/v2\/pages\/5036","targetHints":{"allow":["GET"]}}],"collection":[{"href":"https:\/\/musiculum.de\/index.php\/wp-json\/wp\/v2\/pages"}],"about":[{"href":"https:\/\/musiculum.de\/index.php\/wp-json\/wp\/v2\/types\/page"}],"author":[{"embeddable":true,"href":"https:\/\/musiculum.de\/index.php\/wp-json\/wp\/v2\/users\/1"}],"replies":[{"embeddable":true,"href":"https:\/\/musiculum.de\/index.php\/wp-json\/wp\/v2\/comments?post=5036"}],"version-history":[{"count":5,"href":"https:\/\/musiculum.de\/index.php\/wp-json\/wp\/v2\/pages\/5036\/revisions"}],"predecessor-version":[{"id":5039,"href":"https:\/\/musiculum.de\/index.php\/wp-json\/wp\/v2\/pages\/5036\/revisions\/5039"}],"wp:attachment":[{"href":"https:\/\/musiculum.de\/index.php\/wp-json\/wp\/v2\/media?parent=5036"}],"wp:term":[{"taxonomy":"category","embeddable":true,"href":"https:\/\/musiculum.de\/index.php\/wp-json\/wp\/v2\/categories?post=5036"},{"taxonomy":"post_tag","embeddable":true,"href":"https:\/\/musiculum.de\/index.php\/wp-json\/wp\/v2\/tags?post=5036"}],"curies":[{"name":"wp","href":"https:\/\/api.w.org\/{rel}","templated":true}]}}