{"id":4975,"date":"2022-03-14T10:29:01","date_gmt":"2022-03-14T09:29:01","guid":{"rendered":"https:\/\/musiculum.de\/?page_id=4975"},"modified":"2022-03-14T10:29:55","modified_gmt":"2022-03-14T09:29:55","slug":"datenschutzerklaerung-fuer-eine-praesenz-auf-facebook-com","status":"publish","type":"page","link":"https:\/\/musiculum.de\/index.php\/datenschutzerklaerung-fuer-eine-praesenz-auf-facebook-com\/","title":{"rendered":"Datenschutzerkl\u00e4rung f\u00fcr eine Pr\u00e4senz auf facebook.com"},"content":{"rendered":"<div id=\"pg-4975-0\"  class=\"panel-grid\" ><div class=\"panel-grid-core\"><div id=\"pgc-4975-0-0\"  class=\"panel-grid-cell\" ><div class=\"panel-widget-style\" >\t\t\t<div class=\"textwidget\"><p>Das musiculum, Lern- und Experimentierwerkstatt in Kiel, greift f\u00fcr den hier angebotenen Informationsdienst auf die technische Plattform und die Dienste der Meta Platforms Ireland Limited, 4 Grand Canal Square, Dublin 2, Irland zur\u00fcck.<\/p>\n<p>Wir weisen Sie darauf hin, dass Sie diese Facebook-Seite und ihre Funktionen in eigener Verantwortung nutzen. Dies gilt insbesondere f\u00fcr die Nutzung der interaktiven Funktionen (z.B. Kommentieren, Teilen, Bewerten). Alternativ k\u00f6nnen Sie die \u00fcber diese Seite angebotenen Informationen auch auf unserem Internet-Angebot unter <a href=\"http:\/\/www.musiculum.de\">www.musiculum.de<\/a> abrufen.<\/p>\n<p><strong><br \/>\nAngabe der Rechtsgrundlage f\u00fcr den Einsatz von Facebook Insights<\/strong><\/p>\n<p>Beim Besuch unserer Facebook-Seite erfasst Facebook u.a Ihre IP-Adresse sowie weitere Informationen, die in Form von Cookies auf Ihrem PC vorhanden sind. Diese Informationen werden verwendet, um uns als Betreiber der Facebook-Seiten statistische<br \/>\nInformationen \u00fcber die Inanspruchnahme der Facebook-Seite zur Verf\u00fcgung zu stellen.<br \/>\nN\u00e4here Informationen hierzu stellt Facebook unter folgendem Link zur Verf\u00fcgung: <a href=\"http:\/\/de-de.facebook.com\/help\/pages\/insights\">http:\/\/de-de.facebook.com\/help\/pages\/insights<\/a><\/p>\n<p>Die in diesem Zusammenhang \u00fcber Sie erhobenen Daten werden von der Meta Platforms Ireland Ltd. verarbeitet und dabei gegebenenfalls in L\u00e4nder au\u00dferhalb der Europ\u00e4ischen Union \u00fcbertragen. Welche Informationen Meta Platforms Ltd. erh\u00e4lt und wie diese verwendet werden, beschreibt Meta Platforms Ltd. in allgemeiner Form in seinen Datenverwendungsrichtlinien. Dort finden Sie auch Informationen \u00fcber Kontaktm\u00f6glichkeiten zu Facebook sowie zu den Einstellm\u00f6glichkeiten f\u00fcr Werbeanzeigen. Die Datenverwendungsrichtlinien sind unter folgendem Link verf\u00fcgbar <a href=\"http:\/\/de-de.facebook.com\/about\/privacy\">http:\/\/de-de.facebook.com\/about\/privacy<\/a><br \/>\nDie vollst\u00e4ndigen Datenrichtlinien von Facebook finden Sie hier: <a href=\"https:\/\/de-de.facebook.com\/full_data_use_policy\">https:\/\/de-de.facebook.com\/full_data_use_policy<\/a><\/p>\n<p>In welcher Weise Meta Platforms Ltd. die Daten aus dem Besuch von Facebook-Seiten f\u00fcr eigene Zwecke verwendet, in welchem Umfang Aktivit\u00e4ten auf der Facebook-Seite einzelnen Nutzern zugeordnet werden, wie lange Meta Platforms Ltd. diese Daten speichert und ob Daten aus einem Besuch der Facebook-Seite an Dritte weitergegeben werden, wird von Meta Platforms Ltd. nicht abschlie\u00dfend und klar benannt und ist uns nicht bekannt.<\/p>\n<p>Beim Zugriff auf eine Facebook-Seite wird die Ihrem Endger\u00e4t zugeteilte IP-Adresse an Meta Platforms Ltd. \u00fcbermittelt. Nach Auskunft von Meta Platforms Ltd. wird diese IP-Adresse anonymisiert (bei &#8220;deutschen&#8221; IP-Adressen). Meta Platforms Ltd. speichert dar\u00fcber \u201eAnmeldebenachrichtigung\u201c); gegebenenfalls ist Meta Platforms Ltd. damit eine Zuordnung von IP-Adressen zu einzelnen Nutzern m\u00f6glich.<\/p>\n<p>Wenn Sie als Nutzerin oder Nutzer aktuell bei Facebook angemeldet sind, befindet sich auf Ihrem Endger\u00e4t ein Cookie mit Ihrer Facebook-Kennung. Dadurch ist Meta Platforms Ltd. in der Lage nachzuvollziehen, dass Sie diese Seite aufgesucht und wie Sie sie genutzt haben.<br \/>\nDies gilt auch f\u00fcr alle anderen Facebook-Seiten. \u00dcber in Webseiten eingebundene Facebook-Buttons ist es Meta Platforms Ltd. m\u00f6glich, Ihre Besuche auf diesen Webseiten Seiten zu erfassen und Ihrem Facebook-Profil zuzuordnen. Anhand dieser Daten k\u00f6nnen Inhalte oder Werbung auf Sie zugeschnitten angeboten werden.<\/p>\n<p>Wenn Sie dies vermeiden m\u00f6chten, sollten Sie sich bei Meta Platforms Ltd. abmelden bzw. die Funktion &#8220;angemeldet bleiben&#8221; deaktivieren, die auf Ihrem Ger\u00e4t vorhandenen Cookies l\u00f6schen und Ihren Browser beenden und neu starten. Auf diese Weise werden Facebook-Informationen, \u00fcber die Sie unmittelbar identifiziert werden k\u00f6nnen, gel\u00f6scht. Damit k\u00f6nnen Sie unsere Facebook-Seite nutzen, ohne dass Ihre Facebook-Kennung offenbart wird.<\/p>\n<p>Wenn Sie auf interaktive Funktionen der Seite zugreifen (Gef\u00e4llt mir, Kommentieren, Teilen, Nachrichten etc.), erscheint eine Facebook-Anmeldemaske. Nach einer etwaigen Anmeldung sind Sie f\u00fcr Facebook erneut als bestimmte\/r Nutzerin\/Nutzer erkennbar.<br \/>\nInformationen dazu, wie Sie \u00fcber Sie vorhandene Informationen verwalten oder l\u00f6schen k\u00f6nnen, finden Sie auf folgenden Facebook Support-Seiten: <a href=\"https:\/\/de-de.facebook.com\/about\/privacy#\">https:\/\/de-de.facebook.com\/about\/privacy#<\/a><\/p>\n<p>Wir als Anbieter des Informationsdienstes erheben und verarbeiten dar\u00fcber hinaus keine Daten aus Ihrer Nutzung unseres Dienstes. Diese Datenschutzerkl\u00e4rung finden Sie in der jeweils geltenden Fassung unter dem Punkt \u201eDatenschutz\u201c auf unserer Facebook-Seite.<br \/>\nBei Fragen zu unserem Informationsangebot k\u00f6nnen Sie uns unter <a href=\"mailto:dsb@stiftung-jovita.de\">dsb@stiftung-jovita.de<\/a> erreichen.<\/p>\n<p>Das dem Angebot zugrunde liegende Datenschutz-Konzept finden Sie unter folgender Internet-Adresse: <a href=\"https:\/\/musiculum.de\/index.php\/datenschutz\/\">https:\/\/musiculum.de\/index.php\/datenschutz\/<\/a>.<\/p>\n<h3>Rechtsgrundlage von Meta Platforms Ltd. f\u00fcr die Verarbeitung von Daten<\/h3>\n<p>Meta Platforms Ltd. erhebt, verwendet und teilt die zur Verf\u00fcgung stehenden Daten auf die hier beschriebenen Arten: <a href=\"https:\/\/www.facebook.com\/policy.php\/\">https:\/\/www.facebook.com\/policy.php\/<\/a><\/p>\n<ul>\n<li>wie es zur Einhaltung der Meta-Nutzungsbedingungen oder der Instagram-Nutzungsbedingungen erforderlich ist<\/li>\n<li>gem\u00e4\u00df deiner Einwilligung, die du jederzeit \u00fcber die Facebook-Einstellungen und Instagram-Einstellungen widerrufen kannst;<\/li>\n<li>wie es zur Erf\u00fcllung unserer rechtlichen Pflichten erforderlich ist;<\/li>\n<li>um deine lebenswichtigen Interessen oder die von anderen zu sch\u00fctzen;<\/li>\n<li>wie es im \u00f6ffentlichen Interesse erforderlich ist; und<\/li>\n<li>wie es f\u00fcr unsere berechtigten Interessen (bzw. die von anderen) erforderlich ist, einschlie\u00dflich unseres Interesses daran, innovative, personalisierte, sichere und profitable Dienste f\u00fcr unsere Nutzer und Partner bereitzustellen, au\u00dfer wenn diese Interessen von deinen Interessen oder Grundrechten und Grundfreiheiten, die den Schutz personenbezogener Daten erfordern, \u00fcberwogen werden.<\/li>\n<\/ul>\n<p><strong>Betroffenenrechte<\/strong><\/p>\n<p>F\u00fcr Meta Platforms Ltd.: <a href=\"https:\/\/www.facebook.com\/policy.php\/\">https:\/\/www.facebook.com\/policy.php\/<\/a><\/p>\n<p><strong>Angabe des Datenschutzbeauftragten von Meta Platforms Ltd.<\/strong><\/p>\n<p>Kontaktaufnahme mit Meta Platforms Ltd.:<\/p>\n<p>Der Datenverantwortliche f\u00fcr deine Informationen ist Meta Platforms Ireland Limited. Dieses Unternehmen kannst du entweder online kontaktieren oder per Post an:<\/p>\n<p>Meta Platforms Ireland Ltd.<br \/>\n4 Grand Canal Square<br \/>\nGrand Canal Harbour<br \/>\nDublin 2 Irland<br \/>\nDu hast au\u00dferdem das Recht, eine Beschwerde bei der f\u00fcr Meta Platforms Ireland Limited zust\u00e4ndigen f\u00fchrenden Aufsichtsbeh\u00f6rde, der irischen Datenschutzkommission, oder bei deiner lokalen Aufsichtsbeh\u00f6rde einzureichen.<\/p>\n<p><strong>Angabe des Datenschutzbeauftragten des Betreibers:<\/strong><\/p>\n<p>dsb@stiftung-jovita.org<br \/>\nmusiculum, Lern- und Experimentierwerkstatt<br \/>\nStephan-Heinzel-Str. 9<br \/>\n24103 Kiel<\/p>\n<\/div>\n\t\t<\/div><\/div><\/div><\/div>","protected":false},"excerpt":{"rendered":"<p>Das musiculum, Lern- und Experimentierwerkstatt in Kiel, greift f\u00fcr den hier angebotenen Informationsdienst auf die technische Plattform und die Dienste der Meta Platforms Ireland Limited, 4 Grand Canal Square, Dublin 2, Irland zur\u00fcck. Wir weisen Sie darauf hin, dass Sie diese Facebook-Seite und ihre Funktionen in eigener Verantwortung nutzen. Dies gilt insbesondere f\u00fcr die Nutzung [&hellip;]<\/p>\n","protected":false},"author":1,"featured_media":0,"parent":0,"menu_order":0,"comment_status":"closed","ping_status":"closed","template":"","meta":{"footnotes":""},"categories":[],"tags":[],"class_list":["post-4975","page","type-page","status-publish","hentry"],"yoast_head":"<!-- This site is optimized with the Yoast SEO plugin v27.2 - https:\/\/yoast.com\/product\/yoast-seo-wordpress\/ -->\n<title>Datenschutzerkl\u00e4rung f\u00fcr eine Pr\u00e4senz auf facebook.com - musiculum<\/title>\n<meta name=\"robots\" content=\"index, follow, max-snippet:-1, max-image-preview:large, max-video-preview:-1\" \/>\n<link rel=\"canonical\" href=\"https:\/\/musiculum.de\/index.php\/datenschutzerklaerung-fuer-eine-praesenz-auf-facebook-com\/\" \/>\n<meta property=\"og:locale\" content=\"de_DE\" \/>\n<meta property=\"og:type\" content=\"article\" \/>\n<meta property=\"og:title\" content=\"Datenschutzerkl\u00e4rung f\u00fcr eine Pr\u00e4senz auf facebook.com - musiculum\" \/>\n<meta property=\"og:description\" content=\"Das musiculum, Lern- und Experimentierwerkstatt in Kiel, greift f\u00fcr den hier angebotenen Informationsdienst auf die technische Plattform und die Dienste der Meta Platforms Ireland Limited, 4 Grand Canal Square, Dublin 2, Irland zur\u00fcck. Wir weisen Sie darauf hin, dass Sie diese Facebook-Seite und ihre Funktionen in eigener Verantwortung nutzen. Dies gilt insbesondere f\u00fcr die Nutzung [&hellip;]\" \/>\n<meta property=\"og:url\" content=\"https:\/\/musiculum.de\/index.php\/datenschutzerklaerung-fuer-eine-praesenz-auf-facebook-com\/\" \/>\n<meta property=\"og:site_name\" content=\"musiculum\" \/>\n<meta property=\"article:modified_time\" content=\"2022-03-14T09:29:55+00:00\" \/>\n<meta name=\"twitter:card\" content=\"summary_large_image\" \/>\n<meta name=\"twitter:label1\" content=\"Gesch\u00e4tzte Lesezeit\" \/>\n\t<meta name=\"twitter:data1\" content=\"4\u00a0Minuten\" \/>\n<script type=\"application\/ld+json\" class=\"yoast-schema-graph\">{\"@context\":\"https:\/\/schema.org\",\"@graph\":[{\"@type\":\"WebPage\",\"@id\":\"https:\/\/musiculum.de\/index.php\/datenschutzerklaerung-fuer-eine-praesenz-auf-facebook-com\/\",\"url\":\"https:\/\/musiculum.de\/index.php\/datenschutzerklaerung-fuer-eine-praesenz-auf-facebook-com\/\",\"name\":\"Datenschutzerkl\u00e4rung f\u00fcr eine Pr\u00e4senz auf facebook.com - musiculum\",\"isPartOf\":{\"@id\":\"https:\/\/musiculum.de\/#website\"},\"datePublished\":\"2022-03-14T09:29:01+00:00\",\"dateModified\":\"2022-03-14T09:29:55+00:00\",\"breadcrumb\":{\"@id\":\"https:\/\/musiculum.de\/index.php\/datenschutzerklaerung-fuer-eine-praesenz-auf-facebook-com\/#breadcrumb\"},\"inLanguage\":\"de\",\"potentialAction\":[{\"@type\":\"ReadAction\",\"target\":[\"https:\/\/musiculum.de\/index.php\/datenschutzerklaerung-fuer-eine-praesenz-auf-facebook-com\/\"]}]},{\"@type\":\"BreadcrumbList\",\"@id\":\"https:\/\/musiculum.de\/index.php\/datenschutzerklaerung-fuer-eine-praesenz-auf-facebook-com\/#breadcrumb\",\"itemListElement\":[{\"@type\":\"ListItem\",\"position\":1,\"name\":\"Startseite\",\"item\":\"https:\/\/musiculum.de\/\"},{\"@type\":\"ListItem\",\"position\":2,\"name\":\"Datenschutzerkl\u00e4rung f\u00fcr eine Pr\u00e4senz auf facebook.com\"}]},{\"@type\":\"WebSite\",\"@id\":\"https:\/\/musiculum.de\/#website\",\"url\":\"https:\/\/musiculum.de\/\",\"name\":\"musiculum\",\"description\":\"Lern- und Experimentierwerkstatt f\u00fcr Kinder und Jugendliche\",\"potentialAction\":[{\"@type\":\"SearchAction\",\"target\":{\"@type\":\"EntryPoint\",\"urlTemplate\":\"https:\/\/musiculum.de\/?s={search_term_string}\"},\"query-input\":{\"@type\":\"PropertyValueSpecification\",\"valueRequired\":true,\"valueName\":\"search_term_string\"}}],\"inLanguage\":\"de\"}]}<\/script>\n<!-- \/ Yoast SEO plugin. -->","yoast_head_json":{"title":"Datenschutzerkl\u00e4rung f\u00fcr eine Pr\u00e4senz auf facebook.com - musiculum","robots":{"index":"index","follow":"follow","max-snippet":"max-snippet:-1","max-image-preview":"max-image-preview:large","max-video-preview":"max-video-preview:-1"},"canonical":"https:\/\/musiculum.de\/index.php\/datenschutzerklaerung-fuer-eine-praesenz-auf-facebook-com\/","og_locale":"de_DE","og_type":"article","og_title":"Datenschutzerkl\u00e4rung f\u00fcr eine Pr\u00e4senz auf facebook.com - musiculum","og_description":"Das musiculum, Lern- und Experimentierwerkstatt in Kiel, greift f\u00fcr den hier angebotenen Informationsdienst auf die technische Plattform und die Dienste der Meta Platforms Ireland Limited, 4 Grand Canal Square, Dublin 2, Irland zur\u00fcck. Wir weisen Sie darauf hin, dass Sie diese Facebook-Seite und ihre Funktionen in eigener Verantwortung nutzen. Dies gilt insbesondere f\u00fcr die Nutzung [&hellip;]","og_url":"https:\/\/musiculum.de\/index.php\/datenschutzerklaerung-fuer-eine-praesenz-auf-facebook-com\/","og_site_name":"musiculum","article_modified_time":"2022-03-14T09:29:55+00:00","twitter_card":"summary_large_image","twitter_misc":{"Gesch\u00e4tzte Lesezeit":"4\u00a0Minuten"},"schema":{"@context":"https:\/\/schema.org","@graph":[{"@type":"WebPage","@id":"https:\/\/musiculum.de\/index.php\/datenschutzerklaerung-fuer-eine-praesenz-auf-facebook-com\/","url":"https:\/\/musiculum.de\/index.php\/datenschutzerklaerung-fuer-eine-praesenz-auf-facebook-com\/","name":"Datenschutzerkl\u00e4rung f\u00fcr eine Pr\u00e4senz auf facebook.com - musiculum","isPartOf":{"@id":"https:\/\/musiculum.de\/#website"},"datePublished":"2022-03-14T09:29:01+00:00","dateModified":"2022-03-14T09:29:55+00:00","breadcrumb":{"@id":"https:\/\/musiculum.de\/index.php\/datenschutzerklaerung-fuer-eine-praesenz-auf-facebook-com\/#breadcrumb"},"inLanguage":"de","potentialAction":[{"@type":"ReadAction","target":["https:\/\/musiculum.de\/index.php\/datenschutzerklaerung-fuer-eine-praesenz-auf-facebook-com\/"]}]},{"@type":"BreadcrumbList","@id":"https:\/\/musiculum.de\/index.php\/datenschutzerklaerung-fuer-eine-praesenz-auf-facebook-com\/#breadcrumb","itemListElement":[{"@type":"ListItem","position":1,"name":"Startseite","item":"https:\/\/musiculum.de\/"},{"@type":"ListItem","position":2,"name":"Datenschutzerkl\u00e4rung f\u00fcr eine Pr\u00e4senz auf facebook.com"}]},{"@type":"WebSite","@id":"https:\/\/musiculum.de\/#website","url":"https:\/\/musiculum.de\/","name":"musiculum","description":"Lern- und Experimentierwerkstatt f\u00fcr Kinder und Jugendliche","potentialAction":[{"@type":"SearchAction","target":{"@type":"EntryPoint","urlTemplate":"https:\/\/musiculum.de\/?s={search_term_string}"},"query-input":{"@type":"PropertyValueSpecification","valueRequired":true,"valueName":"search_term_string"}}],"inLanguage":"de"}]}},"_links":{"self":[{"href":"https:\/\/musiculum.de\/index.php\/wp-json\/wp\/v2\/pages\/4975","targetHints":{"allow":["GET"]}}],"collection":[{"href":"https:\/\/musiculum.de\/index.php\/wp-json\/wp\/v2\/pages"}],"about":[{"href":"https:\/\/musiculum.de\/index.php\/wp-json\/wp\/v2\/types\/page"}],"author":[{"embeddable":true,"href":"https:\/\/musiculum.de\/index.php\/wp-json\/wp\/v2\/users\/1"}],"replies":[{"embeddable":true,"href":"https:\/\/musiculum.de\/index.php\/wp-json\/wp\/v2\/comments?post=4975"}],"version-history":[{"count":3,"href":"https:\/\/musiculum.de\/index.php\/wp-json\/wp\/v2\/pages\/4975\/revisions"}],"predecessor-version":[{"id":4978,"href":"https:\/\/musiculum.de\/index.php\/wp-json\/wp\/v2\/pages\/4975\/revisions\/4978"}],"wp:attachment":[{"href":"https:\/\/musiculum.de\/index.php\/wp-json\/wp\/v2\/media?parent=4975"}],"wp:term":[{"taxonomy":"category","embeddable":true,"href":"https:\/\/musiculum.de\/index.php\/wp-json\/wp\/v2\/categories?post=4975"},{"taxonomy":"post_tag","embeddable":true,"href":"https:\/\/musiculum.de\/index.php\/wp-json\/wp\/v2\/tags?post=4975"}],"curies":[{"name":"wp","href":"https:\/\/api.w.org\/{rel}","templated":true}]}}