{"id":4912,"date":"2022-02-24T15:38:54","date_gmt":"2022-02-24T14:38:54","guid":{"rendered":"https:\/\/musiculum.de\/?page_id=4912"},"modified":"2025-11-18T12:19:54","modified_gmt":"2025-11-18T11:19:54","slug":"stellenangebote","status":"publish","type":"page","link":"https:\/\/musiculum.de\/index.php\/stellenangebote\/","title":{"rendered":"Stellenangebote"},"content":{"rendered":"<div id=\"pg-4912-0\"  class=\"panel-grid\" ><div class=\"panel-grid-core\"><div id=\"pgc-4912-0-0\"  class=\"panel-grid-cell\" ><div class=\"panel-widget-style\" >\t\t\t<div class=\"textwidget\"><p><strong>Derzeit keine Stellenangebote<\/strong><\/p>\n<\/div>\n\t\t<\/div><\/div><\/div><\/div><div id=\"pg-4912-1\"  class=\"panel-grid\" ><div class=\"panel-grid-core\"><div id=\"pgc-4912-1-0\"  class=\"panel-grid-cell\" ><div class=\"panel-widget-style\" ><!-- <\/div><\/div><\/div><\/div><div id=\"pg-4912-2\"  class=\"panel-grid\" ><div class=\"panel-grid-core\"><div id=\"pgc-4912-2-0\"  class=\"panel-grid-cell\" ><\/div><div id=\"pgc-4912-2-1\"  class=\"panel-grid-cell\" ><div class=\"panel-widget-style\" >\t\t\t<div class=\"textwidget\"><p><strong>Aktuelle Stellenangebote<\/strong><\/p>\n<p>Kindern und Jugendlichen unabh\u00e4ngig von ihrer kulturellen, religi\u00f6sen und sozialen Herkunft durch kreative Bildungsangebote positive Impulse f\u00fcr ihre Pers\u00f6nlichkeitsentwicklung geben &#8211; das ist das Ziel der Stiftung Jovita. Zu besseren Zukunftsperspektiven z\u00e4hlen ein gest\u00e4rktes Selbstwertgef\u00fchl ebenso wie Verantwortungsbewusstsein, soziale Kompetenz und Offenheit f\u00fcr Vielfalt. Um die Potenziale und Interessen junger Menschen zu wecken und zu f\u00f6rdern, hat Jovita zwei gro\u00dfe Leuchtturmprojekte als Bildungsinitiative realisiert: die gelbe Villa in Berlin (<a href=\"https:\/\/www.die-gelbe-villa.de\" target=\"_blank\" rel=\"noopener\">www.die-gelbe-villa.de<\/a>) und das musiculum in Kiel. Mit au\u00dferschulischer Projektarbeit sowie bewusst weitestgehend kostenfreien Nachmittags- und Ferienprogrammen leisten beide H\u00e4user einen wertvollen Beitrag zu mehr Chancengleichheit und Teilhabe.<\/p>\n<p>Die Lern- und Experimentierwerkstatt musiculum bietet Kindern und Jugendlichen von 5 bis 15 Jahren auf rund 1.800m<sup>2<\/sup> die M\u00f6glichkeit, Musik, Instrumente und deren Physik erlebnisorientiert zu erfahren.<\/p>\n<p>&nbsp;<\/p>\n<\/div>\n\t\t<\/div><div class=\"panel-widget-style\" >\t\t\t<div class=\"textwidget\"><hr \/>\n<\/div>\n\t\t<\/div><\/div><\/div><\/div><div id=\"pg-4912-3\"  class=\"panel-grid\" ><div class=\"panel-grid-core\"><div id=\"pgc-4912-3-0\"  class=\"panel-grid-cell\" ><div class=\"panel-widget-style\" ><p style=\"\"><img decoding=\"async\" src=\"https:\/\/musiculum.de\/wp-content\/uploads\/2025\/02\/mm_website_stoerer_grafik_klein_05-1.jpg\" alt=\"\" style=\"\" \/><\/p><\/div><\/div><div id=\"pgc-4912-3-1\"  class=\"panel-grid-cell\" ><div class=\"panel-widget-style\" >\t\t\t<div class=\"textwidget\"><p><strong>Mitarbeiter (w\/m\/d) Musikp\u00e4dagogik f\u00fcr unser musiculum MOBIL Kita<\/strong><\/p>\n<p>F\u00fcr unser musiculum MOBIL Kita suchen wir ab Januar 2026 einen Mitarbeiter (m\/w\/d) im Bereich Musikp\u00e4dagogik und Koordination (30 Std.\/Woche). Die Stelle ist zun\u00e4chst bis 31.12.26 befristet. Eine Entfristung wird angestrebt.<\/p>\n<p>Das musiculum MOBIL Kita ist ein gro\u00dfer, bunter Transporter, der mit Musikinstrumenten, Spielen und Klangexponaten ausgestattet ist. Es besucht Kindertagesst\u00e4tten in ganz Schleswig-Holstein und hat zahlreiche Musikinstrumente aus allen Kontinenten der Welt an Bord, die \u00fcblicherweise nicht in Kindertagesst\u00e4tten vorhanden sind: Trommeln, Geigen, Kontrabass, Reiseharmonium, Klangwiege, Ukulele und viele andere mehr. Ziel ist es, das Interesse der Kinder an Musik zu wecken sowie ihre Neugier, Kreativit\u00e4t und Fantasie anzuregen.<\/p>\n<p><strong>Ihre Aufgaben:<\/strong><\/p>\n<ul>\n<li>Durchf\u00fchren von musikalischen Angeboten in Kitas in ganz Schleswig-Holstein mit Vorschulkindergruppen (ca. 3 x w\u00f6chentlich)<\/li>\n<li>Durchf\u00fchren von musikalischen Angeboten bei Veranstaltungen (z.B. Spiellinie Kieler Woche, SHMF-Kinderfeste u. a.)<\/li>\n<li>Koordination von Eins\u00e4tzen<\/li>\n<li>Pflege von Instrumenten<\/li>\n<\/ul>\n<p><strong>Ihr Profil:<\/strong><\/p>\n<ul>\n<li>Abgeschlossenes Studium oder Ausbildung im Bereich Musikp\u00e4dagogik, P\u00e4dagogik, Musiktherapie und \/ oder einschl\u00e4gige Berufserfahrung<\/li>\n<li>Erfahrung und Freude an der Arbeit mit Kindergruppen<br \/>\nInstrumentenkenntnisse<\/li>\n<li>Organisationsgeschick, Teamf\u00e4higkeit, Eigeninitiative<\/li>\n<li>sicheres Auftreten<\/li>\n<li>EDV-Kenntnisse<\/li>\n<li>F\u00fchrerschein Klasse B (PKW-F\u00fchrerschein)<\/li>\n<li>Freude am Autofahren und daran, Kitas und Kinder in Schleswig-Holstein kennenzulernen<\/li>\n<\/ul>\n<p><strong>Was Sie erwartet:<\/strong><\/p>\n<ul>\n<li>eine offene, partizipative und wertsch\u00e4tzende Unternehmenskultur mit Raum f\u00fcr eigene Ideen und Engagement<\/li>\n<li>sinnstiftendes Arbeitsumfeld in einem hochmotivierten Team<\/li>\n<li>30 Arbeitstage Urlaub und bezahlte Freistellungen am 24. und 31.12.<\/li>\n<li>M\u00f6glichkeit der eigenen Weiterbildung<\/li>\n<\/ul>\n<p>Arbeitsort ist Kiel. Mobiles Arbeiten ist m\u00f6glich. Diese Ausschreibung richtet sich an alle Bewerber:innen unabh\u00e4ngig von Alter, Geschlechtsidentit\u00e4t, zugeschriebener Behinderung, Religion, Herkunft, Nationalit\u00e4t oder sexueller Orientierung. Wir freuen uns auf Ihre aussagekr\u00e4ftige Bewerbung (Motivationsschreiben, Lebenslauf, einschl\u00e4gige Referenzen und Erfahrungen) mit Angaben Ihrer Gehaltsvorstellungen per E- Mail bis zum 15.11.2025 an:<\/p>\n<p><a href=\"mailto:hermans@musiculum.de\">hermans@musiculum.de<\/a><\/p>\n<p>Bei Fragen wenden Sie sich gerne an Anne Hermans, Tel. Nr. 0431 \/ 666 889-10.<\/p>\n<p>Die Stellenausschreibung kann hier als pdf-Datei heruntergeladen werden:<\/p>\n<p><a href=\"https:\/\/musiculum.de\/wp-content\/uploads\/2025\/10\/musiculum_stellenangebot_musiculum_mobil_kita_01.pdf\" target=\"_blank\" rel=\"noopener\">Stellenausschreibung musiculum MOBIL Kita<\/a><\/p>\n<p>&nbsp;<\/p>\n<\/div>\n\t\t<\/div><\/div><\/div><\/div><div id=\"pg-4912-4\"  class=\"panel-grid\" ><div class=\"panel-grid-core\"><div id=\"pgc-4912-4-0\"  class=\"panel-grid-cell\" ><div class=\"panel-widget-style\" >--><\/div><\/div><\/div><\/div>","protected":false},"excerpt":{"rendered":"<p>Derzeit keine Stellenangebote<\/p>\n","protected":false},"author":2,"featured_media":0,"parent":0,"menu_order":0,"comment_status":"closed","ping_status":"closed","template":"","meta":{"footnotes":""},"categories":[],"tags":[],"class_list":["post-4912","page","type-page","status-publish","hentry"],"yoast_head":"<!-- This site is optimized with the Yoast SEO plugin v27.4 - https:\/\/yoast.com\/product\/yoast-seo-wordpress\/ -->\n<title>Stellenangebote - musiculum<\/title>\n<meta name=\"robots\" content=\"index, follow, max-snippet:-1, max-image-preview:large, max-video-preview:-1\" \/>\n<link rel=\"canonical\" href=\"https:\/\/musiculum.de\/index.php\/stellenangebote\/\" \/>\n<meta property=\"og:locale\" content=\"de_DE\" \/>\n<meta property=\"og:type\" content=\"article\" \/>\n<meta property=\"og:title\" content=\"Stellenangebote - musiculum\" \/>\n<meta property=\"og:description\" content=\"Derzeit keine Stellenangebote\" \/>\n<meta property=\"og:url\" content=\"https:\/\/musiculum.de\/index.php\/stellenangebote\/\" \/>\n<meta property=\"og:site_name\" content=\"musiculum\" \/>\n<meta property=\"article:modified_time\" content=\"2025-11-18T11:19:54+00:00\" \/>\n<meta name=\"twitter:card\" content=\"summary_large_image\" \/>\n<meta name=\"twitter:label1\" content=\"Gesch\u00e4tzte Lesezeit\" \/>\n\t<meta name=\"twitter:data1\" content=\"1\u00a0Minute\" \/>\n<script type=\"application\/ld+json\" class=\"yoast-schema-graph\">{\"@context\":\"https:\\\/\\\/schema.org\",\"@graph\":[{\"@type\":\"WebPage\",\"@id\":\"https:\\\/\\\/musiculum.de\\\/index.php\\\/stellenangebote\\\/\",\"url\":\"https:\\\/\\\/musiculum.de\\\/index.php\\\/stellenangebote\\\/\",\"name\":\"Stellenangebote - musiculum\",\"isPartOf\":{\"@id\":\"https:\\\/\\\/musiculum.de\\\/#website\"},\"datePublished\":\"2022-02-24T14:38:54+00:00\",\"dateModified\":\"2025-11-18T11:19:54+00:00\",\"breadcrumb\":{\"@id\":\"https:\\\/\\\/musiculum.de\\\/index.php\\\/stellenangebote\\\/#breadcrumb\"},\"inLanguage\":\"de\",\"potentialAction\":[{\"@type\":\"ReadAction\",\"target\":[\"https:\\\/\\\/musiculum.de\\\/index.php\\\/stellenangebote\\\/\"]}]},{\"@type\":\"BreadcrumbList\",\"@id\":\"https:\\\/\\\/musiculum.de\\\/index.php\\\/stellenangebote\\\/#breadcrumb\",\"itemListElement\":[{\"@type\":\"ListItem\",\"position\":1,\"name\":\"Startseite\",\"item\":\"https:\\\/\\\/musiculum.de\\\/\"},{\"@type\":\"ListItem\",\"position\":2,\"name\":\"Stellenangebote\"}]},{\"@type\":\"WebSite\",\"@id\":\"https:\\\/\\\/musiculum.de\\\/#website\",\"url\":\"https:\\\/\\\/musiculum.de\\\/\",\"name\":\"musiculum\",\"description\":\"Lern- und Experimentierwerkstatt f\u00fcr Kinder und Jugendliche\",\"potentialAction\":[{\"@type\":\"SearchAction\",\"target\":{\"@type\":\"EntryPoint\",\"urlTemplate\":\"https:\\\/\\\/musiculum.de\\\/?s={search_term_string}\"},\"query-input\":{\"@type\":\"PropertyValueSpecification\",\"valueRequired\":true,\"valueName\":\"search_term_string\"}}],\"inLanguage\":\"de\"}]}<\/script>\n<!-- \/ Yoast SEO plugin. -->","yoast_head_json":{"title":"Stellenangebote - musiculum","robots":{"index":"index","follow":"follow","max-snippet":"max-snippet:-1","max-image-preview":"max-image-preview:large","max-video-preview":"max-video-preview:-1"},"canonical":"https:\/\/musiculum.de\/index.php\/stellenangebote\/","og_locale":"de_DE","og_type":"article","og_title":"Stellenangebote - musiculum","og_description":"Derzeit keine Stellenangebote","og_url":"https:\/\/musiculum.de\/index.php\/stellenangebote\/","og_site_name":"musiculum","article_modified_time":"2025-11-18T11:19:54+00:00","twitter_card":"summary_large_image","twitter_misc":{"Gesch\u00e4tzte Lesezeit":"1\u00a0Minute"},"schema":{"@context":"https:\/\/schema.org","@graph":[{"@type":"WebPage","@id":"https:\/\/musiculum.de\/index.php\/stellenangebote\/","url":"https:\/\/musiculum.de\/index.php\/stellenangebote\/","name":"Stellenangebote - musiculum","isPartOf":{"@id":"https:\/\/musiculum.de\/#website"},"datePublished":"2022-02-24T14:38:54+00:00","dateModified":"2025-11-18T11:19:54+00:00","breadcrumb":{"@id":"https:\/\/musiculum.de\/index.php\/stellenangebote\/#breadcrumb"},"inLanguage":"de","potentialAction":[{"@type":"ReadAction","target":["https:\/\/musiculum.de\/index.php\/stellenangebote\/"]}]},{"@type":"BreadcrumbList","@id":"https:\/\/musiculum.de\/index.php\/stellenangebote\/#breadcrumb","itemListElement":[{"@type":"ListItem","position":1,"name":"Startseite","item":"https:\/\/musiculum.de\/"},{"@type":"ListItem","position":2,"name":"Stellenangebote"}]},{"@type":"WebSite","@id":"https:\/\/musiculum.de\/#website","url":"https:\/\/musiculum.de\/","name":"musiculum","description":"Lern- und Experimentierwerkstatt f\u00fcr Kinder und Jugendliche","potentialAction":[{"@type":"SearchAction","target":{"@type":"EntryPoint","urlTemplate":"https:\/\/musiculum.de\/?s={search_term_string}"},"query-input":{"@type":"PropertyValueSpecification","valueRequired":true,"valueName":"search_term_string"}}],"inLanguage":"de"}]}},"_links":{"self":[{"href":"https:\/\/musiculum.de\/index.php\/wp-json\/wp\/v2\/pages\/4912","targetHints":{"allow":["GET"]}}],"collection":[{"href":"https:\/\/musiculum.de\/index.php\/wp-json\/wp\/v2\/pages"}],"about":[{"href":"https:\/\/musiculum.de\/index.php\/wp-json\/wp\/v2\/types\/page"}],"author":[{"embeddable":true,"href":"https:\/\/musiculum.de\/index.php\/wp-json\/wp\/v2\/users\/2"}],"replies":[{"embeddable":true,"href":"https:\/\/musiculum.de\/index.php\/wp-json\/wp\/v2\/comments?post=4912"}],"version-history":[{"count":5,"href":"https:\/\/musiculum.de\/index.php\/wp-json\/wp\/v2\/pages\/4912\/revisions"}],"predecessor-version":[{"id":7047,"href":"https:\/\/musiculum.de\/index.php\/wp-json\/wp\/v2\/pages\/4912\/revisions\/7047"}],"wp:attachment":[{"href":"https:\/\/musiculum.de\/index.php\/wp-json\/wp\/v2\/media?parent=4912"}],"wp:term":[{"taxonomy":"category","embeddable":true,"href":"https:\/\/musiculum.de\/index.php\/wp-json\/wp\/v2\/categories?post=4912"},{"taxonomy":"post_tag","embeddable":true,"href":"https:\/\/musiculum.de\/index.php\/wp-json\/wp\/v2\/tags?post=4912"}],"curies":[{"name":"wp","href":"https:\/\/api.w.org\/{rel}","templated":true}]}}