{"id":47,"date":"2016-05-25T09:21:18","date_gmt":"2016-05-25T07:21:18","guid":{"rendered":"http:\/\/jo12.de\/?page_id=47"},"modified":"2025-10-22T12:01:59","modified_gmt":"2025-10-22T10:01:59","slug":"haus","status":"publish","type":"page","link":"https:\/\/musiculum.de\/index.php\/haus\/","title":{"rendered":"Haus"},"content":{"rendered":"<div id=\"pg-47-0\"  class=\"panel-grid\" ><div class=\"panel-grid-core\"><div id=\"pgc-47-0-0\"  class=\"panel-grid-cell\" ><div class=\"panel-widget-style\" ><p style=\"\"><img decoding=\"async\" src=\"https:\/\/musiculum.de\/wp-content\/uploads\/2016\/12\/Musiculum1-932x700.jpg\" alt=\"\" style=\"\" \/><\/p><\/div><div class=\"panel-widget-style\" ><p style=\"\"><img decoding=\"async\" src=\"https:\/\/musiculum.de\/wp-content\/uploads\/2016\/12\/musiculums_schriftzuege_2014_04.jpg\" alt=\"\" style=\"\" \/><\/p><\/div><div class=\"panel-widget-style\" ><p style=\"\"><img decoding=\"async\" src=\"https:\/\/musiculum.de\/wp-content\/uploads\/2018\/05\/musiculums_schriftzuege_2014_06.jpg\" alt=\"\" style=\"\" \/><\/p><\/div><\/div><div id=\"pgc-47-0-1\"  class=\"panel-grid-cell\" ><div class=\"panel-widget-style\" >\t\t\t<div class=\"textwidget\"><p>F\u00fcr das musiculum wurde die ehemalige Sternschule in zentraler Lage Kiels saniert.<\/p>\n<p>Seit 1888\/89 geh\u00f6rt die Sternschule zum Stadtbild. Errichtet wurde sie als Knaben- Volksschule und diente bis 1987 als Grundschule. In den folgenden Jahren beherbergten die R\u00e4umlichkeiten Ausstellungsst\u00fccke des Schifffahrtsmuseums und des Stadtmuseums.<\/p>\n<p>Die ehemalige Schule ist als gesch\u00fctztes Kulturdenkmal in Kiels Denkmaltopografie eingetragen. Sie ist weitestgehend im Originalzustand erhalten.<\/p>\n<p>2007 wurde die Sternschule f\u00fcr das musiculum erworben. In enger Zusammenarbeit mit dem Landesamt f\u00fcr Denkmalpflege wurde das Geb\u00e4ude aufwendig und liebevoll restauriert und renoviert.<\/p>\n<p>Das musiculum verf\u00fcgt \u00fcber einen Saal mit B\u00fchne inkl. Grundausstattung an Ton- und Lichttechnik sowie weiterer Messe-Ausstattung, wie z. B Beamer und Leinwand. Aktuell k\u00f6nnen bis zu 200 Sitzpl\u00e4tze in Reihenbestuhlung gestellt werden. Zudem gibt es einen Caf\u00e9-Bereich, eine K\u00fcche sowie weitere R\u00e4ume, die sich f\u00fcr Seminare eignen und ebenfalls von externen Veranstaltern angemietet werden k\u00f6nnen.<\/p>\n<p>N\u00e4here Infos sind zu finden unter <a href=\"http:\/\/musiculum.de\/index.php\/vermietung\/\" rel=\"noopener\"><strong>Vermietung<\/strong><\/a> und beim\u00a0<strong><a href=\"http:\/\/musiculum.de\/index.php\/musiculum-tour\/\" rel=\"noopener\">virtuellen Rundgang<\/a>.<\/strong><\/p>\n<\/div>\n\t\t<\/div><\/div><\/div><\/div>","protected":false},"excerpt":{"rendered":"<p>F\u00fcr das musiculum wurde die ehemalige Sternschule in zentraler Lage Kiels saniert. Seit 1888\/89 geh\u00f6rt die Sternschule zum Stadtbild. Errichtet wurde sie als Knaben- Volksschule und diente bis 1987 als Grundschule. In den folgenden Jahren beherbergten die R\u00e4umlichkeiten Ausstellungsst\u00fccke des Schifffahrtsmuseums und des Stadtmuseums. Die ehemalige Schule ist als gesch\u00fctztes Kulturdenkmal in Kiels Denkmaltopografie eingetragen. [&hellip;]<\/p>\n","protected":false},"author":1,"featured_media":0,"parent":0,"menu_order":0,"comment_status":"closed","ping_status":"closed","template":"","meta":{"footnotes":""},"categories":[],"tags":[],"class_list":["post-47","page","type-page","status-publish","hentry"],"yoast_head":"<!-- This site is optimized with the Yoast SEO plugin v27.4 - https:\/\/yoast.com\/product\/yoast-seo-wordpress\/ -->\n<title>Haus - musiculum<\/title>\n<meta name=\"robots\" content=\"index, follow, max-snippet:-1, max-image-preview:large, max-video-preview:-1\" \/>\n<link rel=\"canonical\" href=\"https:\/\/musiculum.de\/index.php\/haus\/\" \/>\n<meta property=\"og:locale\" content=\"de_DE\" \/>\n<meta property=\"og:type\" content=\"article\" \/>\n<meta property=\"og:title\" content=\"Haus - musiculum\" \/>\n<meta property=\"og:description\" content=\"F\u00fcr das musiculum wurde die ehemalige Sternschule in zentraler Lage Kiels saniert. Seit 1888\/89 geh\u00f6rt die Sternschule zum Stadtbild. Errichtet wurde sie als Knaben- Volksschule und diente bis 1987 als Grundschule. In den folgenden Jahren beherbergten die R\u00e4umlichkeiten Ausstellungsst\u00fccke des Schifffahrtsmuseums und des Stadtmuseums. Die ehemalige Schule ist als gesch\u00fctztes Kulturdenkmal in Kiels Denkmaltopografie eingetragen. [&hellip;]\" \/>\n<meta property=\"og:url\" content=\"https:\/\/musiculum.de\/index.php\/haus\/\" \/>\n<meta property=\"og:site_name\" content=\"musiculum\" \/>\n<meta property=\"article:modified_time\" content=\"2025-10-22T10:01:59+00:00\" \/>\n<meta name=\"twitter:card\" content=\"summary_large_image\" \/>\n<meta name=\"twitter:label1\" content=\"Gesch\u00e4tzte Lesezeit\" \/>\n\t<meta name=\"twitter:data1\" content=\"1\u00a0Minute\" \/>\n<script type=\"application\/ld+json\" class=\"yoast-schema-graph\">{\"@context\":\"https:\\\/\\\/schema.org\",\"@graph\":[{\"@type\":\"WebPage\",\"@id\":\"https:\\\/\\\/musiculum.de\\\/index.php\\\/haus\\\/\",\"url\":\"https:\\\/\\\/musiculum.de\\\/index.php\\\/haus\\\/\",\"name\":\"Haus - musiculum\",\"isPartOf\":{\"@id\":\"https:\\\/\\\/musiculum.de\\\/#website\"},\"datePublished\":\"2016-05-25T07:21:18+00:00\",\"dateModified\":\"2025-10-22T10:01:59+00:00\",\"breadcrumb\":{\"@id\":\"https:\\\/\\\/musiculum.de\\\/index.php\\\/haus\\\/#breadcrumb\"},\"inLanguage\":\"de\",\"potentialAction\":[{\"@type\":\"ReadAction\",\"target\":[\"https:\\\/\\\/musiculum.de\\\/index.php\\\/haus\\\/\"]}]},{\"@type\":\"BreadcrumbList\",\"@id\":\"https:\\\/\\\/musiculum.de\\\/index.php\\\/haus\\\/#breadcrumb\",\"itemListElement\":[{\"@type\":\"ListItem\",\"position\":1,\"name\":\"Startseite\",\"item\":\"https:\\\/\\\/musiculum.de\\\/\"},{\"@type\":\"ListItem\",\"position\":2,\"name\":\"Haus\"}]},{\"@type\":\"WebSite\",\"@id\":\"https:\\\/\\\/musiculum.de\\\/#website\",\"url\":\"https:\\\/\\\/musiculum.de\\\/\",\"name\":\"musiculum\",\"description\":\"Lern- und Experimentierwerkstatt f\u00fcr Kinder und Jugendliche\",\"potentialAction\":[{\"@type\":\"SearchAction\",\"target\":{\"@type\":\"EntryPoint\",\"urlTemplate\":\"https:\\\/\\\/musiculum.de\\\/?s={search_term_string}\"},\"query-input\":{\"@type\":\"PropertyValueSpecification\",\"valueRequired\":true,\"valueName\":\"search_term_string\"}}],\"inLanguage\":\"de\"}]}<\/script>\n<!-- \/ Yoast SEO plugin. -->","yoast_head_json":{"title":"Haus - musiculum","robots":{"index":"index","follow":"follow","max-snippet":"max-snippet:-1","max-image-preview":"max-image-preview:large","max-video-preview":"max-video-preview:-1"},"canonical":"https:\/\/musiculum.de\/index.php\/haus\/","og_locale":"de_DE","og_type":"article","og_title":"Haus - musiculum","og_description":"F\u00fcr das musiculum wurde die ehemalige Sternschule in zentraler Lage Kiels saniert. Seit 1888\/89 geh\u00f6rt die Sternschule zum Stadtbild. Errichtet wurde sie als Knaben- Volksschule und diente bis 1987 als Grundschule. In den folgenden Jahren beherbergten die R\u00e4umlichkeiten Ausstellungsst\u00fccke des Schifffahrtsmuseums und des Stadtmuseums. Die ehemalige Schule ist als gesch\u00fctztes Kulturdenkmal in Kiels Denkmaltopografie eingetragen. [&hellip;]","og_url":"https:\/\/musiculum.de\/index.php\/haus\/","og_site_name":"musiculum","article_modified_time":"2025-10-22T10:01:59+00:00","twitter_card":"summary_large_image","twitter_misc":{"Gesch\u00e4tzte Lesezeit":"1\u00a0Minute"},"schema":{"@context":"https:\/\/schema.org","@graph":[{"@type":"WebPage","@id":"https:\/\/musiculum.de\/index.php\/haus\/","url":"https:\/\/musiculum.de\/index.php\/haus\/","name":"Haus - musiculum","isPartOf":{"@id":"https:\/\/musiculum.de\/#website"},"datePublished":"2016-05-25T07:21:18+00:00","dateModified":"2025-10-22T10:01:59+00:00","breadcrumb":{"@id":"https:\/\/musiculum.de\/index.php\/haus\/#breadcrumb"},"inLanguage":"de","potentialAction":[{"@type":"ReadAction","target":["https:\/\/musiculum.de\/index.php\/haus\/"]}]},{"@type":"BreadcrumbList","@id":"https:\/\/musiculum.de\/index.php\/haus\/#breadcrumb","itemListElement":[{"@type":"ListItem","position":1,"name":"Startseite","item":"https:\/\/musiculum.de\/"},{"@type":"ListItem","position":2,"name":"Haus"}]},{"@type":"WebSite","@id":"https:\/\/musiculum.de\/#website","url":"https:\/\/musiculum.de\/","name":"musiculum","description":"Lern- und Experimentierwerkstatt f\u00fcr Kinder und Jugendliche","potentialAction":[{"@type":"SearchAction","target":{"@type":"EntryPoint","urlTemplate":"https:\/\/musiculum.de\/?s={search_term_string}"},"query-input":{"@type":"PropertyValueSpecification","valueRequired":true,"valueName":"search_term_string"}}],"inLanguage":"de"}]}},"_links":{"self":[{"href":"https:\/\/musiculum.de\/index.php\/wp-json\/wp\/v2\/pages\/47","targetHints":{"allow":["GET"]}}],"collection":[{"href":"https:\/\/musiculum.de\/index.php\/wp-json\/wp\/v2\/pages"}],"about":[{"href":"https:\/\/musiculum.de\/index.php\/wp-json\/wp\/v2\/types\/page"}],"author":[{"embeddable":true,"href":"https:\/\/musiculum.de\/index.php\/wp-json\/wp\/v2\/users\/1"}],"replies":[{"embeddable":true,"href":"https:\/\/musiculum.de\/index.php\/wp-json\/wp\/v2\/comments?post=47"}],"version-history":[{"count":5,"href":"https:\/\/musiculum.de\/index.php\/wp-json\/wp\/v2\/pages\/47\/revisions"}],"predecessor-version":[{"id":6939,"href":"https:\/\/musiculum.de\/index.php\/wp-json\/wp\/v2\/pages\/47\/revisions\/6939"}],"wp:attachment":[{"href":"https:\/\/musiculum.de\/index.php\/wp-json\/wp\/v2\/media?parent=47"}],"wp:term":[{"taxonomy":"category","embeddable":true,"href":"https:\/\/musiculum.de\/index.php\/wp-json\/wp\/v2\/categories?post=47"},{"taxonomy":"post_tag","embeddable":true,"href":"https:\/\/musiculum.de\/index.php\/wp-json\/wp\/v2\/tags?post=47"}],"curies":[{"name":"wp","href":"https:\/\/api.w.org\/{rel}","templated":true}]}}