{"id":467,"date":"2016-09-14T09:16:11","date_gmt":"2016-09-14T07:16:11","guid":{"rendered":"http:\/\/jo12.de\/?page_id=467"},"modified":"2025-10-21T14:12:45","modified_gmt":"2025-10-21T12:12:45","slug":"nachmittagsprogramm","status":"publish","type":"page","link":"https:\/\/musiculum.de\/index.php\/nachmittagsprogramm\/","title":{"rendered":"Nachmittag"},"content":{"rendered":"<div id=\"pg-467-0\"  class=\"panel-grid\" ><div class=\"panel-grid-core\"><div id=\"pgc-467-0-0\"  class=\"panel-grid-cell\" ><\/div><div id=\"pgc-467-0-1\"  class=\"panel-grid-cell\" ><div class=\"panel-widget-style\" ><!-- Ausklammerung Beginn<\/div><\/div><\/div><\/div><div id=\"pg-467-1\"  class=\"panel-grid\" ><div class=\"panel-grid-core\"><div id=\"pgc-467-1-0\"  class=\"panel-grid-cell\" ><div class=\"panel-widget-style\" ><div class=\"sc-lightbox image\"><span><img decoding=\"async\" class=\"lightbox\" src=\"https:\/\/musiculum.de\/wp-content\/uploads\/2017\/12\/musiculum_schlag_02.jpg\"><\/span><div class=\"image-overlay style2\"><div class=\"image-overlay-inner\"><div class=\"hover-icons\"><a class=\"hover-zoom prettyPhoto\" href=\"https:\/\/musiculum.de\/wp-content\/uploads\/2017\/12\/musiculum_schlag_02.jpg\"><\/a><\/div><\/div><\/div><\/div><\/div><\/div><div id=\"pgc-467-1-1\"  class=\"panel-grid-cell\" ><div class=\"panel-widget-style\" ><h2 style=\"font-style: normal;\">Ohrwurmdetektive & Klangzauberer - Wir entdecken Schlaginstrumente<\/h2><\/div><div class=\"panel-widget-style\" >\t\t\t<div class=\"textwidget\"><p><strong>ABGESAGT!<\/strong><\/p>\n<p>Von 6 bis 10 Jahren<br \/>\nAb Dienstag, 20.04.2021 immer dienstags (insgesamt 4 Termine)<br \/>\nLetzter Termin: 11.05.2021<br \/>\nZeit: Pr\u00e4senz 15:30-17:00 Uhr \/ online 15:30-16:30 Uhr<br \/>\nKostenbeitrag pro Teilnehmer*in: 9,- Euro<br \/>\nOrt: musiculum, Stephan-Heinzel-Stra\u00dfe 9, 24103 Kiel oder ggfs. online von zu Hause aus<br \/>\nBitte geben Sie Ihrem Kind zu dessen eigener Sicherheit einen Mund-Nasen-Schutz mit. Desinfektionsmittel h\u00e4lt das musiculum vor.<br \/>\nIn diesem Projekt lernen wir die Schlaginstrumente kennen. Von Conga, Djembe und Bongos \u00fcber Pauke und Schlagzeug bis hin zu Xylophon und Marimbaphon probieren wir alles aus, was durch Anschlagen mit Schl\u00e4gel, Drumsticks oder den H\u00e4nden zum Klingen gebracht wird.<br \/>\nProjektleitung: Mareike Irsigler<\/p>\n<\/div>\n\t\t<\/div><\/div><\/div><\/div><div id=\"pg-467-2\"  class=\"panel-grid\" ><div class=\"panel-grid-core\"><div id=\"pgc-467-2-0\"  class=\"panel-grid-cell\" ><\/div><div id=\"pgc-467-2-1\"  class=\"panel-grid-cell\" ><div class=\"panel-widget-style\" ><h2 style=\"font-style: normal;\">Anmeldung<\/h2><\/div><div class=\"panel-widget-style\" >Datenschutz\t\t\t<div class=\"textwidget\"><p>Wir weisen darauf hin, dass die zur Abwicklung des Projekts \/ der Veranstaltung erforderlichen pers\u00f6nlichen Daten (die K\u00e4stchen sind mit Sternchen gekennzeichnet) von uns gespeichert und verarbeitet werden. Ausf\u00fchrliche Informationen dazu finden Sie hier in unserer <a href=\"https:\/\/musiculum.de\/index.php\/datenschutz\/\" target=\"_blank\" rel=\"noopener\">Datenschutzerkl\u00e4rung.<\/a><\/p>\n<p><strong>Freiwillige Angaben<\/strong><br \/>\nDie mit optional gekennzeichneten Felder sind freiwillig und helfen uns dabei, Sie zu kontaktieren oder das Projekt reibungsloser durchzuf\u00fchren. Sie k\u00f6nnen Ihre Einwilligung jederzeit widerrufen, entweder per E-Mail an info@musiculum.de oder telefonisch unter 0431 \/ 666 889-0. Mit dem Ausf\u00fcllen der Felder erlauben Sie uns die Speicherung und Verarbeitung Ihrer Daten.<\/p>\n<\/div>\n\t\t<\/div><div class=\"panel-widget-style\" ><p>Bitte f\u00fcllen Sie unser Anmeldeformular aus. Falls Sie mehrere Kinder anmelden m\u00f6chten bitten wir Sie, das Formular entsprechend mehrmals auszuf\u00fcllen. Wir melden uns so schnell wie m\u00f6glich bei Ihnen.<\/p>\nformidable id=7\n-->\n<\/div><\/div><\/div><\/div><div id=\"pg-467-3\"  class=\"panel-grid\" ><div class=\"panel-grid-core\"><div id=\"pgc-467-3-0\"  class=\"panel-grid-cell\" ><div class=\"panel-widget-style\" ><iframe loading=\"lazy\" id=\"60e41c629e1477454eeea8ff\" width=\"100%\" height=\"950\" class=\"yolawo-widget\" src=\"https:\/\/widgets.yolawo.de\/w\/60e41c629e1477454eeea8ff\" frameborder=\"0\" data-offset-x=\"50\" scrolling=\"no\"><\/iframe><script type=\"text\/javascript\" src=\"https:\/\/widgets.yolawo.de\/assets\/script.js\"><\/script><\/div><\/div><\/div><\/div>","protected":false},"excerpt":{"rendered":"<p>ABGESAGT! Von 6 bis 10 Jahren Ab Dienstag, 20.04.2021 immer dienstags (insgesamt 4 Termine) Letzter Termin: 11.05.2021 Zeit: Pr\u00e4senz 15:30-17:00 Uhr \/ online 15:30-16:30 Uhr Kostenbeitrag pro Teilnehmer*in: 9,- Euro Ort: musiculum, Stephan-Heinzel-Stra\u00dfe 9, 24103 Kiel oder ggfs. online von zu Hause aus Bitte geben Sie Ihrem Kind zu dessen eigener Sicherheit einen Mund-Nasen-Schutz mit. [&hellip;]<\/p>\n","protected":false},"author":2,"featured_media":0,"parent":0,"menu_order":0,"comment_status":"closed","ping_status":"closed","template":"","meta":{"footnotes":""},"categories":[],"tags":[],"class_list":["post-467","page","type-page","status-publish","hentry"],"yoast_head":"<!-- This site is optimized with the Yoast SEO plugin v27.4 - https:\/\/yoast.com\/product\/yoast-seo-wordpress\/ -->\n<title>Nachmittag - musiculum<\/title>\n<meta name=\"robots\" content=\"index, follow, max-snippet:-1, max-image-preview:large, max-video-preview:-1\" \/>\n<link rel=\"canonical\" href=\"https:\/\/musiculum.de\/index.php\/nachmittagsprogramm\/\" \/>\n<meta property=\"og:locale\" content=\"de_DE\" \/>\n<meta property=\"og:type\" content=\"article\" \/>\n<meta property=\"og:title\" content=\"Nachmittagsangebote im musiculum\" \/>\n<meta property=\"og:description\" content=\"Eine \u00dcbersicht der Angebote, die das musiculum f\u00fcr die besuchenden Kinder am Nachmittag bereit h\u00e4lt.\" \/>\n<meta property=\"og:url\" content=\"https:\/\/musiculum.de\/index.php\/nachmittagsprogramm\/\" \/>\n<meta property=\"og:site_name\" content=\"musiculum\" \/>\n<meta property=\"article:modified_time\" content=\"2025-10-21T12:12:45+00:00\" \/>\n<meta property=\"og:image\" content=\"https:\/\/musiculum.de\/wp-content\/uploads\/2021\/07\/musiculum_saiteninstrumentenraum_klein_01.jpg\" \/>\n\t<meta property=\"og:image:width\" content=\"591\" \/>\n\t<meta property=\"og:image:height\" content=\"394\" \/>\n\t<meta property=\"og:image:type\" content=\"image\/jpeg\" \/>\n<meta name=\"twitter:card\" content=\"summary_large_image\" \/>\n<meta name=\"twitter:label1\" content=\"Gesch\u00e4tzte Lesezeit\" \/>\n\t<meta name=\"twitter:data1\" content=\"2\u00a0Minuten\" \/>\n<script type=\"application\/ld+json\" class=\"yoast-schema-graph\">{\"@context\":\"https:\\\/\\\/schema.org\",\"@graph\":[{\"@type\":\"WebPage\",\"@id\":\"https:\\\/\\\/musiculum.de\\\/index.php\\\/nachmittagsprogramm\\\/\",\"url\":\"https:\\\/\\\/musiculum.de\\\/index.php\\\/nachmittagsprogramm\\\/\",\"name\":\"Nachmittag - musiculum\",\"isPartOf\":{\"@id\":\"https:\\\/\\\/musiculum.de\\\/#website\"},\"datePublished\":\"2016-09-14T07:16:11+00:00\",\"dateModified\":\"2025-10-21T12:12:45+00:00\",\"breadcrumb\":{\"@id\":\"https:\\\/\\\/musiculum.de\\\/index.php\\\/nachmittagsprogramm\\\/#breadcrumb\"},\"inLanguage\":\"de\",\"potentialAction\":[{\"@type\":\"ReadAction\",\"target\":[\"https:\\\/\\\/musiculum.de\\\/index.php\\\/nachmittagsprogramm\\\/\"]}]},{\"@type\":\"BreadcrumbList\",\"@id\":\"https:\\\/\\\/musiculum.de\\\/index.php\\\/nachmittagsprogramm\\\/#breadcrumb\",\"itemListElement\":[{\"@type\":\"ListItem\",\"position\":1,\"name\":\"Startseite\",\"item\":\"https:\\\/\\\/musiculum.de\\\/\"},{\"@type\":\"ListItem\",\"position\":2,\"name\":\"Nachmittag\"}]},{\"@type\":\"WebSite\",\"@id\":\"https:\\\/\\\/musiculum.de\\\/#website\",\"url\":\"https:\\\/\\\/musiculum.de\\\/\",\"name\":\"musiculum\",\"description\":\"Lern- und Experimentierwerkstatt f\u00fcr Kinder und Jugendliche\",\"potentialAction\":[{\"@type\":\"SearchAction\",\"target\":{\"@type\":\"EntryPoint\",\"urlTemplate\":\"https:\\\/\\\/musiculum.de\\\/?s={search_term_string}\"},\"query-input\":{\"@type\":\"PropertyValueSpecification\",\"valueRequired\":true,\"valueName\":\"search_term_string\"}}],\"inLanguage\":\"de\"}]}<\/script>\n<!-- \/ Yoast SEO plugin. -->","yoast_head_json":{"title":"Nachmittag - musiculum","robots":{"index":"index","follow":"follow","max-snippet":"max-snippet:-1","max-image-preview":"max-image-preview:large","max-video-preview":"max-video-preview:-1"},"canonical":"https:\/\/musiculum.de\/index.php\/nachmittagsprogramm\/","og_locale":"de_DE","og_type":"article","og_title":"Nachmittagsangebote im musiculum","og_description":"Eine \u00dcbersicht der Angebote, die das musiculum f\u00fcr die besuchenden Kinder am Nachmittag bereit h\u00e4lt.","og_url":"https:\/\/musiculum.de\/index.php\/nachmittagsprogramm\/","og_site_name":"musiculum","article_modified_time":"2025-10-21T12:12:45+00:00","og_image":[{"width":591,"height":394,"url":"https:\/\/musiculum.de\/wp-content\/uploads\/2021\/07\/musiculum_saiteninstrumentenraum_klein_01.jpg","type":"image\/jpeg"}],"twitter_card":"summary_large_image","twitter_misc":{"Gesch\u00e4tzte Lesezeit":"2\u00a0Minuten"},"schema":{"@context":"https:\/\/schema.org","@graph":[{"@type":"WebPage","@id":"https:\/\/musiculum.de\/index.php\/nachmittagsprogramm\/","url":"https:\/\/musiculum.de\/index.php\/nachmittagsprogramm\/","name":"Nachmittag - musiculum","isPartOf":{"@id":"https:\/\/musiculum.de\/#website"},"datePublished":"2016-09-14T07:16:11+00:00","dateModified":"2025-10-21T12:12:45+00:00","breadcrumb":{"@id":"https:\/\/musiculum.de\/index.php\/nachmittagsprogramm\/#breadcrumb"},"inLanguage":"de","potentialAction":[{"@type":"ReadAction","target":["https:\/\/musiculum.de\/index.php\/nachmittagsprogramm\/"]}]},{"@type":"BreadcrumbList","@id":"https:\/\/musiculum.de\/index.php\/nachmittagsprogramm\/#breadcrumb","itemListElement":[{"@type":"ListItem","position":1,"name":"Startseite","item":"https:\/\/musiculum.de\/"},{"@type":"ListItem","position":2,"name":"Nachmittag"}]},{"@type":"WebSite","@id":"https:\/\/musiculum.de\/#website","url":"https:\/\/musiculum.de\/","name":"musiculum","description":"Lern- und Experimentierwerkstatt f\u00fcr Kinder und Jugendliche","potentialAction":[{"@type":"SearchAction","target":{"@type":"EntryPoint","urlTemplate":"https:\/\/musiculum.de\/?s={search_term_string}"},"query-input":{"@type":"PropertyValueSpecification","valueRequired":true,"valueName":"search_term_string"}}],"inLanguage":"de"}]}},"_links":{"self":[{"href":"https:\/\/musiculum.de\/index.php\/wp-json\/wp\/v2\/pages\/467","targetHints":{"allow":["GET"]}}],"collection":[{"href":"https:\/\/musiculum.de\/index.php\/wp-json\/wp\/v2\/pages"}],"about":[{"href":"https:\/\/musiculum.de\/index.php\/wp-json\/wp\/v2\/types\/page"}],"author":[{"embeddable":true,"href":"https:\/\/musiculum.de\/index.php\/wp-json\/wp\/v2\/users\/2"}],"replies":[{"embeddable":true,"href":"https:\/\/musiculum.de\/index.php\/wp-json\/wp\/v2\/comments?post=467"}],"version-history":[{"count":5,"href":"https:\/\/musiculum.de\/index.php\/wp-json\/wp\/v2\/pages\/467\/revisions"}],"predecessor-version":[{"id":7105,"href":"https:\/\/musiculum.de\/index.php\/wp-json\/wp\/v2\/pages\/467\/revisions\/7105"}],"wp:attachment":[{"href":"https:\/\/musiculum.de\/index.php\/wp-json\/wp\/v2\/media?parent=467"}],"wp:term":[{"taxonomy":"category","embeddable":true,"href":"https:\/\/musiculum.de\/index.php\/wp-json\/wp\/v2\/categories?post=467"},{"taxonomy":"post_tag","embeddable":true,"href":"https:\/\/musiculum.de\/index.php\/wp-json\/wp\/v2\/tags?post=467"}],"curies":[{"name":"wp","href":"https:\/\/api.w.org\/{rel}","templated":true}]}}