{"id":4218,"date":"2021-05-12T12:47:20","date_gmt":"2021-05-12T10:47:20","guid":{"rendered":"https:\/\/musiculum.de\/?page_id=4218"},"modified":"2022-02-02T09:12:47","modified_gmt":"2022-02-02T08:12:47","slug":"arbeitsboegen-loesungen","status":"publish","type":"page","link":"https:\/\/musiculum.de\/index.php\/arbeitsboegen-loesungen\/","title":{"rendered":"Arbeitsb\u00f6gen &#8211; L\u00f6sungen"},"content":{"rendered":"<div id=\"pg-4218-0\"  class=\"panel-grid\" ><div class=\"panel-grid-core\"><div id=\"pgc-4218-0-0\"  class=\"panel-grid-cell\" ><div class=\"panel-widget-style\" >\t\t\t<div class=\"textwidget\"><p>In dieser Tabelle finden Sie die L\u00f6sungen der Arbeitsb\u00f6gen:<\/p>\n<table>\n<thead>\n<tr>\n<th width=\"40%\">Instrument<\/th>\n<th width=\"30%\">L\u00fcckentext<\/th>\n<th width=\"30%\">Teile benennen<\/th>\n<\/tr>\n<\/thead>\n<tbody>\n<tr>\n<td style=\"vertical-align: middle;\"><a href=\"https:\/\/musiculum.de\/becken\/\">Becken<\/a><\/td>\n<td><a href=\"https:\/\/musiculum.de\/wp-content\/uploads\/2021\/05\/musiculum-becken-Lueckentext.jpg\"><img loading=\"lazy\" decoding=\"async\" class=\"alignleft size-thumbnail wp-image-4322\" src=\"https:\/\/musiculum.de\/wp-content\/uploads\/2021\/05\/musiculum-becken-Lueckentext-150x150.jpg\" alt=\"\" width=\"150\" height=\"150\" \/><\/a><\/td>\n<td><a href=\"https:\/\/musiculum.de\/wp-content\/uploads\/2021\/05\/musiculum-becken-benennen.jpg\"><img loading=\"lazy\" decoding=\"async\" class=\"size-thumbnail wp-image-4211 alignleft\" src=\"https:\/\/musiculum.de\/wp-content\/uploads\/2021\/05\/musiculum-becken-benennen-150x150.jpg\" alt=\"\" width=\"150\" height=\"150\" \/><\/a><\/td>\n<\/tr>\n<tr>\n<td style=\"vertical-align: middle;\"><a href=\"https:\/\/musiculum.de\/blockfloete\/\">Blockfl\u00f6te<\/a><\/td>\n<td><a href=\"https:\/\/musiculum.de\/wp-content\/uploads\/2021\/05\/musiculum-blockfloete-lueckentext.jpg\"><img loading=\"lazy\" decoding=\"async\" class=\"alignleft size-thumbnail wp-image-4273\" src=\"https:\/\/musiculum.de\/wp-content\/uploads\/2021\/05\/musiculum-blockfloete-lueckentext-150x150.jpg\" alt=\"\" width=\"150\" height=\"150\" \/><\/a><\/td>\n<td><a href=\"https:\/\/musiculum.de\/wp-content\/uploads\/2021\/05\/musiculum-blockfloete-benennen.jpg\"><img loading=\"lazy\" decoding=\"async\" class=\"alignleft size-thumbnail wp-image-4234\" src=\"https:\/\/musiculum.de\/wp-content\/uploads\/2021\/05\/musiculum-blockfloete-benennen-150x150.jpg\" alt=\"\" width=\"150\" height=\"150\" \/><\/a><\/td>\n<\/tr>\n<tr>\n<td style=\"vertical-align: middle;\"><a href=\"https:\/\/musiculum.de\/bongo\/\">Bongo<\/a><\/td>\n<td><a href=\"https:\/\/musiculum.de\/wp-content\/uploads\/2021\/05\/musiculum-bongo-Lueckentext.jpg\"><img loading=\"lazy\" decoding=\"async\" class=\"alignleft size-thumbnail wp-image-4321\" src=\"https:\/\/musiculum.de\/wp-content\/uploads\/2021\/05\/musiculum-bongo-Lueckentext-150x150.jpg\" alt=\"\" width=\"150\" height=\"150\" \/><\/a><\/td>\n<td><a href=\"https:\/\/musiculum.de\/wp-content\/uploads\/2021\/05\/musiculum-bongos-benennen.jpg\"><img loading=\"lazy\" decoding=\"async\" class=\"alignleft size-thumbnail wp-image-4316\" src=\"https:\/\/musiculum.de\/wp-content\/uploads\/2021\/05\/musiculum-bongos-benennen-150x150.jpg\" alt=\"\" width=\"150\" height=\"150\" \/><\/a><\/td>\n<\/tr>\n<tr>\n<td style=\"vertical-align: middle;\"><a href=\"https:\/\/musiculum.de\/djembe\/\">Djemb\u00e9<\/a><\/td>\n<td><a href=\"https:\/\/musiculum.de\/wp-content\/uploads\/2021\/05\/musiculum-djembe-Lueckentext.jpg\"><img loading=\"lazy\" decoding=\"async\" class=\"alignleft size-thumbnail wp-image-4320\" src=\"https:\/\/musiculum.de\/wp-content\/uploads\/2021\/05\/musiculum-djembe-Lueckentext-150x150.jpg\" alt=\"\" width=\"150\" height=\"150\" \/><\/a><\/td>\n<td><a href=\"https:\/\/musiculum.de\/wp-content\/uploads\/2021\/05\/musiculum-djembe-benennen.jpg\"><img loading=\"lazy\" decoding=\"async\" class=\"alignleft size-thumbnail wp-image-4315\" src=\"https:\/\/musiculum.de\/wp-content\/uploads\/2021\/05\/musiculum-djembe-benennen-150x150.jpg\" alt=\"\" width=\"150\" height=\"150\" \/><\/a><\/td>\n<\/tr>\n<tr>\n<td style=\"vertical-align: middle;\"><a href=\"https:\/\/musiculum.de\/fluegel\/\">Fl\u00fcgel<\/a><\/td>\n<td><a href=\"https:\/\/musiculum.de\/wp-content\/uploads\/2021\/05\/musiculum-fluegel-Lueckentext.jpg\"><img loading=\"lazy\" decoding=\"async\" class=\"alignleft size-thumbnail wp-image-4272\" src=\"https:\/\/musiculum.de\/wp-content\/uploads\/2021\/05\/musiculum-fluegel-Lueckentext-150x150.jpg\" alt=\"\" width=\"150\" height=\"150\" \/><\/a><\/td>\n<td><a href=\"https:\/\/musiculum.de\/wp-content\/uploads\/2021\/05\/musiculum-fluegel-benennen.jpg\"><img loading=\"lazy\" decoding=\"async\" class=\"alignleft size-thumbnail wp-image-4240\" src=\"https:\/\/musiculum.de\/wp-content\/uploads\/2021\/05\/musiculum-fluegel-benennen-150x150.jpg\" alt=\"\" width=\"150\" height=\"150\" \/><\/a><\/td>\n<\/tr>\n<tr>\n<td style=\"vertical-align: middle;\"><a href=\"https:\/\/musiculum.de\/geige\/\">Geige<\/a><\/td>\n<td><a href=\"https:\/\/musiculum.de\/wp-content\/uploads\/2021\/05\/musiculum-geige-Lueckentext.jpg\"><img loading=\"lazy\" decoding=\"async\" class=\"alignleft size-thumbnail wp-image-4271\" src=\"https:\/\/musiculum.de\/wp-content\/uploads\/2021\/05\/musiculum-geige-Lueckentext-150x150.jpg\" alt=\"\" width=\"150\" height=\"150\" \/><\/a><\/td>\n<td><a href=\"https:\/\/musiculum.de\/wp-content\/uploads\/2021\/05\/musiculum-geige-benennen.jpg\"><img loading=\"lazy\" decoding=\"async\" class=\"alignleft size-thumbnail wp-image-4314\" src=\"https:\/\/musiculum.de\/wp-content\/uploads\/2021\/05\/musiculum-geige-benennen-150x150.jpg\" alt=\"\" width=\"150\" height=\"150\" \/><\/a><\/td>\n<\/tr>\n<tr>\n<td style=\"vertical-align: middle;\"><a href=\"https:\/\/musiculum.de\/gitarre\/\">Gitarre<\/a><\/td>\n<td><a href=\"https:\/\/musiculum.de\/wp-content\/uploads\/2022\/02\/musiculum-gitarre-Lueckentext.jpg\"><img loading=\"lazy\" decoding=\"async\" class=\"alignleft wp-image-4866 size-thumbnail\" src=\"https:\/\/musiculum.de\/wp-content\/uploads\/2022\/02\/musiculum-gitarre-Lueckentext-150x150.jpg\" alt=\"\" width=\"150\" height=\"150\" \/><\/a><\/td>\n<td><a href=\"https:\/\/musiculum.de\/wp-content\/uploads\/2022\/02\/musiculum-gitarre-benennen.jpg\"><img loading=\"lazy\" decoding=\"async\" class=\"alignleft wp-image-4865 size-thumbnail\" src=\"https:\/\/musiculum.de\/wp-content\/uploads\/2022\/02\/musiculum-gitarre-benennen-150x150.jpg\" alt=\"\" width=\"150\" height=\"150\" \/><\/a><\/td>\n<\/tr>\n<tr>\n<td style=\"vertical-align: middle;\"><a href=\"https:\/\/musiculum.de\/horn\/\">Horn<\/a><\/td>\n<td><a href=\"https:\/\/musiculum.de\/wp-content\/uploads\/2021\/05\/musiculum-horn-Lueckentext.jpg\"><img loading=\"lazy\" decoding=\"async\" class=\"alignleft size-thumbnail wp-image-4274\" src=\"https:\/\/musiculum.de\/wp-content\/uploads\/2021\/05\/musiculum-horn-Lueckentext-150x150.jpg\" alt=\"\" width=\"150\" height=\"150\" \/><\/a><\/td>\n<td><a href=\"https:\/\/musiculum.de\/wp-content\/uploads\/2021\/05\/musiculum-waldhorn-benennen.jpg\"><img loading=\"lazy\" decoding=\"async\" class=\"alignleft size-thumbnail wp-image-4313\" src=\"https:\/\/musiculum.de\/wp-content\/uploads\/2021\/05\/musiculum-waldhorn-benennen-150x150.jpg\" alt=\"\" width=\"150\" height=\"150\" srcset=\"https:\/\/musiculum.de\/wp-content\/uploads\/2021\/05\/musiculum-waldhorn-benennen-150x150.jpg 150w, https:\/\/musiculum.de\/wp-content\/uploads\/2021\/05\/musiculum-waldhorn-benennen-698x700.jpg 698w, https:\/\/musiculum.de\/wp-content\/uploads\/2021\/05\/musiculum-waldhorn-benennen-768x770.jpg 768w, https:\/\/musiculum.de\/wp-content\/uploads\/2021\/05\/musiculum-waldhorn-benennen.jpg 846w\" sizes=\"auto, (max-width: 150px) 100vw, 150px\" \/><\/a><\/td>\n<\/tr>\n<tr>\n<td style=\"vertical-align: middle;\"><a href=\"https:\/\/musiculum.de\/kontrabass\/\">Kontrabass<\/a><\/td>\n<td><a href=\"https:\/\/musiculum.de\/wp-content\/uploads\/2021\/05\/musiculum-kontrabass-Lueckentext.jpg\"><img loading=\"lazy\" decoding=\"async\" class=\"alignleft size-thumbnail wp-image-4269\" src=\"https:\/\/musiculum.de\/wp-content\/uploads\/2021\/05\/musiculum-kontrabass-Lueckentext-150x150.jpg\" alt=\"\" width=\"150\" height=\"150\" \/><\/a><\/td>\n<td><a href=\"https:\/\/musiculum.de\/wp-content\/uploads\/2021\/05\/musiculum-kontrabass-benennen.jpg\"><img loading=\"lazy\" decoding=\"async\" class=\"alignleft size-thumbnail wp-image-4238\" src=\"https:\/\/musiculum.de\/wp-content\/uploads\/2021\/05\/musiculum-kontrabass-benennen-150x150.jpg\" alt=\"\" width=\"150\" height=\"150\" srcset=\"https:\/\/musiculum.de\/wp-content\/uploads\/2021\/05\/musiculum-kontrabass-benennen-150x150.jpg 150w, https:\/\/musiculum.de\/wp-content\/uploads\/2021\/05\/musiculum-kontrabass-benennen-697x700.jpg 697w, https:\/\/musiculum.de\/wp-content\/uploads\/2021\/05\/musiculum-kontrabass-benennen-768x771.jpg 768w, https:\/\/musiculum.de\/wp-content\/uploads\/2021\/05\/musiculum-kontrabass-benennen.jpg 882w\" sizes=\"auto, (max-width: 150px) 100vw, 150px\" \/><\/a><\/td>\n<\/tr>\n<tr>\n<td style=\"vertical-align: middle;\"><a href=\"https:\/\/musiculum.de\/konzertharfe\/\">Konzertharfe<\/a><\/td>\n<td><a href=\"https:\/\/musiculum.de\/wp-content\/uploads\/2021\/05\/musiculum-konzertharfe-Lueckentext.jpg\"><img loading=\"lazy\" decoding=\"async\" class=\"alignleft size-thumbnail wp-image-4278\" src=\"https:\/\/musiculum.de\/wp-content\/uploads\/2021\/05\/musiculum-konzertharfe-Lueckentext-150x150.jpg\" alt=\"\" width=\"150\" height=\"150\" \/><\/a><\/td>\n<td><a href=\"https:\/\/musiculum.de\/wp-content\/uploads\/2021\/05\/musiculum-konzertharfe-benennen.jpg\"><img loading=\"lazy\" decoding=\"async\" class=\"alignleft size-thumbnail wp-image-4237\" src=\"https:\/\/musiculum.de\/wp-content\/uploads\/2021\/05\/musiculum-konzertharfe-benennen-150x150.jpg\" alt=\"\" width=\"150\" height=\"150\" srcset=\"https:\/\/musiculum.de\/wp-content\/uploads\/2021\/05\/musiculum-konzertharfe-benennen-150x150.jpg 150w, https:\/\/musiculum.de\/wp-content\/uploads\/2021\/05\/musiculum-konzertharfe-benennen-706x700.jpg 706w, https:\/\/musiculum.de\/wp-content\/uploads\/2021\/05\/musiculum-konzertharfe-benennen-768x761.jpg 768w, https:\/\/musiculum.de\/wp-content\/uploads\/2021\/05\/musiculum-konzertharfe-benennen.jpg 877w\" sizes=\"auto, (max-width: 150px) 100vw, 150px\" \/><\/a><\/td>\n<\/tr>\n<tr>\n<td style=\"vertical-align: middle;\"><a href=\"https:\/\/musiculum.de\/pauke\/\">Pauke<\/a><\/td>\n<td><a href=\"https:\/\/musiculum.de\/wp-content\/uploads\/2021\/05\/musiculum-pauke-Lueckentext.jpg\"><img loading=\"lazy\" decoding=\"async\" class=\"alignleft size-thumbnail wp-image-4319\" src=\"https:\/\/musiculum.de\/wp-content\/uploads\/2021\/05\/musiculum-pauke-Lueckentext-150x150.jpg\" alt=\"\" width=\"150\" height=\"150\" \/><\/a><\/td>\n<td><a href=\"https:\/\/musiculum.de\/wp-content\/uploads\/2021\/05\/musiculum-pauke-benennen.jpg\"><img loading=\"lazy\" decoding=\"async\" class=\"alignleft size-thumbnail wp-image-4212\" src=\"https:\/\/musiculum.de\/wp-content\/uploads\/2021\/05\/musiculum-pauke-benennen-150x150.jpg\" alt=\"\" width=\"150\" height=\"150\" \/><\/a><\/td>\n<\/tr>\n<tr>\n<td style=\"vertical-align: middle;\"><a href=\"https:\/\/musiculum.de\/querfloete\/\">Querfl\u00f6te<\/a><\/td>\n<td><a href=\"https:\/\/musiculum.de\/wp-content\/uploads\/2021\/05\/musiculum-querfloete-Lueckentext.jpg\"><img loading=\"lazy\" decoding=\"async\" class=\"alignleft size-thumbnail wp-image-4277\" src=\"https:\/\/musiculum.de\/wp-content\/uploads\/2021\/05\/musiculum-querfloete-Lueckentext-150x150.jpg\" alt=\"\" width=\"150\" height=\"150\" \/><\/a><\/td>\n<td><a href=\"https:\/\/musiculum.de\/wp-content\/uploads\/2021\/05\/musiculum-querfloete-benennen.jpg\"><img loading=\"lazy\" decoding=\"async\" class=\"alignleft size-thumbnail wp-image-4236\" src=\"https:\/\/musiculum.de\/wp-content\/uploads\/2021\/05\/musiculum-querfloete-benennen-150x150.jpg\" alt=\"\" width=\"150\" height=\"150\" srcset=\"https:\/\/musiculum.de\/wp-content\/uploads\/2021\/05\/musiculum-querfloete-benennen-150x150.jpg 150w, https:\/\/musiculum.de\/wp-content\/uploads\/2021\/05\/musiculum-querfloete-benennen-703x700.jpg 703w, https:\/\/musiculum.de\/wp-content\/uploads\/2021\/05\/musiculum-querfloete-benennen-768x765.jpg 768w, https:\/\/musiculum.de\/wp-content\/uploads\/2021\/05\/musiculum-querfloete-benennen.jpg 881w\" sizes=\"auto, (max-width: 150px) 100vw, 150px\" \/><\/a><\/td>\n<\/tr>\n<tr>\n<td style=\"vertical-align: middle;\"><a href=\"https:\/\/musiculum.de\/saxophon\/\">Saxophon<\/a><\/td>\n<td><a href=\"https:\/\/musiculum.de\/wp-content\/uploads\/2021\/05\/musiculum-saxophon-Lueckentext.jpg\"><img loading=\"lazy\" decoding=\"async\" class=\"alignleft size-thumbnail wp-image-4276\" src=\"https:\/\/musiculum.de\/wp-content\/uploads\/2021\/05\/musiculum-saxophon-Lueckentext-150x150.jpg\" alt=\"\" width=\"150\" height=\"150\" \/><\/a><\/td>\n<td><a href=\"https:\/\/musiculum.de\/wp-content\/uploads\/2021\/05\/musiculum-saxophon-benennen.jpg\"><img loading=\"lazy\" decoding=\"async\" class=\"alignleft size-thumbnail wp-image-4235\" src=\"https:\/\/musiculum.de\/wp-content\/uploads\/2021\/05\/musiculum-saxophon-benennen-150x150.jpg\" alt=\"\" width=\"150\" height=\"150\" \/><\/a><\/td>\n<\/tr>\n<tr>\n<td style=\"vertical-align: middle;\"><a href=\"https:\/\/musiculum.de\/schlagzeug\/\">Schlagzeug<\/a><\/td>\n<td><a href=\"https:\/\/musiculum.de\/wp-content\/uploads\/2021\/05\/musiculum-schlagzeug-Lueckentext.jpg\"><img loading=\"lazy\" decoding=\"async\" class=\"alignleft size-thumbnail wp-image-4318\" src=\"https:\/\/musiculum.de\/wp-content\/uploads\/2021\/05\/musiculum-schlagzeug-Lueckentext-150x150.jpg\" alt=\"\" width=\"150\" height=\"150\" \/><\/a><\/td>\n<td><a href=\"https:\/\/musiculum.de\/wp-content\/uploads\/2021\/05\/musiculum-schlagzeug-benennen.jpg\"><img loading=\"lazy\" decoding=\"async\" class=\"alignleft size-thumbnail wp-image-4213\" src=\"https:\/\/musiculum.de\/wp-content\/uploads\/2021\/05\/musiculum-schlagzeug-benennen-150x150.jpg\" alt=\"\" width=\"150\" height=\"150\" \/><\/a><\/td>\n<\/tr>\n<tr>\n<td style=\"vertical-align: middle;\"><a href=\"https:\/\/musiculum.de\/trompete\/\">Trompete<\/a><\/td>\n<td><a href=\"https:\/\/musiculum.de\/wp-content\/uploads\/2021\/05\/musiculum-trompete-Lueckentext.jpg\"><img loading=\"lazy\" decoding=\"async\" class=\"alignleft size-thumbnail wp-image-4275\" src=\"https:\/\/musiculum.de\/wp-content\/uploads\/2021\/05\/musiculum-trompete-Lueckentext-150x150.jpg\" alt=\"\" width=\"150\" height=\"150\" \/><\/a><\/td>\n<td><a href=\"https:\/\/musiculum.de\/wp-content\/uploads\/2021\/05\/musiculum-trompete-benennen.jpg\"><img loading=\"lazy\" decoding=\"async\" class=\"alignleft size-thumbnail wp-image-4312\" src=\"https:\/\/musiculum.de\/wp-content\/uploads\/2021\/05\/musiculum-trompete-benennen-150x150.jpg\" alt=\"\" width=\"150\" height=\"150\" \/><\/a><\/td>\n<\/tr>\n<tr>\n<td style=\"vertical-align: middle;\"><a href=\"https:\/\/musiculum.de\/xylophon\/\">Xylophon<\/a><\/td>\n<td><a href=\"https:\/\/musiculum.de\/wp-content\/uploads\/2021\/05\/musiculum-xylophon-Lueckentext.jpg\"><img loading=\"lazy\" decoding=\"async\" class=\"alignleft size-thumbnail wp-image-4317\" src=\"https:\/\/musiculum.de\/wp-content\/uploads\/2021\/05\/musiculum-xylophon-Lueckentext-150x150.jpg\" alt=\"\" width=\"150\" height=\"150\" \/><\/a><\/td>\n<td><a href=\"https:\/\/musiculum.de\/wp-content\/uploads\/2021\/05\/musiculum-xylophon-benennen.jpg\"><img loading=\"lazy\" decoding=\"async\" class=\"alignleft size-thumbnail wp-image-4214\" src=\"https:\/\/musiculum.de\/wp-content\/uploads\/2021\/05\/musiculum-xylophon-benennen-150x150.jpg\" alt=\"\" width=\"150\" height=\"150\" \/><\/a><\/td>\n<\/tr>\n<\/tbody>\n<\/table>\n<p>&nbsp;<\/p>\n<\/div>\n\t\t<\/div><\/div><div id=\"pgc-4218-0-1\"  class=\"panel-grid-cell\" ><\/div><\/div><\/div>","protected":false},"excerpt":{"rendered":"<p>In dieser Tabelle finden Sie die L\u00f6sungen der Arbeitsb\u00f6gen: Instrument L\u00fcckentext Teile benennen Becken Blockfl\u00f6te Bongo Djemb\u00e9 Fl\u00fcgel Geige Gitarre Horn Kontrabass Konzertharfe Pauke Querfl\u00f6te Saxophon Schlagzeug Trompete Xylophon &nbsp;<\/p>\n","protected":false},"author":1,"featured_media":0,"parent":0,"menu_order":0,"comment_status":"closed","ping_status":"closed","template":"","meta":{"footnotes":""},"categories":[],"tags":[],"class_list":["post-4218","page","type-page","status-publish","hentry"],"yoast_head":"<!-- This site is optimized with the Yoast SEO plugin v27.4 - https:\/\/yoast.com\/product\/yoast-seo-wordpress\/ -->\n<title>Arbeitsb\u00f6gen - L\u00f6sungen - musiculum<\/title>\n<meta name=\"robots\" content=\"index, follow, max-snippet:-1, max-image-preview:large, max-video-preview:-1\" \/>\n<link rel=\"canonical\" href=\"https:\/\/musiculum.de\/index.php\/arbeitsboegen-loesungen\/\" \/>\n<meta property=\"og:locale\" content=\"de_DE\" \/>\n<meta property=\"og:type\" content=\"article\" \/>\n<meta property=\"og:title\" content=\"Arbeitsb\u00f6gen - L\u00f6sungen - musiculum\" \/>\n<meta property=\"og:description\" content=\"In dieser Tabelle finden Sie die L\u00f6sungen der Arbeitsb\u00f6gen: Instrument L\u00fcckentext Teile benennen Becken Blockfl\u00f6te Bongo Djemb\u00e9 Fl\u00fcgel Geige Gitarre Horn Kontrabass Konzertharfe Pauke Querfl\u00f6te Saxophon Schlagzeug Trompete Xylophon &nbsp;\" \/>\n<meta property=\"og:url\" content=\"https:\/\/musiculum.de\/index.php\/arbeitsboegen-loesungen\/\" \/>\n<meta property=\"og:site_name\" content=\"musiculum\" \/>\n<meta property=\"article:modified_time\" content=\"2022-02-02T08:12:47+00:00\" \/>\n<meta property=\"og:image\" content=\"https:\/\/musiculum.de\/wp-content\/uploads\/2021\/05\/musiculum-becken-Lueckentext-150x150.jpg\" \/>\n<meta name=\"twitter:card\" content=\"summary_large_image\" \/>\n<meta name=\"twitter:label1\" content=\"Gesch\u00e4tzte Lesezeit\" \/>\n\t<meta name=\"twitter:data1\" content=\"7\u00a0Minuten\" \/>\n<script type=\"application\/ld+json\" class=\"yoast-schema-graph\">{\"@context\":\"https:\\\/\\\/schema.org\",\"@graph\":[{\"@type\":\"WebPage\",\"@id\":\"https:\\\/\\\/musiculum.de\\\/index.php\\\/arbeitsboegen-loesungen\\\/\",\"url\":\"https:\\\/\\\/musiculum.de\\\/index.php\\\/arbeitsboegen-loesungen\\\/\",\"name\":\"Arbeitsb\u00f6gen - L\u00f6sungen - musiculum\",\"isPartOf\":{\"@id\":\"https:\\\/\\\/musiculum.de\\\/#website\"},\"primaryImageOfPage\":{\"@id\":\"https:\\\/\\\/musiculum.de\\\/index.php\\\/arbeitsboegen-loesungen\\\/#primaryimage\"},\"image\":{\"@id\":\"https:\\\/\\\/musiculum.de\\\/index.php\\\/arbeitsboegen-loesungen\\\/#primaryimage\"},\"thumbnailUrl\":\"https:\\\/\\\/musiculum.de\\\/wp-content\\\/uploads\\\/2021\\\/05\\\/musiculum-becken-Lueckentext-150x150.jpg\",\"datePublished\":\"2021-05-12T10:47:20+00:00\",\"dateModified\":\"2022-02-02T08:12:47+00:00\",\"breadcrumb\":{\"@id\":\"https:\\\/\\\/musiculum.de\\\/index.php\\\/arbeitsboegen-loesungen\\\/#breadcrumb\"},\"inLanguage\":\"de\",\"potentialAction\":[{\"@type\":\"ReadAction\",\"target\":[\"https:\\\/\\\/musiculum.de\\\/index.php\\\/arbeitsboegen-loesungen\\\/\"]}]},{\"@type\":\"ImageObject\",\"inLanguage\":\"de\",\"@id\":\"https:\\\/\\\/musiculum.de\\\/index.php\\\/arbeitsboegen-loesungen\\\/#primaryimage\",\"url\":\"https:\\\/\\\/musiculum.de\\\/wp-content\\\/uploads\\\/2021\\\/05\\\/musiculum-becken-Lueckentext.jpg\",\"contentUrl\":\"https:\\\/\\\/musiculum.de\\\/wp-content\\\/uploads\\\/2021\\\/05\\\/musiculum-becken-Lueckentext.jpg\",\"width\":534,\"height\":500},{\"@type\":\"BreadcrumbList\",\"@id\":\"https:\\\/\\\/musiculum.de\\\/index.php\\\/arbeitsboegen-loesungen\\\/#breadcrumb\",\"itemListElement\":[{\"@type\":\"ListItem\",\"position\":1,\"name\":\"Startseite\",\"item\":\"https:\\\/\\\/musiculum.de\\\/\"},{\"@type\":\"ListItem\",\"position\":2,\"name\":\"Arbeitsb\u00f6gen &#8211; L\u00f6sungen\"}]},{\"@type\":\"WebSite\",\"@id\":\"https:\\\/\\\/musiculum.de\\\/#website\",\"url\":\"https:\\\/\\\/musiculum.de\\\/\",\"name\":\"musiculum\",\"description\":\"Lern- und Experimentierwerkstatt f\u00fcr Kinder und Jugendliche\",\"potentialAction\":[{\"@type\":\"SearchAction\",\"target\":{\"@type\":\"EntryPoint\",\"urlTemplate\":\"https:\\\/\\\/musiculum.de\\\/?s={search_term_string}\"},\"query-input\":{\"@type\":\"PropertyValueSpecification\",\"valueRequired\":true,\"valueName\":\"search_term_string\"}}],\"inLanguage\":\"de\"}]}<\/script>\n<!-- \/ Yoast SEO plugin. -->","yoast_head_json":{"title":"Arbeitsb\u00f6gen - L\u00f6sungen - musiculum","robots":{"index":"index","follow":"follow","max-snippet":"max-snippet:-1","max-image-preview":"max-image-preview:large","max-video-preview":"max-video-preview:-1"},"canonical":"https:\/\/musiculum.de\/index.php\/arbeitsboegen-loesungen\/","og_locale":"de_DE","og_type":"article","og_title":"Arbeitsb\u00f6gen - L\u00f6sungen - musiculum","og_description":"In dieser Tabelle finden Sie die L\u00f6sungen der Arbeitsb\u00f6gen: Instrument L\u00fcckentext Teile benennen Becken Blockfl\u00f6te Bongo Djemb\u00e9 Fl\u00fcgel Geige Gitarre Horn Kontrabass Konzertharfe Pauke Querfl\u00f6te Saxophon Schlagzeug Trompete Xylophon &nbsp;","og_url":"https:\/\/musiculum.de\/index.php\/arbeitsboegen-loesungen\/","og_site_name":"musiculum","article_modified_time":"2022-02-02T08:12:47+00:00","og_image":[{"url":"https:\/\/musiculum.de\/wp-content\/uploads\/2021\/05\/musiculum-becken-Lueckentext-150x150.jpg","type":"","width":"","height":""}],"twitter_card":"summary_large_image","twitter_misc":{"Gesch\u00e4tzte Lesezeit":"7\u00a0Minuten"},"schema":{"@context":"https:\/\/schema.org","@graph":[{"@type":"WebPage","@id":"https:\/\/musiculum.de\/index.php\/arbeitsboegen-loesungen\/","url":"https:\/\/musiculum.de\/index.php\/arbeitsboegen-loesungen\/","name":"Arbeitsb\u00f6gen - L\u00f6sungen - musiculum","isPartOf":{"@id":"https:\/\/musiculum.de\/#website"},"primaryImageOfPage":{"@id":"https:\/\/musiculum.de\/index.php\/arbeitsboegen-loesungen\/#primaryimage"},"image":{"@id":"https:\/\/musiculum.de\/index.php\/arbeitsboegen-loesungen\/#primaryimage"},"thumbnailUrl":"https:\/\/musiculum.de\/wp-content\/uploads\/2021\/05\/musiculum-becken-Lueckentext-150x150.jpg","datePublished":"2021-05-12T10:47:20+00:00","dateModified":"2022-02-02T08:12:47+00:00","breadcrumb":{"@id":"https:\/\/musiculum.de\/index.php\/arbeitsboegen-loesungen\/#breadcrumb"},"inLanguage":"de","potentialAction":[{"@type":"ReadAction","target":["https:\/\/musiculum.de\/index.php\/arbeitsboegen-loesungen\/"]}]},{"@type":"ImageObject","inLanguage":"de","@id":"https:\/\/musiculum.de\/index.php\/arbeitsboegen-loesungen\/#primaryimage","url":"https:\/\/musiculum.de\/wp-content\/uploads\/2021\/05\/musiculum-becken-Lueckentext.jpg","contentUrl":"https:\/\/musiculum.de\/wp-content\/uploads\/2021\/05\/musiculum-becken-Lueckentext.jpg","width":534,"height":500},{"@type":"BreadcrumbList","@id":"https:\/\/musiculum.de\/index.php\/arbeitsboegen-loesungen\/#breadcrumb","itemListElement":[{"@type":"ListItem","position":1,"name":"Startseite","item":"https:\/\/musiculum.de\/"},{"@type":"ListItem","position":2,"name":"Arbeitsb\u00f6gen &#8211; L\u00f6sungen"}]},{"@type":"WebSite","@id":"https:\/\/musiculum.de\/#website","url":"https:\/\/musiculum.de\/","name":"musiculum","description":"Lern- und Experimentierwerkstatt f\u00fcr Kinder und Jugendliche","potentialAction":[{"@type":"SearchAction","target":{"@type":"EntryPoint","urlTemplate":"https:\/\/musiculum.de\/?s={search_term_string}"},"query-input":{"@type":"PropertyValueSpecification","valueRequired":true,"valueName":"search_term_string"}}],"inLanguage":"de"}]}},"_links":{"self":[{"href":"https:\/\/musiculum.de\/index.php\/wp-json\/wp\/v2\/pages\/4218","targetHints":{"allow":["GET"]}}],"collection":[{"href":"https:\/\/musiculum.de\/index.php\/wp-json\/wp\/v2\/pages"}],"about":[{"href":"https:\/\/musiculum.de\/index.php\/wp-json\/wp\/v2\/types\/page"}],"author":[{"embeddable":true,"href":"https:\/\/musiculum.de\/index.php\/wp-json\/wp\/v2\/users\/1"}],"replies":[{"embeddable":true,"href":"https:\/\/musiculum.de\/index.php\/wp-json\/wp\/v2\/comments?post=4218"}],"version-history":[{"count":5,"href":"https:\/\/musiculum.de\/index.php\/wp-json\/wp\/v2\/pages\/4218\/revisions"}],"predecessor-version":[{"id":4867,"href":"https:\/\/musiculum.de\/index.php\/wp-json\/wp\/v2\/pages\/4218\/revisions\/4867"}],"wp:attachment":[{"href":"https:\/\/musiculum.de\/index.php\/wp-json\/wp\/v2\/media?parent=4218"}],"wp:term":[{"taxonomy":"category","embeddable":true,"href":"https:\/\/musiculum.de\/index.php\/wp-json\/wp\/v2\/categories?post=4218"},{"taxonomy":"post_tag","embeddable":true,"href":"https:\/\/musiculum.de\/index.php\/wp-json\/wp\/v2\/tags?post=4218"}],"curies":[{"name":"wp","href":"https:\/\/api.w.org\/{rel}","templated":true}]}}