{"id":4087,"date":"2021-05-04T08:54:39","date_gmt":"2021-05-04T06:54:39","guid":{"rendered":"https:\/\/musiculum.de\/?page_id=4087"},"modified":"2025-10-22T12:11:22","modified_gmt":"2025-10-22T10:11:22","slug":"online-escape-room","status":"publish","type":"page","link":"https:\/\/musiculum.de\/index.php\/online-escape-room\/","title":{"rendered":"Digitaler Escape Room"},"content":{"rendered":"<div id=\"pg-4087-0\"  class=\"panel-grid\" ><div class=\"panel-grid-core\"><div id=\"pgc-4087-0-0\"  class=\"panel-grid-cell\" ><div class=\"panel-widget-style\" ><p style=\"\"><img decoding=\"async\" src=\"https:\/\/musiculum.de\/wp-content\/uploads\/2021\/05\/1.Titelbild_Detektiv-Locke-vor-der-Orgel-285x190.jpg\" alt=\"\" style=\"\" \/><\/p><\/div><div class=\"panel-widget-style\" ><p style=\"\"><img decoding=\"async\" src=\"https:\/\/musiculum.de\/wp-content\/uploads\/2021\/05\/2.Detektiv-Locke-im-Schlagraum-285x190.jpg\" alt=\"\" style=\"\" \/><\/p><\/div><\/div><div id=\"pgc-4087-0-1\"  class=\"panel-grid-cell\" ><div class=\"panel-widget-style\" >\t\t\t<div class=\"textwidget\"><h2>R\u00e4tseln mit Beethoven im digitalen Escape Room<\/h2>\n<p>Ihr wolltet schon immer mal einem richtigen Detektiv helfen? Dann nutzt jetzt die Chance und taucht ein, in das R\u00e4tselabenteuer in unserem digitalen Escape Room <strong>\u201eDer Fall der Noten\u201c.<\/strong><\/p>\n<hr \/>\n<p>Ab 8 Jahren<br \/>\nDauer: ca. 60 min.<br \/>\nPlattform: Google Forms, Scratch, Padlet<br \/>\nEscape Room Team: Jarah Labib (FSJ musiculum), Anne-Sophie (FSJ Junges Theater im Werftpark) &amp; Cedric Heuer (FSJ Studentenwerk SH)<br \/>\n<a href=\"https:\/\/forms.gle\/GBChc3ogeMT9kBU28\" target=\"_blank\" rel=\"noopener\">Eingang zum digitalen Escape Room<\/a><\/p>\n<p><em>*Ring*\u2026 *Ring* <\/em><\/p>\n<p><em>\u00a0\u201eDetektiv Locke. Mit wem spreche ich?\u201c \u201eSeid gegr\u00fc\u00dft, Ludwig van Beethoven mein Name. Ich brauche Ihre Hilfe!\u201c<\/em><\/p>\n<p>Warum ruft der ber\u00fchmte klassische Komponist bei einem Detektiv an und braucht dessen Unterst\u00fctzung?<\/p>\n<p>Jetzt seid ihr gefragt! Begebt euch auf die Reise in unseren digitalen Escape Room <strong>\u201eDer Fall der Noten\u201c<\/strong> und helft dem musikalisch unerfahrenen Detektiv Richard Locke bei seinem ersten Fall. Lernt w\u00e4hrenddessen auch noch das musiculum und die vielen Instrumente dort besser kennen. Es warten spannende R\u00e4tsel, Klang und H\u00f6rbeispiele, au\u00dfergew\u00f6hnliche Charaktere und jede Menge Spa\u00df auf euch.<\/p>\n<p>In Zusammenarbeit mit dem Jungen Theater im Werftpark und dem Theater Kiel wurden Videobotschaften aufgenommen, die als Hinweise dienen.<\/p>\n<p>Viel Spa\u00df beim R\u00e4tseln!<\/p>\n<\/div>\n\t\t<\/div><\/div><\/div><\/div>","protected":false},"excerpt":{"rendered":"<p>R\u00e4tseln mit Beethoven im digitalen Escape Room Ihr wolltet schon immer mal einem richtigen Detektiv helfen? Dann nutzt jetzt die Chance und taucht ein, in das R\u00e4tselabenteuer in unserem digitalen Escape Room \u201eDer Fall der Noten\u201c. Ab 8 Jahren Dauer: ca. 60 min. Plattform: Google Forms, Scratch, Padlet Escape Room Team: Jarah Labib (FSJ musiculum), [&hellip;]<\/p>\n","protected":false},"author":1,"featured_media":0,"parent":0,"menu_order":0,"comment_status":"closed","ping_status":"closed","template":"","meta":{"footnotes":""},"categories":[],"tags":[],"class_list":["post-4087","page","type-page","status-publish","hentry"],"yoast_head":"<!-- This site is optimized with the Yoast SEO plugin v27.3 - https:\/\/yoast.com\/product\/yoast-seo-wordpress\/ -->\n<title>Digitaler Escape Room - musiculum<\/title>\n<meta name=\"robots\" content=\"index, follow, max-snippet:-1, max-image-preview:large, max-video-preview:-1\" \/>\n<link rel=\"canonical\" href=\"https:\/\/musiculum.de\/index.php\/online-escape-room\/\" \/>\n<meta property=\"og:locale\" content=\"de_DE\" \/>\n<meta property=\"og:type\" content=\"article\" \/>\n<meta property=\"og:title\" content=\"Digitaler Escape Room - musiculum\" \/>\n<meta property=\"og:description\" content=\"R\u00e4tseln mit Beethoven im digitalen Escape Room Ihr wolltet schon immer mal einem richtigen Detektiv helfen? Dann nutzt jetzt die Chance und taucht ein, in das R\u00e4tselabenteuer in unserem digitalen Escape Room \u201eDer Fall der Noten\u201c. Ab 8 Jahren Dauer: ca. 60 min. Plattform: Google Forms, Scratch, Padlet Escape Room Team: Jarah Labib (FSJ musiculum), [&hellip;]\" \/>\n<meta property=\"og:url\" content=\"https:\/\/musiculum.de\/index.php\/online-escape-room\/\" \/>\n<meta property=\"og:site_name\" content=\"musiculum\" \/>\n<meta property=\"article:modified_time\" content=\"2025-10-22T10:11:22+00:00\" \/>\n<meta property=\"og:image\" content=\"https:\/\/musiculum.de\/wp-content\/uploads\/2021\/05\/1.Titelbild_Detektiv-Locke-vor-der-Orgel.jpg\" \/>\n\t<meta property=\"og:image:width\" content=\"1083\" \/>\n\t<meta property=\"og:image:height\" content=\"720\" \/>\n\t<meta property=\"og:image:type\" content=\"image\/jpeg\" \/>\n<meta name=\"twitter:card\" content=\"summary_large_image\" \/>\n<meta name=\"twitter:label1\" content=\"Gesch\u00e4tzte Lesezeit\" \/>\n\t<meta name=\"twitter:data1\" content=\"2\u00a0Minuten\" \/>\n<script type=\"application\/ld+json\" class=\"yoast-schema-graph\">{\"@context\":\"https:\\\/\\\/schema.org\",\"@graph\":[{\"@type\":\"WebPage\",\"@id\":\"https:\\\/\\\/musiculum.de\\\/index.php\\\/online-escape-room\\\/\",\"url\":\"https:\\\/\\\/musiculum.de\\\/index.php\\\/online-escape-room\\\/\",\"name\":\"Digitaler Escape Room - musiculum\",\"isPartOf\":{\"@id\":\"https:\\\/\\\/musiculum.de\\\/#website\"},\"datePublished\":\"2021-05-04T06:54:39+00:00\",\"dateModified\":\"2025-10-22T10:11:22+00:00\",\"breadcrumb\":{\"@id\":\"https:\\\/\\\/musiculum.de\\\/index.php\\\/online-escape-room\\\/#breadcrumb\"},\"inLanguage\":\"de\",\"potentialAction\":[{\"@type\":\"ReadAction\",\"target\":[\"https:\\\/\\\/musiculum.de\\\/index.php\\\/online-escape-room\\\/\"]}]},{\"@type\":\"BreadcrumbList\",\"@id\":\"https:\\\/\\\/musiculum.de\\\/index.php\\\/online-escape-room\\\/#breadcrumb\",\"itemListElement\":[{\"@type\":\"ListItem\",\"position\":1,\"name\":\"Startseite\",\"item\":\"https:\\\/\\\/musiculum.de\\\/\"},{\"@type\":\"ListItem\",\"position\":2,\"name\":\"Digitaler Escape Room\"}]},{\"@type\":\"WebSite\",\"@id\":\"https:\\\/\\\/musiculum.de\\\/#website\",\"url\":\"https:\\\/\\\/musiculum.de\\\/\",\"name\":\"musiculum\",\"description\":\"Lern- und Experimentierwerkstatt f\u00fcr Kinder und Jugendliche\",\"potentialAction\":[{\"@type\":\"SearchAction\",\"target\":{\"@type\":\"EntryPoint\",\"urlTemplate\":\"https:\\\/\\\/musiculum.de\\\/?s={search_term_string}\"},\"query-input\":{\"@type\":\"PropertyValueSpecification\",\"valueRequired\":true,\"valueName\":\"search_term_string\"}}],\"inLanguage\":\"de\"}]}<\/script>\n<!-- \/ Yoast SEO plugin. -->","yoast_head_json":{"title":"Digitaler Escape Room - musiculum","robots":{"index":"index","follow":"follow","max-snippet":"max-snippet:-1","max-image-preview":"max-image-preview:large","max-video-preview":"max-video-preview:-1"},"canonical":"https:\/\/musiculum.de\/index.php\/online-escape-room\/","og_locale":"de_DE","og_type":"article","og_title":"Digitaler Escape Room - musiculum","og_description":"R\u00e4tseln mit Beethoven im digitalen Escape Room Ihr wolltet schon immer mal einem richtigen Detektiv helfen? Dann nutzt jetzt die Chance und taucht ein, in das R\u00e4tselabenteuer in unserem digitalen Escape Room \u201eDer Fall der Noten\u201c. Ab 8 Jahren Dauer: ca. 60 min. Plattform: Google Forms, Scratch, Padlet Escape Room Team: Jarah Labib (FSJ musiculum), [&hellip;]","og_url":"https:\/\/musiculum.de\/index.php\/online-escape-room\/","og_site_name":"musiculum","article_modified_time":"2025-10-22T10:11:22+00:00","og_image":[{"width":1083,"height":720,"url":"https:\/\/musiculum.de\/wp-content\/uploads\/2021\/05\/1.Titelbild_Detektiv-Locke-vor-der-Orgel.jpg","type":"image\/jpeg"}],"twitter_card":"summary_large_image","twitter_misc":{"Gesch\u00e4tzte Lesezeit":"2\u00a0Minuten"},"schema":{"@context":"https:\/\/schema.org","@graph":[{"@type":"WebPage","@id":"https:\/\/musiculum.de\/index.php\/online-escape-room\/","url":"https:\/\/musiculum.de\/index.php\/online-escape-room\/","name":"Digitaler Escape Room - musiculum","isPartOf":{"@id":"https:\/\/musiculum.de\/#website"},"datePublished":"2021-05-04T06:54:39+00:00","dateModified":"2025-10-22T10:11:22+00:00","breadcrumb":{"@id":"https:\/\/musiculum.de\/index.php\/online-escape-room\/#breadcrumb"},"inLanguage":"de","potentialAction":[{"@type":"ReadAction","target":["https:\/\/musiculum.de\/index.php\/online-escape-room\/"]}]},{"@type":"BreadcrumbList","@id":"https:\/\/musiculum.de\/index.php\/online-escape-room\/#breadcrumb","itemListElement":[{"@type":"ListItem","position":1,"name":"Startseite","item":"https:\/\/musiculum.de\/"},{"@type":"ListItem","position":2,"name":"Digitaler Escape Room"}]},{"@type":"WebSite","@id":"https:\/\/musiculum.de\/#website","url":"https:\/\/musiculum.de\/","name":"musiculum","description":"Lern- und Experimentierwerkstatt f\u00fcr Kinder und Jugendliche","potentialAction":[{"@type":"SearchAction","target":{"@type":"EntryPoint","urlTemplate":"https:\/\/musiculum.de\/?s={search_term_string}"},"query-input":{"@type":"PropertyValueSpecification","valueRequired":true,"valueName":"search_term_string"}}],"inLanguage":"de"}]}},"_links":{"self":[{"href":"https:\/\/musiculum.de\/index.php\/wp-json\/wp\/v2\/pages\/4087","targetHints":{"allow":["GET"]}}],"collection":[{"href":"https:\/\/musiculum.de\/index.php\/wp-json\/wp\/v2\/pages"}],"about":[{"href":"https:\/\/musiculum.de\/index.php\/wp-json\/wp\/v2\/types\/page"}],"author":[{"embeddable":true,"href":"https:\/\/musiculum.de\/index.php\/wp-json\/wp\/v2\/users\/1"}],"replies":[{"embeddable":true,"href":"https:\/\/musiculum.de\/index.php\/wp-json\/wp\/v2\/comments?post=4087"}],"version-history":[{"count":5,"href":"https:\/\/musiculum.de\/index.php\/wp-json\/wp\/v2\/pages\/4087\/revisions"}],"predecessor-version":[{"id":6944,"href":"https:\/\/musiculum.de\/index.php\/wp-json\/wp\/v2\/pages\/4087\/revisions\/6944"}],"wp:attachment":[{"href":"https:\/\/musiculum.de\/index.php\/wp-json\/wp\/v2\/media?parent=4087"}],"wp:term":[{"taxonomy":"category","embeddable":true,"href":"https:\/\/musiculum.de\/index.php\/wp-json\/wp\/v2\/categories?post=4087"},{"taxonomy":"post_tag","embeddable":true,"href":"https:\/\/musiculum.de\/index.php\/wp-json\/wp\/v2\/tags?post=4087"}],"curies":[{"name":"wp","href":"https:\/\/api.w.org\/{rel}","templated":true}]}}