{"id":2850,"date":"2021-02-11T10:22:13","date_gmt":"2021-02-11T09:22:13","guid":{"rendered":"https:\/\/musiculum.de\/?page_id=2850"},"modified":"2021-05-12T11:16:57","modified_gmt":"2021-05-12T09:16:57","slug":"benenne-die-teile-der-pauke","status":"publish","type":"page","link":"https:\/\/musiculum.de\/index.php\/benenne-die-teile-der-pauke\/","title":{"rendered":"Benenne die Teile der Pauke"},"content":{"rendered":"<p>Die Pauke geh\u00f6rt zu den Schlaginstrumenten.<\/p>\n<p>Sie wird mit <strong>Schl\u00e4geln<\/strong> gespielt. Diese k\u00f6nnen flauschig weich oder klein und hart sein.<\/p>\n<p>Der K\u00f6rper der Pauke sieht meistens aus wie ein <strong>Kessel<\/strong>. Er besteht aus Kupfer und steht auf mehreren <strong>F\u00fc\u00dfen<\/strong> mit Rollen. Das ist f\u00fcr den Transport sehr praktisch.<\/p>\n<p>\u00dcber dem Kessel ist ein <strong>Trommelfell<\/strong> aus Kunststoff oder Leder gespannt. Es wird mit Hilfe eines <strong>Spannrings<\/strong> befestigt.<\/p>\n<p>Um verschiedene T\u00f6ne zu spielen, werden bei dieser Pauke <strong>Pedale <\/strong>verwendet<strong>.<\/strong><\/p>\n<p>Die Pauke ist ein sehr altes Instrument: Schon im 13. Jahrhundert brachten Kreuzritter die ersten Handpauken von Arabien nach Europa.<\/p>\n<div class=\"h5p-iframe-wrapper\"><iframe id=\"h5p-iframe-32\" class=\"h5p-iframe\" data-content-id=\"32\" style=\"height:1px\" src=\"about:blank\" frameBorder=\"0\" scrolling=\"no\" title=\"Ziehe die W\u00f6rter auf die richtigen Linien\"><\/iframe><\/div>\n","protected":false},"excerpt":{"rendered":"<p>Die Pauke geh\u00f6rt zu den Schlaginstrumenten. Sie wird mit Schl\u00e4geln gespielt. Diese k\u00f6nnen flauschig weich oder klein und hart sein. Der K\u00f6rper der Pauke sieht meistens aus wie ein Kessel. Er besteht aus Kupfer und steht auf mehreren F\u00fc\u00dfen mit Rollen. Das ist f\u00fcr den Transport sehr praktisch. \u00dcber dem Kessel ist ein Trommelfell aus [&hellip;]<\/p>\n","protected":false},"author":1,"featured_media":0,"parent":0,"menu_order":0,"comment_status":"closed","ping_status":"closed","template":"","meta":{"footnotes":""},"categories":[],"tags":[],"class_list":["post-2850","page","type-page","status-publish","hentry"],"yoast_head":"<!-- This site is optimized with the Yoast SEO plugin v27.2 - https:\/\/yoast.com\/product\/yoast-seo-wordpress\/ -->\n<title>Benenne die Teile der Pauke - musiculum<\/title>\n<meta name=\"robots\" content=\"index, follow, max-snippet:-1, max-image-preview:large, max-video-preview:-1\" \/>\n<link rel=\"canonical\" href=\"https:\/\/musiculum.de\/index.php\/benenne-die-teile-der-pauke\/\" \/>\n<meta property=\"og:locale\" content=\"de_DE\" \/>\n<meta property=\"og:type\" content=\"article\" \/>\n<meta property=\"og:title\" content=\"Benenne die Teile der Pauke - musiculum\" \/>\n<meta property=\"og:description\" content=\"Die Pauke geh\u00f6rt zu den Schlaginstrumenten. Sie wird mit Schl\u00e4geln gespielt. Diese k\u00f6nnen flauschig weich oder klein und hart sein. Der K\u00f6rper der Pauke sieht meistens aus wie ein Kessel. Er besteht aus Kupfer und steht auf mehreren F\u00fc\u00dfen mit Rollen. Das ist f\u00fcr den Transport sehr praktisch. \u00dcber dem Kessel ist ein Trommelfell aus [&hellip;]\" \/>\n<meta property=\"og:url\" content=\"https:\/\/musiculum.de\/index.php\/benenne-die-teile-der-pauke\/\" \/>\n<meta property=\"og:site_name\" content=\"musiculum\" \/>\n<meta property=\"article:modified_time\" content=\"2021-05-12T09:16:57+00:00\" \/>\n<meta name=\"twitter:card\" content=\"summary_large_image\" \/>\n<meta name=\"twitter:label1\" content=\"Gesch\u00e4tzte Lesezeit\" \/>\n\t<meta name=\"twitter:data1\" content=\"1\u00a0Minute\" \/>\n<script type=\"application\/ld+json\" class=\"yoast-schema-graph\">{\"@context\":\"https:\/\/schema.org\",\"@graph\":[{\"@type\":\"WebPage\",\"@id\":\"https:\/\/musiculum.de\/index.php\/benenne-die-teile-der-pauke\/\",\"url\":\"https:\/\/musiculum.de\/index.php\/benenne-die-teile-der-pauke\/\",\"name\":\"Benenne die Teile der Pauke - musiculum\",\"isPartOf\":{\"@id\":\"https:\/\/musiculum.de\/#website\"},\"datePublished\":\"2021-02-11T09:22:13+00:00\",\"dateModified\":\"2021-05-12T09:16:57+00:00\",\"breadcrumb\":{\"@id\":\"https:\/\/musiculum.de\/index.php\/benenne-die-teile-der-pauke\/#breadcrumb\"},\"inLanguage\":\"de\",\"potentialAction\":[{\"@type\":\"ReadAction\",\"target\":[\"https:\/\/musiculum.de\/index.php\/benenne-die-teile-der-pauke\/\"]}]},{\"@type\":\"BreadcrumbList\",\"@id\":\"https:\/\/musiculum.de\/index.php\/benenne-die-teile-der-pauke\/#breadcrumb\",\"itemListElement\":[{\"@type\":\"ListItem\",\"position\":1,\"name\":\"Startseite\",\"item\":\"https:\/\/musiculum.de\/\"},{\"@type\":\"ListItem\",\"position\":2,\"name\":\"Benenne die Teile der Pauke\"}]},{\"@type\":\"WebSite\",\"@id\":\"https:\/\/musiculum.de\/#website\",\"url\":\"https:\/\/musiculum.de\/\",\"name\":\"musiculum\",\"description\":\"Lern- und Experimentierwerkstatt f\u00fcr Kinder und Jugendliche\",\"potentialAction\":[{\"@type\":\"SearchAction\",\"target\":{\"@type\":\"EntryPoint\",\"urlTemplate\":\"https:\/\/musiculum.de\/?s={search_term_string}\"},\"query-input\":{\"@type\":\"PropertyValueSpecification\",\"valueRequired\":true,\"valueName\":\"search_term_string\"}}],\"inLanguage\":\"de\"}]}<\/script>\n<!-- \/ Yoast SEO plugin. -->","yoast_head_json":{"title":"Benenne die Teile der Pauke - musiculum","robots":{"index":"index","follow":"follow","max-snippet":"max-snippet:-1","max-image-preview":"max-image-preview:large","max-video-preview":"max-video-preview:-1"},"canonical":"https:\/\/musiculum.de\/index.php\/benenne-die-teile-der-pauke\/","og_locale":"de_DE","og_type":"article","og_title":"Benenne die Teile der Pauke - musiculum","og_description":"Die Pauke geh\u00f6rt zu den Schlaginstrumenten. Sie wird mit Schl\u00e4geln gespielt. Diese k\u00f6nnen flauschig weich oder klein und hart sein. Der K\u00f6rper der Pauke sieht meistens aus wie ein Kessel. Er besteht aus Kupfer und steht auf mehreren F\u00fc\u00dfen mit Rollen. Das ist f\u00fcr den Transport sehr praktisch. \u00dcber dem Kessel ist ein Trommelfell aus [&hellip;]","og_url":"https:\/\/musiculum.de\/index.php\/benenne-die-teile-der-pauke\/","og_site_name":"musiculum","article_modified_time":"2021-05-12T09:16:57+00:00","twitter_card":"summary_large_image","twitter_misc":{"Gesch\u00e4tzte Lesezeit":"1\u00a0Minute"},"schema":{"@context":"https:\/\/schema.org","@graph":[{"@type":"WebPage","@id":"https:\/\/musiculum.de\/index.php\/benenne-die-teile-der-pauke\/","url":"https:\/\/musiculum.de\/index.php\/benenne-die-teile-der-pauke\/","name":"Benenne die Teile der Pauke - musiculum","isPartOf":{"@id":"https:\/\/musiculum.de\/#website"},"datePublished":"2021-02-11T09:22:13+00:00","dateModified":"2021-05-12T09:16:57+00:00","breadcrumb":{"@id":"https:\/\/musiculum.de\/index.php\/benenne-die-teile-der-pauke\/#breadcrumb"},"inLanguage":"de","potentialAction":[{"@type":"ReadAction","target":["https:\/\/musiculum.de\/index.php\/benenne-die-teile-der-pauke\/"]}]},{"@type":"BreadcrumbList","@id":"https:\/\/musiculum.de\/index.php\/benenne-die-teile-der-pauke\/#breadcrumb","itemListElement":[{"@type":"ListItem","position":1,"name":"Startseite","item":"https:\/\/musiculum.de\/"},{"@type":"ListItem","position":2,"name":"Benenne die Teile der Pauke"}]},{"@type":"WebSite","@id":"https:\/\/musiculum.de\/#website","url":"https:\/\/musiculum.de\/","name":"musiculum","description":"Lern- und Experimentierwerkstatt f\u00fcr Kinder und Jugendliche","potentialAction":[{"@type":"SearchAction","target":{"@type":"EntryPoint","urlTemplate":"https:\/\/musiculum.de\/?s={search_term_string}"},"query-input":{"@type":"PropertyValueSpecification","valueRequired":true,"valueName":"search_term_string"}}],"inLanguage":"de"}]}},"_links":{"self":[{"href":"https:\/\/musiculum.de\/index.php\/wp-json\/wp\/v2\/pages\/2850","targetHints":{"allow":["GET"]}}],"collection":[{"href":"https:\/\/musiculum.de\/index.php\/wp-json\/wp\/v2\/pages"}],"about":[{"href":"https:\/\/musiculum.de\/index.php\/wp-json\/wp\/v2\/types\/page"}],"author":[{"embeddable":true,"href":"https:\/\/musiculum.de\/index.php\/wp-json\/wp\/v2\/users\/1"}],"replies":[{"embeddable":true,"href":"https:\/\/musiculum.de\/index.php\/wp-json\/wp\/v2\/comments?post=2850"}],"version-history":[{"count":3,"href":"https:\/\/musiculum.de\/index.php\/wp-json\/wp\/v2\/pages\/2850\/revisions"}],"predecessor-version":[{"id":4206,"href":"https:\/\/musiculum.de\/index.php\/wp-json\/wp\/v2\/pages\/2850\/revisions\/4206"}],"wp:attachment":[{"href":"https:\/\/musiculum.de\/index.php\/wp-json\/wp\/v2\/media?parent=2850"}],"wp:term":[{"taxonomy":"category","embeddable":true,"href":"https:\/\/musiculum.de\/index.php\/wp-json\/wp\/v2\/categories?post=2850"},{"taxonomy":"post_tag","embeddable":true,"href":"https:\/\/musiculum.de\/index.php\/wp-json\/wp\/v2\/tags?post=2850"}],"curies":[{"name":"wp","href":"https:\/\/api.w.org\/{rel}","templated":true}]}}