{"id":2809,"date":"2021-02-08T12:44:32","date_gmt":"2021-02-08T11:44:32","guid":{"rendered":"https:\/\/musiculum.de\/?page_id=2809"},"modified":"2021-05-17T09:32:06","modified_gmt":"2021-05-17T07:32:06","slug":"benenne-die-teile-des-saxophons","status":"publish","type":"page","link":"https:\/\/musiculum.de\/index.php\/benenne-die-teile-des-saxophons\/","title":{"rendered":"Benenne die Teile des Saxophons"},"content":{"rendered":"<p>Das Saxophon geh\u00f6rt zu den Holzblasinstrumenten, obwohl es aus Metall besteht. Wie bei allen Holzblasinstrumenten entsteht der Ton im Mundst\u00fcck durch eine besondere Anblastechnik.<\/p>\n<p>Das Saxophon besteht aus vier auseinandernehmbaren Teilen. Den gr\u00f6\u00dften Teil bildet dabei der <strong>Korpus <\/strong>(K\u00f6rper) mit dem <strong>Schalltrichter<\/strong>. Am Korpus sind <strong>Klappen<\/strong> befestigt, die insgesamt 20 Tonl\u00f6cher schlie\u00dfen k\u00f6nnen.<\/p>\n<p>Der Korpus wird nach oben hin mit dem <strong>S-Bogen<\/strong> zusammengesteckt. Dieser ist mit dem <strong>Mundst\u00fcck<\/strong> verbunden. Zum Spielen wird dort ein Holzpl\u00e4ttchen befestigt, das <strong>Rohrblatt<\/strong> genannt wird.<\/p>\n<p>Das Saxophon wurde 1840 von dem Belgier Antoine Joseph Sax erfunden und nach ihm benannt. Er wollte ein gut klingendes Holzblasinstrument auch f\u00fcr tiefe Lagen schaffen.<\/p>\n<div class=\"h5p-iframe-wrapper\"><iframe id=\"h5p-iframe-29\" class=\"h5p-iframe\" data-content-id=\"29\" style=\"height:1px\" src=\"about:blank\" frameBorder=\"0\" scrolling=\"no\" title=\"Ziehe die W\u00f6rter auf die richtigen Linien\"><\/iframe><\/div>\n","protected":false},"excerpt":{"rendered":"<p>Das Saxophon geh\u00f6rt zu den Holzblasinstrumenten, obwohl es aus Metall besteht. Wie bei allen Holzblasinstrumenten entsteht der Ton im Mundst\u00fcck durch eine besondere Anblastechnik. Das Saxophon besteht aus vier auseinandernehmbaren Teilen. Den gr\u00f6\u00dften Teil bildet dabei der Korpus (K\u00f6rper) mit dem Schalltrichter. Am Korpus sind Klappen befestigt, die insgesamt 20 Tonl\u00f6cher schlie\u00dfen k\u00f6nnen. Der Korpus [&hellip;]<\/p>\n","protected":false},"author":1,"featured_media":0,"parent":0,"menu_order":0,"comment_status":"closed","ping_status":"closed","template":"","meta":{"footnotes":""},"categories":[],"tags":[],"class_list":["post-2809","page","type-page","status-publish","hentry"],"yoast_head":"<!-- This site is optimized with the Yoast SEO plugin v27.2 - https:\/\/yoast.com\/product\/yoast-seo-wordpress\/ -->\n<title>Benenne die Teile des Saxophons - musiculum<\/title>\n<meta name=\"robots\" content=\"index, follow, max-snippet:-1, max-image-preview:large, max-video-preview:-1\" \/>\n<link rel=\"canonical\" href=\"https:\/\/musiculum.de\/index.php\/benenne-die-teile-des-saxophons\/\" \/>\n<meta property=\"og:locale\" content=\"de_DE\" \/>\n<meta property=\"og:type\" content=\"article\" \/>\n<meta property=\"og:title\" content=\"Benenne die Teile des Saxophons - musiculum\" \/>\n<meta property=\"og:description\" content=\"Das Saxophon geh\u00f6rt zu den Holzblasinstrumenten, obwohl es aus Metall besteht. Wie bei allen Holzblasinstrumenten entsteht der Ton im Mundst\u00fcck durch eine besondere Anblastechnik. Das Saxophon besteht aus vier auseinandernehmbaren Teilen. Den gr\u00f6\u00dften Teil bildet dabei der Korpus (K\u00f6rper) mit dem Schalltrichter. Am Korpus sind Klappen befestigt, die insgesamt 20 Tonl\u00f6cher schlie\u00dfen k\u00f6nnen. Der Korpus [&hellip;]\" \/>\n<meta property=\"og:url\" content=\"https:\/\/musiculum.de\/index.php\/benenne-die-teile-des-saxophons\/\" \/>\n<meta property=\"og:site_name\" content=\"musiculum\" \/>\n<meta property=\"article:modified_time\" content=\"2021-05-17T07:32:06+00:00\" \/>\n<meta name=\"twitter:card\" content=\"summary_large_image\" \/>\n<meta name=\"twitter:label1\" content=\"Gesch\u00e4tzte Lesezeit\" \/>\n\t<meta name=\"twitter:data1\" content=\"1\u00a0Minute\" \/>\n<script type=\"application\/ld+json\" class=\"yoast-schema-graph\">{\"@context\":\"https:\/\/schema.org\",\"@graph\":[{\"@type\":\"WebPage\",\"@id\":\"https:\/\/musiculum.de\/index.php\/benenne-die-teile-des-saxophons\/\",\"url\":\"https:\/\/musiculum.de\/index.php\/benenne-die-teile-des-saxophons\/\",\"name\":\"Benenne die Teile des Saxophons - musiculum\",\"isPartOf\":{\"@id\":\"https:\/\/musiculum.de\/#website\"},\"datePublished\":\"2021-02-08T11:44:32+00:00\",\"dateModified\":\"2021-05-17T07:32:06+00:00\",\"breadcrumb\":{\"@id\":\"https:\/\/musiculum.de\/index.php\/benenne-die-teile-des-saxophons\/#breadcrumb\"},\"inLanguage\":\"de\",\"potentialAction\":[{\"@type\":\"ReadAction\",\"target\":[\"https:\/\/musiculum.de\/index.php\/benenne-die-teile-des-saxophons\/\"]}]},{\"@type\":\"BreadcrumbList\",\"@id\":\"https:\/\/musiculum.de\/index.php\/benenne-die-teile-des-saxophons\/#breadcrumb\",\"itemListElement\":[{\"@type\":\"ListItem\",\"position\":1,\"name\":\"Startseite\",\"item\":\"https:\/\/musiculum.de\/\"},{\"@type\":\"ListItem\",\"position\":2,\"name\":\"Benenne die Teile des Saxophons\"}]},{\"@type\":\"WebSite\",\"@id\":\"https:\/\/musiculum.de\/#website\",\"url\":\"https:\/\/musiculum.de\/\",\"name\":\"musiculum\",\"description\":\"Lern- und Experimentierwerkstatt f\u00fcr Kinder und Jugendliche\",\"potentialAction\":[{\"@type\":\"SearchAction\",\"target\":{\"@type\":\"EntryPoint\",\"urlTemplate\":\"https:\/\/musiculum.de\/?s={search_term_string}\"},\"query-input\":{\"@type\":\"PropertyValueSpecification\",\"valueRequired\":true,\"valueName\":\"search_term_string\"}}],\"inLanguage\":\"de\"}]}<\/script>\n<!-- \/ Yoast SEO plugin. -->","yoast_head_json":{"title":"Benenne die Teile des Saxophons - musiculum","robots":{"index":"index","follow":"follow","max-snippet":"max-snippet:-1","max-image-preview":"max-image-preview:large","max-video-preview":"max-video-preview:-1"},"canonical":"https:\/\/musiculum.de\/index.php\/benenne-die-teile-des-saxophons\/","og_locale":"de_DE","og_type":"article","og_title":"Benenne die Teile des Saxophons - musiculum","og_description":"Das Saxophon geh\u00f6rt zu den Holzblasinstrumenten, obwohl es aus Metall besteht. Wie bei allen Holzblasinstrumenten entsteht der Ton im Mundst\u00fcck durch eine besondere Anblastechnik. Das Saxophon besteht aus vier auseinandernehmbaren Teilen. Den gr\u00f6\u00dften Teil bildet dabei der Korpus (K\u00f6rper) mit dem Schalltrichter. Am Korpus sind Klappen befestigt, die insgesamt 20 Tonl\u00f6cher schlie\u00dfen k\u00f6nnen. Der Korpus [&hellip;]","og_url":"https:\/\/musiculum.de\/index.php\/benenne-die-teile-des-saxophons\/","og_site_name":"musiculum","article_modified_time":"2021-05-17T07:32:06+00:00","twitter_card":"summary_large_image","twitter_misc":{"Gesch\u00e4tzte Lesezeit":"1\u00a0Minute"},"schema":{"@context":"https:\/\/schema.org","@graph":[{"@type":"WebPage","@id":"https:\/\/musiculum.de\/index.php\/benenne-die-teile-des-saxophons\/","url":"https:\/\/musiculum.de\/index.php\/benenne-die-teile-des-saxophons\/","name":"Benenne die Teile des Saxophons - musiculum","isPartOf":{"@id":"https:\/\/musiculum.de\/#website"},"datePublished":"2021-02-08T11:44:32+00:00","dateModified":"2021-05-17T07:32:06+00:00","breadcrumb":{"@id":"https:\/\/musiculum.de\/index.php\/benenne-die-teile-des-saxophons\/#breadcrumb"},"inLanguage":"de","potentialAction":[{"@type":"ReadAction","target":["https:\/\/musiculum.de\/index.php\/benenne-die-teile-des-saxophons\/"]}]},{"@type":"BreadcrumbList","@id":"https:\/\/musiculum.de\/index.php\/benenne-die-teile-des-saxophons\/#breadcrumb","itemListElement":[{"@type":"ListItem","position":1,"name":"Startseite","item":"https:\/\/musiculum.de\/"},{"@type":"ListItem","position":2,"name":"Benenne die Teile des Saxophons"}]},{"@type":"WebSite","@id":"https:\/\/musiculum.de\/#website","url":"https:\/\/musiculum.de\/","name":"musiculum","description":"Lern- und Experimentierwerkstatt f\u00fcr Kinder und Jugendliche","potentialAction":[{"@type":"SearchAction","target":{"@type":"EntryPoint","urlTemplate":"https:\/\/musiculum.de\/?s={search_term_string}"},"query-input":{"@type":"PropertyValueSpecification","valueRequired":true,"valueName":"search_term_string"}}],"inLanguage":"de"}]}},"_links":{"self":[{"href":"https:\/\/musiculum.de\/index.php\/wp-json\/wp\/v2\/pages\/2809","targetHints":{"allow":["GET"]}}],"collection":[{"href":"https:\/\/musiculum.de\/index.php\/wp-json\/wp\/v2\/pages"}],"about":[{"href":"https:\/\/musiculum.de\/index.php\/wp-json\/wp\/v2\/types\/page"}],"author":[{"embeddable":true,"href":"https:\/\/musiculum.de\/index.php\/wp-json\/wp\/v2\/users\/1"}],"replies":[{"embeddable":true,"href":"https:\/\/musiculum.de\/index.php\/wp-json\/wp\/v2\/comments?post=2809"}],"version-history":[{"count":4,"href":"https:\/\/musiculum.de\/index.php\/wp-json\/wp\/v2\/pages\/2809\/revisions"}],"predecessor-version":[{"id":4230,"href":"https:\/\/musiculum.de\/index.php\/wp-json\/wp\/v2\/pages\/2809\/revisions\/4230"}],"wp:attachment":[{"href":"https:\/\/musiculum.de\/index.php\/wp-json\/wp\/v2\/media?parent=2809"}],"wp:term":[{"taxonomy":"category","embeddable":true,"href":"https:\/\/musiculum.de\/index.php\/wp-json\/wp\/v2\/categories?post=2809"},{"taxonomy":"post_tag","embeddable":true,"href":"https:\/\/musiculum.de\/index.php\/wp-json\/wp\/v2\/tags?post=2809"}],"curies":[{"name":"wp","href":"https:\/\/api.w.org\/{rel}","templated":true}]}}