{"id":2805,"date":"2021-02-08T10:50:40","date_gmt":"2021-02-08T09:50:40","guid":{"rendered":"https:\/\/musiculum.de\/?page_id=2805"},"modified":"2021-05-25T13:25:25","modified_gmt":"2021-05-25T11:25:25","slug":"benenne-die-teile-des-horns","status":"publish","type":"page","link":"https:\/\/musiculum.de\/index.php\/benenne-die-teile-des-horns\/","title":{"rendered":"Benenne die Teile des Waldhorns"},"content":{"rendered":"<p>Das Waldhorn geh\u00f6rt zu den Blechblasinstrumenten. Viele nennen es auch nur \u201eHorn\u201c. Es besteht haupts\u00e4chlich aus einer runden, gewickelten Metallr\u00f6hre, die vom Mundst\u00fcck bis zum Schalltrichter gleichm\u00e4\u00dfig immer weiter wird.<\/p>\n<p>Auf der einen Seite schlie\u00dft das Instrument mit einem geraden <strong>Mundrohr<\/strong> ab. Auf dieses Mundrohr wird das <strong>Mundst\u00fcck<\/strong> gesetzt. Das sieht bei dem Waldhorn wie ein kleiner Trichter aus. Das andere Ende des Metallrohres hat die Form eines weit ge\u00f6ffneten <strong>Schalltrichter<\/strong>s. Dieser bestimmt die Klangfarbe.<\/p>\n<p>In der Mitte des Instrumentes befinden sich die 3 <strong>Ventile<\/strong> und die vielen geschwungenen <strong>Z\u00fcge<\/strong>, die f\u00fcr die Ver\u00e4nderung der T\u00f6ne wichtig sind.<\/p>\n<p>Die \u00e4ltesten Vorfahren des Waldhorns sind einfache Tierh\u00f6rner von Schafen, Ziegen und Rindern oder gro\u00dfe Schneckengeh\u00e4use (aus Asien oder Australien).<\/p>\n<p>Das Horn gilt deswegen als eines der urspr\u00fcnglichsten Blasinstrumente.<\/p>\n<div class=\"h5p-iframe-wrapper\"><iframe id=\"h5p-iframe-27\" class=\"h5p-iframe\" data-content-id=\"27\" style=\"height:1px\" src=\"about:blank\" frameBorder=\"0\" scrolling=\"no\" title=\"Ziehe die W\u00f6rter auf die richtigen Linien\"><\/iframe><\/div>\n","protected":false},"excerpt":{"rendered":"<p>Das Waldhorn geh\u00f6rt zu den Blechblasinstrumenten. Viele nennen es auch nur \u201eHorn\u201c. Es besteht haupts\u00e4chlich aus einer runden, gewickelten Metallr\u00f6hre, die vom Mundst\u00fcck bis zum Schalltrichter gleichm\u00e4\u00dfig immer weiter wird. Auf der einen Seite schlie\u00dft das Instrument mit einem geraden Mundrohr ab. Auf dieses Mundrohr wird das Mundst\u00fcck gesetzt. Das sieht bei dem Waldhorn wie [&hellip;]<\/p>\n","protected":false},"author":1,"featured_media":0,"parent":0,"menu_order":0,"comment_status":"closed","ping_status":"closed","template":"","meta":{"footnotes":""},"categories":[],"tags":[],"class_list":["post-2805","page","type-page","status-publish","hentry"],"yoast_head":"<!-- This site is optimized with the Yoast SEO plugin v27.4 - https:\/\/yoast.com\/product\/yoast-seo-wordpress\/ -->\n<title>Benenne die Teile des Waldhorns - musiculum<\/title>\n<meta name=\"robots\" content=\"index, follow, max-snippet:-1, max-image-preview:large, max-video-preview:-1\" \/>\n<link rel=\"canonical\" href=\"https:\/\/musiculum.de\/index.php\/benenne-die-teile-des-horns\/\" \/>\n<meta property=\"og:locale\" content=\"de_DE\" \/>\n<meta property=\"og:type\" content=\"article\" \/>\n<meta property=\"og:title\" content=\"Benenne die Teile des Waldhorns - musiculum\" \/>\n<meta property=\"og:description\" content=\"Das Waldhorn geh\u00f6rt zu den Blechblasinstrumenten. Viele nennen es auch nur \u201eHorn\u201c. Es besteht haupts\u00e4chlich aus einer runden, gewickelten Metallr\u00f6hre, die vom Mundst\u00fcck bis zum Schalltrichter gleichm\u00e4\u00dfig immer weiter wird. Auf der einen Seite schlie\u00dft das Instrument mit einem geraden Mundrohr ab. Auf dieses Mundrohr wird das Mundst\u00fcck gesetzt. Das sieht bei dem Waldhorn wie [&hellip;]\" \/>\n<meta property=\"og:url\" content=\"https:\/\/musiculum.de\/index.php\/benenne-die-teile-des-horns\/\" \/>\n<meta property=\"og:site_name\" content=\"musiculum\" \/>\n<meta property=\"article:modified_time\" content=\"2021-05-25T11:25:25+00:00\" \/>\n<meta name=\"twitter:card\" content=\"summary_large_image\" \/>\n<meta name=\"twitter:label1\" content=\"Gesch\u00e4tzte Lesezeit\" \/>\n\t<meta name=\"twitter:data1\" content=\"1\u00a0Minute\" \/>\n<script type=\"application\/ld+json\" class=\"yoast-schema-graph\">{\"@context\":\"https:\\\/\\\/schema.org\",\"@graph\":[{\"@type\":\"WebPage\",\"@id\":\"https:\\\/\\\/musiculum.de\\\/index.php\\\/benenne-die-teile-des-horns\\\/\",\"url\":\"https:\\\/\\\/musiculum.de\\\/index.php\\\/benenne-die-teile-des-horns\\\/\",\"name\":\"Benenne die Teile des Waldhorns - musiculum\",\"isPartOf\":{\"@id\":\"https:\\\/\\\/musiculum.de\\\/#website\"},\"datePublished\":\"2021-02-08T09:50:40+00:00\",\"dateModified\":\"2021-05-25T11:25:25+00:00\",\"breadcrumb\":{\"@id\":\"https:\\\/\\\/musiculum.de\\\/index.php\\\/benenne-die-teile-des-horns\\\/#breadcrumb\"},\"inLanguage\":\"de\",\"potentialAction\":[{\"@type\":\"ReadAction\",\"target\":[\"https:\\\/\\\/musiculum.de\\\/index.php\\\/benenne-die-teile-des-horns\\\/\"]}]},{\"@type\":\"BreadcrumbList\",\"@id\":\"https:\\\/\\\/musiculum.de\\\/index.php\\\/benenne-die-teile-des-horns\\\/#breadcrumb\",\"itemListElement\":[{\"@type\":\"ListItem\",\"position\":1,\"name\":\"Startseite\",\"item\":\"https:\\\/\\\/musiculum.de\\\/\"},{\"@type\":\"ListItem\",\"position\":2,\"name\":\"Benenne die Teile des Waldhorns\"}]},{\"@type\":\"WebSite\",\"@id\":\"https:\\\/\\\/musiculum.de\\\/#website\",\"url\":\"https:\\\/\\\/musiculum.de\\\/\",\"name\":\"musiculum\",\"description\":\"Lern- und Experimentierwerkstatt f\u00fcr Kinder und Jugendliche\",\"potentialAction\":[{\"@type\":\"SearchAction\",\"target\":{\"@type\":\"EntryPoint\",\"urlTemplate\":\"https:\\\/\\\/musiculum.de\\\/?s={search_term_string}\"},\"query-input\":{\"@type\":\"PropertyValueSpecification\",\"valueRequired\":true,\"valueName\":\"search_term_string\"}}],\"inLanguage\":\"de\"}]}<\/script>\n<!-- \/ Yoast SEO plugin. -->","yoast_head_json":{"title":"Benenne die Teile des Waldhorns - musiculum","robots":{"index":"index","follow":"follow","max-snippet":"max-snippet:-1","max-image-preview":"max-image-preview:large","max-video-preview":"max-video-preview:-1"},"canonical":"https:\/\/musiculum.de\/index.php\/benenne-die-teile-des-horns\/","og_locale":"de_DE","og_type":"article","og_title":"Benenne die Teile des Waldhorns - musiculum","og_description":"Das Waldhorn geh\u00f6rt zu den Blechblasinstrumenten. Viele nennen es auch nur \u201eHorn\u201c. Es besteht haupts\u00e4chlich aus einer runden, gewickelten Metallr\u00f6hre, die vom Mundst\u00fcck bis zum Schalltrichter gleichm\u00e4\u00dfig immer weiter wird. Auf der einen Seite schlie\u00dft das Instrument mit einem geraden Mundrohr ab. Auf dieses Mundrohr wird das Mundst\u00fcck gesetzt. Das sieht bei dem Waldhorn wie [&hellip;]","og_url":"https:\/\/musiculum.de\/index.php\/benenne-die-teile-des-horns\/","og_site_name":"musiculum","article_modified_time":"2021-05-25T11:25:25+00:00","twitter_card":"summary_large_image","twitter_misc":{"Gesch\u00e4tzte Lesezeit":"1\u00a0Minute"},"schema":{"@context":"https:\/\/schema.org","@graph":[{"@type":"WebPage","@id":"https:\/\/musiculum.de\/index.php\/benenne-die-teile-des-horns\/","url":"https:\/\/musiculum.de\/index.php\/benenne-die-teile-des-horns\/","name":"Benenne die Teile des Waldhorns - musiculum","isPartOf":{"@id":"https:\/\/musiculum.de\/#website"},"datePublished":"2021-02-08T09:50:40+00:00","dateModified":"2021-05-25T11:25:25+00:00","breadcrumb":{"@id":"https:\/\/musiculum.de\/index.php\/benenne-die-teile-des-horns\/#breadcrumb"},"inLanguage":"de","potentialAction":[{"@type":"ReadAction","target":["https:\/\/musiculum.de\/index.php\/benenne-die-teile-des-horns\/"]}]},{"@type":"BreadcrumbList","@id":"https:\/\/musiculum.de\/index.php\/benenne-die-teile-des-horns\/#breadcrumb","itemListElement":[{"@type":"ListItem","position":1,"name":"Startseite","item":"https:\/\/musiculum.de\/"},{"@type":"ListItem","position":2,"name":"Benenne die Teile des Waldhorns"}]},{"@type":"WebSite","@id":"https:\/\/musiculum.de\/#website","url":"https:\/\/musiculum.de\/","name":"musiculum","description":"Lern- und Experimentierwerkstatt f\u00fcr Kinder und Jugendliche","potentialAction":[{"@type":"SearchAction","target":{"@type":"EntryPoint","urlTemplate":"https:\/\/musiculum.de\/?s={search_term_string}"},"query-input":{"@type":"PropertyValueSpecification","valueRequired":true,"valueName":"search_term_string"}}],"inLanguage":"de"}]}},"_links":{"self":[{"href":"https:\/\/musiculum.de\/index.php\/wp-json\/wp\/v2\/pages\/2805","targetHints":{"allow":["GET"]}}],"collection":[{"href":"https:\/\/musiculum.de\/index.php\/wp-json\/wp\/v2\/pages"}],"about":[{"href":"https:\/\/musiculum.de\/index.php\/wp-json\/wp\/v2\/types\/page"}],"author":[{"embeddable":true,"href":"https:\/\/musiculum.de\/index.php\/wp-json\/wp\/v2\/users\/1"}],"replies":[{"embeddable":true,"href":"https:\/\/musiculum.de\/index.php\/wp-json\/wp\/v2\/comments?post=2805"}],"version-history":[{"count":3,"href":"https:\/\/musiculum.de\/index.php\/wp-json\/wp\/v2\/pages\/2805\/revisions"}],"predecessor-version":[{"id":4311,"href":"https:\/\/musiculum.de\/index.php\/wp-json\/wp\/v2\/pages\/2805\/revisions\/4311"}],"wp:attachment":[{"href":"https:\/\/musiculum.de\/index.php\/wp-json\/wp\/v2\/media?parent=2805"}],"wp:term":[{"taxonomy":"category","embeddable":true,"href":"https:\/\/musiculum.de\/index.php\/wp-json\/wp\/v2\/categories?post=2805"},{"taxonomy":"post_tag","embeddable":true,"href":"https:\/\/musiculum.de\/index.php\/wp-json\/wp\/v2\/tags?post=2805"}],"curies":[{"name":"wp","href":"https:\/\/api.w.org\/{rel}","templated":true}]}}