{"id":2802,"date":"2021-02-08T10:35:03","date_gmt":"2021-02-08T09:35:03","guid":{"rendered":"https:\/\/musiculum.de\/?page_id=2802"},"modified":"2022-02-02T09:00:29","modified_gmt":"2022-02-02T08:00:29","slug":"benenne-die-teile-der-gitarre","status":"publish","type":"page","link":"https:\/\/musiculum.de\/index.php\/benenne-die-teile-der-gitarre\/","title":{"rendered":"Benenne die Teile der Gitarre"},"content":{"rendered":"<p>Die Gitarre ist ein Zupfinstrument und hat sechs <strong>Saiten<\/strong>. Am <strong>Kopf<\/strong> der Gitarre sind die <strong>Wirbel<\/strong> befestigt, mit denen die Saiten gespannt und dadurch gestimmt werden k\u00f6nnen.<\/p>\n<p>Die Saiten laufen von den Wirbeln \u00fcber das <strong>Griffbrett<\/strong> und den <strong>Korpus<\/strong> (K\u00f6rper) bis hin zum <strong>Steg<\/strong>. Da sind sie befestigt. Das <strong>Schallloch<\/strong> sorgt daf\u00fcr, dass die T\u00f6ne sch\u00f6ner klingen.<\/p>\n<p>Die kleinen Metallst\u00e4be auf dem Griffbrett hei\u00dfen <strong>Bundst\u00e4be<\/strong>. So wissen die Spielenden besser, wo sie mit den Fingern greifen m\u00fcssen.<\/p>\n<p>Die Gitarre entwickelte sich aus der arabischen Oud, die im 8. Jahrhundert nach Spanien gebracht wurde. Das Wort Gitarre kommt vom alten griechischen Wort \u201eKithara\u201c.<\/p>\n<div class=\"h5p-iframe-wrapper\"><iframe id=\"h5p-iframe-26\" class=\"h5p-iframe\" data-content-id=\"26\" style=\"height:1px\" src=\"about:blank\" frameBorder=\"0\" scrolling=\"no\" title=\"Ziehe die W\u00f6rter auf die richtigen Linien\"><\/iframe><\/div>\n","protected":false},"excerpt":{"rendered":"<p>Die Gitarre ist ein Zupfinstrument und hat sechs Saiten. Am Kopf der Gitarre sind die Wirbel befestigt, mit denen die Saiten gespannt und dadurch gestimmt werden k\u00f6nnen. Die Saiten laufen von den Wirbeln \u00fcber das Griffbrett und den Korpus (K\u00f6rper) bis hin zum Steg. Da sind sie befestigt. Das Schallloch sorgt daf\u00fcr, dass die T\u00f6ne [&hellip;]<\/p>\n","protected":false},"author":1,"featured_media":0,"parent":0,"menu_order":0,"comment_status":"closed","ping_status":"closed","template":"","meta":{"footnotes":""},"categories":[],"tags":[],"class_list":["post-2802","page","type-page","status-publish","hentry"],"yoast_head":"<!-- This site is optimized with the Yoast SEO plugin v27.4 - https:\/\/yoast.com\/product\/yoast-seo-wordpress\/ -->\n<title>Benenne die Teile der Gitarre - musiculum<\/title>\n<meta name=\"robots\" content=\"index, follow, max-snippet:-1, max-image-preview:large, max-video-preview:-1\" \/>\n<link rel=\"canonical\" href=\"https:\/\/musiculum.de\/index.php\/benenne-die-teile-der-gitarre\/\" \/>\n<meta property=\"og:locale\" content=\"de_DE\" \/>\n<meta property=\"og:type\" content=\"article\" \/>\n<meta property=\"og:title\" content=\"Benenne die Teile der Gitarre - musiculum\" \/>\n<meta property=\"og:description\" content=\"Die Gitarre ist ein Zupfinstrument und hat sechs Saiten. Am Kopf der Gitarre sind die Wirbel befestigt, mit denen die Saiten gespannt und dadurch gestimmt werden k\u00f6nnen. Die Saiten laufen von den Wirbeln \u00fcber das Griffbrett und den Korpus (K\u00f6rper) bis hin zum Steg. Da sind sie befestigt. Das Schallloch sorgt daf\u00fcr, dass die T\u00f6ne [&hellip;]\" \/>\n<meta property=\"og:url\" content=\"https:\/\/musiculum.de\/index.php\/benenne-die-teile-der-gitarre\/\" \/>\n<meta property=\"og:site_name\" content=\"musiculum\" \/>\n<meta property=\"article:modified_time\" content=\"2022-02-02T08:00:29+00:00\" \/>\n<meta name=\"twitter:card\" content=\"summary_large_image\" \/>\n<meta name=\"twitter:label1\" content=\"Gesch\u00e4tzte Lesezeit\" \/>\n\t<meta name=\"twitter:data1\" content=\"1\u00a0Minute\" \/>\n<script type=\"application\/ld+json\" class=\"yoast-schema-graph\">{\"@context\":\"https:\\\/\\\/schema.org\",\"@graph\":[{\"@type\":\"WebPage\",\"@id\":\"https:\\\/\\\/musiculum.de\\\/index.php\\\/benenne-die-teile-der-gitarre\\\/\",\"url\":\"https:\\\/\\\/musiculum.de\\\/index.php\\\/benenne-die-teile-der-gitarre\\\/\",\"name\":\"Benenne die Teile der Gitarre - musiculum\",\"isPartOf\":{\"@id\":\"https:\\\/\\\/musiculum.de\\\/#website\"},\"datePublished\":\"2021-02-08T09:35:03+00:00\",\"dateModified\":\"2022-02-02T08:00:29+00:00\",\"breadcrumb\":{\"@id\":\"https:\\\/\\\/musiculum.de\\\/index.php\\\/benenne-die-teile-der-gitarre\\\/#breadcrumb\"},\"inLanguage\":\"de\",\"potentialAction\":[{\"@type\":\"ReadAction\",\"target\":[\"https:\\\/\\\/musiculum.de\\\/index.php\\\/benenne-die-teile-der-gitarre\\\/\"]}]},{\"@type\":\"BreadcrumbList\",\"@id\":\"https:\\\/\\\/musiculum.de\\\/index.php\\\/benenne-die-teile-der-gitarre\\\/#breadcrumb\",\"itemListElement\":[{\"@type\":\"ListItem\",\"position\":1,\"name\":\"Startseite\",\"item\":\"https:\\\/\\\/musiculum.de\\\/\"},{\"@type\":\"ListItem\",\"position\":2,\"name\":\"Benenne die Teile der Gitarre\"}]},{\"@type\":\"WebSite\",\"@id\":\"https:\\\/\\\/musiculum.de\\\/#website\",\"url\":\"https:\\\/\\\/musiculum.de\\\/\",\"name\":\"musiculum\",\"description\":\"Lern- und Experimentierwerkstatt f\u00fcr Kinder und Jugendliche\",\"potentialAction\":[{\"@type\":\"SearchAction\",\"target\":{\"@type\":\"EntryPoint\",\"urlTemplate\":\"https:\\\/\\\/musiculum.de\\\/?s={search_term_string}\"},\"query-input\":{\"@type\":\"PropertyValueSpecification\",\"valueRequired\":true,\"valueName\":\"search_term_string\"}}],\"inLanguage\":\"de\"}]}<\/script>\n<!-- \/ Yoast SEO plugin. -->","yoast_head_json":{"title":"Benenne die Teile der Gitarre - musiculum","robots":{"index":"index","follow":"follow","max-snippet":"max-snippet:-1","max-image-preview":"max-image-preview:large","max-video-preview":"max-video-preview:-1"},"canonical":"https:\/\/musiculum.de\/index.php\/benenne-die-teile-der-gitarre\/","og_locale":"de_DE","og_type":"article","og_title":"Benenne die Teile der Gitarre - musiculum","og_description":"Die Gitarre ist ein Zupfinstrument und hat sechs Saiten. Am Kopf der Gitarre sind die Wirbel befestigt, mit denen die Saiten gespannt und dadurch gestimmt werden k\u00f6nnen. Die Saiten laufen von den Wirbeln \u00fcber das Griffbrett und den Korpus (K\u00f6rper) bis hin zum Steg. Da sind sie befestigt. Das Schallloch sorgt daf\u00fcr, dass die T\u00f6ne [&hellip;]","og_url":"https:\/\/musiculum.de\/index.php\/benenne-die-teile-der-gitarre\/","og_site_name":"musiculum","article_modified_time":"2022-02-02T08:00:29+00:00","twitter_card":"summary_large_image","twitter_misc":{"Gesch\u00e4tzte Lesezeit":"1\u00a0Minute"},"schema":{"@context":"https:\/\/schema.org","@graph":[{"@type":"WebPage","@id":"https:\/\/musiculum.de\/index.php\/benenne-die-teile-der-gitarre\/","url":"https:\/\/musiculum.de\/index.php\/benenne-die-teile-der-gitarre\/","name":"Benenne die Teile der Gitarre - musiculum","isPartOf":{"@id":"https:\/\/musiculum.de\/#website"},"datePublished":"2021-02-08T09:35:03+00:00","dateModified":"2022-02-02T08:00:29+00:00","breadcrumb":{"@id":"https:\/\/musiculum.de\/index.php\/benenne-die-teile-der-gitarre\/#breadcrumb"},"inLanguage":"de","potentialAction":[{"@type":"ReadAction","target":["https:\/\/musiculum.de\/index.php\/benenne-die-teile-der-gitarre\/"]}]},{"@type":"BreadcrumbList","@id":"https:\/\/musiculum.de\/index.php\/benenne-die-teile-der-gitarre\/#breadcrumb","itemListElement":[{"@type":"ListItem","position":1,"name":"Startseite","item":"https:\/\/musiculum.de\/"},{"@type":"ListItem","position":2,"name":"Benenne die Teile der Gitarre"}]},{"@type":"WebSite","@id":"https:\/\/musiculum.de\/#website","url":"https:\/\/musiculum.de\/","name":"musiculum","description":"Lern- und Experimentierwerkstatt f\u00fcr Kinder und Jugendliche","potentialAction":[{"@type":"SearchAction","target":{"@type":"EntryPoint","urlTemplate":"https:\/\/musiculum.de\/?s={search_term_string}"},"query-input":{"@type":"PropertyValueSpecification","valueRequired":true,"valueName":"search_term_string"}}],"inLanguage":"de"}]}},"_links":{"self":[{"href":"https:\/\/musiculum.de\/index.php\/wp-json\/wp\/v2\/pages\/2802","targetHints":{"allow":["GET"]}}],"collection":[{"href":"https:\/\/musiculum.de\/index.php\/wp-json\/wp\/v2\/pages"}],"about":[{"href":"https:\/\/musiculum.de\/index.php\/wp-json\/wp\/v2\/types\/page"}],"author":[{"embeddable":true,"href":"https:\/\/musiculum.de\/index.php\/wp-json\/wp\/v2\/users\/1"}],"replies":[{"embeddable":true,"href":"https:\/\/musiculum.de\/index.php\/wp-json\/wp\/v2\/comments?post=2802"}],"version-history":[{"count":4,"href":"https:\/\/musiculum.de\/index.php\/wp-json\/wp\/v2\/pages\/2802\/revisions"}],"predecessor-version":[{"id":4862,"href":"https:\/\/musiculum.de\/index.php\/wp-json\/wp\/v2\/pages\/2802\/revisions\/4862"}],"wp:attachment":[{"href":"https:\/\/musiculum.de\/index.php\/wp-json\/wp\/v2\/media?parent=2802"}],"wp:term":[{"taxonomy":"category","embeddable":true,"href":"https:\/\/musiculum.de\/index.php\/wp-json\/wp\/v2\/categories?post=2802"},{"taxonomy":"post_tag","embeddable":true,"href":"https:\/\/musiculum.de\/index.php\/wp-json\/wp\/v2\/tags?post=2802"}],"curies":[{"name":"wp","href":"https:\/\/api.w.org\/{rel}","templated":true}]}}