{"id":2681,"date":"2021-02-03T13:26:42","date_gmt":"2021-02-03T12:26:42","guid":{"rendered":"https:\/\/musiculum.de\/?page_id=2681"},"modified":"2021-05-25T13:18:41","modified_gmt":"2021-05-25T11:18:41","slug":"benenne-die-teile-der-geige","status":"publish","type":"page","link":"https:\/\/musiculum.de\/index.php\/benenne-die-teile-der-geige\/","title":{"rendered":"Benenne die Teile der Geige"},"content":{"rendered":"<p>Die Geige (oder auch Violine) ist ein Streichinstrument. Sie hat vier <strong>Saiten<\/strong>. Diese lassen sich mit Hilfe der <strong>Wirbel <\/strong>stimmen.<\/p>\n<p>Vom <strong>Saitenhalter <\/strong>aus f\u00fchren die Saiten \u00fcber den <strong>Steg <\/strong>und das <strong>Griffbrett <\/strong>bis zum Kopf, der <strong>Schnecke<\/strong>.<\/p>\n<p>Beim Spielen wird das Kinn auf die <strong>Kinnst\u00fctze <\/strong>gelegt und mit dem <strong>Bogen<\/strong> \u00fcber die Saiten gestrichen.<\/p>\n<p>Die zwei Schall-L\u00f6cher sorgen daf\u00fcr, dass die Holzdecke beweglich ist und gut schwingen kann. Sie hei\u00dfen <strong>F-L\u00f6cher<\/strong>. Sie sehen doch auch aus, wie ein altert\u00fcmliches \u201ef\u201c, oder?<\/p>\n<p>Die Vorfahren der Geige stammen aus dem 8. Jahrhundert aus Italien. Dort lebten auch die ber\u00fchmtesten Geigenbauer.<\/p>\n<div class=\"h5p-iframe-wrapper\"><iframe id=\"h5p-iframe-22\" class=\"h5p-iframe\" data-content-id=\"22\" style=\"height:1px\" src=\"about:blank\" frameBorder=\"0\" scrolling=\"no\" title=\"Ziehe die W\u00f6rter auf die richtigen Linien\"><\/iframe><\/div>\n","protected":false},"excerpt":{"rendered":"<p>Die Geige (oder auch Violine) ist ein Streichinstrument. Sie hat vier Saiten. Diese lassen sich mit Hilfe der Wirbel stimmen. Vom Saitenhalter aus f\u00fchren die Saiten \u00fcber den Steg und das Griffbrett bis zum Kopf, der Schnecke. Beim Spielen wird das Kinn auf die Kinnst\u00fctze gelegt und mit dem Bogen \u00fcber die Saiten gestrichen. Die [&hellip;]<\/p>\n","protected":false},"author":1,"featured_media":0,"parent":0,"menu_order":0,"comment_status":"closed","ping_status":"closed","template":"","meta":{"footnotes":""},"categories":[],"tags":[],"class_list":["post-2681","page","type-page","status-publish","hentry"],"yoast_head":"<!-- This site is optimized with the Yoast SEO plugin v27.4 - https:\/\/yoast.com\/product\/yoast-seo-wordpress\/ -->\n<title>Benenne die Teile der Geige - musiculum<\/title>\n<meta name=\"robots\" content=\"index, follow, max-snippet:-1, max-image-preview:large, max-video-preview:-1\" \/>\n<link rel=\"canonical\" href=\"https:\/\/musiculum.de\/index.php\/benenne-die-teile-der-geige\/\" \/>\n<meta property=\"og:locale\" content=\"de_DE\" \/>\n<meta property=\"og:type\" content=\"article\" \/>\n<meta property=\"og:title\" content=\"Benenne die Teile der Geige - musiculum\" \/>\n<meta property=\"og:description\" content=\"Die Geige (oder auch Violine) ist ein Streichinstrument. Sie hat vier Saiten. Diese lassen sich mit Hilfe der Wirbel stimmen. Vom Saitenhalter aus f\u00fchren die Saiten \u00fcber den Steg und das Griffbrett bis zum Kopf, der Schnecke. Beim Spielen wird das Kinn auf die Kinnst\u00fctze gelegt und mit dem Bogen \u00fcber die Saiten gestrichen. Die [&hellip;]\" \/>\n<meta property=\"og:url\" content=\"https:\/\/musiculum.de\/index.php\/benenne-die-teile-der-geige\/\" \/>\n<meta property=\"og:site_name\" content=\"musiculum\" \/>\n<meta property=\"article:modified_time\" content=\"2021-05-25T11:18:41+00:00\" \/>\n<meta name=\"twitter:card\" content=\"summary_large_image\" \/>\n<meta name=\"twitter:label1\" content=\"Gesch\u00e4tzte Lesezeit\" \/>\n\t<meta name=\"twitter:data1\" content=\"1\u00a0Minute\" \/>\n<script type=\"application\/ld+json\" class=\"yoast-schema-graph\">{\"@context\":\"https:\\\/\\\/schema.org\",\"@graph\":[{\"@type\":\"WebPage\",\"@id\":\"https:\\\/\\\/musiculum.de\\\/index.php\\\/benenne-die-teile-der-geige\\\/\",\"url\":\"https:\\\/\\\/musiculum.de\\\/index.php\\\/benenne-die-teile-der-geige\\\/\",\"name\":\"Benenne die Teile der Geige - musiculum\",\"isPartOf\":{\"@id\":\"https:\\\/\\\/musiculum.de\\\/#website\"},\"datePublished\":\"2021-02-03T12:26:42+00:00\",\"dateModified\":\"2021-05-25T11:18:41+00:00\",\"breadcrumb\":{\"@id\":\"https:\\\/\\\/musiculum.de\\\/index.php\\\/benenne-die-teile-der-geige\\\/#breadcrumb\"},\"inLanguage\":\"de\",\"potentialAction\":[{\"@type\":\"ReadAction\",\"target\":[\"https:\\\/\\\/musiculum.de\\\/index.php\\\/benenne-die-teile-der-geige\\\/\"]}]},{\"@type\":\"BreadcrumbList\",\"@id\":\"https:\\\/\\\/musiculum.de\\\/index.php\\\/benenne-die-teile-der-geige\\\/#breadcrumb\",\"itemListElement\":[{\"@type\":\"ListItem\",\"position\":1,\"name\":\"Startseite\",\"item\":\"https:\\\/\\\/musiculum.de\\\/\"},{\"@type\":\"ListItem\",\"position\":2,\"name\":\"Benenne die Teile der Geige\"}]},{\"@type\":\"WebSite\",\"@id\":\"https:\\\/\\\/musiculum.de\\\/#website\",\"url\":\"https:\\\/\\\/musiculum.de\\\/\",\"name\":\"musiculum\",\"description\":\"Lern- und Experimentierwerkstatt f\u00fcr Kinder und Jugendliche\",\"potentialAction\":[{\"@type\":\"SearchAction\",\"target\":{\"@type\":\"EntryPoint\",\"urlTemplate\":\"https:\\\/\\\/musiculum.de\\\/?s={search_term_string}\"},\"query-input\":{\"@type\":\"PropertyValueSpecification\",\"valueRequired\":true,\"valueName\":\"search_term_string\"}}],\"inLanguage\":\"de\"}]}<\/script>\n<!-- \/ Yoast SEO plugin. -->","yoast_head_json":{"title":"Benenne die Teile der Geige - musiculum","robots":{"index":"index","follow":"follow","max-snippet":"max-snippet:-1","max-image-preview":"max-image-preview:large","max-video-preview":"max-video-preview:-1"},"canonical":"https:\/\/musiculum.de\/index.php\/benenne-die-teile-der-geige\/","og_locale":"de_DE","og_type":"article","og_title":"Benenne die Teile der Geige - musiculum","og_description":"Die Geige (oder auch Violine) ist ein Streichinstrument. Sie hat vier Saiten. Diese lassen sich mit Hilfe der Wirbel stimmen. Vom Saitenhalter aus f\u00fchren die Saiten \u00fcber den Steg und das Griffbrett bis zum Kopf, der Schnecke. Beim Spielen wird das Kinn auf die Kinnst\u00fctze gelegt und mit dem Bogen \u00fcber die Saiten gestrichen. Die [&hellip;]","og_url":"https:\/\/musiculum.de\/index.php\/benenne-die-teile-der-geige\/","og_site_name":"musiculum","article_modified_time":"2021-05-25T11:18:41+00:00","twitter_card":"summary_large_image","twitter_misc":{"Gesch\u00e4tzte Lesezeit":"1\u00a0Minute"},"schema":{"@context":"https:\/\/schema.org","@graph":[{"@type":"WebPage","@id":"https:\/\/musiculum.de\/index.php\/benenne-die-teile-der-geige\/","url":"https:\/\/musiculum.de\/index.php\/benenne-die-teile-der-geige\/","name":"Benenne die Teile der Geige - musiculum","isPartOf":{"@id":"https:\/\/musiculum.de\/#website"},"datePublished":"2021-02-03T12:26:42+00:00","dateModified":"2021-05-25T11:18:41+00:00","breadcrumb":{"@id":"https:\/\/musiculum.de\/index.php\/benenne-die-teile-der-geige\/#breadcrumb"},"inLanguage":"de","potentialAction":[{"@type":"ReadAction","target":["https:\/\/musiculum.de\/index.php\/benenne-die-teile-der-geige\/"]}]},{"@type":"BreadcrumbList","@id":"https:\/\/musiculum.de\/index.php\/benenne-die-teile-der-geige\/#breadcrumb","itemListElement":[{"@type":"ListItem","position":1,"name":"Startseite","item":"https:\/\/musiculum.de\/"},{"@type":"ListItem","position":2,"name":"Benenne die Teile der Geige"}]},{"@type":"WebSite","@id":"https:\/\/musiculum.de\/#website","url":"https:\/\/musiculum.de\/","name":"musiculum","description":"Lern- und Experimentierwerkstatt f\u00fcr Kinder und Jugendliche","potentialAction":[{"@type":"SearchAction","target":{"@type":"EntryPoint","urlTemplate":"https:\/\/musiculum.de\/?s={search_term_string}"},"query-input":{"@type":"PropertyValueSpecification","valueRequired":true,"valueName":"search_term_string"}}],"inLanguage":"de"}]}},"_links":{"self":[{"href":"https:\/\/musiculum.de\/index.php\/wp-json\/wp\/v2\/pages\/2681","targetHints":{"allow":["GET"]}}],"collection":[{"href":"https:\/\/musiculum.de\/index.php\/wp-json\/wp\/v2\/pages"}],"about":[{"href":"https:\/\/musiculum.de\/index.php\/wp-json\/wp\/v2\/types\/page"}],"author":[{"embeddable":true,"href":"https:\/\/musiculum.de\/index.php\/wp-json\/wp\/v2\/users\/1"}],"replies":[{"embeddable":true,"href":"https:\/\/musiculum.de\/index.php\/wp-json\/wp\/v2\/comments?post=2681"}],"version-history":[{"count":3,"href":"https:\/\/musiculum.de\/index.php\/wp-json\/wp\/v2\/pages\/2681\/revisions"}],"predecessor-version":[{"id":4310,"href":"https:\/\/musiculum.de\/index.php\/wp-json\/wp\/v2\/pages\/2681\/revisions\/4310"}],"wp:attachment":[{"href":"https:\/\/musiculum.de\/index.php\/wp-json\/wp\/v2\/media?parent=2681"}],"wp:term":[{"taxonomy":"category","embeddable":true,"href":"https:\/\/musiculum.de\/index.php\/wp-json\/wp\/v2\/categories?post=2681"},{"taxonomy":"post_tag","embeddable":true,"href":"https:\/\/musiculum.de\/index.php\/wp-json\/wp\/v2\/tags?post=2681"}],"curies":[{"name":"wp","href":"https:\/\/api.w.org\/{rel}","templated":true}]}}