{"id":2679,"date":"2021-02-03T13:24:58","date_gmt":"2021-02-03T12:24:58","guid":{"rendered":"https:\/\/musiculum.de\/?page_id=2679"},"modified":"2021-05-17T08:48:00","modified_gmt":"2021-05-17T06:48:00","slug":"benenne-die-teile-des-fluegels","status":"publish","type":"page","link":"https:\/\/musiculum.de\/index.php\/benenne-die-teile-des-fluegels\/","title":{"rendered":"Benenne die Teile des Fl\u00fcgels"},"content":{"rendered":"<p>Der Fl\u00fcgel ist eine besondere Bauform des Klaviers und geh\u00f6rt zur Familie der Saiteninstrumente. Gleichzeitig ist er auch ein Tasteninstrument.<\/p>\n<p>Sein K\u00f6rper (<strong>Korpus<\/strong>) hat die Form eines Fl\u00fcgels. Daher kommt der Name. Im Inneren sind die Saiten auf einer Gusseisenplatte gespannt. Weil der Fl\u00fcgel dadurch so schwer ist, hat er <strong>Rollen<\/strong> unter den F\u00fc\u00dfen. So kann er besser hin- und herbewegt werden. Stellst du den <strong>Fl\u00fcgeldeckel<\/strong> hoch, klingt der Fl\u00fcgel lauter. Siehst du den <strong>Stab<\/strong> zum Feststellen?<\/p>\n<p>Jede <strong>Taste<\/strong> ist mit einem H\u00e4mmerchen verbunden, das die Saiten von unten anschl\u00e4gt. Und zu fast jeder Saite geh\u00f6rt ein D\u00e4mpfer. Das rechte Pedal hebt alle D\u00e4mpfer an und l\u00e4sst die T\u00f6ne ausschwingen. Der Fl\u00fcgel hat noch weitere <strong>Pedale<\/strong>, die den Klang ver\u00e4ndern.<\/p>\n<div class=\"h5p-iframe-wrapper\"><iframe id=\"h5p-iframe-23\" class=\"h5p-iframe\" data-content-id=\"23\" style=\"height:1px\" src=\"about:blank\" frameBorder=\"0\" scrolling=\"no\" title=\"Ziehe die W\u00f6rter auf die richtigen Linien\"><\/iframe><\/div>\n","protected":false},"excerpt":{"rendered":"<p>Der Fl\u00fcgel ist eine besondere Bauform des Klaviers und geh\u00f6rt zur Familie der Saiteninstrumente. Gleichzeitig ist er auch ein Tasteninstrument. Sein K\u00f6rper (Korpus) hat die Form eines Fl\u00fcgels. Daher kommt der Name. Im Inneren sind die Saiten auf einer Gusseisenplatte gespannt. Weil der Fl\u00fcgel dadurch so schwer ist, hat er Rollen unter den F\u00fc\u00dfen. So [&hellip;]<\/p>\n","protected":false},"author":1,"featured_media":0,"parent":0,"menu_order":0,"comment_status":"closed","ping_status":"closed","template":"","meta":{"footnotes":""},"categories":[],"tags":[],"class_list":["post-2679","page","type-page","status-publish","hentry"],"yoast_head":"<!-- This site is optimized with the Yoast SEO plugin v27.4 - https:\/\/yoast.com\/product\/yoast-seo-wordpress\/ -->\n<title>Benenne die Teile des Fl\u00fcgels - musiculum<\/title>\n<meta name=\"robots\" content=\"index, follow, max-snippet:-1, max-image-preview:large, max-video-preview:-1\" \/>\n<link rel=\"canonical\" href=\"https:\/\/musiculum.de\/index.php\/benenne-die-teile-des-fluegels\/\" \/>\n<meta property=\"og:locale\" content=\"de_DE\" \/>\n<meta property=\"og:type\" content=\"article\" \/>\n<meta property=\"og:title\" content=\"Benenne die Teile des Fl\u00fcgels - musiculum\" \/>\n<meta property=\"og:description\" content=\"Der Fl\u00fcgel ist eine besondere Bauform des Klaviers und geh\u00f6rt zur Familie der Saiteninstrumente. Gleichzeitig ist er auch ein Tasteninstrument. Sein K\u00f6rper (Korpus) hat die Form eines Fl\u00fcgels. Daher kommt der Name. Im Inneren sind die Saiten auf einer Gusseisenplatte gespannt. Weil der Fl\u00fcgel dadurch so schwer ist, hat er Rollen unter den F\u00fc\u00dfen. So [&hellip;]\" \/>\n<meta property=\"og:url\" content=\"https:\/\/musiculum.de\/index.php\/benenne-die-teile-des-fluegels\/\" \/>\n<meta property=\"og:site_name\" content=\"musiculum\" \/>\n<meta property=\"article:modified_time\" content=\"2021-05-17T06:48:00+00:00\" \/>\n<meta name=\"twitter:card\" content=\"summary_large_image\" \/>\n<meta name=\"twitter:label1\" content=\"Gesch\u00e4tzte Lesezeit\" \/>\n\t<meta name=\"twitter:data1\" content=\"1\u00a0Minute\" \/>\n<script type=\"application\/ld+json\" class=\"yoast-schema-graph\">{\"@context\":\"https:\\\/\\\/schema.org\",\"@graph\":[{\"@type\":\"WebPage\",\"@id\":\"https:\\\/\\\/musiculum.de\\\/index.php\\\/benenne-die-teile-des-fluegels\\\/\",\"url\":\"https:\\\/\\\/musiculum.de\\\/index.php\\\/benenne-die-teile-des-fluegels\\\/\",\"name\":\"Benenne die Teile des Fl\u00fcgels - musiculum\",\"isPartOf\":{\"@id\":\"https:\\\/\\\/musiculum.de\\\/#website\"},\"datePublished\":\"2021-02-03T12:24:58+00:00\",\"dateModified\":\"2021-05-17T06:48:00+00:00\",\"breadcrumb\":{\"@id\":\"https:\\\/\\\/musiculum.de\\\/index.php\\\/benenne-die-teile-des-fluegels\\\/#breadcrumb\"},\"inLanguage\":\"de\",\"potentialAction\":[{\"@type\":\"ReadAction\",\"target\":[\"https:\\\/\\\/musiculum.de\\\/index.php\\\/benenne-die-teile-des-fluegels\\\/\"]}]},{\"@type\":\"BreadcrumbList\",\"@id\":\"https:\\\/\\\/musiculum.de\\\/index.php\\\/benenne-die-teile-des-fluegels\\\/#breadcrumb\",\"itemListElement\":[{\"@type\":\"ListItem\",\"position\":1,\"name\":\"Startseite\",\"item\":\"https:\\\/\\\/musiculum.de\\\/\"},{\"@type\":\"ListItem\",\"position\":2,\"name\":\"Benenne die Teile des Fl\u00fcgels\"}]},{\"@type\":\"WebSite\",\"@id\":\"https:\\\/\\\/musiculum.de\\\/#website\",\"url\":\"https:\\\/\\\/musiculum.de\\\/\",\"name\":\"musiculum\",\"description\":\"Lern- und Experimentierwerkstatt f\u00fcr Kinder und Jugendliche\",\"potentialAction\":[{\"@type\":\"SearchAction\",\"target\":{\"@type\":\"EntryPoint\",\"urlTemplate\":\"https:\\\/\\\/musiculum.de\\\/?s={search_term_string}\"},\"query-input\":{\"@type\":\"PropertyValueSpecification\",\"valueRequired\":true,\"valueName\":\"search_term_string\"}}],\"inLanguage\":\"de\"}]}<\/script>\n<!-- \/ Yoast SEO plugin. -->","yoast_head_json":{"title":"Benenne die Teile des Fl\u00fcgels - musiculum","robots":{"index":"index","follow":"follow","max-snippet":"max-snippet:-1","max-image-preview":"max-image-preview:large","max-video-preview":"max-video-preview:-1"},"canonical":"https:\/\/musiculum.de\/index.php\/benenne-die-teile-des-fluegels\/","og_locale":"de_DE","og_type":"article","og_title":"Benenne die Teile des Fl\u00fcgels - musiculum","og_description":"Der Fl\u00fcgel ist eine besondere Bauform des Klaviers und geh\u00f6rt zur Familie der Saiteninstrumente. Gleichzeitig ist er auch ein Tasteninstrument. Sein K\u00f6rper (Korpus) hat die Form eines Fl\u00fcgels. Daher kommt der Name. Im Inneren sind die Saiten auf einer Gusseisenplatte gespannt. Weil der Fl\u00fcgel dadurch so schwer ist, hat er Rollen unter den F\u00fc\u00dfen. So [&hellip;]","og_url":"https:\/\/musiculum.de\/index.php\/benenne-die-teile-des-fluegels\/","og_site_name":"musiculum","article_modified_time":"2021-05-17T06:48:00+00:00","twitter_card":"summary_large_image","twitter_misc":{"Gesch\u00e4tzte Lesezeit":"1\u00a0Minute"},"schema":{"@context":"https:\/\/schema.org","@graph":[{"@type":"WebPage","@id":"https:\/\/musiculum.de\/index.php\/benenne-die-teile-des-fluegels\/","url":"https:\/\/musiculum.de\/index.php\/benenne-die-teile-des-fluegels\/","name":"Benenne die Teile des Fl\u00fcgels - musiculum","isPartOf":{"@id":"https:\/\/musiculum.de\/#website"},"datePublished":"2021-02-03T12:24:58+00:00","dateModified":"2021-05-17T06:48:00+00:00","breadcrumb":{"@id":"https:\/\/musiculum.de\/index.php\/benenne-die-teile-des-fluegels\/#breadcrumb"},"inLanguage":"de","potentialAction":[{"@type":"ReadAction","target":["https:\/\/musiculum.de\/index.php\/benenne-die-teile-des-fluegels\/"]}]},{"@type":"BreadcrumbList","@id":"https:\/\/musiculum.de\/index.php\/benenne-die-teile-des-fluegels\/#breadcrumb","itemListElement":[{"@type":"ListItem","position":1,"name":"Startseite","item":"https:\/\/musiculum.de\/"},{"@type":"ListItem","position":2,"name":"Benenne die Teile des Fl\u00fcgels"}]},{"@type":"WebSite","@id":"https:\/\/musiculum.de\/#website","url":"https:\/\/musiculum.de\/","name":"musiculum","description":"Lern- und Experimentierwerkstatt f\u00fcr Kinder und Jugendliche","potentialAction":[{"@type":"SearchAction","target":{"@type":"EntryPoint","urlTemplate":"https:\/\/musiculum.de\/?s={search_term_string}"},"query-input":{"@type":"PropertyValueSpecification","valueRequired":true,"valueName":"search_term_string"}}],"inLanguage":"de"}]}},"_links":{"self":[{"href":"https:\/\/musiculum.de\/index.php\/wp-json\/wp\/v2\/pages\/2679","targetHints":{"allow":["GET"]}}],"collection":[{"href":"https:\/\/musiculum.de\/index.php\/wp-json\/wp\/v2\/pages"}],"about":[{"href":"https:\/\/musiculum.de\/index.php\/wp-json\/wp\/v2\/types\/page"}],"author":[{"embeddable":true,"href":"https:\/\/musiculum.de\/index.php\/wp-json\/wp\/v2\/users\/1"}],"replies":[{"embeddable":true,"href":"https:\/\/musiculum.de\/index.php\/wp-json\/wp\/v2\/comments?post=2679"}],"version-history":[{"count":2,"href":"https:\/\/musiculum.de\/index.php\/wp-json\/wp\/v2\/pages\/2679\/revisions"}],"predecessor-version":[{"id":4224,"href":"https:\/\/musiculum.de\/index.php\/wp-json\/wp\/v2\/pages\/2679\/revisions\/4224"}],"wp:attachment":[{"href":"https:\/\/musiculum.de\/index.php\/wp-json\/wp\/v2\/media?parent=2679"}],"wp:term":[{"taxonomy":"category","embeddable":true,"href":"https:\/\/musiculum.de\/index.php\/wp-json\/wp\/v2\/categories?post=2679"},{"taxonomy":"post_tag","embeddable":true,"href":"https:\/\/musiculum.de\/index.php\/wp-json\/wp\/v2\/tags?post=2679"}],"curies":[{"name":"wp","href":"https:\/\/api.w.org\/{rel}","templated":true}]}}