{"id":2677,"date":"2021-02-03T13:23:38","date_gmt":"2021-02-03T12:23:38","guid":{"rendered":"https:\/\/musiculum.de\/?page_id=2677"},"modified":"2021-05-17T09:07:31","modified_gmt":"2021-05-17T07:07:31","slug":"benenne-die-teile-des-kontrabasses","status":"publish","type":"page","link":"https:\/\/musiculum.de\/index.php\/benenne-die-teile-des-kontrabasses\/","title":{"rendered":"Benenne die Teile des Kontrabasses"},"content":{"rendered":"<p>Der Kontrabass ist das gr\u00f6\u00dfte Streichinstrument. Er hat vier oder f\u00fcnf<strong> Saiten<\/strong>. Diese lassen sich mit Hilfe der <strong>Wirbel <\/strong>stimmen.<\/p>\n<p>Er ist im Prinzip genau so gebaut, wie die anderen Streichinstrumente: Vom <strong>Saitenhalter<\/strong> aus f\u00fchren die Saiten \u00fcber den <strong>Steg<\/strong> und das <strong>Griffbrett<\/strong> bis zu ihrem Kopf, der <strong>Schnecke<\/strong>. Die zwei Schall-L\u00f6cher sorgen daf\u00fcr, dass die Holzdecke beweglich ist und gut schwingen kann. Sie hei\u00dfen <strong>f-L\u00f6cher<\/strong>. Der <strong>Bogen<\/strong> streicht \u00fcber die Saiten.<\/p>\n<p>Der Kontrabass steht auf dem <strong>Stachel.<\/strong> Das ist ein h\u00f6henverstellbarer Standfu\u00df.<\/p>\n<p>Die Entwicklung des Kontrabasses begann im 16. Jahrhundert in Italien.<\/p>\n<div class=\"h5p-iframe-wrapper\"><iframe id=\"h5p-iframe-24\" class=\"h5p-iframe\" data-content-id=\"24\" style=\"height:1px\" src=\"about:blank\" frameBorder=\"0\" scrolling=\"no\" title=\"Ziehe die W\u00f6rter auf die richtigen Linien\"><\/iframe><\/div>\n","protected":false},"excerpt":{"rendered":"<p>Der Kontrabass ist das gr\u00f6\u00dfte Streichinstrument. Er hat vier oder f\u00fcnf Saiten. Diese lassen sich mit Hilfe der Wirbel stimmen. Er ist im Prinzip genau so gebaut, wie die anderen Streichinstrumente: Vom Saitenhalter aus f\u00fchren die Saiten \u00fcber den Steg und das Griffbrett bis zu ihrem Kopf, der Schnecke. Die zwei Schall-L\u00f6cher sorgen daf\u00fcr, dass [&hellip;]<\/p>\n","protected":false},"author":1,"featured_media":0,"parent":0,"menu_order":0,"comment_status":"closed","ping_status":"closed","template":"","meta":{"footnotes":""},"categories":[],"tags":[],"class_list":["post-2677","page","type-page","status-publish","hentry"],"yoast_head":"<!-- This site is optimized with the Yoast SEO plugin v27.2 - https:\/\/yoast.com\/product\/yoast-seo-wordpress\/ -->\n<title>Benenne die Teile des Kontrabasses - musiculum<\/title>\n<meta name=\"robots\" content=\"index, follow, max-snippet:-1, max-image-preview:large, max-video-preview:-1\" \/>\n<link rel=\"canonical\" href=\"https:\/\/musiculum.de\/index.php\/benenne-die-teile-des-kontrabasses\/\" \/>\n<meta property=\"og:locale\" content=\"de_DE\" \/>\n<meta property=\"og:type\" content=\"article\" \/>\n<meta property=\"og:title\" content=\"Benenne die Teile des Kontrabasses - musiculum\" \/>\n<meta property=\"og:description\" content=\"Der Kontrabass ist das gr\u00f6\u00dfte Streichinstrument. Er hat vier oder f\u00fcnf Saiten. Diese lassen sich mit Hilfe der Wirbel stimmen. Er ist im Prinzip genau so gebaut, wie die anderen Streichinstrumente: Vom Saitenhalter aus f\u00fchren die Saiten \u00fcber den Steg und das Griffbrett bis zu ihrem Kopf, der Schnecke. Die zwei Schall-L\u00f6cher sorgen daf\u00fcr, dass [&hellip;]\" \/>\n<meta property=\"og:url\" content=\"https:\/\/musiculum.de\/index.php\/benenne-die-teile-des-kontrabasses\/\" \/>\n<meta property=\"og:site_name\" content=\"musiculum\" \/>\n<meta property=\"article:modified_time\" content=\"2021-05-17T07:07:31+00:00\" \/>\n<meta name=\"twitter:card\" content=\"summary_large_image\" \/>\n<meta name=\"twitter:label1\" content=\"Gesch\u00e4tzte Lesezeit\" \/>\n\t<meta name=\"twitter:data1\" content=\"1\u00a0Minute\" \/>\n<script type=\"application\/ld+json\" class=\"yoast-schema-graph\">{\"@context\":\"https:\/\/schema.org\",\"@graph\":[{\"@type\":\"WebPage\",\"@id\":\"https:\/\/musiculum.de\/index.php\/benenne-die-teile-des-kontrabasses\/\",\"url\":\"https:\/\/musiculum.de\/index.php\/benenne-die-teile-des-kontrabasses\/\",\"name\":\"Benenne die Teile des Kontrabasses - musiculum\",\"isPartOf\":{\"@id\":\"https:\/\/musiculum.de\/#website\"},\"datePublished\":\"2021-02-03T12:23:38+00:00\",\"dateModified\":\"2021-05-17T07:07:31+00:00\",\"breadcrumb\":{\"@id\":\"https:\/\/musiculum.de\/index.php\/benenne-die-teile-des-kontrabasses\/#breadcrumb\"},\"inLanguage\":\"de\",\"potentialAction\":[{\"@type\":\"ReadAction\",\"target\":[\"https:\/\/musiculum.de\/index.php\/benenne-die-teile-des-kontrabasses\/\"]}]},{\"@type\":\"BreadcrumbList\",\"@id\":\"https:\/\/musiculum.de\/index.php\/benenne-die-teile-des-kontrabasses\/#breadcrumb\",\"itemListElement\":[{\"@type\":\"ListItem\",\"position\":1,\"name\":\"Startseite\",\"item\":\"https:\/\/musiculum.de\/\"},{\"@type\":\"ListItem\",\"position\":2,\"name\":\"Benenne die Teile des Kontrabasses\"}]},{\"@type\":\"WebSite\",\"@id\":\"https:\/\/musiculum.de\/#website\",\"url\":\"https:\/\/musiculum.de\/\",\"name\":\"musiculum\",\"description\":\"Lern- und Experimentierwerkstatt f\u00fcr Kinder und Jugendliche\",\"potentialAction\":[{\"@type\":\"SearchAction\",\"target\":{\"@type\":\"EntryPoint\",\"urlTemplate\":\"https:\/\/musiculum.de\/?s={search_term_string}\"},\"query-input\":{\"@type\":\"PropertyValueSpecification\",\"valueRequired\":true,\"valueName\":\"search_term_string\"}}],\"inLanguage\":\"de\"}]}<\/script>\n<!-- \/ Yoast SEO plugin. -->","yoast_head_json":{"title":"Benenne die Teile des Kontrabasses - musiculum","robots":{"index":"index","follow":"follow","max-snippet":"max-snippet:-1","max-image-preview":"max-image-preview:large","max-video-preview":"max-video-preview:-1"},"canonical":"https:\/\/musiculum.de\/index.php\/benenne-die-teile-des-kontrabasses\/","og_locale":"de_DE","og_type":"article","og_title":"Benenne die Teile des Kontrabasses - musiculum","og_description":"Der Kontrabass ist das gr\u00f6\u00dfte Streichinstrument. Er hat vier oder f\u00fcnf Saiten. Diese lassen sich mit Hilfe der Wirbel stimmen. Er ist im Prinzip genau so gebaut, wie die anderen Streichinstrumente: Vom Saitenhalter aus f\u00fchren die Saiten \u00fcber den Steg und das Griffbrett bis zu ihrem Kopf, der Schnecke. Die zwei Schall-L\u00f6cher sorgen daf\u00fcr, dass [&hellip;]","og_url":"https:\/\/musiculum.de\/index.php\/benenne-die-teile-des-kontrabasses\/","og_site_name":"musiculum","article_modified_time":"2021-05-17T07:07:31+00:00","twitter_card":"summary_large_image","twitter_misc":{"Gesch\u00e4tzte Lesezeit":"1\u00a0Minute"},"schema":{"@context":"https:\/\/schema.org","@graph":[{"@type":"WebPage","@id":"https:\/\/musiculum.de\/index.php\/benenne-die-teile-des-kontrabasses\/","url":"https:\/\/musiculum.de\/index.php\/benenne-die-teile-des-kontrabasses\/","name":"Benenne die Teile des Kontrabasses - musiculum","isPartOf":{"@id":"https:\/\/musiculum.de\/#website"},"datePublished":"2021-02-03T12:23:38+00:00","dateModified":"2021-05-17T07:07:31+00:00","breadcrumb":{"@id":"https:\/\/musiculum.de\/index.php\/benenne-die-teile-des-kontrabasses\/#breadcrumb"},"inLanguage":"de","potentialAction":[{"@type":"ReadAction","target":["https:\/\/musiculum.de\/index.php\/benenne-die-teile-des-kontrabasses\/"]}]},{"@type":"BreadcrumbList","@id":"https:\/\/musiculum.de\/index.php\/benenne-die-teile-des-kontrabasses\/#breadcrumb","itemListElement":[{"@type":"ListItem","position":1,"name":"Startseite","item":"https:\/\/musiculum.de\/"},{"@type":"ListItem","position":2,"name":"Benenne die Teile des Kontrabasses"}]},{"@type":"WebSite","@id":"https:\/\/musiculum.de\/#website","url":"https:\/\/musiculum.de\/","name":"musiculum","description":"Lern- und Experimentierwerkstatt f\u00fcr Kinder und Jugendliche","potentialAction":[{"@type":"SearchAction","target":{"@type":"EntryPoint","urlTemplate":"https:\/\/musiculum.de\/?s={search_term_string}"},"query-input":{"@type":"PropertyValueSpecification","valueRequired":true,"valueName":"search_term_string"}}],"inLanguage":"de"}]}},"_links":{"self":[{"href":"https:\/\/musiculum.de\/index.php\/wp-json\/wp\/v2\/pages\/2677","targetHints":{"allow":["GET"]}}],"collection":[{"href":"https:\/\/musiculum.de\/index.php\/wp-json\/wp\/v2\/pages"}],"about":[{"href":"https:\/\/musiculum.de\/index.php\/wp-json\/wp\/v2\/types\/page"}],"author":[{"embeddable":true,"href":"https:\/\/musiculum.de\/index.php\/wp-json\/wp\/v2\/users\/1"}],"replies":[{"embeddable":true,"href":"https:\/\/musiculum.de\/index.php\/wp-json\/wp\/v2\/comments?post=2677"}],"version-history":[{"count":4,"href":"https:\/\/musiculum.de\/index.php\/wp-json\/wp\/v2\/pages\/2677\/revisions"}],"predecessor-version":[{"id":4226,"href":"https:\/\/musiculum.de\/index.php\/wp-json\/wp\/v2\/pages\/2677\/revisions\/4226"}],"wp:attachment":[{"href":"https:\/\/musiculum.de\/index.php\/wp-json\/wp\/v2\/media?parent=2677"}],"wp:term":[{"taxonomy":"category","embeddable":true,"href":"https:\/\/musiculum.de\/index.php\/wp-json\/wp\/v2\/categories?post=2677"},{"taxonomy":"post_tag","embeddable":true,"href":"https:\/\/musiculum.de\/index.php\/wp-json\/wp\/v2\/tags?post=2677"}],"curies":[{"name":"wp","href":"https:\/\/api.w.org\/{rel}","templated":true}]}}