{"id":2552,"date":"2021-01-19T09:29:06","date_gmt":"2021-01-19T08:29:06","guid":{"rendered":"https:\/\/musiculum.de\/?page_id=2552"},"modified":"2021-05-12T10:41:29","modified_gmt":"2021-05-12T08:41:29","slug":"benenne-die-teile-des-beckens","status":"publish","type":"page","link":"https:\/\/musiculum.de\/index.php\/benenne-die-teile-des-beckens\/","title":{"rendered":"Benenne die Teile des Beckens"},"content":{"rendered":"<p>Das Becken geh\u00f6rt zu den Schlaginstrumenten. Es gibt sie in vielen verschiedenen Gr\u00f6\u00dfen. Zum Gegeneinanderschlagen werden immer zwei gleiche Becken genommen.<\/p>\n<p>In einem komplizierten Vorgang werden diese tellerf\u00f6rmigen <strong>Metallscheiben<\/strong> aus Kupfer und Zinn geschmiedet.<\/p>\n<p>Zum Festhalten haben sie <strong>Lederschlaufen<\/strong>, die durch ein Loch in der Mitte gezogen und auf der Unterseite verknotet werden.<\/p>\n<p>Becken k\u00f6nnen keine bestimmte Tonh\u00f6he spielen. Statt dessen machen sie ein metallisches, langanhaltendes Ger\u00e4usch.<\/p>\n<p>Die allerersten Becken sind uralt und stammen vermutlich aus Asien.<\/p>\n<div class=\"h5p-iframe-wrapper\"><iframe id=\"h5p-iframe-18\" class=\"h5p-iframe\" data-content-id=\"18\" style=\"height:1px\" src=\"about:blank\" frameBorder=\"0\" scrolling=\"no\" title=\"Ziehe die W\u00f6rter auf die richtigen Linien\"><\/iframe><\/div>\n","protected":false},"excerpt":{"rendered":"<p>Das Becken geh\u00f6rt zu den Schlaginstrumenten. Es gibt sie in vielen verschiedenen Gr\u00f6\u00dfen. Zum Gegeneinanderschlagen werden immer zwei gleiche Becken genommen. In einem komplizierten Vorgang werden diese tellerf\u00f6rmigen Metallscheiben aus Kupfer und Zinn geschmiedet. Zum Festhalten haben sie Lederschlaufen, die durch ein Loch in der Mitte gezogen und auf der Unterseite verknotet werden. Becken k\u00f6nnen [&hellip;]<\/p>\n","protected":false},"author":1,"featured_media":0,"parent":0,"menu_order":0,"comment_status":"closed","ping_status":"closed","template":"","meta":{"footnotes":""},"categories":[],"tags":[],"class_list":["post-2552","page","type-page","status-publish","hentry"],"yoast_head":"<!-- This site is optimized with the Yoast SEO plugin v27.2 - https:\/\/yoast.com\/product\/yoast-seo-wordpress\/ -->\n<title>Benenne die Teile des Beckens - musiculum<\/title>\n<meta name=\"robots\" content=\"index, follow, max-snippet:-1, max-image-preview:large, max-video-preview:-1\" \/>\n<link rel=\"canonical\" href=\"https:\/\/musiculum.de\/index.php\/benenne-die-teile-des-beckens\/\" \/>\n<meta property=\"og:locale\" content=\"de_DE\" \/>\n<meta property=\"og:type\" content=\"article\" \/>\n<meta property=\"og:title\" content=\"Benenne die Teile des Beckens - musiculum\" \/>\n<meta property=\"og:description\" content=\"Das Becken geh\u00f6rt zu den Schlaginstrumenten. Es gibt sie in vielen verschiedenen Gr\u00f6\u00dfen. Zum Gegeneinanderschlagen werden immer zwei gleiche Becken genommen. In einem komplizierten Vorgang werden diese tellerf\u00f6rmigen Metallscheiben aus Kupfer und Zinn geschmiedet. Zum Festhalten haben sie Lederschlaufen, die durch ein Loch in der Mitte gezogen und auf der Unterseite verknotet werden. Becken k\u00f6nnen [&hellip;]\" \/>\n<meta property=\"og:url\" content=\"https:\/\/musiculum.de\/index.php\/benenne-die-teile-des-beckens\/\" \/>\n<meta property=\"og:site_name\" content=\"musiculum\" \/>\n<meta property=\"article:modified_time\" content=\"2021-05-12T08:41:29+00:00\" \/>\n<meta name=\"twitter:card\" content=\"summary_large_image\" \/>\n<meta name=\"twitter:label1\" content=\"Gesch\u00e4tzte Lesezeit\" \/>\n\t<meta name=\"twitter:data1\" content=\"1\u00a0Minute\" \/>\n<script type=\"application\/ld+json\" class=\"yoast-schema-graph\">{\"@context\":\"https:\/\/schema.org\",\"@graph\":[{\"@type\":\"WebPage\",\"@id\":\"https:\/\/musiculum.de\/index.php\/benenne-die-teile-des-beckens\/\",\"url\":\"https:\/\/musiculum.de\/index.php\/benenne-die-teile-des-beckens\/\",\"name\":\"Benenne die Teile des Beckens - musiculum\",\"isPartOf\":{\"@id\":\"https:\/\/musiculum.de\/#website\"},\"datePublished\":\"2021-01-19T08:29:06+00:00\",\"dateModified\":\"2021-05-12T08:41:29+00:00\",\"breadcrumb\":{\"@id\":\"https:\/\/musiculum.de\/index.php\/benenne-die-teile-des-beckens\/#breadcrumb\"},\"inLanguage\":\"de\",\"potentialAction\":[{\"@type\":\"ReadAction\",\"target\":[\"https:\/\/musiculum.de\/index.php\/benenne-die-teile-des-beckens\/\"]}]},{\"@type\":\"BreadcrumbList\",\"@id\":\"https:\/\/musiculum.de\/index.php\/benenne-die-teile-des-beckens\/#breadcrumb\",\"itemListElement\":[{\"@type\":\"ListItem\",\"position\":1,\"name\":\"Startseite\",\"item\":\"https:\/\/musiculum.de\/\"},{\"@type\":\"ListItem\",\"position\":2,\"name\":\"Benenne die Teile des Beckens\"}]},{\"@type\":\"WebSite\",\"@id\":\"https:\/\/musiculum.de\/#website\",\"url\":\"https:\/\/musiculum.de\/\",\"name\":\"musiculum\",\"description\":\"Lern- und Experimentierwerkstatt f\u00fcr Kinder und Jugendliche\",\"potentialAction\":[{\"@type\":\"SearchAction\",\"target\":{\"@type\":\"EntryPoint\",\"urlTemplate\":\"https:\/\/musiculum.de\/?s={search_term_string}\"},\"query-input\":{\"@type\":\"PropertyValueSpecification\",\"valueRequired\":true,\"valueName\":\"search_term_string\"}}],\"inLanguage\":\"de\"}]}<\/script>\n<!-- \/ Yoast SEO plugin. -->","yoast_head_json":{"title":"Benenne die Teile des Beckens - musiculum","robots":{"index":"index","follow":"follow","max-snippet":"max-snippet:-1","max-image-preview":"max-image-preview:large","max-video-preview":"max-video-preview:-1"},"canonical":"https:\/\/musiculum.de\/index.php\/benenne-die-teile-des-beckens\/","og_locale":"de_DE","og_type":"article","og_title":"Benenne die Teile des Beckens - musiculum","og_description":"Das Becken geh\u00f6rt zu den Schlaginstrumenten. Es gibt sie in vielen verschiedenen Gr\u00f6\u00dfen. Zum Gegeneinanderschlagen werden immer zwei gleiche Becken genommen. In einem komplizierten Vorgang werden diese tellerf\u00f6rmigen Metallscheiben aus Kupfer und Zinn geschmiedet. Zum Festhalten haben sie Lederschlaufen, die durch ein Loch in der Mitte gezogen und auf der Unterseite verknotet werden. Becken k\u00f6nnen [&hellip;]","og_url":"https:\/\/musiculum.de\/index.php\/benenne-die-teile-des-beckens\/","og_site_name":"musiculum","article_modified_time":"2021-05-12T08:41:29+00:00","twitter_card":"summary_large_image","twitter_misc":{"Gesch\u00e4tzte Lesezeit":"1\u00a0Minute"},"schema":{"@context":"https:\/\/schema.org","@graph":[{"@type":"WebPage","@id":"https:\/\/musiculum.de\/index.php\/benenne-die-teile-des-beckens\/","url":"https:\/\/musiculum.de\/index.php\/benenne-die-teile-des-beckens\/","name":"Benenne die Teile des Beckens - musiculum","isPartOf":{"@id":"https:\/\/musiculum.de\/#website"},"datePublished":"2021-01-19T08:29:06+00:00","dateModified":"2021-05-12T08:41:29+00:00","breadcrumb":{"@id":"https:\/\/musiculum.de\/index.php\/benenne-die-teile-des-beckens\/#breadcrumb"},"inLanguage":"de","potentialAction":[{"@type":"ReadAction","target":["https:\/\/musiculum.de\/index.php\/benenne-die-teile-des-beckens\/"]}]},{"@type":"BreadcrumbList","@id":"https:\/\/musiculum.de\/index.php\/benenne-die-teile-des-beckens\/#breadcrumb","itemListElement":[{"@type":"ListItem","position":1,"name":"Startseite","item":"https:\/\/musiculum.de\/"},{"@type":"ListItem","position":2,"name":"Benenne die Teile des Beckens"}]},{"@type":"WebSite","@id":"https:\/\/musiculum.de\/#website","url":"https:\/\/musiculum.de\/","name":"musiculum","description":"Lern- und Experimentierwerkstatt f\u00fcr Kinder und Jugendliche","potentialAction":[{"@type":"SearchAction","target":{"@type":"EntryPoint","urlTemplate":"https:\/\/musiculum.de\/?s={search_term_string}"},"query-input":{"@type":"PropertyValueSpecification","valueRequired":true,"valueName":"search_term_string"}}],"inLanguage":"de"}]}},"_links":{"self":[{"href":"https:\/\/musiculum.de\/index.php\/wp-json\/wp\/v2\/pages\/2552","targetHints":{"allow":["GET"]}}],"collection":[{"href":"https:\/\/musiculum.de\/index.php\/wp-json\/wp\/v2\/pages"}],"about":[{"href":"https:\/\/musiculum.de\/index.php\/wp-json\/wp\/v2\/types\/page"}],"author":[{"embeddable":true,"href":"https:\/\/musiculum.de\/index.php\/wp-json\/wp\/v2\/users\/1"}],"replies":[{"embeddable":true,"href":"https:\/\/musiculum.de\/index.php\/wp-json\/wp\/v2\/comments?post=2552"}],"version-history":[{"count":3,"href":"https:\/\/musiculum.de\/index.php\/wp-json\/wp\/v2\/pages\/2552\/revisions"}],"predecessor-version":[{"id":4199,"href":"https:\/\/musiculum.de\/index.php\/wp-json\/wp\/v2\/pages\/2552\/revisions\/4199"}],"wp:attachment":[{"href":"https:\/\/musiculum.de\/index.php\/wp-json\/wp\/v2\/media?parent=2552"}],"wp:term":[{"taxonomy":"category","embeddable":true,"href":"https:\/\/musiculum.de\/index.php\/wp-json\/wp\/v2\/categories?post=2552"},{"taxonomy":"post_tag","embeddable":true,"href":"https:\/\/musiculum.de\/index.php\/wp-json\/wp\/v2\/tags?post=2552"}],"curies":[{"name":"wp","href":"https:\/\/api.w.org\/{rel}","templated":true}]}}