{"id":2373,"date":"2020-12-10T09:13:29","date_gmt":"2020-12-10T08:13:29","guid":{"rendered":"https:\/\/musiculum.de\/?page_id=2373"},"modified":"2025-10-22T07:49:02","modified_gmt":"2025-10-22T05:49:02","slug":"akustik-exponatenraum","status":"publish","type":"page","link":"https:\/\/musiculum.de\/index.php\/akustik-exponatenraum\/","title":{"rendered":"Akustik-Exponatenraum"},"content":{"rendered":"<div id=\"pg-2373-0\"  class=\"panel-grid\" ><div class=\"panel-grid-core\"><div id=\"pgc-2373-0-0\"  class=\"panel-grid-cell\" ><div class=\"panel-widget-style\" >\t\t\t<div class=\"textwidget\"><p><strong>Raumgr\u00f6\u00dfe<\/strong>: 2 x ca. 65 m\u00b2<br \/>\n<strong>Lage im Geb\u00e4ude:<\/strong> EG (kein direkter Zugang vom Haupteingang aus)<br \/>\n<strong>Mit Fahrstuhl erreichbar:<\/strong> Nein<br \/>\n<strong>Maximale Personenzahl mit Tischen regul\u00e4r: <\/strong>10 bis 12<strong><br \/>\nMaximale Personenzahl ohne Tische mit Stuhlkreis:<\/strong> 2 x 15<strong><br \/>\n<\/strong><strong>Maximale Personenzahl mit Tischen mit 1,5m Abstand:<\/strong> 6 bis 10<strong><br \/>\nMaximale Personenzahl ohne Tische mit Stuhlkreis und 1,5m Abstand:<\/strong> 2 x 10<br \/>\n<strong>Buchungsanfragen:<\/strong> T.: 0431-666 889-0 oder \u00fcber das <a href=\"https:\/\/musiculum.de\/index.php\/kontakt\/\" rel=\"noopener noreferrer\"><strong>Kontaktformular<\/strong><\/a><\/p>\n<\/div>\n\t\t<\/div><\/div><div id=\"pgc-2373-0-1\"  class=\"panel-grid-cell\" ><div class=\"panel-widget-style\" >\t\t\t<div class=\"textwidget\"><p>Der Akustik-Exponatenraum eignet sich gut f\u00fcr Besprechungen, Fortbildungen und Sitzungen. Zudem k\u00f6nnten dort z.B. auch Satzproben von Ch\u00f6ren oder dergleichen durchgef\u00fchrt werden. Der Raum kann auch zus\u00e4tzlich zum Saal als R\u00fcckzugsort f\u00fcr die Arbeit in Kleingruppen gebucht werden.<\/p>\n<\/div>\n\t\t<\/div><\/div><\/div><\/div><div id=\"pg-2373-1\"  class=\"panel-grid\" ><div class=\"panel-grid-core\"><div id=\"pgc-2373-1-0\"  class=\"panel-grid-cell\" ><\/div><div id=\"pgc-2373-1-1\"  class=\"panel-grid-cell\" ><\/div><\/div><\/div>","protected":false},"excerpt":{"rendered":"<p>Raumgr\u00f6\u00dfe: 2 x ca. 65 m\u00b2 Lage im Geb\u00e4ude: EG (kein direkter Zugang vom Haupteingang aus) Mit Fahrstuhl erreichbar: Nein Maximale Personenzahl mit Tischen regul\u00e4r: 10 bis 12 Maximale Personenzahl ohne Tische mit Stuhlkreis: 2 x 15 Maximale Personenzahl mit Tischen mit 1,5m Abstand: 6 bis 10 Maximale Personenzahl ohne Tische mit Stuhlkreis und 1,5m [&hellip;]<\/p>\n","protected":false},"author":1,"featured_media":0,"parent":0,"menu_order":0,"comment_status":"closed","ping_status":"closed","template":"","meta":{"footnotes":""},"categories":[],"tags":[],"class_list":["post-2373","page","type-page","status-publish","hentry"],"yoast_head":"<!-- This site is optimized with the Yoast SEO plugin v27.5 - https:\/\/yoast.com\/product\/yoast-seo-wordpress\/ -->\n<title>Akustik-Exponatenraum - musiculum<\/title>\n<meta name=\"robots\" content=\"index, follow, max-snippet:-1, max-image-preview:large, max-video-preview:-1\" \/>\n<link rel=\"canonical\" href=\"https:\/\/musiculum.de\/index.php\/akustik-exponatenraum\/\" \/>\n<meta property=\"og:locale\" content=\"de_DE\" \/>\n<meta property=\"og:type\" content=\"article\" \/>\n<meta property=\"og:title\" content=\"Akustik-Exponatenraum - musiculum\" \/>\n<meta property=\"og:description\" content=\"Raumgr\u00f6\u00dfe: 2 x ca. 65 m\u00b2 Lage im Geb\u00e4ude: EG (kein direkter Zugang vom Haupteingang aus) Mit Fahrstuhl erreichbar: Nein Maximale Personenzahl mit Tischen regul\u00e4r: 10 bis 12 Maximale Personenzahl ohne Tische mit Stuhlkreis: 2 x 15 Maximale Personenzahl mit Tischen mit 1,5m Abstand: 6 bis 10 Maximale Personenzahl ohne Tische mit Stuhlkreis und 1,5m [&hellip;]\" \/>\n<meta property=\"og:url\" content=\"https:\/\/musiculum.de\/index.php\/akustik-exponatenraum\/\" \/>\n<meta property=\"og:site_name\" content=\"musiculum\" \/>\n<meta property=\"article:modified_time\" content=\"2025-10-22T05:49:02+00:00\" \/>\n<meta name=\"twitter:card\" content=\"summary_large_image\" \/>\n<meta name=\"twitter:label1\" content=\"Gesch\u00e4tzte Lesezeit\" \/>\n\t<meta name=\"twitter:data1\" content=\"1\u00a0Minute\" \/>\n<script type=\"application\/ld+json\" class=\"yoast-schema-graph\">{\"@context\":\"https:\\\/\\\/schema.org\",\"@graph\":[{\"@type\":\"WebPage\",\"@id\":\"https:\\\/\\\/musiculum.de\\\/index.php\\\/akustik-exponatenraum\\\/\",\"url\":\"https:\\\/\\\/musiculum.de\\\/index.php\\\/akustik-exponatenraum\\\/\",\"name\":\"Akustik-Exponatenraum - musiculum\",\"isPartOf\":{\"@id\":\"https:\\\/\\\/musiculum.de\\\/#website\"},\"datePublished\":\"2020-12-10T08:13:29+00:00\",\"dateModified\":\"2025-10-22T05:49:02+00:00\",\"breadcrumb\":{\"@id\":\"https:\\\/\\\/musiculum.de\\\/index.php\\\/akustik-exponatenraum\\\/#breadcrumb\"},\"inLanguage\":\"de\",\"potentialAction\":[{\"@type\":\"ReadAction\",\"target\":[\"https:\\\/\\\/musiculum.de\\\/index.php\\\/akustik-exponatenraum\\\/\"]}]},{\"@type\":\"BreadcrumbList\",\"@id\":\"https:\\\/\\\/musiculum.de\\\/index.php\\\/akustik-exponatenraum\\\/#breadcrumb\",\"itemListElement\":[{\"@type\":\"ListItem\",\"position\":1,\"name\":\"Startseite\",\"item\":\"https:\\\/\\\/musiculum.de\\\/\"},{\"@type\":\"ListItem\",\"position\":2,\"name\":\"Akustik-Exponatenraum\"}]},{\"@type\":\"WebSite\",\"@id\":\"https:\\\/\\\/musiculum.de\\\/#website\",\"url\":\"https:\\\/\\\/musiculum.de\\\/\",\"name\":\"musiculum\",\"description\":\"Lern- und Experimentierwerkstatt f\u00fcr Kinder und Jugendliche\",\"potentialAction\":[{\"@type\":\"SearchAction\",\"target\":{\"@type\":\"EntryPoint\",\"urlTemplate\":\"https:\\\/\\\/musiculum.de\\\/?s={search_term_string}\"},\"query-input\":{\"@type\":\"PropertyValueSpecification\",\"valueRequired\":true,\"valueName\":\"search_term_string\"}}],\"inLanguage\":\"de\"}]}<\/script>\n<!-- \/ Yoast SEO plugin. -->","yoast_head_json":{"title":"Akustik-Exponatenraum - musiculum","robots":{"index":"index","follow":"follow","max-snippet":"max-snippet:-1","max-image-preview":"max-image-preview:large","max-video-preview":"max-video-preview:-1"},"canonical":"https:\/\/musiculum.de\/index.php\/akustik-exponatenraum\/","og_locale":"de_DE","og_type":"article","og_title":"Akustik-Exponatenraum - musiculum","og_description":"Raumgr\u00f6\u00dfe: 2 x ca. 65 m\u00b2 Lage im Geb\u00e4ude: EG (kein direkter Zugang vom Haupteingang aus) Mit Fahrstuhl erreichbar: Nein Maximale Personenzahl mit Tischen regul\u00e4r: 10 bis 12 Maximale Personenzahl ohne Tische mit Stuhlkreis: 2 x 15 Maximale Personenzahl mit Tischen mit 1,5m Abstand: 6 bis 10 Maximale Personenzahl ohne Tische mit Stuhlkreis und 1,5m [&hellip;]","og_url":"https:\/\/musiculum.de\/index.php\/akustik-exponatenraum\/","og_site_name":"musiculum","article_modified_time":"2025-10-22T05:49:02+00:00","twitter_card":"summary_large_image","twitter_misc":{"Gesch\u00e4tzte Lesezeit":"1\u00a0Minute"},"schema":{"@context":"https:\/\/schema.org","@graph":[{"@type":"WebPage","@id":"https:\/\/musiculum.de\/index.php\/akustik-exponatenraum\/","url":"https:\/\/musiculum.de\/index.php\/akustik-exponatenraum\/","name":"Akustik-Exponatenraum - musiculum","isPartOf":{"@id":"https:\/\/musiculum.de\/#website"},"datePublished":"2020-12-10T08:13:29+00:00","dateModified":"2025-10-22T05:49:02+00:00","breadcrumb":{"@id":"https:\/\/musiculum.de\/index.php\/akustik-exponatenraum\/#breadcrumb"},"inLanguage":"de","potentialAction":[{"@type":"ReadAction","target":["https:\/\/musiculum.de\/index.php\/akustik-exponatenraum\/"]}]},{"@type":"BreadcrumbList","@id":"https:\/\/musiculum.de\/index.php\/akustik-exponatenraum\/#breadcrumb","itemListElement":[{"@type":"ListItem","position":1,"name":"Startseite","item":"https:\/\/musiculum.de\/"},{"@type":"ListItem","position":2,"name":"Akustik-Exponatenraum"}]},{"@type":"WebSite","@id":"https:\/\/musiculum.de\/#website","url":"https:\/\/musiculum.de\/","name":"musiculum","description":"Lern- und Experimentierwerkstatt f\u00fcr Kinder und Jugendliche","potentialAction":[{"@type":"SearchAction","target":{"@type":"EntryPoint","urlTemplate":"https:\/\/musiculum.de\/?s={search_term_string}"},"query-input":{"@type":"PropertyValueSpecification","valueRequired":true,"valueName":"search_term_string"}}],"inLanguage":"de"}]}},"_links":{"self":[{"href":"https:\/\/musiculum.de\/index.php\/wp-json\/wp\/v2\/pages\/2373","targetHints":{"allow":["GET"]}}],"collection":[{"href":"https:\/\/musiculum.de\/index.php\/wp-json\/wp\/v2\/pages"}],"about":[{"href":"https:\/\/musiculum.de\/index.php\/wp-json\/wp\/v2\/types\/page"}],"author":[{"embeddable":true,"href":"https:\/\/musiculum.de\/index.php\/wp-json\/wp\/v2\/users\/1"}],"replies":[{"embeddable":true,"href":"https:\/\/musiculum.de\/index.php\/wp-json\/wp\/v2\/comments?post=2373"}],"version-history":[{"count":5,"href":"https:\/\/musiculum.de\/index.php\/wp-json\/wp\/v2\/pages\/2373\/revisions"}],"predecessor-version":[{"id":6911,"href":"https:\/\/musiculum.de\/index.php\/wp-json\/wp\/v2\/pages\/2373\/revisions\/6911"}],"wp:attachment":[{"href":"https:\/\/musiculum.de\/index.php\/wp-json\/wp\/v2\/media?parent=2373"}],"wp:term":[{"taxonomy":"category","embeddable":true,"href":"https:\/\/musiculum.de\/index.php\/wp-json\/wp\/v2\/categories?post=2373"},{"taxonomy":"post_tag","embeddable":true,"href":"https:\/\/musiculum.de\/index.php\/wp-json\/wp\/v2\/tags?post=2373"}],"curies":[{"name":"wp","href":"https:\/\/api.w.org\/{rel}","templated":true}]}}