{"id":2367,"date":"2020-12-10T09:02:12","date_gmt":"2020-12-10T08:02:12","guid":{"rendered":"https:\/\/musiculum.de\/?page_id=2367"},"modified":"2025-10-22T07:51:18","modified_gmt":"2025-10-22T05:51:18","slug":"experimentierraum-1","status":"publish","type":"page","link":"https:\/\/musiculum.de\/index.php\/experimentierraum-1\/","title":{"rendered":"Experimentierraum 1"},"content":{"rendered":"<div id=\"pg-2367-0\"  class=\"panel-grid\" ><div class=\"panel-grid-core\"><div id=\"pgc-2367-0-0\"  class=\"panel-grid-cell\" ><div class=\"panel-widget-style\" >\t\t\t<div class=\"textwidget\"><p><strong>Raumgr\u00f6\u00dfe<\/strong>: ca. 60 m\u00b2<br \/>\n<strong>Lage im Geb\u00e4ude:<\/strong> 1. OG<br \/>\n<strong>Mit Fahrstuhl erreichbar:<\/strong> Ja<br \/>\n<strong>Maximale Personenzahl regul\u00e4r:<\/strong>10 bis 15 (je nach Stellung der Tische \/ St\u00fchle)<strong><br \/>\nMaximale Personenzahl mit 1,5m Abstand:<\/strong> 8<br \/>\n<strong>Ausstattung:<\/strong> Auf Anfrage gegen Leihgeb\u00fchr Equipment wie Beamer, Leinwand, Flipchart, Pinwand usw.<br \/>\n<strong>Buchungsanfragen:<\/strong> T.: 0431-666 889-0 oder \u00fcber das <a href=\"https:\/\/musiculum.de\/index.php\/kontakt\/\" rel=\"noopener noreferrer\"><strong>Kontaktformular<\/strong><\/a><\/p>\n<\/div>\n\t\t<\/div><\/div><div id=\"pgc-2367-0-1\"  class=\"panel-grid-cell\" ><div class=\"panel-widget-style\" >\t\t\t<div class=\"textwidget\"><p>Der Experimentierraum 1 eignet sich gut f\u00fcr Besprechungen, Fortbildungen, Sitzungen und Proben in kleiner Besetzung. Auch Einzelunterricht ist hier gut umsetzbar. Verf\u00fcgbar ist der Raum \u00fcberwiegend am Wochenende.<\/p>\n<\/div>\n\t\t<\/div><\/div><\/div><\/div><div id=\"pg-2367-1\"  class=\"panel-grid\" ><div class=\"panel-grid-core\"><div id=\"pgc-2367-1-0\"  class=\"panel-grid-cell\" ><div class=\"panel-widget-style\" ><p style=\"\"><img decoding=\"async\" src=\"https:\/\/musiculum.de\/wp-content\/uploads\/2016\/12\/musiculum_experimentierraum_2_2016_04.jpg\" alt=\"\" style=\"\" \/><\/p><\/div><\/div><div id=\"pgc-2367-1-1\"  class=\"panel-grid-cell\" ><div class=\"panel-widget-style\" ><p style=\"\"><img decoding=\"async\" src=\"https:\/\/musiculum.de\/wp-content\/uploads\/2016\/12\/musiculum_experimentierraum_2_2016_03.jpg\" alt=\"\" style=\"\" \/><\/p><\/div><\/div><\/div><\/div>","protected":false},"excerpt":{"rendered":"<p>Raumgr\u00f6\u00dfe: ca. 60 m\u00b2 Lage im Geb\u00e4ude: 1. OG Mit Fahrstuhl erreichbar: Ja Maximale Personenzahl regul\u00e4r:10 bis 15 (je nach Stellung der Tische \/ St\u00fchle) Maximale Personenzahl mit 1,5m Abstand: 8 Ausstattung: Auf Anfrage gegen Leihgeb\u00fchr Equipment wie Beamer, Leinwand, Flipchart, Pinwand usw. Buchungsanfragen: T.: 0431-666 889-0 oder \u00fcber das Kontaktformular Der Experimentierraum 1 eignet [&hellip;]<\/p>\n","protected":false},"author":1,"featured_media":0,"parent":0,"menu_order":0,"comment_status":"closed","ping_status":"closed","template":"","meta":{"footnotes":""},"categories":[],"tags":[],"class_list":["post-2367","page","type-page","status-publish","hentry"],"yoast_head":"<!-- This site is optimized with the Yoast SEO plugin v27.4 - https:\/\/yoast.com\/product\/yoast-seo-wordpress\/ -->\n<title>Experimentierraum 1 - musiculum<\/title>\n<meta name=\"robots\" content=\"index, follow, max-snippet:-1, max-image-preview:large, max-video-preview:-1\" \/>\n<link rel=\"canonical\" href=\"https:\/\/musiculum.de\/index.php\/experimentierraum-1\/\" \/>\n<meta property=\"og:locale\" content=\"de_DE\" \/>\n<meta property=\"og:type\" content=\"article\" \/>\n<meta property=\"og:title\" content=\"Experimentierraum 1 - musiculum\" \/>\n<meta property=\"og:description\" content=\"Raumgr\u00f6\u00dfe: ca. 60 m\u00b2 Lage im Geb\u00e4ude: 1. OG Mit Fahrstuhl erreichbar: Ja Maximale Personenzahl regul\u00e4r:10 bis 15 (je nach Stellung der Tische \/ St\u00fchle) Maximale Personenzahl mit 1,5m Abstand: 8 Ausstattung: Auf Anfrage gegen Leihgeb\u00fchr Equipment wie Beamer, Leinwand, Flipchart, Pinwand usw. Buchungsanfragen: T.: 0431-666 889-0 oder \u00fcber das Kontaktformular Der Experimentierraum 1 eignet [&hellip;]\" \/>\n<meta property=\"og:url\" content=\"https:\/\/musiculum.de\/index.php\/experimentierraum-1\/\" \/>\n<meta property=\"og:site_name\" content=\"musiculum\" \/>\n<meta property=\"article:modified_time\" content=\"2025-10-22T05:51:18+00:00\" \/>\n<meta name=\"twitter:card\" content=\"summary_large_image\" \/>\n<meta name=\"twitter:label1\" content=\"Gesch\u00e4tzte Lesezeit\" \/>\n\t<meta name=\"twitter:data1\" content=\"1\u00a0Minute\" \/>\n<script type=\"application\/ld+json\" class=\"yoast-schema-graph\">{\"@context\":\"https:\\\/\\\/schema.org\",\"@graph\":[{\"@type\":\"WebPage\",\"@id\":\"https:\\\/\\\/musiculum.de\\\/index.php\\\/experimentierraum-1\\\/\",\"url\":\"https:\\\/\\\/musiculum.de\\\/index.php\\\/experimentierraum-1\\\/\",\"name\":\"Experimentierraum 1 - musiculum\",\"isPartOf\":{\"@id\":\"https:\\\/\\\/musiculum.de\\\/#website\"},\"datePublished\":\"2020-12-10T08:02:12+00:00\",\"dateModified\":\"2025-10-22T05:51:18+00:00\",\"breadcrumb\":{\"@id\":\"https:\\\/\\\/musiculum.de\\\/index.php\\\/experimentierraum-1\\\/#breadcrumb\"},\"inLanguage\":\"de\",\"potentialAction\":[{\"@type\":\"ReadAction\",\"target\":[\"https:\\\/\\\/musiculum.de\\\/index.php\\\/experimentierraum-1\\\/\"]}]},{\"@type\":\"BreadcrumbList\",\"@id\":\"https:\\\/\\\/musiculum.de\\\/index.php\\\/experimentierraum-1\\\/#breadcrumb\",\"itemListElement\":[{\"@type\":\"ListItem\",\"position\":1,\"name\":\"Startseite\",\"item\":\"https:\\\/\\\/musiculum.de\\\/\"},{\"@type\":\"ListItem\",\"position\":2,\"name\":\"Experimentierraum 1\"}]},{\"@type\":\"WebSite\",\"@id\":\"https:\\\/\\\/musiculum.de\\\/#website\",\"url\":\"https:\\\/\\\/musiculum.de\\\/\",\"name\":\"musiculum\",\"description\":\"Lern- und Experimentierwerkstatt f\u00fcr Kinder und Jugendliche\",\"potentialAction\":[{\"@type\":\"SearchAction\",\"target\":{\"@type\":\"EntryPoint\",\"urlTemplate\":\"https:\\\/\\\/musiculum.de\\\/?s={search_term_string}\"},\"query-input\":{\"@type\":\"PropertyValueSpecification\",\"valueRequired\":true,\"valueName\":\"search_term_string\"}}],\"inLanguage\":\"de\"}]}<\/script>\n<!-- \/ Yoast SEO plugin. -->","yoast_head_json":{"title":"Experimentierraum 1 - musiculum","robots":{"index":"index","follow":"follow","max-snippet":"max-snippet:-1","max-image-preview":"max-image-preview:large","max-video-preview":"max-video-preview:-1"},"canonical":"https:\/\/musiculum.de\/index.php\/experimentierraum-1\/","og_locale":"de_DE","og_type":"article","og_title":"Experimentierraum 1 - musiculum","og_description":"Raumgr\u00f6\u00dfe: ca. 60 m\u00b2 Lage im Geb\u00e4ude: 1. OG Mit Fahrstuhl erreichbar: Ja Maximale Personenzahl regul\u00e4r:10 bis 15 (je nach Stellung der Tische \/ St\u00fchle) Maximale Personenzahl mit 1,5m Abstand: 8 Ausstattung: Auf Anfrage gegen Leihgeb\u00fchr Equipment wie Beamer, Leinwand, Flipchart, Pinwand usw. Buchungsanfragen: T.: 0431-666 889-0 oder \u00fcber das Kontaktformular Der Experimentierraum 1 eignet [&hellip;]","og_url":"https:\/\/musiculum.de\/index.php\/experimentierraum-1\/","og_site_name":"musiculum","article_modified_time":"2025-10-22T05:51:18+00:00","twitter_card":"summary_large_image","twitter_misc":{"Gesch\u00e4tzte Lesezeit":"1\u00a0Minute"},"schema":{"@context":"https:\/\/schema.org","@graph":[{"@type":"WebPage","@id":"https:\/\/musiculum.de\/index.php\/experimentierraum-1\/","url":"https:\/\/musiculum.de\/index.php\/experimentierraum-1\/","name":"Experimentierraum 1 - musiculum","isPartOf":{"@id":"https:\/\/musiculum.de\/#website"},"datePublished":"2020-12-10T08:02:12+00:00","dateModified":"2025-10-22T05:51:18+00:00","breadcrumb":{"@id":"https:\/\/musiculum.de\/index.php\/experimentierraum-1\/#breadcrumb"},"inLanguage":"de","potentialAction":[{"@type":"ReadAction","target":["https:\/\/musiculum.de\/index.php\/experimentierraum-1\/"]}]},{"@type":"BreadcrumbList","@id":"https:\/\/musiculum.de\/index.php\/experimentierraum-1\/#breadcrumb","itemListElement":[{"@type":"ListItem","position":1,"name":"Startseite","item":"https:\/\/musiculum.de\/"},{"@type":"ListItem","position":2,"name":"Experimentierraum 1"}]},{"@type":"WebSite","@id":"https:\/\/musiculum.de\/#website","url":"https:\/\/musiculum.de\/","name":"musiculum","description":"Lern- und Experimentierwerkstatt f\u00fcr Kinder und Jugendliche","potentialAction":[{"@type":"SearchAction","target":{"@type":"EntryPoint","urlTemplate":"https:\/\/musiculum.de\/?s={search_term_string}"},"query-input":{"@type":"PropertyValueSpecification","valueRequired":true,"valueName":"search_term_string"}}],"inLanguage":"de"}]}},"_links":{"self":[{"href":"https:\/\/musiculum.de\/index.php\/wp-json\/wp\/v2\/pages\/2367","targetHints":{"allow":["GET"]}}],"collection":[{"href":"https:\/\/musiculum.de\/index.php\/wp-json\/wp\/v2\/pages"}],"about":[{"href":"https:\/\/musiculum.de\/index.php\/wp-json\/wp\/v2\/types\/page"}],"author":[{"embeddable":true,"href":"https:\/\/musiculum.de\/index.php\/wp-json\/wp\/v2\/users\/1"}],"replies":[{"embeddable":true,"href":"https:\/\/musiculum.de\/index.php\/wp-json\/wp\/v2\/comments?post=2367"}],"version-history":[{"count":5,"href":"https:\/\/musiculum.de\/index.php\/wp-json\/wp\/v2\/pages\/2367\/revisions"}],"predecessor-version":[{"id":6913,"href":"https:\/\/musiculum.de\/index.php\/wp-json\/wp\/v2\/pages\/2367\/revisions\/6913"}],"wp:attachment":[{"href":"https:\/\/musiculum.de\/index.php\/wp-json\/wp\/v2\/media?parent=2367"}],"wp:term":[{"taxonomy":"category","embeddable":true,"href":"https:\/\/musiculum.de\/index.php\/wp-json\/wp\/v2\/categories?post=2367"},{"taxonomy":"post_tag","embeddable":true,"href":"https:\/\/musiculum.de\/index.php\/wp-json\/wp\/v2\/tags?post=2367"}],"curies":[{"name":"wp","href":"https:\/\/api.w.org\/{rel}","templated":true}]}}