{"id":234,"date":"2016-06-28T10:18:53","date_gmt":"2016-06-28T08:18:53","guid":{"rendered":"http:\/\/jo12.de\/?page_id=234"},"modified":"2023-10-12T09:41:32","modified_gmt":"2023-10-12T07:41:32","slug":"kooperationspartner","status":"publish","type":"page","link":"https:\/\/musiculum.de\/index.php\/kooperationspartner\/","title":{"rendered":"Kooperationspartner"},"content":{"rendered":"<div id=\"pg-234-0\"  class=\"panel-grid\" ><div class=\"panel-grid-core\"><div id=\"pgc-234-0-0\"  class=\"panel-grid-cell\" ><div class=\"panel-widget-style\" >\t\t\t<div class=\"textwidget\"><p><strong>An dieser Stelle ein gro\u00dfer Dank an unsere Kooperationspartner f\u00fcr die gute Zusammenarbeit:<\/strong><\/p>\n<\/div>\n\t\t<\/div><\/div><\/div><\/div><div id=\"pg-234-1\"  class=\"panel-grid\" ><div class=\"panel-grid-core\"><div id=\"pgc-234-1-0\"  class=\"panel-grid-cell\" ><div class=\"panel-widget-style\" >\t\t\t<div class=\"textwidget\"><ul>\n<li>AWO-Kinderhaus J\u00fctlandring<\/li>\n<li>AWO-Kinderhaus Steinmarderweg<\/li>\n<li>Friedrich-Junge-Gemeinschaftsschule<\/li>\n<li>Gemeinschaftsschule am Brook<\/li>\n<li>GGS am G\u00f6teborgring<\/li>\n<li>KiTa Arche Kunterbunt<\/li>\n<li>KiTa Ernestine<\/li>\n<li>KiTa Musica<\/li>\n<li>Klaus-Groth-Schule<\/li>\n<li>LAG Soziokultur<\/li>\n<li>Lilli-Nielsen-Schule<\/li>\n<li>LKJ S-H<\/li>\n<\/ul>\n<\/div>\n\t\t<\/div><\/div><div id=\"pgc-234-1-1\"  class=\"panel-grid-cell\" ><div class=\"panel-widget-style\" >\t\t\t<div class=\"textwidget\"><ul>\n<li>Max-Tau-Schule<\/li>\n<li>Musikhochschule L\u00fcbeck<\/li>\n<li>Musikschule der Landeshauptstadt Kiel<\/li>\n<li>Musikschule Hummel<\/li>\n<li>NDR &#8211; Discover Music!<\/li>\n<li>Schleswig-Holstein Musik Festival<\/li>\n<li>Schule am Heidenberger Teich<\/li>\n<li>Sparkassen in Schleswig-Holstein<\/li>\n<li>The Young ClassX Hamburg<\/li>\n<li>Theater Kiel<\/li>\n<li>Toni-Jensen-Schule<\/li>\n<li>Zentrum f\u00fcr Empowerment und interkulturelle Kreativit\u00e4t (ZEIK)<\/li>\n<\/ul>\n<\/div>\n\t\t<\/div><\/div><\/div><\/div>","protected":false},"excerpt":{"rendered":"<p>An dieser Stelle ein gro\u00dfer Dank an unsere Kooperationspartner f\u00fcr die gute Zusammenarbeit: AWO-Kinderhaus J\u00fctlandring AWO-Kinderhaus Steinmarderweg Friedrich-Junge-Gemeinschaftsschule Gemeinschaftsschule am Brook GGS am G\u00f6teborgring KiTa Arche Kunterbunt KiTa Ernestine KiTa Musica Klaus-Groth-Schule LAG Soziokultur Lilli-Nielsen-Schule LKJ S-H Max-Tau-Schule Musikhochschule L\u00fcbeck Musikschule der Landeshauptstadt Kiel Musikschule Hummel NDR &#8211; Discover Music! Schleswig-Holstein Musik Festival Schule am [&hellip;]<\/p>\n","protected":false},"author":2,"featured_media":0,"parent":0,"menu_order":0,"comment_status":"closed","ping_status":"closed","template":"","meta":{"footnotes":""},"categories":[],"tags":[],"class_list":["post-234","page","type-page","status-publish","hentry"],"yoast_head":"<!-- This site is optimized with the Yoast SEO plugin v27.5 - https:\/\/yoast.com\/product\/yoast-seo-wordpress\/ -->\n<title>Kooperationspartner - musiculum<\/title>\n<meta name=\"robots\" content=\"index, follow, max-snippet:-1, max-image-preview:large, max-video-preview:-1\" \/>\n<link rel=\"canonical\" href=\"https:\/\/musiculum.de\/index.php\/kooperationspartner\/\" \/>\n<meta property=\"og:locale\" content=\"de_DE\" \/>\n<meta property=\"og:type\" content=\"article\" \/>\n<meta property=\"og:title\" content=\"Kooperationspartner - musiculum\" \/>\n<meta property=\"og:description\" content=\"An dieser Stelle ein gro\u00dfer Dank an unsere Kooperationspartner f\u00fcr die gute Zusammenarbeit: AWO-Kinderhaus J\u00fctlandring AWO-Kinderhaus Steinmarderweg Friedrich-Junge-Gemeinschaftsschule Gemeinschaftsschule am Brook GGS am G\u00f6teborgring KiTa Arche Kunterbunt KiTa Ernestine KiTa Musica Klaus-Groth-Schule LAG Soziokultur Lilli-Nielsen-Schule LKJ S-H Max-Tau-Schule Musikhochschule L\u00fcbeck Musikschule der Landeshauptstadt Kiel Musikschule Hummel NDR - Discover Music! Schleswig-Holstein Musik Festival Schule am [&hellip;]\" \/>\n<meta property=\"og:url\" content=\"https:\/\/musiculum.de\/index.php\/kooperationspartner\/\" \/>\n<meta property=\"og:site_name\" content=\"musiculum\" \/>\n<meta property=\"article:modified_time\" content=\"2023-10-12T07:41:32+00:00\" \/>\n<meta name=\"twitter:card\" content=\"summary_large_image\" \/>\n<meta name=\"twitter:label1\" content=\"Gesch\u00e4tzte Lesezeit\" \/>\n\t<meta name=\"twitter:data1\" content=\"1\u00a0Minute\" \/>\n<script type=\"application\/ld+json\" class=\"yoast-schema-graph\">{\"@context\":\"https:\\\/\\\/schema.org\",\"@graph\":[{\"@type\":\"WebPage\",\"@id\":\"https:\\\/\\\/musiculum.de\\\/index.php\\\/kooperationspartner\\\/\",\"url\":\"https:\\\/\\\/musiculum.de\\\/index.php\\\/kooperationspartner\\\/\",\"name\":\"Kooperationspartner - musiculum\",\"isPartOf\":{\"@id\":\"https:\\\/\\\/musiculum.de\\\/#website\"},\"datePublished\":\"2016-06-28T08:18:53+00:00\",\"dateModified\":\"2023-10-12T07:41:32+00:00\",\"breadcrumb\":{\"@id\":\"https:\\\/\\\/musiculum.de\\\/index.php\\\/kooperationspartner\\\/#breadcrumb\"},\"inLanguage\":\"de\",\"potentialAction\":[{\"@type\":\"ReadAction\",\"target\":[\"https:\\\/\\\/musiculum.de\\\/index.php\\\/kooperationspartner\\\/\"]}]},{\"@type\":\"BreadcrumbList\",\"@id\":\"https:\\\/\\\/musiculum.de\\\/index.php\\\/kooperationspartner\\\/#breadcrumb\",\"itemListElement\":[{\"@type\":\"ListItem\",\"position\":1,\"name\":\"Startseite\",\"item\":\"https:\\\/\\\/musiculum.de\\\/\"},{\"@type\":\"ListItem\",\"position\":2,\"name\":\"Kooperationspartner\"}]},{\"@type\":\"WebSite\",\"@id\":\"https:\\\/\\\/musiculum.de\\\/#website\",\"url\":\"https:\\\/\\\/musiculum.de\\\/\",\"name\":\"musiculum\",\"description\":\"Lern- und Experimentierwerkstatt f\u00fcr Kinder und Jugendliche\",\"potentialAction\":[{\"@type\":\"SearchAction\",\"target\":{\"@type\":\"EntryPoint\",\"urlTemplate\":\"https:\\\/\\\/musiculum.de\\\/?s={search_term_string}\"},\"query-input\":{\"@type\":\"PropertyValueSpecification\",\"valueRequired\":true,\"valueName\":\"search_term_string\"}}],\"inLanguage\":\"de\"}]}<\/script>\n<!-- \/ Yoast SEO plugin. -->","yoast_head_json":{"title":"Kooperationspartner - musiculum","robots":{"index":"index","follow":"follow","max-snippet":"max-snippet:-1","max-image-preview":"max-image-preview:large","max-video-preview":"max-video-preview:-1"},"canonical":"https:\/\/musiculum.de\/index.php\/kooperationspartner\/","og_locale":"de_DE","og_type":"article","og_title":"Kooperationspartner - musiculum","og_description":"An dieser Stelle ein gro\u00dfer Dank an unsere Kooperationspartner f\u00fcr die gute Zusammenarbeit: AWO-Kinderhaus J\u00fctlandring AWO-Kinderhaus Steinmarderweg Friedrich-Junge-Gemeinschaftsschule Gemeinschaftsschule am Brook GGS am G\u00f6teborgring KiTa Arche Kunterbunt KiTa Ernestine KiTa Musica Klaus-Groth-Schule LAG Soziokultur Lilli-Nielsen-Schule LKJ S-H Max-Tau-Schule Musikhochschule L\u00fcbeck Musikschule der Landeshauptstadt Kiel Musikschule Hummel NDR - Discover Music! Schleswig-Holstein Musik Festival Schule am [&hellip;]","og_url":"https:\/\/musiculum.de\/index.php\/kooperationspartner\/","og_site_name":"musiculum","article_modified_time":"2023-10-12T07:41:32+00:00","twitter_card":"summary_large_image","twitter_misc":{"Gesch\u00e4tzte Lesezeit":"1\u00a0Minute"},"schema":{"@context":"https:\/\/schema.org","@graph":[{"@type":"WebPage","@id":"https:\/\/musiculum.de\/index.php\/kooperationspartner\/","url":"https:\/\/musiculum.de\/index.php\/kooperationspartner\/","name":"Kooperationspartner - musiculum","isPartOf":{"@id":"https:\/\/musiculum.de\/#website"},"datePublished":"2016-06-28T08:18:53+00:00","dateModified":"2023-10-12T07:41:32+00:00","breadcrumb":{"@id":"https:\/\/musiculum.de\/index.php\/kooperationspartner\/#breadcrumb"},"inLanguage":"de","potentialAction":[{"@type":"ReadAction","target":["https:\/\/musiculum.de\/index.php\/kooperationspartner\/"]}]},{"@type":"BreadcrumbList","@id":"https:\/\/musiculum.de\/index.php\/kooperationspartner\/#breadcrumb","itemListElement":[{"@type":"ListItem","position":1,"name":"Startseite","item":"https:\/\/musiculum.de\/"},{"@type":"ListItem","position":2,"name":"Kooperationspartner"}]},{"@type":"WebSite","@id":"https:\/\/musiculum.de\/#website","url":"https:\/\/musiculum.de\/","name":"musiculum","description":"Lern- und Experimentierwerkstatt f\u00fcr Kinder und Jugendliche","potentialAction":[{"@type":"SearchAction","target":{"@type":"EntryPoint","urlTemplate":"https:\/\/musiculum.de\/?s={search_term_string}"},"query-input":{"@type":"PropertyValueSpecification","valueRequired":true,"valueName":"search_term_string"}}],"inLanguage":"de"}]}},"_links":{"self":[{"href":"https:\/\/musiculum.de\/index.php\/wp-json\/wp\/v2\/pages\/234","targetHints":{"allow":["GET"]}}],"collection":[{"href":"https:\/\/musiculum.de\/index.php\/wp-json\/wp\/v2\/pages"}],"about":[{"href":"https:\/\/musiculum.de\/index.php\/wp-json\/wp\/v2\/types\/page"}],"author":[{"embeddable":true,"href":"https:\/\/musiculum.de\/index.php\/wp-json\/wp\/v2\/users\/2"}],"replies":[{"embeddable":true,"href":"https:\/\/musiculum.de\/index.php\/wp-json\/wp\/v2\/comments?post=234"}],"version-history":[{"count":5,"href":"https:\/\/musiculum.de\/index.php\/wp-json\/wp\/v2\/pages\/234\/revisions"}],"predecessor-version":[{"id":6119,"href":"https:\/\/musiculum.de\/index.php\/wp-json\/wp\/v2\/pages\/234\/revisions\/6119"}],"wp:attachment":[{"href":"https:\/\/musiculum.de\/index.php\/wp-json\/wp\/v2\/media?parent=234"}],"wp:term":[{"taxonomy":"category","embeddable":true,"href":"https:\/\/musiculum.de\/index.php\/wp-json\/wp\/v2\/categories?post=234"},{"taxonomy":"post_tag","embeddable":true,"href":"https:\/\/musiculum.de\/index.php\/wp-json\/wp\/v2\/tags?post=234"}],"curies":[{"name":"wp","href":"https:\/\/api.w.org\/{rel}","templated":true}]}}