{"id":232,"date":"2016-06-28T10:18:33","date_gmt":"2016-06-28T08:18:33","guid":{"rendered":"http:\/\/jo12.de\/?page_id=232"},"modified":"2025-11-05T11:11:09","modified_gmt":"2025-11-05T10:11:09","slug":"unterstuetzer","status":"publish","type":"page","link":"https:\/\/musiculum.de\/index.php\/unterstuetzer\/","title":{"rendered":"Unterst\u00fctzer"},"content":{"rendered":"<div id=\"pg-232-0\"  class=\"panel-grid\" ><div class=\"panel-grid-core\"><div id=\"pgc-232-0-0\"  class=\"panel-grid-cell\" ><div class=\"panel-widget-style\" >\t\t\t<div class=\"textwidget\"><p><strong>Ohne Unterst\u00fctzer kein Erfolg! Daher danken wir f\u00fcr die Unterst\u00fctzung in den Jahren 2022 und 2023:<\/strong><\/p>\n<\/div>\n\t\t<\/div><\/div><\/div><\/div><div id=\"pg-232-1\"  class=\"panel-grid\" ><div class=\"panel-grid-core\"><div id=\"pgc-232-1-0\"  class=\"panel-grid-cell\" ><div class=\"panel-widget-style\" >\t\t\t<div class=\"textwidget\"><ul>\n<li>Amt f\u00fcr Kultur und Weiterbildung der Landeshauptstadt Kiel<\/li>\n<li>Amt f\u00fcr Soziale Dienste der Landeshauptstadt Kiel<\/li>\n<li>Blohm-Stiftung<\/li>\n<li>Bundesmusikverband Chor und Orchester e.V. (Kultur macht stark)<\/li>\n<li>Bundesvereinigung Kulturelle Kinder- und Jugendbildung (Kultur macht stark)<\/li>\n<li>B\u00fcrgerstiftung Kiel<\/li>\n<li>Deutscher Parit\u00e4tischer Wohlfahrtsverband \u2013 Gesamtverband e.V. (Kultur macht stark)<\/li>\n<li>Gesellschaft f\u00fcr K\u00f6rperbewusstsein<\/li>\n<li>Investitionsbank Schleswig-Holstein (IB.SH)<\/li>\n<li>Kieler Initiative gegen Kinderarmut, inka e.V.<\/li>\n<li>Kieler Volksbank-Stiftung<\/li>\n<li>Ministerium f\u00fcr Allgemeine und Berufliche Bildung, Wissenschaft, Forschung und Kultur des Landes Schleswig-Holstein<\/li>\n<li>Ministerium f\u00fcr Inneres, Kommunales, Wohnen und Sport des Landes Schleswig-Holstein<\/li>\n<li>Ministerium f\u00fcr Soziales, Jugend, Familie, Senioren, Integration und Gleichstellung des Landes Schleswig-Holstein<\/li>\n<li>Parit\u00e4tischer Wohlfahrtsverband Schleswig-Holstein e.V.<\/li>\n<li>Peter Petersen Stiftung<\/li>\n<li>Schleswig-Holsteinische Landesbibliothek<\/li>\n<li>Software AG Stiftung<\/li>\n<li>Sparkassen in Schleswig-Holstein<\/li>\n<li>Staatsministerin f\u00fcr Kultur und Medien<\/li>\n<li>Stiftergemeinschaft der Sparkassen<\/li>\n<li>Stiftung Elisabeth Schmidt<\/li>\n<\/ul>\n<\/div>\n\t\t<\/div><\/div><div id=\"pgc-232-1-1\"  class=\"panel-grid-cell\" ><\/div><\/div><\/div>","protected":false},"excerpt":{"rendered":"<p>Ohne Unterst\u00fctzer kein Erfolg! Daher danken wir f\u00fcr die Unterst\u00fctzung in den Jahren 2022 und 2023: Amt f\u00fcr Kultur und Weiterbildung der Landeshauptstadt Kiel Amt f\u00fcr Soziale Dienste der Landeshauptstadt Kiel Blohm-Stiftung Bundesmusikverband Chor und Orchester e.V. (Kultur macht stark) Bundesvereinigung Kulturelle Kinder- und Jugendbildung (Kultur macht stark) B\u00fcrgerstiftung Kiel Deutscher Parit\u00e4tischer Wohlfahrtsverband \u2013 Gesamtverband [&hellip;]<\/p>\n","protected":false},"author":2,"featured_media":0,"parent":0,"menu_order":0,"comment_status":"closed","ping_status":"closed","template":"","meta":{"footnotes":""},"categories":[],"tags":[],"class_list":["post-232","page","type-page","status-publish","hentry"],"yoast_head":"<!-- This site is optimized with the Yoast SEO plugin v27.4 - https:\/\/yoast.com\/product\/yoast-seo-wordpress\/ -->\n<title>Unterst\u00fctzer - musiculum<\/title>\n<meta name=\"robots\" content=\"index, follow, max-snippet:-1, max-image-preview:large, max-video-preview:-1\" \/>\n<link rel=\"canonical\" href=\"https:\/\/musiculum.de\/index.php\/unterstuetzer\/\" \/>\n<meta property=\"og:locale\" content=\"de_DE\" \/>\n<meta property=\"og:type\" content=\"article\" \/>\n<meta property=\"og:title\" content=\"Unterst\u00fctzer - musiculum\" \/>\n<meta property=\"og:description\" content=\"Ohne Unterst\u00fctzer kein Erfolg! Daher danken wir f\u00fcr die Unterst\u00fctzung in den Jahren 2022 und 2023: Amt f\u00fcr Kultur und Weiterbildung der Landeshauptstadt Kiel Amt f\u00fcr Soziale Dienste der Landeshauptstadt Kiel Blohm-Stiftung Bundesmusikverband Chor und Orchester e.V. (Kultur macht stark) Bundesvereinigung Kulturelle Kinder- und Jugendbildung (Kultur macht stark) B\u00fcrgerstiftung Kiel Deutscher Parit\u00e4tischer Wohlfahrtsverband \u2013 Gesamtverband [&hellip;]\" \/>\n<meta property=\"og:url\" content=\"https:\/\/musiculum.de\/index.php\/unterstuetzer\/\" \/>\n<meta property=\"og:site_name\" content=\"musiculum\" \/>\n<meta property=\"article:modified_time\" content=\"2025-11-05T10:11:09+00:00\" \/>\n<meta name=\"twitter:card\" content=\"summary_large_image\" \/>\n<meta name=\"twitter:label1\" content=\"Gesch\u00e4tzte Lesezeit\" \/>\n\t<meta name=\"twitter:data1\" content=\"1\u00a0Minute\" \/>\n<script type=\"application\/ld+json\" class=\"yoast-schema-graph\">{\"@context\":\"https:\\\/\\\/schema.org\",\"@graph\":[{\"@type\":\"WebPage\",\"@id\":\"https:\\\/\\\/musiculum.de\\\/index.php\\\/unterstuetzer\\\/\",\"url\":\"https:\\\/\\\/musiculum.de\\\/index.php\\\/unterstuetzer\\\/\",\"name\":\"Unterst\u00fctzer - musiculum\",\"isPartOf\":{\"@id\":\"https:\\\/\\\/musiculum.de\\\/#website\"},\"datePublished\":\"2016-06-28T08:18:33+00:00\",\"dateModified\":\"2025-11-05T10:11:09+00:00\",\"breadcrumb\":{\"@id\":\"https:\\\/\\\/musiculum.de\\\/index.php\\\/unterstuetzer\\\/#breadcrumb\"},\"inLanguage\":\"de\",\"potentialAction\":[{\"@type\":\"ReadAction\",\"target\":[\"https:\\\/\\\/musiculum.de\\\/index.php\\\/unterstuetzer\\\/\"]}]},{\"@type\":\"BreadcrumbList\",\"@id\":\"https:\\\/\\\/musiculum.de\\\/index.php\\\/unterstuetzer\\\/#breadcrumb\",\"itemListElement\":[{\"@type\":\"ListItem\",\"position\":1,\"name\":\"Startseite\",\"item\":\"https:\\\/\\\/musiculum.de\\\/\"},{\"@type\":\"ListItem\",\"position\":2,\"name\":\"Unterst\u00fctzer\"}]},{\"@type\":\"WebSite\",\"@id\":\"https:\\\/\\\/musiculum.de\\\/#website\",\"url\":\"https:\\\/\\\/musiculum.de\\\/\",\"name\":\"musiculum\",\"description\":\"Lern- und Experimentierwerkstatt f\u00fcr Kinder und Jugendliche\",\"potentialAction\":[{\"@type\":\"SearchAction\",\"target\":{\"@type\":\"EntryPoint\",\"urlTemplate\":\"https:\\\/\\\/musiculum.de\\\/?s={search_term_string}\"},\"query-input\":{\"@type\":\"PropertyValueSpecification\",\"valueRequired\":true,\"valueName\":\"search_term_string\"}}],\"inLanguage\":\"de\"}]}<\/script>\n<!-- \/ Yoast SEO plugin. -->","yoast_head_json":{"title":"Unterst\u00fctzer - musiculum","robots":{"index":"index","follow":"follow","max-snippet":"max-snippet:-1","max-image-preview":"max-image-preview:large","max-video-preview":"max-video-preview:-1"},"canonical":"https:\/\/musiculum.de\/index.php\/unterstuetzer\/","og_locale":"de_DE","og_type":"article","og_title":"Unterst\u00fctzer - musiculum","og_description":"Ohne Unterst\u00fctzer kein Erfolg! Daher danken wir f\u00fcr die Unterst\u00fctzung in den Jahren 2022 und 2023: Amt f\u00fcr Kultur und Weiterbildung der Landeshauptstadt Kiel Amt f\u00fcr Soziale Dienste der Landeshauptstadt Kiel Blohm-Stiftung Bundesmusikverband Chor und Orchester e.V. (Kultur macht stark) Bundesvereinigung Kulturelle Kinder- und Jugendbildung (Kultur macht stark) B\u00fcrgerstiftung Kiel Deutscher Parit\u00e4tischer Wohlfahrtsverband \u2013 Gesamtverband [&hellip;]","og_url":"https:\/\/musiculum.de\/index.php\/unterstuetzer\/","og_site_name":"musiculum","article_modified_time":"2025-11-05T10:11:09+00:00","twitter_card":"summary_large_image","twitter_misc":{"Gesch\u00e4tzte Lesezeit":"1\u00a0Minute"},"schema":{"@context":"https:\/\/schema.org","@graph":[{"@type":"WebPage","@id":"https:\/\/musiculum.de\/index.php\/unterstuetzer\/","url":"https:\/\/musiculum.de\/index.php\/unterstuetzer\/","name":"Unterst\u00fctzer - musiculum","isPartOf":{"@id":"https:\/\/musiculum.de\/#website"},"datePublished":"2016-06-28T08:18:33+00:00","dateModified":"2025-11-05T10:11:09+00:00","breadcrumb":{"@id":"https:\/\/musiculum.de\/index.php\/unterstuetzer\/#breadcrumb"},"inLanguage":"de","potentialAction":[{"@type":"ReadAction","target":["https:\/\/musiculum.de\/index.php\/unterstuetzer\/"]}]},{"@type":"BreadcrumbList","@id":"https:\/\/musiculum.de\/index.php\/unterstuetzer\/#breadcrumb","itemListElement":[{"@type":"ListItem","position":1,"name":"Startseite","item":"https:\/\/musiculum.de\/"},{"@type":"ListItem","position":2,"name":"Unterst\u00fctzer"}]},{"@type":"WebSite","@id":"https:\/\/musiculum.de\/#website","url":"https:\/\/musiculum.de\/","name":"musiculum","description":"Lern- und Experimentierwerkstatt f\u00fcr Kinder und Jugendliche","potentialAction":[{"@type":"SearchAction","target":{"@type":"EntryPoint","urlTemplate":"https:\/\/musiculum.de\/?s={search_term_string}"},"query-input":{"@type":"PropertyValueSpecification","valueRequired":true,"valueName":"search_term_string"}}],"inLanguage":"de"}]}},"_links":{"self":[{"href":"https:\/\/musiculum.de\/index.php\/wp-json\/wp\/v2\/pages\/232","targetHints":{"allow":["GET"]}}],"collection":[{"href":"https:\/\/musiculum.de\/index.php\/wp-json\/wp\/v2\/pages"}],"about":[{"href":"https:\/\/musiculum.de\/index.php\/wp-json\/wp\/v2\/types\/page"}],"author":[{"embeddable":true,"href":"https:\/\/musiculum.de\/index.php\/wp-json\/wp\/v2\/users\/2"}],"replies":[{"embeddable":true,"href":"https:\/\/musiculum.de\/index.php\/wp-json\/wp\/v2\/comments?post=232"}],"version-history":[{"count":5,"href":"https:\/\/musiculum.de\/index.php\/wp-json\/wp\/v2\/pages\/232\/revisions"}],"predecessor-version":[{"id":6997,"href":"https:\/\/musiculum.de\/index.php\/wp-json\/wp\/v2\/pages\/232\/revisions\/6997"}],"wp:attachment":[{"href":"https:\/\/musiculum.de\/index.php\/wp-json\/wp\/v2\/media?parent=232"}],"wp:term":[{"taxonomy":"category","embeddable":true,"href":"https:\/\/musiculum.de\/index.php\/wp-json\/wp\/v2\/categories?post=232"},{"taxonomy":"post_tag","embeddable":true,"href":"https:\/\/musiculum.de\/index.php\/wp-json\/wp\/v2\/tags?post=232"}],"curies":[{"name":"wp","href":"https:\/\/api.w.org\/{rel}","templated":true}]}}