{"id":230,"date":"2016-06-28T10:18:12","date_gmt":"2016-06-28T08:18:12","guid":{"rendered":"http:\/\/jo12.de\/?page_id=230"},"modified":"2025-11-13T08:26:47","modified_gmt":"2025-11-13T07:26:47","slug":"partner","status":"publish","type":"page","link":"https:\/\/musiculum.de\/index.php\/partner\/","title":{"rendered":"Partner"},"content":{"rendered":"<div id=\"pg-230-0\"  class=\"panel-grid\" ><div class=\"panel-grid-core\"><div id=\"pgc-230-0-0\"  class=\"panel-grid-cell\" ><div class=\"panel-widget-style\" ><p style=\"\"><img decoding=\"async\" src=\"https:\/\/musiculum.de\/wp-content\/uploads\/2017\/03\/Stellwand_03.jpg\" alt=\"\" style=\"\" \/><\/p><\/div><\/div><div id=\"pgc-230-0-1\"  class=\"panel-grid-cell\" ><div class=\"panel-widget-style\" >\t\t\t<div class=\"textwidget\"><p>Kein Erfolg und kein funktionierendes Netzwerk ohne Partner!<\/p>\n<p>Die Arbeit des musiculums w\u00e4re vor allem ohne die finanzielle Hilfe von <strong><a href=\"https:\/\/musiculum.de\/index.php\/unterstuetzer\/\" rel=\"noopener noreferrer\">Unterst\u00fctzern<\/a> <\/strong>sowie die vertrauensvolle Zusammenarbeit mit <strong><a href=\"https:\/\/musiculum.de\/index.php\/kooperationspartner\/\" rel=\"noopener noreferrer\">Kooperationspartnern<\/a> <\/strong>nicht m\u00f6glich.<\/p>\n<p>Daf\u00fcr m\u00f6chten wir allen sehr herzlich danken!<\/p>\n<\/div>\n\t\t<\/div><\/div><\/div><\/div>","protected":false},"excerpt":{"rendered":"<p>Kein Erfolg und kein funktionierendes Netzwerk ohne Partner! Die Arbeit des musiculums w\u00e4re vor allem ohne die finanzielle Hilfe von Unterst\u00fctzern sowie die vertrauensvolle Zusammenarbeit mit Kooperationspartnern nicht m\u00f6glich. Daf\u00fcr m\u00f6chten wir allen sehr herzlich danken!<\/p>\n","protected":false},"author":2,"featured_media":0,"parent":0,"menu_order":0,"comment_status":"closed","ping_status":"closed","template":"","meta":{"footnotes":""},"categories":[],"tags":[],"class_list":["post-230","page","type-page","status-publish","hentry"],"yoast_head":"<!-- This site is optimized with the Yoast SEO plugin v27.4 - https:\/\/yoast.com\/product\/yoast-seo-wordpress\/ -->\n<title>Partner - musiculum<\/title>\n<meta name=\"robots\" content=\"index, follow, max-snippet:-1, max-image-preview:large, max-video-preview:-1\" \/>\n<link rel=\"canonical\" href=\"https:\/\/musiculum.de\/index.php\/partner\/\" \/>\n<meta property=\"og:locale\" content=\"de_DE\" \/>\n<meta property=\"og:type\" content=\"article\" \/>\n<meta property=\"og:title\" content=\"Partner - musiculum\" \/>\n<meta property=\"og:description\" content=\"Kein Erfolg und kein funktionierendes Netzwerk ohne Partner! Die Arbeit des musiculums w\u00e4re vor allem ohne die finanzielle Hilfe von Unterst\u00fctzern sowie die vertrauensvolle Zusammenarbeit mit Kooperationspartnern nicht m\u00f6glich. Daf\u00fcr m\u00f6chten wir allen sehr herzlich danken!\" \/>\n<meta property=\"og:url\" content=\"https:\/\/musiculum.de\/index.php\/partner\/\" \/>\n<meta property=\"og:site_name\" content=\"musiculum\" \/>\n<meta property=\"article:modified_time\" content=\"2025-11-13T07:26:47+00:00\" \/>\n<meta name=\"twitter:card\" content=\"summary_large_image\" \/>\n<meta name=\"twitter:label1\" content=\"Gesch\u00e4tzte Lesezeit\" \/>\n\t<meta name=\"twitter:data1\" content=\"1\u00a0Minute\" \/>\n<script type=\"application\/ld+json\" class=\"yoast-schema-graph\">{\"@context\":\"https:\\\/\\\/schema.org\",\"@graph\":[{\"@type\":\"WebPage\",\"@id\":\"https:\\\/\\\/musiculum.de\\\/index.php\\\/partner\\\/\",\"url\":\"https:\\\/\\\/musiculum.de\\\/index.php\\\/partner\\\/\",\"name\":\"Partner - musiculum\",\"isPartOf\":{\"@id\":\"https:\\\/\\\/musiculum.de\\\/#website\"},\"datePublished\":\"2016-06-28T08:18:12+00:00\",\"dateModified\":\"2025-11-13T07:26:47+00:00\",\"breadcrumb\":{\"@id\":\"https:\\\/\\\/musiculum.de\\\/index.php\\\/partner\\\/#breadcrumb\"},\"inLanguage\":\"de\",\"potentialAction\":[{\"@type\":\"ReadAction\",\"target\":[\"https:\\\/\\\/musiculum.de\\\/index.php\\\/partner\\\/\"]}]},{\"@type\":\"BreadcrumbList\",\"@id\":\"https:\\\/\\\/musiculum.de\\\/index.php\\\/partner\\\/#breadcrumb\",\"itemListElement\":[{\"@type\":\"ListItem\",\"position\":1,\"name\":\"Startseite\",\"item\":\"https:\\\/\\\/musiculum.de\\\/\"},{\"@type\":\"ListItem\",\"position\":2,\"name\":\"Partner\"}]},{\"@type\":\"WebSite\",\"@id\":\"https:\\\/\\\/musiculum.de\\\/#website\",\"url\":\"https:\\\/\\\/musiculum.de\\\/\",\"name\":\"musiculum\",\"description\":\"Lern- und Experimentierwerkstatt f\u00fcr Kinder und Jugendliche\",\"potentialAction\":[{\"@type\":\"SearchAction\",\"target\":{\"@type\":\"EntryPoint\",\"urlTemplate\":\"https:\\\/\\\/musiculum.de\\\/?s={search_term_string}\"},\"query-input\":{\"@type\":\"PropertyValueSpecification\",\"valueRequired\":true,\"valueName\":\"search_term_string\"}}],\"inLanguage\":\"de\"}]}<\/script>\n<!-- \/ Yoast SEO plugin. -->","yoast_head_json":{"title":"Partner - musiculum","robots":{"index":"index","follow":"follow","max-snippet":"max-snippet:-1","max-image-preview":"max-image-preview:large","max-video-preview":"max-video-preview:-1"},"canonical":"https:\/\/musiculum.de\/index.php\/partner\/","og_locale":"de_DE","og_type":"article","og_title":"Partner - musiculum","og_description":"Kein Erfolg und kein funktionierendes Netzwerk ohne Partner! Die Arbeit des musiculums w\u00e4re vor allem ohne die finanzielle Hilfe von Unterst\u00fctzern sowie die vertrauensvolle Zusammenarbeit mit Kooperationspartnern nicht m\u00f6glich. Daf\u00fcr m\u00f6chten wir allen sehr herzlich danken!","og_url":"https:\/\/musiculum.de\/index.php\/partner\/","og_site_name":"musiculum","article_modified_time":"2025-11-13T07:26:47+00:00","twitter_card":"summary_large_image","twitter_misc":{"Gesch\u00e4tzte Lesezeit":"1\u00a0Minute"},"schema":{"@context":"https:\/\/schema.org","@graph":[{"@type":"WebPage","@id":"https:\/\/musiculum.de\/index.php\/partner\/","url":"https:\/\/musiculum.de\/index.php\/partner\/","name":"Partner - musiculum","isPartOf":{"@id":"https:\/\/musiculum.de\/#website"},"datePublished":"2016-06-28T08:18:12+00:00","dateModified":"2025-11-13T07:26:47+00:00","breadcrumb":{"@id":"https:\/\/musiculum.de\/index.php\/partner\/#breadcrumb"},"inLanguage":"de","potentialAction":[{"@type":"ReadAction","target":["https:\/\/musiculum.de\/index.php\/partner\/"]}]},{"@type":"BreadcrumbList","@id":"https:\/\/musiculum.de\/index.php\/partner\/#breadcrumb","itemListElement":[{"@type":"ListItem","position":1,"name":"Startseite","item":"https:\/\/musiculum.de\/"},{"@type":"ListItem","position":2,"name":"Partner"}]},{"@type":"WebSite","@id":"https:\/\/musiculum.de\/#website","url":"https:\/\/musiculum.de\/","name":"musiculum","description":"Lern- und Experimentierwerkstatt f\u00fcr Kinder und Jugendliche","potentialAction":[{"@type":"SearchAction","target":{"@type":"EntryPoint","urlTemplate":"https:\/\/musiculum.de\/?s={search_term_string}"},"query-input":{"@type":"PropertyValueSpecification","valueRequired":true,"valueName":"search_term_string"}}],"inLanguage":"de"}]}},"_links":{"self":[{"href":"https:\/\/musiculum.de\/index.php\/wp-json\/wp\/v2\/pages\/230","targetHints":{"allow":["GET"]}}],"collection":[{"href":"https:\/\/musiculum.de\/index.php\/wp-json\/wp\/v2\/pages"}],"about":[{"href":"https:\/\/musiculum.de\/index.php\/wp-json\/wp\/v2\/types\/page"}],"author":[{"embeddable":true,"href":"https:\/\/musiculum.de\/index.php\/wp-json\/wp\/v2\/users\/2"}],"replies":[{"embeddable":true,"href":"https:\/\/musiculum.de\/index.php\/wp-json\/wp\/v2\/comments?post=230"}],"version-history":[{"count":5,"href":"https:\/\/musiculum.de\/index.php\/wp-json\/wp\/v2\/pages\/230\/revisions"}],"predecessor-version":[{"id":7039,"href":"https:\/\/musiculum.de\/index.php\/wp-json\/wp\/v2\/pages\/230\/revisions\/7039"}],"wp:attachment":[{"href":"https:\/\/musiculum.de\/index.php\/wp-json\/wp\/v2\/media?parent=230"}],"wp:term":[{"taxonomy":"category","embeddable":true,"href":"https:\/\/musiculum.de\/index.php\/wp-json\/wp\/v2\/categories?post=230"},{"taxonomy":"post_tag","embeddable":true,"href":"https:\/\/musiculum.de\/index.php\/wp-json\/wp\/v2\/tags?post=230"}],"curies":[{"name":"wp","href":"https:\/\/api.w.org\/{rel}","templated":true}]}}