{"id":199,"date":"2016-06-13T15:40:09","date_gmt":"2016-06-13T13:40:09","guid":{"rendered":"http:\/\/jo12.de\/?page_id=199"},"modified":"2025-10-22T07:55:59","modified_gmt":"2025-10-22T05:55:59","slug":"vermietung","status":"publish","type":"page","link":"https:\/\/musiculum.de\/index.php\/vermietung\/","title":{"rendered":"Vermietung"},"content":{"rendered":"<div id=\"pg-199-0\"  class=\"panel-grid\" ><div class=\"panel-grid-core\"><div id=\"pgc-199-0-0\"  class=\"panel-grid-cell\" ><div class=\"panel-widget-style\" ><p style=\"\"><img decoding=\"async\" src=\"https:\/\/musiculum.de\/wp-content\/uploads\/2018\/05\/musiculum_aufenthaltsraum_1_01.jpg\" alt=\"\" style=\"\" \/><\/p><\/div><div class=\"panel-widget-style\" ><p style=\"\"><img decoding=\"async\" src=\"https:\/\/musiculum.de\/wp-content\/uploads\/2018\/05\/musiculum_sinnesraum_01.jpg\" alt=\"\" style=\"\" \/><\/p><\/div><div class=\"panel-widget-style\" ><p style=\"\"><img decoding=\"async\" src=\"https:\/\/musiculum.de\/wp-content\/uploads\/2016\/12\/musiculum_saal_buehne_01.jpg\" alt=\"\" style=\"\" \/><\/p><\/div><\/div><div id=\"pgc-199-0-1\"  class=\"panel-grid-cell\" ><div class=\"panel-widget-style\" >\t\t\t<div class=\"textwidget\"><p>Unsere R\u00e4ume k\u00f6nnen f\u00fcr Seminare, Konzerte und andere \u00f6ffentliche und private Veranstaltungen angemietet werden. Bitte nehmen Sie <a href=\"http:\/\/musiculum.de\/index.php\/kontakt\/\" rel=\"noopener noreferrer\"><strong>Kontakt<\/strong><\/a> zu uns auf, wir erstellen Ihnen ein individuelles Angebot.<\/p>\n<\/div>\n\t\t<\/div><div class=\"panel-widget-style\" ><style type=\"text\/css\">\n.tg  {border-collapse:collapse;border-spacing:0;border-color:#999;}\n.tg td{font-family:Arial, sans-serif;font-size:14px;padding:10px 5px;border-style:solid;border-width:1px;overflow:hidden;word-break:normal;border-color:#999;color:#444;background-color:#F7FDFA;}\n.tg th{font-family:Arial, sans-serif;font-size:14px;font-weight:normal;padding:10px 5px;border-style:solid;border-width:1px;overflow:hidden;word-break:normal;border-color:#999;color:#fff;background-color:#26ADE4;}\n.tg .tg-13us{color:#006291}\n.tg .tg-n625{background-color:#006291}\n.tg .tg-yw4l{vertical-align:top}\n<\/style>\n<table class=\"tg\">\n  <tr>\n    <th class=\"tg-n625\">Raum-Nr.<br><\/th>\n    <th class=\"tg-n625\">Raumbezeichnung<br><\/th>\n    <th class=\"tg-n625\">ca. Gr\u00f6\u00dfe m\u00b2<br><\/th>\n    <th class=\"tg-n625\">max. Personenanz. regul\u00e4r<br><\/th>\n    <th class=\"tg-n625\">max. Personenanz. mit 1,5m Abstand<br><\/th>\n  <\/tr>\n  <tr>\n    <td class=\"tg-13us\">R. 3.8<\/td>\n    <td class=\"tg-13us\"> <a href=\"http:\/\/musiculum.de\/index.php\/saal\/\">Saal<\/a><\/td>\n    <td class=\"tg-13us\">300<\/td>\n    <td class=\"tg-13us\">199<\/td>\n    <td class=\"tg-13us\">50 bis 70 je nach Bestuhlung<\/td>\n  <\/tr>\n  <tr>\n    <td class=\"tg-13us\">R. 1.20\/1.21<\/td>\n    <td class=\"tg-13us\"><a href=\"http:\/\/musiculum.de\/index.php\/akustik-exponatenraum\/\">Akustik-Exponatenraum<\/a><\/td>\n    <td class=\"tg-13us\">2 x 65<\/td>\n    <td class=\"tg-13us\">10 bis 20<\/td>\n    <td class=\"tg-13us\">2 x 10 (Stuhlkreis)<\/td>\n  <\/tr>\n  <tr>\n    <td class=\"tg-13us\">R. 3.10<\/td>\n    <td class=\"tg-13us\"><a href=\"http:\/\/musiculum.de\/index.php\/schlagraum\/\">Schlagraum<\/a><\/td>\n    <td class=\"tg-13us\">65<\/td>\n    <td class=\"tg-13us\">10 bis 20<\/td>\n    <td class=\"tg-13us\">2 x 10 (Stuhlkreis)<\/td>\n  <\/tr>\n  <tr>\n    <td class=\"tg-13us\">R. 2.6<\/td>\n    <td class=\"tg-13us\"><a href=\"http:\/\/musiculum.de\/index.php\/experimentierraum-1\/\">Experimentierraum 1<\/a><\/td>\n    <td class=\"tg-13us\">60<\/td>\n    <td class=\"tg-13us\">10 bis 15<\/td>\n    <td class=\"tg-13us\">8<\/td>\n  <\/tr>\n  <tr>\n    <td class=\"tg-13us\">R. 3.7<\/td>\n    <td class=\"tg-13us\"><a href=\"http:\/\/musiculum.de\/index.php\/experimentierraum-2\/\">Experimentierraum 2<\/a><\/td>\n    <td class=\"tg-13us\">60<\/td>\n    <td class=\"tg-13us\">10 bis 15<\/td>\n    <td class=\"tg-13us\">8<\/td>\n  <\/tr>\n  <tr>\n    <td class=\"tg-13us\">R. 2.12<\/td>\n    <td class=\"tg-13us\"><a href=\"http:\/\/musiculum.de\/index.php\/holzblasraum\/\">Holzblasraum<\/a><\/td>\n    <td class=\"tg-13us\">60<\/td>\n    <td class=\"tg-13us\">10 bis 15<sup style=\"font-size:11px;\">1<\/sup><\/td>\n    <td class=\"tg-13us\">8<\/td>\n  <\/tr>\n  <tr>\n    <td class=\"tg-13us\">R. 2.13<\/td>\n    <td class=\"tg-13us\"><a href=\"http:\/\/musiculum.de\/index.php\/blechblasraum\/\">Blechblasraum<\/a><\/td>\n    <td class=\"tg-13us\">60<\/td>\n    <td class=\"tg-13us\">10 bis 15<sup style=\"font-size:11px;\">1<\/sup><\/td>\n    <td class=\"tg-13us\">8<\/td>\n  <\/tr>\n  <tr>\n    <td class=\"tg-13us\">R. 2.8\/2.9\/2.10<\/td>\n    <td class=\"tg-13us\"><a href=\"http:\/\/musiculum.de\/index.php\/saitenraum\/\">Saitenraum<\/a><\/td>\n    <td class=\"tg-13us\">3 x 60<\/td>\n    <td class=\"tg-13us\">3 x 10 bis 12<\/td>\n    <td class=\"tg-13us\">3 x 8<\/td>\n  <\/tr>\n  <tr>\n    <td class=\"tg-13us\">R. 2.4<\/td>\n    <td class=\"tg-13us\"><a href=\"http:\/\/musiculum.de\/index.php\/sinnesraum\/\">Sinnesraum<\/a><br><\/td>\n    <td class=\"tg-13us\">40<\/td>\n    <td class=\"tg-13us\">10 bis 15<\/td>\n    <td class=\"tg-13us\">8<\/td>\n  <\/tr>\n  <tr>\n    <td class=\"tg-13us\">R 0.10<\/td>\n    <td class=\"tg-13us\"><a href=\"http:\/\/musiculum.de\/index.php\/kontakt\/\">Tonstudio (auf Anfrage)<\/a><br><\/td>\n    <td class=\"tg-13us\">40<\/td>\n    <td class=\"tg-13us\">keine Angabe<br><\/td>\n    <td class=\"tg-13us\">keine Angabe<br><\/td>\n  <\/tr>\n<\/table><\/div><div class=\"panel-widget-style\" >\t\t\t<div class=\"textwidget\"><p><em>1) Keine Tische vorhanden, nur Stuhlkreis m\u00f6glich.<\/em><\/p>\n<\/div>\n\t\t<\/div><\/div><\/div><\/div>","protected":false},"excerpt":{"rendered":"<p>Unsere R\u00e4ume k\u00f6nnen f\u00fcr Seminare, Konzerte und andere \u00f6ffentliche und private Veranstaltungen angemietet werden. Bitte nehmen Sie Kontakt zu uns auf, wir erstellen Ihnen ein individuelles Angebot. 1) Keine Tische vorhanden, nur Stuhlkreis m\u00f6glich.<\/p>\n","protected":false},"author":2,"featured_media":0,"parent":0,"menu_order":0,"comment_status":"closed","ping_status":"closed","template":"","meta":{"footnotes":""},"categories":[],"tags":[],"class_list":["post-199","page","type-page","status-publish","hentry"],"yoast_head":"<!-- This site is optimized with the Yoast SEO plugin v27.5 - https:\/\/yoast.com\/product\/yoast-seo-wordpress\/ -->\n<title>Vermietung - musiculum<\/title>\n<meta name=\"robots\" content=\"index, follow, max-snippet:-1, max-image-preview:large, max-video-preview:-1\" \/>\n<link rel=\"canonical\" href=\"https:\/\/musiculum.de\/index.php\/vermietung\/\" \/>\n<meta property=\"og:locale\" content=\"de_DE\" \/>\n<meta property=\"og:type\" content=\"article\" \/>\n<meta property=\"og:title\" content=\"Vermietung - musiculum\" \/>\n<meta property=\"og:description\" content=\"Unsere R\u00e4ume k\u00f6nnen f\u00fcr Seminare, Konzerte und andere \u00f6ffentliche und private Veranstaltungen angemietet werden. Bitte nehmen Sie Kontakt zu uns auf, wir erstellen Ihnen ein individuelles Angebot. 1) Keine Tische vorhanden, nur Stuhlkreis m\u00f6glich.\" \/>\n<meta property=\"og:url\" content=\"https:\/\/musiculum.de\/index.php\/vermietung\/\" \/>\n<meta property=\"og:site_name\" content=\"musiculum\" \/>\n<meta property=\"article:modified_time\" content=\"2025-10-22T05:55:59+00:00\" \/>\n<meta name=\"twitter:card\" content=\"summary_large_image\" \/>\n<meta name=\"twitter:label1\" content=\"Gesch\u00e4tzte Lesezeit\" \/>\n\t<meta name=\"twitter:data1\" content=\"2\u00a0Minuten\" \/>\n<script type=\"application\/ld+json\" class=\"yoast-schema-graph\">{\"@context\":\"https:\\\/\\\/schema.org\",\"@graph\":[{\"@type\":\"WebPage\",\"@id\":\"https:\\\/\\\/musiculum.de\\\/index.php\\\/vermietung\\\/\",\"url\":\"https:\\\/\\\/musiculum.de\\\/index.php\\\/vermietung\\\/\",\"name\":\"Vermietung - musiculum\",\"isPartOf\":{\"@id\":\"https:\\\/\\\/musiculum.de\\\/#website\"},\"datePublished\":\"2016-06-13T13:40:09+00:00\",\"dateModified\":\"2025-10-22T05:55:59+00:00\",\"breadcrumb\":{\"@id\":\"https:\\\/\\\/musiculum.de\\\/index.php\\\/vermietung\\\/#breadcrumb\"},\"inLanguage\":\"de\",\"potentialAction\":[{\"@type\":\"ReadAction\",\"target\":[\"https:\\\/\\\/musiculum.de\\\/index.php\\\/vermietung\\\/\"]}]},{\"@type\":\"BreadcrumbList\",\"@id\":\"https:\\\/\\\/musiculum.de\\\/index.php\\\/vermietung\\\/#breadcrumb\",\"itemListElement\":[{\"@type\":\"ListItem\",\"position\":1,\"name\":\"Startseite\",\"item\":\"https:\\\/\\\/musiculum.de\\\/\"},{\"@type\":\"ListItem\",\"position\":2,\"name\":\"Vermietung\"}]},{\"@type\":\"WebSite\",\"@id\":\"https:\\\/\\\/musiculum.de\\\/#website\",\"url\":\"https:\\\/\\\/musiculum.de\\\/\",\"name\":\"musiculum\",\"description\":\"Lern- und Experimentierwerkstatt f\u00fcr Kinder und Jugendliche\",\"potentialAction\":[{\"@type\":\"SearchAction\",\"target\":{\"@type\":\"EntryPoint\",\"urlTemplate\":\"https:\\\/\\\/musiculum.de\\\/?s={search_term_string}\"},\"query-input\":{\"@type\":\"PropertyValueSpecification\",\"valueRequired\":true,\"valueName\":\"search_term_string\"}}],\"inLanguage\":\"de\"}]}<\/script>\n<!-- \/ Yoast SEO plugin. -->","yoast_head_json":{"title":"Vermietung - musiculum","robots":{"index":"index","follow":"follow","max-snippet":"max-snippet:-1","max-image-preview":"max-image-preview:large","max-video-preview":"max-video-preview:-1"},"canonical":"https:\/\/musiculum.de\/index.php\/vermietung\/","og_locale":"de_DE","og_type":"article","og_title":"Vermietung - musiculum","og_description":"Unsere R\u00e4ume k\u00f6nnen f\u00fcr Seminare, Konzerte und andere \u00f6ffentliche und private Veranstaltungen angemietet werden. Bitte nehmen Sie Kontakt zu uns auf, wir erstellen Ihnen ein individuelles Angebot. 1) Keine Tische vorhanden, nur Stuhlkreis m\u00f6glich.","og_url":"https:\/\/musiculum.de\/index.php\/vermietung\/","og_site_name":"musiculum","article_modified_time":"2025-10-22T05:55:59+00:00","twitter_card":"summary_large_image","twitter_misc":{"Gesch\u00e4tzte Lesezeit":"2\u00a0Minuten"},"schema":{"@context":"https:\/\/schema.org","@graph":[{"@type":"WebPage","@id":"https:\/\/musiculum.de\/index.php\/vermietung\/","url":"https:\/\/musiculum.de\/index.php\/vermietung\/","name":"Vermietung - musiculum","isPartOf":{"@id":"https:\/\/musiculum.de\/#website"},"datePublished":"2016-06-13T13:40:09+00:00","dateModified":"2025-10-22T05:55:59+00:00","breadcrumb":{"@id":"https:\/\/musiculum.de\/index.php\/vermietung\/#breadcrumb"},"inLanguage":"de","potentialAction":[{"@type":"ReadAction","target":["https:\/\/musiculum.de\/index.php\/vermietung\/"]}]},{"@type":"BreadcrumbList","@id":"https:\/\/musiculum.de\/index.php\/vermietung\/#breadcrumb","itemListElement":[{"@type":"ListItem","position":1,"name":"Startseite","item":"https:\/\/musiculum.de\/"},{"@type":"ListItem","position":2,"name":"Vermietung"}]},{"@type":"WebSite","@id":"https:\/\/musiculum.de\/#website","url":"https:\/\/musiculum.de\/","name":"musiculum","description":"Lern- und Experimentierwerkstatt f\u00fcr Kinder und Jugendliche","potentialAction":[{"@type":"SearchAction","target":{"@type":"EntryPoint","urlTemplate":"https:\/\/musiculum.de\/?s={search_term_string}"},"query-input":{"@type":"PropertyValueSpecification","valueRequired":true,"valueName":"search_term_string"}}],"inLanguage":"de"}]}},"_links":{"self":[{"href":"https:\/\/musiculum.de\/index.php\/wp-json\/wp\/v2\/pages\/199","targetHints":{"allow":["GET"]}}],"collection":[{"href":"https:\/\/musiculum.de\/index.php\/wp-json\/wp\/v2\/pages"}],"about":[{"href":"https:\/\/musiculum.de\/index.php\/wp-json\/wp\/v2\/types\/page"}],"author":[{"embeddable":true,"href":"https:\/\/musiculum.de\/index.php\/wp-json\/wp\/v2\/users\/2"}],"replies":[{"embeddable":true,"href":"https:\/\/musiculum.de\/index.php\/wp-json\/wp\/v2\/comments?post=199"}],"version-history":[{"count":5,"href":"https:\/\/musiculum.de\/index.php\/wp-json\/wp\/v2\/pages\/199\/revisions"}],"predecessor-version":[{"id":6920,"href":"https:\/\/musiculum.de\/index.php\/wp-json\/wp\/v2\/pages\/199\/revisions\/6920"}],"wp:attachment":[{"href":"https:\/\/musiculum.de\/index.php\/wp-json\/wp\/v2\/media?parent=199"}],"wp:term":[{"taxonomy":"category","embeddable":true,"href":"https:\/\/musiculum.de\/index.php\/wp-json\/wp\/v2\/categories?post=199"},{"taxonomy":"post_tag","embeddable":true,"href":"https:\/\/musiculum.de\/index.php\/wp-json\/wp\/v2\/tags?post=199"}],"curies":[{"name":"wp","href":"https:\/\/api.w.org\/{rel}","templated":true}]}}