{"id":1929,"date":"2020-01-26T10:28:48","date_gmt":"2020-01-26T09:28:48","guid":{"rendered":"https:\/\/musiculum.de\/?page_id=1929"},"modified":"2025-10-22T07:48:35","modified_gmt":"2025-10-22T05:48:35","slug":"saal","status":"publish","type":"page","link":"https:\/\/musiculum.de\/index.php\/saal\/","title":{"rendered":"Saal"},"content":{"rendered":"<div id=\"pg-1929-0\"  class=\"panel-grid\" ><div class=\"panel-grid-core\"><div id=\"pgc-1929-0-0\"  class=\"panel-grid-cell\" ><div class=\"panel-widget-style\" >\t\t\t<div class=\"textwidget\"><p><strong>Raumgr\u00f6\u00dfe:<\/strong> ca. 300 m\u00b2<br \/>\n<strong>Lage im Geb\u00e4ude:<\/strong> 2. OG<br \/>\n<strong>Mit Fahrstuhl erreichbar:<\/strong> Ja<br \/>\n<strong>Maximale Personenzahl bestuhlt regul\u00e4r:<\/strong> 199<br \/>\n<strong>Maximale Personenzahl mit 1,5m Abstand:<\/strong> 50 bis 70<br \/>\n<strong>Buchungsanfragen:<\/strong> T.: 0431-666 889-0 oder \u00fcber das <strong><a href=\"http:\/\/musiculum.de\/index.php\/kontakt\/\" rel=\"noopener noreferrer\">Kontaktformular\u00a0<\/a><br \/>\n<\/strong><strong>B\u00fchnengr\u00f6\u00dfe:<\/strong><\/p>\n<ul>\n<li>Hintere B\u00fchne (an den Seiten nicht verl\u00e4ngerbar): 5 x 2 x 0,4 m<\/li>\n<li>Vordere B\u00fchne: 7 x 2 x 0,4 m<\/li>\n<\/ul>\n<\/div>\n\t\t<\/div><\/div><div id=\"pgc-1929-0-1\"  class=\"panel-grid-cell\" ><div class=\"panel-widget-style\" >\t\t\t<div class=\"textwidget\"><p>Im Saal gibt es eine festinstallierte Basis-Ton- &amp; Lichttechnik. Falls f\u00fcr eine Veranstaltung aufwendigere Technik ben\u00f6tigt wird (z.B. bei Auftritt einer Band, einer Musical-Produktion oder einer Podiumsdiskussion) oder eine durchgehende technische Betreuung n\u00f6tig ist, kann weiteres Material \u00fcber externe Dienstleister hinzugebucht werden. Hierzu ist die direkte Absprache mit dem musiculum erforderlich. Der Veranstalter kann auch seine eigene Veranstaltungstechnik mitbringen.<\/p>\n<\/div>\n\t\t<\/div><\/div><\/div><\/div><div id=\"pg-1929-1\"  class=\"panel-grid\" ><div class=\"panel-grid-core\"><div id=\"pgc-1929-1-0\"  class=\"panel-grid-cell\" ><\/div><div id=\"pgc-1929-1-1\"  class=\"panel-grid-cell\" ><\/div><\/div><\/div><div id=\"pg-1929-2\"  class=\"panel-grid\" ><div class=\"panel-grid-core\"><div id=\"pgc-1929-2-0\"  class=\"panel-grid-cell\" ><div class=\"panel-widget-style\" ><div id='container592_1929' style='width:1150px; height:570px; position: relative;'>This content requires HTML5\/CSS3, WebGL, or Adobe Flash Player Version 9 or higher.<\/div><script type='text\/javascript' src='\/wp-content\/uploads\/2016\/10\/Saal_Gesamt_Pano\/pano2vr_player.js'><\/script><script type='text\/javascript' src='\/wp-content\/uploads\/2016\/10\/Saal_Gesamt_Pano\/skin.js'><\/script><script type='text\/javascript'>if (ggHasHtml5Css3D() || ggHasWebGL()) {if  (typeof Saal_Gesamt_Pano_pano2vrPlayer != 'undefined') pano592_1929=new Saal_Gesamt_Pano_pano2vrPlayer('container592_1929');else pano592_1929=new pano2vrPlayer('container592_1929');if  (typeof Saal_Gesamt_Pano_pano2vrSkin != 'undefined') skin592_1929=new Saal_Gesamt_Pano_pano2vrSkin(pano592_1929, '\/wp-content\/uploads\/2016\/10\/Saal_Gesamt_Pano\/\/');else skin592_1929=new pano2vrSkin(pano592_1929, '\/wp-content\/uploads\/2016\/10\/Saal_Gesamt_Pano\/\/');window.addEventListener('load', function() {pano592_1929.readConfigUrlAsync('\/wp-content\/uploads\/2016\/10\/Saal_Gesamt_Pano\/pano.xml');});} else if (swfobject.hasFlashPlayerVersion('10.0.0')) {var flashvars = {};var params = {};function ggXmlReady() { initMap592_1929();  };flashvars.externalinterface='1';params.quality = 'high';params.bgcolor = '#ffffff';params.allowscriptaccess = 'sameDomain';params.allowfullscreen = 'true';var attributes = {};attributes.id = 'pano592_1929';attributes.name = 'pano592_1929';attributes.align = 'middle';flashvars.panoxml= '\/wp-content\/uploads\/2016\/10\/Saal_Gesamt_Pano\/pano.xml';flashvars.skinxml= '\/wp-content\/uploads\/2016\/10\/Saal_Gesamt_Pano\/skin.xml';params.base='\/wp-content\/uploads\/2016\/10\/Saal_Gesamt_Pano\/';swfobject.embedSWF('\/wp-content\/uploads\/2016\/10\/Saal_Gesamt_Pano\/\/pano2vr_player.swf', 'container592_1929','1150px', '570px','10.0.0', '',flashvars, params, attributes);}<\/script><noscript><p><b>Please enable Javascript!<\/b><\/p><\/noscript><br>\n<\/div><\/div><\/div><\/div>","protected":false},"excerpt":{"rendered":"<p>Raumgr\u00f6\u00dfe: ca. 300 m\u00b2 Lage im Geb\u00e4ude: 2. OG Mit Fahrstuhl erreichbar: Ja Maximale Personenzahl bestuhlt regul\u00e4r: 199 Maximale Personenzahl mit 1,5m Abstand: 50 bis 70 Buchungsanfragen: T.: 0431-666 889-0 oder \u00fcber das Kontaktformular\u00a0 B\u00fchnengr\u00f6\u00dfe: Hintere B\u00fchne (an den Seiten nicht verl\u00e4ngerbar): 5 x 2 x 0,4 m Vordere B\u00fchne: 7 x 2 x 0,4 [&hellip;]<\/p>\n","protected":false},"author":2,"featured_media":0,"parent":0,"menu_order":0,"comment_status":"closed","ping_status":"closed","template":"","meta":{"footnotes":""},"categories":[],"tags":[],"class_list":["post-1929","page","type-page","status-publish","hentry"],"yoast_head":"<!-- This site is optimized with the Yoast SEO plugin v27.4 - https:\/\/yoast.com\/product\/yoast-seo-wordpress\/ -->\n<title>Saal - musiculum<\/title>\n<meta name=\"robots\" content=\"index, follow, max-snippet:-1, max-image-preview:large, max-video-preview:-1\" \/>\n<link rel=\"canonical\" href=\"https:\/\/musiculum.de\/index.php\/saal\/\" \/>\n<meta property=\"og:locale\" content=\"de_DE\" \/>\n<meta property=\"og:type\" content=\"article\" \/>\n<meta property=\"og:title\" content=\"Saal - musiculum\" \/>\n<meta property=\"og:description\" content=\"Raumgr\u00f6\u00dfe: ca. 300 m\u00b2 Lage im Geb\u00e4ude: 2. OG Mit Fahrstuhl erreichbar: Ja Maximale Personenzahl bestuhlt regul\u00e4r: 199 Maximale Personenzahl mit 1,5m Abstand: 50 bis 70 Buchungsanfragen: T.: 0431-666 889-0 oder \u00fcber das Kontaktformular\u00a0 B\u00fchnengr\u00f6\u00dfe: Hintere B\u00fchne (an den Seiten nicht verl\u00e4ngerbar): 5 x 2 x 0,4 m Vordere B\u00fchne: 7 x 2 x 0,4 [&hellip;]\" \/>\n<meta property=\"og:url\" content=\"https:\/\/musiculum.de\/index.php\/saal\/\" \/>\n<meta property=\"og:site_name\" content=\"musiculum\" \/>\n<meta property=\"article:modified_time\" content=\"2025-10-22T05:48:35+00:00\" \/>\n<meta name=\"twitter:card\" content=\"summary_large_image\" \/>\n<meta name=\"twitter:label1\" content=\"Gesch\u00e4tzte Lesezeit\" \/>\n\t<meta name=\"twitter:data1\" content=\"1\u00a0Minute\" \/>\n<script type=\"application\/ld+json\" class=\"yoast-schema-graph\">{\"@context\":\"https:\\\/\\\/schema.org\",\"@graph\":[{\"@type\":\"WebPage\",\"@id\":\"https:\\\/\\\/musiculum.de\\\/index.php\\\/saal\\\/\",\"url\":\"https:\\\/\\\/musiculum.de\\\/index.php\\\/saal\\\/\",\"name\":\"Saal - musiculum\",\"isPartOf\":{\"@id\":\"https:\\\/\\\/musiculum.de\\\/#website\"},\"datePublished\":\"2020-01-26T09:28:48+00:00\",\"dateModified\":\"2025-10-22T05:48:35+00:00\",\"breadcrumb\":{\"@id\":\"https:\\\/\\\/musiculum.de\\\/index.php\\\/saal\\\/#breadcrumb\"},\"inLanguage\":\"de\",\"potentialAction\":[{\"@type\":\"ReadAction\",\"target\":[\"https:\\\/\\\/musiculum.de\\\/index.php\\\/saal\\\/\"]}]},{\"@type\":\"BreadcrumbList\",\"@id\":\"https:\\\/\\\/musiculum.de\\\/index.php\\\/saal\\\/#breadcrumb\",\"itemListElement\":[{\"@type\":\"ListItem\",\"position\":1,\"name\":\"Startseite\",\"item\":\"https:\\\/\\\/musiculum.de\\\/\"},{\"@type\":\"ListItem\",\"position\":2,\"name\":\"Saal\"}]},{\"@type\":\"WebSite\",\"@id\":\"https:\\\/\\\/musiculum.de\\\/#website\",\"url\":\"https:\\\/\\\/musiculum.de\\\/\",\"name\":\"musiculum\",\"description\":\"Lern- und Experimentierwerkstatt f\u00fcr Kinder und Jugendliche\",\"potentialAction\":[{\"@type\":\"SearchAction\",\"target\":{\"@type\":\"EntryPoint\",\"urlTemplate\":\"https:\\\/\\\/musiculum.de\\\/?s={search_term_string}\"},\"query-input\":{\"@type\":\"PropertyValueSpecification\",\"valueRequired\":true,\"valueName\":\"search_term_string\"}}],\"inLanguage\":\"de\"}]}<\/script>\n<!-- \/ Yoast SEO plugin. -->","yoast_head_json":{"title":"Saal - musiculum","robots":{"index":"index","follow":"follow","max-snippet":"max-snippet:-1","max-image-preview":"max-image-preview:large","max-video-preview":"max-video-preview:-1"},"canonical":"https:\/\/musiculum.de\/index.php\/saal\/","og_locale":"de_DE","og_type":"article","og_title":"Saal - musiculum","og_description":"Raumgr\u00f6\u00dfe: ca. 300 m\u00b2 Lage im Geb\u00e4ude: 2. OG Mit Fahrstuhl erreichbar: Ja Maximale Personenzahl bestuhlt regul\u00e4r: 199 Maximale Personenzahl mit 1,5m Abstand: 50 bis 70 Buchungsanfragen: T.: 0431-666 889-0 oder \u00fcber das Kontaktformular\u00a0 B\u00fchnengr\u00f6\u00dfe: Hintere B\u00fchne (an den Seiten nicht verl\u00e4ngerbar): 5 x 2 x 0,4 m Vordere B\u00fchne: 7 x 2 x 0,4 [&hellip;]","og_url":"https:\/\/musiculum.de\/index.php\/saal\/","og_site_name":"musiculum","article_modified_time":"2025-10-22T05:48:35+00:00","twitter_card":"summary_large_image","twitter_misc":{"Gesch\u00e4tzte Lesezeit":"1\u00a0Minute"},"schema":{"@context":"https:\/\/schema.org","@graph":[{"@type":"WebPage","@id":"https:\/\/musiculum.de\/index.php\/saal\/","url":"https:\/\/musiculum.de\/index.php\/saal\/","name":"Saal - musiculum","isPartOf":{"@id":"https:\/\/musiculum.de\/#website"},"datePublished":"2020-01-26T09:28:48+00:00","dateModified":"2025-10-22T05:48:35+00:00","breadcrumb":{"@id":"https:\/\/musiculum.de\/index.php\/saal\/#breadcrumb"},"inLanguage":"de","potentialAction":[{"@type":"ReadAction","target":["https:\/\/musiculum.de\/index.php\/saal\/"]}]},{"@type":"BreadcrumbList","@id":"https:\/\/musiculum.de\/index.php\/saal\/#breadcrumb","itemListElement":[{"@type":"ListItem","position":1,"name":"Startseite","item":"https:\/\/musiculum.de\/"},{"@type":"ListItem","position":2,"name":"Saal"}]},{"@type":"WebSite","@id":"https:\/\/musiculum.de\/#website","url":"https:\/\/musiculum.de\/","name":"musiculum","description":"Lern- und Experimentierwerkstatt f\u00fcr Kinder und Jugendliche","potentialAction":[{"@type":"SearchAction","target":{"@type":"EntryPoint","urlTemplate":"https:\/\/musiculum.de\/?s={search_term_string}"},"query-input":{"@type":"PropertyValueSpecification","valueRequired":true,"valueName":"search_term_string"}}],"inLanguage":"de"}]}},"_links":{"self":[{"href":"https:\/\/musiculum.de\/index.php\/wp-json\/wp\/v2\/pages\/1929","targetHints":{"allow":["GET"]}}],"collection":[{"href":"https:\/\/musiculum.de\/index.php\/wp-json\/wp\/v2\/pages"}],"about":[{"href":"https:\/\/musiculum.de\/index.php\/wp-json\/wp\/v2\/types\/page"}],"author":[{"embeddable":true,"href":"https:\/\/musiculum.de\/index.php\/wp-json\/wp\/v2\/users\/2"}],"replies":[{"embeddable":true,"href":"https:\/\/musiculum.de\/index.php\/wp-json\/wp\/v2\/comments?post=1929"}],"version-history":[{"count":5,"href":"https:\/\/musiculum.de\/index.php\/wp-json\/wp\/v2\/pages\/1929\/revisions"}],"predecessor-version":[{"id":6910,"href":"https:\/\/musiculum.de\/index.php\/wp-json\/wp\/v2\/pages\/1929\/revisions\/6910"}],"wp:attachment":[{"href":"https:\/\/musiculum.de\/index.php\/wp-json\/wp\/v2\/media?parent=1929"}],"wp:term":[{"taxonomy":"category","embeddable":true,"href":"https:\/\/musiculum.de\/index.php\/wp-json\/wp\/v2\/categories?post=1929"},{"taxonomy":"post_tag","embeddable":true,"href":"https:\/\/musiculum.de\/index.php\/wp-json\/wp\/v2\/tags?post=1929"}],"curies":[{"name":"wp","href":"https:\/\/api.w.org\/{rel}","templated":true}]}}