{"id":16,"date":"2016-05-09T10:36:53","date_gmt":"2016-05-09T08:36:53","guid":{"rendered":"http:\/\/jo12.de\/?page_id=16"},"modified":"2025-11-12T14:25:43","modified_gmt":"2025-11-12T13:25:43","slug":"spenden","status":"publish","type":"page","link":"https:\/\/musiculum.de\/index.php\/spenden\/","title":{"rendered":"Spenden"},"content":{"rendered":"<div id=\"pg-16-0\"  class=\"panel-grid\" ><div class=\"panel-grid-core\"><div id=\"pgc-16-0-0\"  class=\"panel-grid-cell\" ><\/div><div id=\"pgc-16-0-1\"  class=\"panel-grid-cell\" ><div class=\"panel-widget-style\" >\t\t\t<div class=\"textwidget\"><p>Ob gro\u00df oder klein \u2013 wir freuen uns \u00fcber jede Spende!<\/p>\n<p>Ihre Spende kommt direkt den Kindern und Jugendlichen im musiculum zugute und ist au\u00dferdem steuerlich absetzbar \u2013 f\u00fcr Privatpersonen gleicherma\u00dfen wie f\u00fcr Unternehmen.<\/p>\n<p>Unser Spendenkonto:<\/p>\n<p>Kontoinhaberin: Stiftung Jovita, Projekt musiculum<br \/>\nBank: F\u00f6rde Sparkasse<br \/>\nIBAN: DE88 2105 0170 1400 0272 21<br \/>\nBIC: NOLADE21KIE<\/p>\n<p>Herzlichen Dank f\u00fcr Ihre Unterst\u00fctzung!<\/p>\n<\/div>\n\t\t<\/div><\/div><\/div><\/div><div id=\"pg-16-1\"  class=\"panel-grid\" ><div class=\"panel-grid-core\"><div id=\"pgc-16-1-0\"  class=\"panel-grid-cell\" ><\/div><div id=\"pgc-16-1-1\"  class=\"panel-grid-cell\" ><div class=\"panel-widget-style\" ><a target=\"_blank\" href=\"https:\/\/secure.spendenbank.de\/form\/1537?langid=1\" id=\"thinkupshortcodesthinkup_builder_buttontheme\" class=\"button style1 themebutton small standard\">Spenden Sie jetzt<\/a><style>#thinkupshortcodesthinkup_builder_buttontheme { color: #FFFFFF; }#thinkupshortcodesthinkup_builder_buttontheme:hover { color: #FFFFFF; }#thinkupshortcodesthinkup_builder_buttontheme { background: #DD0B2E; }#thinkupshortcodesthinkup_builder_buttontheme:hover { background: #006391; }<\/style><\/div><\/div><div id=\"pgc-16-1-2\"  class=\"panel-grid-cell\" ><\/div><div id=\"pgc-16-1-3\"  class=\"panel-grid-cell\" ><\/div><\/div><\/div><div id=\"pg-16-2\"  class=\"panel-grid\" ><div class=\"panel-grid-core\"><div id=\"pgc-16-2-0\"  class=\"panel-grid-cell\" ><div class=\"panel-widget-style\" ><!-- <\/div><\/div><\/div><\/div><div id=\"pg-16-3\"  class=\"panel-grid\" ><div class=\"panel-grid-core\"><div id=\"pgc-16-3-0\"  class=\"panel-grid-cell\" ><div class=\"panel-widget-style\" >--><\/div><\/div><\/div><\/div>","protected":false},"excerpt":{"rendered":"<p>Ob gro\u00df oder klein \u2013 wir freuen uns \u00fcber jede Spende! Ihre Spende kommt direkt den Kindern und Jugendlichen im musiculum zugute und ist au\u00dferdem steuerlich absetzbar \u2013 f\u00fcr Privatpersonen gleicherma\u00dfen wie f\u00fcr Unternehmen. Unser Spendenkonto: Kontoinhaberin: Stiftung Jovita, Projekt musiculum Bank: F\u00f6rde Sparkasse IBAN: DE88 2105 0170 1400 0272 21 BIC: NOLADE21KIE Herzlichen Dank [&hellip;]<\/p>\n","protected":false},"author":1,"featured_media":0,"parent":0,"menu_order":0,"comment_status":"closed","ping_status":"closed","template":"","meta":{"footnotes":""},"categories":[],"tags":[],"class_list":["post-16","page","type-page","status-publish","hentry"],"yoast_head":"<!-- This site is optimized with the Yoast SEO plugin v27.5 - https:\/\/yoast.com\/product\/yoast-seo-wordpress\/ -->\n<title>Spenden - musiculum<\/title>\n<meta name=\"robots\" content=\"index, follow, max-snippet:-1, max-image-preview:large, max-video-preview:-1\" \/>\n<link rel=\"canonical\" href=\"https:\/\/musiculum.de\/index.php\/spenden\/\" \/>\n<meta property=\"og:locale\" content=\"de_DE\" \/>\n<meta property=\"og:type\" content=\"article\" \/>\n<meta property=\"og:title\" content=\"Spenden - musiculum\" \/>\n<meta property=\"og:description\" content=\"Ob gro\u00df oder klein \u2013 wir freuen uns \u00fcber jede Spende! Ihre Spende kommt direkt den Kindern und Jugendlichen im musiculum zugute und ist au\u00dferdem steuerlich absetzbar \u2013 f\u00fcr Privatpersonen gleicherma\u00dfen wie f\u00fcr Unternehmen. Unser Spendenkonto: Kontoinhaberin: Stiftung Jovita, Projekt musiculum Bank: F\u00f6rde Sparkasse IBAN: DE88 2105 0170 1400 0272 21 BIC: NOLADE21KIE Herzlichen Dank [&hellip;]\" \/>\n<meta property=\"og:url\" content=\"https:\/\/musiculum.de\/index.php\/spenden\/\" \/>\n<meta property=\"og:site_name\" content=\"musiculum\" \/>\n<meta property=\"article:modified_time\" content=\"2025-11-12T13:25:43+00:00\" \/>\n<meta name=\"twitter:card\" content=\"summary_large_image\" \/>\n<meta name=\"twitter:label1\" content=\"Gesch\u00e4tzte Lesezeit\" \/>\n\t<meta name=\"twitter:data1\" content=\"1\u00a0Minute\" \/>\n<script type=\"application\/ld+json\" class=\"yoast-schema-graph\">{\"@context\":\"https:\\\/\\\/schema.org\",\"@graph\":[{\"@type\":\"WebPage\",\"@id\":\"https:\\\/\\\/musiculum.de\\\/index.php\\\/spenden\\\/\",\"url\":\"https:\\\/\\\/musiculum.de\\\/index.php\\\/spenden\\\/\",\"name\":\"Spenden - musiculum\",\"isPartOf\":{\"@id\":\"https:\\\/\\\/musiculum.de\\\/#website\"},\"datePublished\":\"2016-05-09T08:36:53+00:00\",\"dateModified\":\"2025-11-12T13:25:43+00:00\",\"breadcrumb\":{\"@id\":\"https:\\\/\\\/musiculum.de\\\/index.php\\\/spenden\\\/#breadcrumb\"},\"inLanguage\":\"de\",\"potentialAction\":[{\"@type\":\"ReadAction\",\"target\":[\"https:\\\/\\\/musiculum.de\\\/index.php\\\/spenden\\\/\"]}]},{\"@type\":\"BreadcrumbList\",\"@id\":\"https:\\\/\\\/musiculum.de\\\/index.php\\\/spenden\\\/#breadcrumb\",\"itemListElement\":[{\"@type\":\"ListItem\",\"position\":1,\"name\":\"Startseite\",\"item\":\"https:\\\/\\\/musiculum.de\\\/\"},{\"@type\":\"ListItem\",\"position\":2,\"name\":\"Spenden\"}]},{\"@type\":\"WebSite\",\"@id\":\"https:\\\/\\\/musiculum.de\\\/#website\",\"url\":\"https:\\\/\\\/musiculum.de\\\/\",\"name\":\"musiculum\",\"description\":\"Lern- und Experimentierwerkstatt f\u00fcr Kinder und Jugendliche\",\"potentialAction\":[{\"@type\":\"SearchAction\",\"target\":{\"@type\":\"EntryPoint\",\"urlTemplate\":\"https:\\\/\\\/musiculum.de\\\/?s={search_term_string}\"},\"query-input\":{\"@type\":\"PropertyValueSpecification\",\"valueRequired\":true,\"valueName\":\"search_term_string\"}}],\"inLanguage\":\"de\"}]}<\/script>\n<!-- \/ Yoast SEO plugin. -->","yoast_head_json":{"title":"Spenden - musiculum","robots":{"index":"index","follow":"follow","max-snippet":"max-snippet:-1","max-image-preview":"max-image-preview:large","max-video-preview":"max-video-preview:-1"},"canonical":"https:\/\/musiculum.de\/index.php\/spenden\/","og_locale":"de_DE","og_type":"article","og_title":"Spenden - musiculum","og_description":"Ob gro\u00df oder klein \u2013 wir freuen uns \u00fcber jede Spende! Ihre Spende kommt direkt den Kindern und Jugendlichen im musiculum zugute und ist au\u00dferdem steuerlich absetzbar \u2013 f\u00fcr Privatpersonen gleicherma\u00dfen wie f\u00fcr Unternehmen. Unser Spendenkonto: Kontoinhaberin: Stiftung Jovita, Projekt musiculum Bank: F\u00f6rde Sparkasse IBAN: DE88 2105 0170 1400 0272 21 BIC: NOLADE21KIE Herzlichen Dank [&hellip;]","og_url":"https:\/\/musiculum.de\/index.php\/spenden\/","og_site_name":"musiculum","article_modified_time":"2025-11-12T13:25:43+00:00","twitter_card":"summary_large_image","twitter_misc":{"Gesch\u00e4tzte Lesezeit":"1\u00a0Minute"},"schema":{"@context":"https:\/\/schema.org","@graph":[{"@type":"WebPage","@id":"https:\/\/musiculum.de\/index.php\/spenden\/","url":"https:\/\/musiculum.de\/index.php\/spenden\/","name":"Spenden - musiculum","isPartOf":{"@id":"https:\/\/musiculum.de\/#website"},"datePublished":"2016-05-09T08:36:53+00:00","dateModified":"2025-11-12T13:25:43+00:00","breadcrumb":{"@id":"https:\/\/musiculum.de\/index.php\/spenden\/#breadcrumb"},"inLanguage":"de","potentialAction":[{"@type":"ReadAction","target":["https:\/\/musiculum.de\/index.php\/spenden\/"]}]},{"@type":"BreadcrumbList","@id":"https:\/\/musiculum.de\/index.php\/spenden\/#breadcrumb","itemListElement":[{"@type":"ListItem","position":1,"name":"Startseite","item":"https:\/\/musiculum.de\/"},{"@type":"ListItem","position":2,"name":"Spenden"}]},{"@type":"WebSite","@id":"https:\/\/musiculum.de\/#website","url":"https:\/\/musiculum.de\/","name":"musiculum","description":"Lern- und Experimentierwerkstatt f\u00fcr Kinder und Jugendliche","potentialAction":[{"@type":"SearchAction","target":{"@type":"EntryPoint","urlTemplate":"https:\/\/musiculum.de\/?s={search_term_string}"},"query-input":{"@type":"PropertyValueSpecification","valueRequired":true,"valueName":"search_term_string"}}],"inLanguage":"de"}]}},"_links":{"self":[{"href":"https:\/\/musiculum.de\/index.php\/wp-json\/wp\/v2\/pages\/16","targetHints":{"allow":["GET"]}}],"collection":[{"href":"https:\/\/musiculum.de\/index.php\/wp-json\/wp\/v2\/pages"}],"about":[{"href":"https:\/\/musiculum.de\/index.php\/wp-json\/wp\/v2\/types\/page"}],"author":[{"embeddable":true,"href":"https:\/\/musiculum.de\/index.php\/wp-json\/wp\/v2\/users\/1"}],"replies":[{"embeddable":true,"href":"https:\/\/musiculum.de\/index.php\/wp-json\/wp\/v2\/comments?post=16"}],"version-history":[{"count":5,"href":"https:\/\/musiculum.de\/index.php\/wp-json\/wp\/v2\/pages\/16\/revisions"}],"predecessor-version":[{"id":7026,"href":"https:\/\/musiculum.de\/index.php\/wp-json\/wp\/v2\/pages\/16\/revisions\/7026"}],"wp:attachment":[{"href":"https:\/\/musiculum.de\/index.php\/wp-json\/wp\/v2\/media?parent=16"}],"wp:term":[{"taxonomy":"category","embeddable":true,"href":"https:\/\/musiculum.de\/index.php\/wp-json\/wp\/v2\/categories?post=16"},{"taxonomy":"post_tag","embeddable":true,"href":"https:\/\/musiculum.de\/index.php\/wp-json\/wp\/v2\/tags?post=16"}],"curies":[{"name":"wp","href":"https:\/\/api.w.org\/{rel}","templated":true}]}}