{"id":1394,"date":"2018-05-23T12:29:46","date_gmt":"2018-05-23T10:29:46","guid":{"rendered":"https:\/\/musiculum.de\/?page_id=1394"},"modified":"2022-11-21T10:23:11","modified_gmt":"2022-11-21T09:23:11","slug":"datenschutz","status":"publish","type":"page","link":"https:\/\/musiculum.de\/index.php\/datenschutz\/","title":{"rendered":"Datenschutz"},"content":{"rendered":"<p>Wir freuen uns, dass Sie unsere Website besuchen. Der Schutz und die Sicherheit Ihrer pers\u00f6nlichen Informationen bei der Nutzung unserer Website ist f\u00fcr uns sehr wichtig.<br \/>\nWir m\u00f6chten Sie daher an dieser Stelle dar\u00fcber informieren, welche Ihrer personenbezogenen Daten wir beim Besuch unserer Website erfassen und f\u00fcr welche Zwecke diese verwendet werden.<br \/>\nDiese Datenschutzerkl\u00e4rung gilt f\u00fcr das Internetangebot von Stiftung Jovita\/Projekt musiculum, welches unter der Domain www.musiculum.de, www.musiculum-mobil.de sowie den verschiedenen Subdomains (\u201eunsere Website\u201c) erreichbar ist.<\/p>\n<p><strong>Angaben zum Verantwortlichen:<\/strong><br \/>\nVerantwortlich f\u00fcr die Verarbeitung personenbezogener Daten im Sinne der EU-Datenschutz-Grundverordnung (DSGVO) auf dieser Website ist:<\/p>\n<p>Stiftung Jovita, Projekt musiculum<br \/>\nPickhuben 2<br \/>\n20457 Hamburg<br \/>\nE-Mail: info@stiftung-jovita.org<br \/>\nTel.: 040 \/ 30 06 98 &#8211; 12<br \/>\nFax: 040 \/ 30 06 98 &#8211; 29<br \/>\nE-Mail: info@stiftung-jovita.org<\/p>\n<p><strong>Kontakt zum Datenschutzbeauftragten:<\/strong><br \/>\nUnseren Datenschutzbeauftragten k\u00f6nnen Sie bei Fragen zum Datenschutz kontaktieren:<\/p>\n<p>IBS data protection services and consulting GmbH<br \/>\nZirkusweg 1<br \/>\n20359 Hamburg<br \/>\nTelefon: 040 540 9097 90<br \/>\nMail: dsb@ibs-data-protection.de<\/p>\n<p><strong>Zust\u00e4ndige Datenschutzbeh\u00f6rde f\u00fcr die Stiftung Jovita, Projekt musiculum:<\/strong><br \/>\nFreie und Hansestadt Hamburg<br \/>\nDer Hamburgische Beauftragte f\u00fcr Datenschutz und Informationsfreiheit<br \/>\nKlosterwall 6 (Block C)<br \/>\n20095 Hamburg<br \/>\nTel.: 040 \/ 428 54 &#8211; 40 40<br \/>\nFax.: 040 \/ 428 54 &#8211; 40 00<br \/>\nE-Mail: mailbox@datenschutz.hamburg.de<\/p>\n<p><strong>Erhebung und Speicherung personenbezogener Daten sowie Art und Zweck von deren Verwendung<\/strong><\/p>\n<p><strong>Beim Besuch der Website<\/strong><br \/>\nBeim Aufrufen unserer Website werden durch den auf Ihrem Endger\u00e4t zum Einsatz kommenden Browser automatisch Informationen an den Server unserer Webseite gesendet. Diese Informationen werden nicht gespeichert, unser Server f\u00fchrt kein Protokoll \u00fcber die Besuche. Wir setzen auf unserer Seite keine Cookies ein.<\/p>\n<p><strong>Allgemeine Informationen zu Google<\/strong><br \/>\nWir verwenden verschiedene Dienste von Google, um den Komfort der Webseite zu erh\u00f6hen. Google ist erreichbar unter Google LLC., 1600 Amphitheatre Parkway, Mountain View, CA 94043, USA. Alle Details zu der Datenverarbeitung von Google finden Sie unter <a href=\"http:\/\/www.google.de\/intl\/de\/policies\/privacy\/\">Datenschutzhinweise<\/a> . Google LLC mit Sitz in den USA ist f\u00fcr das us-europ\u00e4ische Datenschutz\u00fcbereinkommen \u201ePrivacy Shield\u201c zertifiziert, welches die Einhaltung des in der EU geltenden Datenschutzniveaus gew\u00e4hrleistet\u00a0.<\/p>\n<p><strong>Google Maps<\/strong><br \/>\nDamit Sie uns besser finden k\u00f6nnen, haben wir Plugins von Google Maps mit eingebunden. Dabei wird der Karteninhalt von Google abgerufen und damit auch Ihre IP-Adresse \u00fcbertragen und gespeichert. Dies stellt ein berechtigtes Interesse im Sinne von Art. 6 Abs. 1 lit. f DSGVO dar.<\/p>\n<p><strong>Google Recapture<\/strong><br \/>\nWir verwenden Google reCAPTURE, um die Anmeldefenster gegen SPAM abzusichern. Durch das Plugin kann von automatischen Programmen und nat\u00fcrlichen Personen unterschieden werden. Durch das Laden des Plugins wird Ihre IP-Adresse an Google \u00fcbertragen. Die Erhebung und \u00dcbermittlung basiert auf Art. 6 Abs. 1 lit. f DSGVO, auf Basis unseres berechtigten Interesses und der Vermeidung von Missbrauch und Spam.<\/p>\n<p><strong>Google Youtube<\/strong><br \/>\nWir binden auf einigen Seiten Youtube von Google mit ein, um Ihnen Videos unserer Stiftung zu zeigen. Dabei wird das Plugin von Youtube (Google) \u00fcbertragen, weshalb ihre IP Adresse und Ihre Anfrage mit an Youtube gesendet wird. Sofern Sie sich bei Youtube eingeloggt haben, wird das Video bei Google ggf. in mit ihrem Benutzerprofil verkn\u00fcpft. Wir weisen darauf hin, dass Youtube hier f\u00fcr die Auswertung der Videos und der Benutzer ggf. eigene Trackingtools verwendet. Die YouTube-Videos werden vom musiculum im erweiterten Datenschutzmodus eingebettet. Wie die meisten Websites verwendet YouTube Cookies, um Informationen \u00fcber die Besucher ihrer Internetseite zu sammeln. YouTube verwendet diese unter anderem zur Erfassung von Videostatistiken, zur Vermeidung von Betrug und zur Verbesserung der Userfreundlichkeit. Auch f\u00fchrt dies zu einer Verbindungsaufnahme mit dem Google DoubleClick Netzwerk. Wenn Sie das Video starten, k\u00f6nnte dies weitere Datenverarbeitungsvorg\u00e4nge ausl\u00f6sen. Darauf haben wir keinen Einfluss.\u00a0Weitere Informationen dazu finden Sie in den <a href=\"https:\/\/policies.google.com\/privacy?hl=de&amp;gl=de\">Datenschutzhinweise<\/a> von Youtube. Sie k\u00f6nnen JavaScript in Ihrem Browser deaktiviern, oder Plugins von Drittanbietern verwenden, sofern sie damit nicht einverstanden sind.<\/p>\n<p><strong>Facebook<\/strong><br \/>\nDer f\u00fcr die Verarbeitung Verantwortliche hat auf dieser Internetseite Komponenten des Unternehmens Facebook integriert. Facebook ist ein soziales Netzwerk.<br \/>\nEin soziales Netzwerk ist ein im Internet betriebener sozialer Treffpunkt, eine Online-Gemeinschaft, die es den Nutzern in der Regel erm\u00f6glicht, untereinander zu kommunizieren und im virtuellen Raum zu interagieren. Ein soziales Netzwerk kann als Plattform zum Austausch von Meinungen und Erfahrungen dienen oder erm\u00f6glicht es der Internetgemeinschaft, pers\u00f6nliche oder unternehmensbezogene Informationen bereitzustellen. Facebook erm\u00f6glicht den Nutzern des sozialen Netzwerkes unter anderem die Erstellung von privaten Profilen, den Upload von Fotos und eine Vernetzung \u00fcber Freundschaftsanfragen. Betreibergesellschaft von Facebook ist, wenn eine betroffene Person au\u00dferhalb der USA oder Kanada lebt, die Meta Platforms Ireland Ltd., 4 Grand Canal Square, Grand Canal Harbour, Dublin 2, Ireland.&lt; Durch jeden Aufruf einer der Einzelseiten dieser Internetseite, die durch den f\u00fcr die Verarbeitung Verantwortlichen betrieben wird und auf welcher eine Facebook-Komponente (Facebook-Plug-In) integriert wurde, wird der Internetbrowser auf dem informations-technologischen System der betroffenen Person automatisch durch die jeweilige Facebook-Komponente veranlasst, eine Darstellung der entsprechenden Facebook-Komponente von Facebook herunterzuladen. Eine Gesamt\u00fcbersicht \u00fcber alle Facebook-Plug-Ins kann unter <a href=\"https:\/\/developers.facebook.com\/docs\/plugins\/?locale=de_DE\">developers.facebook.com\/docs\/plugins\/<\/a> abgerufen werden. Im Rahmen dieses technischen Verfahrens erh\u00e4lt Facebook Kenntnis dar\u00fcber, welche konkrete Unterseite unserer Internetseite durch die betroffene Person besucht wird.<br \/>\nSofern die betroffene Person gleichzeitig bei Facebook eingeloggt ist, erkennt Facebook mit jedem Aufruf unserer Internetseite durch die betroffene Person und w\u00e4hrend der gesamten Dauer des jeweiligen Aufenthaltes auf unserer Internetseite, welche konkrete Unterseite unserer Internetseite die betroffene Person besucht. Diese Informationen werden durch die Facebook-Komponente gesammelt und durch Facebook dem jeweiligen Facebook-Account der betroffenen Person zugeordnet. Facebook erh\u00e4lt \u00fcber die Facebook-Komponente immer dann eine Information dar\u00fcber, dass die betroffene Person unsere Internetseite besucht hat, wenn die betroffene Person zum Zeitpunkt des Aufrufs unserer Internetseite gleichzeitig bei Facebook eingeloggt ist; dies findet unabh\u00e4ngig davon statt, ob die betroffene Person die Facebook-Komponente anklickt oder nicht. Ist eine derartige \u00dcbermittlung dieser Informationen an Facebook von der betroffenen Person nicht gewollt, kann diese die \u00dcbermittlung dadurch verhindern, dass sie sich vor einem Aufruf unserer Internetseite aus ihrem Facebook-Account ausloggt.<br \/>\nDie von Facebook ver\u00f6ffentlichte Datenrichtlinie, die unter <a href=\"https:\/\/de-de.facebook.com\/about\/privacy\/\">de-de.facebook.com\/about\/privacy\/<\/a> abrufbar ist, gibt Aufschluss \u00fcber die Erhebung, Verarbeitung und Nutzung personenbezogener Daten durch Facebook. Ferner wird dort erl\u00e4utert, welche Einstellungsm\u00f6glichkeiten Facebook zum Schutz der Privatsph\u00e4re der betroffenen Person bietet. Zudem sind unterschiedliche Applikationen erh\u00e4ltlich, die es erm\u00f6glichen, eine Daten\u00fcbermittlung an Facebook zu unterdr\u00fccken. Solche Applikationen k\u00f6nnen durch die betroffene Person genutzt werden, um eine Daten\u00fcbermittlung an Facebook zu unterdr\u00fccken.<\/p>\n<p><strong>Videokonferenzen<br \/>\n<\/strong>Wir stellen eine datenschutz-freundliche Videokonferenz-Plattform bereit. Eine Registrierung und personenbezogene Datenverarbeitung ist zur Teilnahme an einer Videokonferenz nicht erforderlich, so k\u00f6nnen Teilnehmende ohne individuelles Konto per Link zur Videokonferenz eingeladen werden.<br \/>\nMit der \u00dcbertragung von Bild und Ton von Personen werden automatisch personen-bezogene Daten \u00fcbertragen. Diese Daten sind folgende: Abbild der Nutzenden, Stimme und gesprochene und gezeigte Inhalte, Chat-Funktion, Teilen von Dateien, Abstimmung oder Aufzeigen. Dar\u00fcber hinaus werden keine Daten erhoben. Es werden keine Daten gespeichert und alle Datenstr\u00f6me sind verschl\u00fcsselt.\u00a0Von Seiten des musiculum werden niemals Aufzeichnungen, Screenshots oder andere Aufnahmen von den Videokonferenzen w\u00e4hrend der DIGI-Besuche vorgenommen. Der Chat wird nur f\u00fcr die Dauer der Konferenz gespeichert, danach sofort automatisch gel\u00f6scht. Das musiculum hat die Videokonferenzen au\u00dferdem Passwort verschl\u00fcsselt, sodass der Raum erst betreten und genutzt werden kann, wenn der Organisator des musiculums die Videokonferenz betritt.<\/p>\n<p><strong>Tracking Tools<\/strong><br \/>\nWir verwenden Matomo (Piwik), eine Open-Source-Software zur statistischen Auswertung der Nutzerzugriffe und wir verzichten dabei auf Cookies. Die IP-Adresse wird sofort nach der Verarbeitung und vor deren Speicherung anonymisiert. Wir werten die gespeicherten Daten nur zu statistischen Zwecken aus, um beispielsweise fehlerhafte Verlinkungen erkennen zu k\u00f6nnen oder Inhalte zu optimieren. Eine Weitergabe der hierf\u00fcr erfassten Daten an Dritte findet nicht statt. Die Datenverarbeitung zum Zwecke der Auswertung erfolgt nach Art.6 Abs.1 S.1 lit. f DSGVO und kann nicht auf einzelne Besucher zur\u00fcckverfolgt werden. Wir versuchen diese Seiten in Bezug auf die Verarbeitung personenbezogener Daten so datensparsam wie m\u00f6glich zu betreiben. Auf diesen Seiten finden sich keine aktiven Inhalte aus sozialen Netzwerken.<\/p>\n<div class=\"source\">\n<p><strong>Datenschutzbestimmungen zu Einsatz und Verwendung des Yolawo-Buchungssystems<\/strong><br \/>\nDiese Webseite benutzt das Buchungssystem der Yolawo UG (haftungsbeschr\u00e4nkt) (\u201eYolawo\u201c). Yolawo ist eine Buchungssoftware, die es dem musiculum erm\u00f6glicht, Online-Anmeldungen und -Bezahlungen f\u00fcr seine Sportangebote \u00fcber diese Webseite abzuwickeln. Daher wird beim Besuch derjenigen Unterseiten dieser Webseite, die das Yolawo-Buchungssystem eingebettet haben, eine direkte Verbindung zu den Yolawo-Servern hergestellt. Da die Nutzung des Yolawo-Buchungssystems im Interesse einer nutzerfreundlichen Online-Buchung erfolgt, besteht ein berechtigtes Interesse im Sinne von Art. 6 Abs. 1 lit. f DSGVO. Alle personenbezogenen Daten, die bei einer Anmeldung \u00fcber das Yolawo-Buchungssystem eingegeben werden, werden somit auch an Yolawo \u00fcbermittelt. Wir haben mit Yolawo eine vertragliche Vereinbarung zur Verarbeitung der Daten i.S.d. Art. 28 DSGVO abgeschlossen. Yolawo und seine Dienstleistungspartner (z. B. der zertifizierte Zahldienstleister Adyen BV, Simon Carmiggelstraat 6 \u2013 50, 1011 DJ Amsterdam) nutzen diese Daten ausschlie\u00dflich dazu, die eingegangen Buchungen und Bezahlungen im Auftrag des musiculums abzuwickeln. Es wird somit sichergestellt, dass weder Yolawo noch Dritte die Daten f\u00fcr andere Zwecke als f\u00fcr die Abwicklung der Buchungen nutzen d\u00fcrfen.<\/p>\n<\/div>\n<p><strong>Bei Nutzung unseres Kontaktformulars<\/strong><br \/>\nBei Fragen jeglicher Art bieten wir Ihnen die M\u00f6glichkeit, mit uns \u00fcber ein auf der Website bereitgestelltes Formular Kontakt aufzunehmen. Dabei sind die Angaben einer g\u00fcltigen E-Mail-Adresse, eines Betreffs und eine Nachricht erforderlich, damit wir wissen, von wem die Anfrage stammt, diese zuordnen und beantworten k\u00f6nnen. Weitere Angaben k\u00f6nnen freiwillig get\u00e4tigt werden.<br \/>\nDie Datenverarbeitung zum Zwecke der Kontaktaufnahme mit uns erfolgt nach Art. 6 Abs. 1 S. 1 lit. a DSGVO auf Grundlage Ihrer freiwillig erteilten Einwilligung.<br \/>\nDie f\u00fcr die Benutzung des Kontaktformulars von uns erhobenen personenbezogenen Daten werden nach Erledigung der von Ihnen gestellten Anfrage gel\u00f6scht. Sofern kein Vertrag mit Ihnen zustande kommt oder besteht, l\u00f6schen wir Ihre Daten innerhalb von 6 Monaten.<\/p>\n<p><strong>Anmeldung &amp; Speicherung zur Durchf\u00fchrung von Projekten \/ Programmen<\/strong><br \/>\nSofern Sie sich f\u00fcr unsere Projekte und Programme anmelden, speichern und verarbeiten wir die Daten nur, um die Programme und Projekte durchf\u00fchren zu k\u00f6nnen. Die Datenverarbeitung zum Zwecke der Vertragserf\u00fcllung erfolgt nach Art.6 Abs.1 lit.b DSGVO. Abh\u00e4ngig von den Kursen geh\u00f6ren dazu unter anderem personenbezogene Daten wie Name, Adresse und ggf. Geburtsdatum sowie Ihre Kontaktdaten. Sofern Sie uns Ihre Daten nicht zur Verf\u00fcgung stellen, k\u00f6nnen wir Sie nicht bei den Kursen und Projekten ber\u00fccksichtigen. Nach Beendigung der Kurse und Projekte speichern wir aufgrund der gesetzlichen Anforderungen die steuerlich relevanten Daten f\u00fcr 10 Jahre (u.a. B\u00fccher, Eingangs-und Ausgangsrechnungen, Buchungsbelege, Inventare, Bilanzen, Lageberichte und Jahresberichte) sowie 6 Jahre f\u00fcr Handelsbriefe, Gesch\u00e4ftsbriefe, E-Mails und andere digitale Dokumente (\u00a7 257 HGB Absatz 4, \u00a7 147 Abgabenordnung und \u00a7 14b Umsatzsteuergesetz).<\/p>\n<p><strong>Weitergabe von Daten<\/strong><br \/>\nEine \u00dcbermittlung Ihrer pers\u00f6nlichen Daten an Dritte zu anderen als den im Folgenden aufgef\u00fchrten Zwecken findet nicht statt.<br \/>\nWir geben Ihre pers\u00f6nlichen Daten nur an Dritte weiter, wenn:<\/p>\n<ul>\n<li>Sie Ihre nach Art.6 Abs.1 S.1 lit.a DSGVO ausdr\u00fcckliche Einwilligung dazu erteilt haben,<\/li>\n<li>die Weitergabe nach Art.6 Abs.1 S.1 lit.f DSGVO zur Geltendmachung, Aus\u00fcbung oder Verteidigung von Rechtsanspr\u00fcchen erforderlich ist und kein Grund zur Annahme besteht, dass Sie ein \u00fcberwiegendes schutzw\u00fcrdiges Interesse an der Nichtweitergabe Ihrer Daten haben,<\/li>\n<li>f\u00fcr den Fall, dass f\u00fcr die Weitergabe nach Art.6 Abs.1 S.1 lit.c DSGVO eine gesetzliche Verpflichtung besteht sowie<\/li>\n<li>dies gesetzlich zul\u00e4ssig und nach Art.6 Abs.1 S.1 lit.b DSGVO f\u00fcr die Abwicklung von Vertragsverh\u00e4ltnissen mit Ihnen erforderlich ist.<\/li>\n<\/ul>\n<p><strong>Betroffenenrechte<\/strong><\/p>\n<p>Sie haben das Recht:<\/p>\n<ul>\n<li>gem\u00e4\u00df Art. 15 DSGVO <strong>Auskunft<\/strong> \u00fcber Ihre von uns verarbeiteten personenbezogenen Daten zu verlangen.<\/li>\n<li>gem\u00e4\u00df Art. 16 DSGVO unverz\u00fcglich die <strong>Berichtigung<\/strong> unrichtiger oder Vervollst\u00e4ndigung Ihrer bei uns gespeicherten personenbezogenen Daten zu verlangen;<\/li>\n<li>gem\u00e4\u00df Art. 17 DSGVO die <strong>L\u00f6schung<\/strong> Ihrer bei uns gespeicherten personenbezogenen Daten zu verlangen, soweit wir Ihre Daten nicht aufgrund von diversen gesetzlichen Aufbewahrungsfristen l\u00e4nger aufbewahren m\u00fcssen. Hierzu z\u00e4hlen z. B. die steuerrechtlich relevanten Daten mit einer Aufbewahrungsfrist von mindestens 10 Jahren.<\/li>\n<li>gem\u00e4\u00df Art. 18 DSGVO die <strong>Einschr\u00e4nkung der Verarbeitung<\/strong> Ihrer personenbezogenen Daten zu verlangen, soweit die Richtigkeit der Daten von Ihnen bestritten wird, die Verarbeitung unrechtm\u00e4\u00dfig ist, Sie aber deren L\u00f6schung ablehnen und wir die Daten nicht mehr ben\u00f6tigen, Sie jedoch diese zur Geltendmachung, Aus\u00fcbung oder Verteidigung von Rechtsanspr\u00fcchen ben\u00f6tigen oder Sie gem\u00e4\u00df Art. 21 DSGVO Widerspruch gegen die Verarbeitung eingelegt haben;<\/li>\n<li>gem\u00e4\u00df Art. 20 DSGVO geben wir Ihnen gerne eine <strong>Kopie Ihrer<\/strong> bei uns gespeicherten <strong>Daten<\/strong>, die Sie uns bereitgestellt haben, in einem strukturierten, g\u00e4ngigen und maschinenlesbaren Format;<\/li>\n<li>gem\u00e4\u00df Art. 7 Abs. 3 DSGVO Ihre einmal erteilte Einwilligung jederzeit gegen\u00fcber uns zu <strong>widerrufen<\/strong>. Dies hat zur Folge, dass wir die Datenverarbeitung, die auf dieser Einwilligung beruhte, f\u00fcr die Zukunft nicht mehr fortf\u00fchren d\u00fcrfen und<\/li>\n<li>gem\u00e4\u00df Art. 77 DSGVO sich bei einer <strong>Aufsichtsbeh\u00f6rde zu beschweren<\/strong>. In der Regel k\u00f6nnen Sie sich hierf\u00fcr an die Aufsichtsbeh\u00f6rde Ihres \u00fcblichen Aufenthaltsortes oder Arbeitsplatzes oder unseres Stiftungssitzes in Hamburg wenden.<\/li>\n<\/ul>\n<p><strong>Widerspruchsrecht<\/strong><br \/>\nSofern Ihre personenbezogenen Daten auf Grundlage von berechtigten Interessen gem\u00e4\u00df Art.6 Abs.1 S.1 lit.f DSGVO verarbeitet werden, haben Sie das Recht, gem\u00e4\u00df Art.21 DSGVO Widerspruch gegen die Verarbeitung Ihrer personenbezogenen Daten einzulegen, soweit daf\u00fcr Gr\u00fcnde vorliegen, die sich aus Ihrer besonderen Situation ergeben oder sich der Widerspruch gegen Direktwerbung richtet. Im letzteren Fall haben Sie ein generelles Widerspruchsrecht, das ohne Angabe einer besonderen Situation von uns umgesetzt wird. M\u00f6chten Sie von Ihrem Widerrufs- oder Widerspruchsrecht Gebrauch machen, gen\u00fcgt eine E-Mail an dsb@stiftung-jovita.org<\/p>\n<p><strong>Datensicherheit<\/strong><br \/>\nWir bedienen uns im \u00dcbrigen geeigneter technischer und organisatorischer Sicherheitsma\u00dfnahmen, um Ihre Daten gegen zuf\u00e4llige oder vors\u00e4tzliche Manipulationen, teilweisen oder vollst\u00e4ndigen Verlust, Zerst\u00f6rung oder gegen den unbefugten Zugriff Dritter zu sch\u00fctzen. Unsere Sicherheitsma\u00dfnahmen werden entsprechend der technologischen Entwicklung fortlaufend verbessert.<\/p>\n<p><strong>Aktualit\u00e4t und \u00c4nderung dieser Datenschutzerkl\u00e4rung<\/strong><br \/>\nDiese Datenschutzerkl\u00e4rung ist aktuell g\u00fcltig und hat den Stand Mai 2018. Die jeweils aktuelle Datenschutzerkl\u00e4rung kann jederzeit auf dieser Website von Ihnen abgerufen und ausgedruckt werden.<\/p>\n","protected":false},"excerpt":{"rendered":"<p>Wir freuen uns, dass Sie unsere Website besuchen. Der Schutz und die Sicherheit Ihrer pers\u00f6nlichen Informationen bei der Nutzung unserer Website ist f\u00fcr uns sehr wichtig. Wir m\u00f6chten Sie daher an dieser Stelle dar\u00fcber informieren, welche Ihrer personenbezogenen Daten wir beim Besuch unserer Website erfassen und f\u00fcr welche Zwecke diese verwendet werden. Diese Datenschutzerkl\u00e4rung gilt [&hellip;]<\/p>\n","protected":false},"author":2,"featured_media":0,"parent":0,"menu_order":0,"comment_status":"closed","ping_status":"closed","template":"","meta":{"footnotes":""},"categories":[],"tags":[],"class_list":["post-1394","page","type-page","status-publish","hentry"],"yoast_head":"<!-- This site is optimized with the Yoast SEO plugin v27.4 - https:\/\/yoast.com\/product\/yoast-seo-wordpress\/ -->\n<title>Datenschutz - musiculum<\/title>\n<meta name=\"robots\" content=\"noindex, nofollow\" \/>\n<meta property=\"og:locale\" content=\"de_DE\" \/>\n<meta property=\"og:type\" content=\"article\" \/>\n<meta property=\"og:title\" content=\"Datenschutz - musiculum\" \/>\n<meta property=\"og:description\" content=\"Wir freuen uns, dass Sie unsere Website besuchen. Der Schutz und die Sicherheit Ihrer pers\u00f6nlichen Informationen bei der Nutzung unserer Website ist f\u00fcr uns sehr wichtig. Wir m\u00f6chten Sie daher an dieser Stelle dar\u00fcber informieren, welche Ihrer personenbezogenen Daten wir beim Besuch unserer Website erfassen und f\u00fcr welche Zwecke diese verwendet werden. Diese Datenschutzerkl\u00e4rung gilt [&hellip;]\" \/>\n<meta property=\"og:url\" content=\"https:\/\/musiculum.de\/index.php\/datenschutz\/\" \/>\n<meta property=\"og:site_name\" content=\"musiculum\" \/>\n<meta property=\"article:modified_time\" content=\"2022-11-21T09:23:11+00:00\" \/>\n<meta name=\"twitter:card\" content=\"summary_large_image\" \/>\n<meta name=\"twitter:label1\" content=\"Gesch\u00e4tzte Lesezeit\" \/>\n\t<meta name=\"twitter:data1\" content=\"13\u00a0Minuten\" \/>\n<script type=\"application\/ld+json\" class=\"yoast-schema-graph\">{\"@context\":\"https:\\\/\\\/schema.org\",\"@graph\":[{\"@type\":\"WebPage\",\"@id\":\"https:\\\/\\\/musiculum.de\\\/index.php\\\/datenschutz\\\/\",\"url\":\"https:\\\/\\\/musiculum.de\\\/index.php\\\/datenschutz\\\/\",\"name\":\"Datenschutz - musiculum\",\"isPartOf\":{\"@id\":\"https:\\\/\\\/musiculum.de\\\/#website\"},\"datePublished\":\"2018-05-23T10:29:46+00:00\",\"dateModified\":\"2022-11-21T09:23:11+00:00\",\"breadcrumb\":{\"@id\":\"https:\\\/\\\/musiculum.de\\\/index.php\\\/datenschutz\\\/#breadcrumb\"},\"inLanguage\":\"de\",\"potentialAction\":[{\"@type\":\"ReadAction\",\"target\":[\"https:\\\/\\\/musiculum.de\\\/index.php\\\/datenschutz\\\/\"]}]},{\"@type\":\"BreadcrumbList\",\"@id\":\"https:\\\/\\\/musiculum.de\\\/index.php\\\/datenschutz\\\/#breadcrumb\",\"itemListElement\":[{\"@type\":\"ListItem\",\"position\":1,\"name\":\"Startseite\",\"item\":\"https:\\\/\\\/musiculum.de\\\/\"},{\"@type\":\"ListItem\",\"position\":2,\"name\":\"Datenschutz\"}]},{\"@type\":\"WebSite\",\"@id\":\"https:\\\/\\\/musiculum.de\\\/#website\",\"url\":\"https:\\\/\\\/musiculum.de\\\/\",\"name\":\"musiculum\",\"description\":\"Lern- und Experimentierwerkstatt f\u00fcr Kinder und Jugendliche\",\"potentialAction\":[{\"@type\":\"SearchAction\",\"target\":{\"@type\":\"EntryPoint\",\"urlTemplate\":\"https:\\\/\\\/musiculum.de\\\/?s={search_term_string}\"},\"query-input\":{\"@type\":\"PropertyValueSpecification\",\"valueRequired\":true,\"valueName\":\"search_term_string\"}}],\"inLanguage\":\"de\"}]}<\/script>\n<!-- \/ Yoast SEO plugin. -->","yoast_head_json":{"title":"Datenschutz - musiculum","robots":{"index":"noindex","follow":"nofollow"},"og_locale":"de_DE","og_type":"article","og_title":"Datenschutz - musiculum","og_description":"Wir freuen uns, dass Sie unsere Website besuchen. Der Schutz und die Sicherheit Ihrer pers\u00f6nlichen Informationen bei der Nutzung unserer Website ist f\u00fcr uns sehr wichtig. Wir m\u00f6chten Sie daher an dieser Stelle dar\u00fcber informieren, welche Ihrer personenbezogenen Daten wir beim Besuch unserer Website erfassen und f\u00fcr welche Zwecke diese verwendet werden. Diese Datenschutzerkl\u00e4rung gilt [&hellip;]","og_url":"https:\/\/musiculum.de\/index.php\/datenschutz\/","og_site_name":"musiculum","article_modified_time":"2022-11-21T09:23:11+00:00","twitter_card":"summary_large_image","twitter_misc":{"Gesch\u00e4tzte Lesezeit":"13\u00a0Minuten"},"schema":{"@context":"https:\/\/schema.org","@graph":[{"@type":"WebPage","@id":"https:\/\/musiculum.de\/index.php\/datenschutz\/","url":"https:\/\/musiculum.de\/index.php\/datenschutz\/","name":"Datenschutz - musiculum","isPartOf":{"@id":"https:\/\/musiculum.de\/#website"},"datePublished":"2018-05-23T10:29:46+00:00","dateModified":"2022-11-21T09:23:11+00:00","breadcrumb":{"@id":"https:\/\/musiculum.de\/index.php\/datenschutz\/#breadcrumb"},"inLanguage":"de","potentialAction":[{"@type":"ReadAction","target":["https:\/\/musiculum.de\/index.php\/datenschutz\/"]}]},{"@type":"BreadcrumbList","@id":"https:\/\/musiculum.de\/index.php\/datenschutz\/#breadcrumb","itemListElement":[{"@type":"ListItem","position":1,"name":"Startseite","item":"https:\/\/musiculum.de\/"},{"@type":"ListItem","position":2,"name":"Datenschutz"}]},{"@type":"WebSite","@id":"https:\/\/musiculum.de\/#website","url":"https:\/\/musiculum.de\/","name":"musiculum","description":"Lern- und Experimentierwerkstatt f\u00fcr Kinder und Jugendliche","potentialAction":[{"@type":"SearchAction","target":{"@type":"EntryPoint","urlTemplate":"https:\/\/musiculum.de\/?s={search_term_string}"},"query-input":{"@type":"PropertyValueSpecification","valueRequired":true,"valueName":"search_term_string"}}],"inLanguage":"de"}]}},"_links":{"self":[{"href":"https:\/\/musiculum.de\/index.php\/wp-json\/wp\/v2\/pages\/1394","targetHints":{"allow":["GET"]}}],"collection":[{"href":"https:\/\/musiculum.de\/index.php\/wp-json\/wp\/v2\/pages"}],"about":[{"href":"https:\/\/musiculum.de\/index.php\/wp-json\/wp\/v2\/types\/page"}],"author":[{"embeddable":true,"href":"https:\/\/musiculum.de\/index.php\/wp-json\/wp\/v2\/users\/2"}],"replies":[{"embeddable":true,"href":"https:\/\/musiculum.de\/index.php\/wp-json\/wp\/v2\/comments?post=1394"}],"version-history":[{"count":5,"href":"https:\/\/musiculum.de\/index.php\/wp-json\/wp\/v2\/pages\/1394\/revisions"}],"predecessor-version":[{"id":5512,"href":"https:\/\/musiculum.de\/index.php\/wp-json\/wp\/v2\/pages\/1394\/revisions\/5512"}],"wp:attachment":[{"href":"https:\/\/musiculum.de\/index.php\/wp-json\/wp\/v2\/media?parent=1394"}],"wp:term":[{"taxonomy":"category","embeddable":true,"href":"https:\/\/musiculum.de\/index.php\/wp-json\/wp\/v2\/categories?post=1394"},{"taxonomy":"post_tag","embeddable":true,"href":"https:\/\/musiculum.de\/index.php\/wp-json\/wp\/v2\/tags?post=1394"}],"curies":[{"name":"wp","href":"https:\/\/api.w.org\/{rel}","templated":true}]}}