{"id":133,"date":"2016-06-09T11:08:44","date_gmt":"2016-06-09T09:08:44","guid":{"rendered":"http:\/\/jo12.de\/?page_id=133"},"modified":"2026-02-10T09:54:28","modified_gmt":"2026-02-10T08:54:28","slug":"ueber-uns","status":"publish","type":"page","link":"https:\/\/musiculum.de\/index.php\/ueber-uns\/","title":{"rendered":"\u00dcber uns"},"content":{"rendered":"<div id=\"pg-133-0\"  class=\"panel-grid\" ><div class=\"panel-grid-core\"><div id=\"pgc-133-0-0\"  class=\"panel-grid-cell\" ><div class=\"panel-widget-style\" ><p style=\"\"><img decoding=\"async\" src=\"https:\/\/musiculum.de\/wp-content\/uploads\/2016\/12\/musiculum_blasinstrumente_01.jpg\" alt=\"\" style=\"\" \/><\/p><\/div><div class=\"panel-widget-style\" ><p style=\"\"><img decoding=\"async\" src=\"https:\/\/musiculum.de\/wp-content\/uploads\/2016\/12\/musiculum_akustikschulprojekt_2012_01.jpg\" alt=\"\" style=\"\" \/><\/p><\/div><\/div><div id=\"pgc-133-0-1\"  class=\"panel-grid-cell\" ><div class=\"panel-widget-style\" >\t\t\t<div class=\"textwidget\"><h2>Musik und Akustik erleben \u2013 das k\u00f6nnen Kinder und Jugendliche im\u00a0<strong>musiculum!<\/strong><\/h2>\n<p>Das musiculum ist eine Lern- und Experimentier\u00adwerkstatt f\u00fcr Kinder und Jugendliche. Auf einer Gesamtfl\u00e4che von 2.400m\u00b2\u00a0laden rund 400 Musikinstrumente und gro\u00dfformatige Akustik-Exponate, Experimentierr\u00e4ume, ein Sinnesraum, ein Ton-Studio und ein Saal mit B\u00fchne zum gemeinsamen Entdecken, Forschen und Mitmachen ein. Zum Angebot geh\u00f6ren <strong><a href=\"http:\/\/musiculum.de\/index.php\/schulprojekte\/\" rel=\"noopener noreferrer\">Schulprojekte<\/a><\/strong>, <strong><a href=\"http:\/\/musiculum.de\/index.php\/nachmittagsprogramm\/\" rel=\"noopener noreferrer\">Nachmittagsprojekte<\/a>, <a href=\"https:\/\/musiculum.de\/index.php\/ferienprogramm\/\" rel=\"noopener noreferrer\">Ferienprojekte<\/a><\/strong> sowie <strong><a href=\"http:\/\/musiculum.de\/index.php\/kooperationsprojekte\/\" rel=\"noopener noreferrer\">Kooperationsprojekte<\/a><\/strong> f\u00fcr Sch\u00fclerinnen und Sch\u00fcler mit und ohne F\u00f6rderbedarf. Zudem gibt es besondere Aktionen und Angebote, wie z.B. Projekte f\u00fcr junge Menschen mit Fluchterfahrung, das <strong><a href=\"http:\/\/musiculum.de\/index.php\/musiculum-mobil\/\" rel=\"noopener noreferrer\">musiculum MOBIL Kita<\/a><\/strong> f\u00fcr Kinder in Kindertagesst\u00e4tten, das <strong><a href=\"https:\/\/musiculum.de\/index.php\/musiculum-mobil\/\">musiculum MOBIL Schule<\/a><\/strong> f\u00fcr 1. und 2. Klassen der Grundschulen sowie das Projekt Kiel Move &amp; Groove f\u00fcr Jugendliche in sozial benachteiligten Stadtteilen Kiels.<\/p>\n<\/div>\n\t\t<\/div><div class=\"panel-widget-style\" ><div class=\"lyte-wrapper fourthree\" style=\"width:480px;max-width:100%;margin:5px;\"><div class=\"lyMe\" id=\"WYL_sBLo4X62xkY\"><div id=\"lyte_sBLo4X62xkY\" data-src=\"https:\/\/musiculum.de\/wp-content\/plugins\/wp-youtube-lyte\/lyteCache.php?origThumbUrl=%2F%2Fi.ytimg.com%2Fvi%2FsBLo4X62xkY%2Fhqdefault.jpg\" class=\"pL\"><div class=\"tC\"><div class=\"tT\"><\/div><\/div><div class=\"play\"><\/div><div class=\"ctrl\"><div class=\"Lctrl\"><\/div><div class=\"Rctrl\"><\/div><\/div><\/div><noscript><a href=\"https:\/\/youtu.be\/sBLo4X62xkY\" rel=\"nofollow\"><img loading=\"lazy\" decoding=\"async\" src=\"https:\/\/musiculum.de\/wp-content\/plugins\/wp-youtube-lyte\/lyteCache.php?origThumbUrl=https%3A%2F%2Fi.ytimg.com%2Fvi%2FsBLo4X62xkY%2F0.jpg\" alt=\"YouTube video thumbnail\" width=\"480\" height=\"340\" \/><br \/>Watch this video on YouTube<\/a><\/noscript><\/div><\/div><div class=\"lL\" style=\"max-width:100%;width:480px;margin:5px;\"><br\/><span class=\"lyte_disclaimer\">Durch das Abspielen werden auf externe Inhalte zugegriffen. Mehr auf unserer <a href=\"https:\/\/musiculum.de\/index.php\/datenschutz\">Datenschutzerkl\u00e4rung<\/a><\/span><\/div><\/div><\/div><\/div><\/div><div id=\"pg-133-1\"  class=\"panel-grid\" ><div class=\"panel-grid-core\"><div id=\"pgc-133-1-0\"  class=\"panel-grid-cell\" ><div class=\"panel-widget-style\" ><!-- <\/div><\/div><\/div><\/div><div id=\"pg-133-2\"  class=\"panel-grid\" ><div class=\"panel-grid-core\"><div id=\"pgc-133-2-0\"  class=\"panel-grid-cell\" ><div class=\"panel-widget-style\" ><p><strong>Musik und Akustik erleben \u2013 das k\u00f6nnen Kinder und Jugendliche im<\/strong>\u00a0<strong>musiculum!<\/strong><\/p><p>Das musiculum ist eine Lern- und Experimentier\u00adwerkstatt f\u00fcr Kinder und Jugendliche. Auf einer Gesamtfl\u00e4che von 2.400 qm laden rund 400 Musikinstrumente und gro\u00dfformatige Akustik-Exponate, Experimentierr\u00e4ume, ein Sinnesraum, ein Ton-Studio und ein Saal mit B\u00fchne zum gemeinsamen Entdecken, Forschen und Mitmachen ein. Zum Angebot geh\u00f6ren <strong><a href=\"http:\/\/musiculum.de\/index.php\/schulprojekte\/\" rel=\"noopener noreferrer\">Schulprojekte<\/a><\/strong>, <strong><a href=\"http:\/\/musiculum.de\/index.php\/nachmittagsprogramm\/\" rel=\"noopener noreferrer\">Nachmittagsprojekte<\/a>, <a href=\"https:\/\/musiculum.de\/index.php\/ferienprogramm\/\" rel=\"noopener noreferrer\">Ferienprojekte<\/a><\/strong> sowie <strong><a href=\"http:\/\/musiculum.de\/index.php\/kooperationsprojekte\/\" rel=\"noopener noreferrer\">Kooperationsprojekte<\/a><\/strong> f\u00fcr Sch\u00fclerinnen und Sch\u00fcler mit und ohne F\u00f6rderbedarf. Zudem gibt es besondere Aktionen und Angebote, wie z.B. Projekte f\u00fcr junge Menschen mit Fluchterfahrung, das <strong><a href=\"http:\/\/musiculum.de\/index.php\/musiculum-mobil\/\" rel=\"noopener noreferrer\">musiculum MOBIL Kita<\/a><\/strong> f\u00fcr Kinder in Kindertagesst\u00e4tten, das <a href=\"https:\/\/musiculum-mobil.de\/\"><strong>musiculum MOBIL Schule<\/strong><\/a>\u00a0f\u00fcr 1. und 2. Klassen der Grundschulen sowie das Projekt Kiel Move &amp; Groove f\u00fcr Jugendliche in sozial benachteiligten Stadtteilen Kiels.<\/p><\/div><\/div><\/div><\/div><div id=\"pg-133-3\"  class=\"panel-grid\" ><div class=\"panel-grid-core\"><div id=\"pgc-133-3-0\"  class=\"panel-grid-cell\" ><div class=\"panel-widget-style\" >--><\/div><\/div><\/div><\/div>","protected":false},"excerpt":{"rendered":"<p>Musik und Akustik erleben \u2013 das k\u00f6nnen Kinder und Jugendliche im\u00a0musiculum! Das musiculum ist eine Lern- und Experimentier\u00adwerkstatt f\u00fcr Kinder und Jugendliche. Auf einer Gesamtfl\u00e4che von 2.400m\u00b2\u00a0laden rund 400 Musikinstrumente und gro\u00dfformatige Akustik-Exponate, Experimentierr\u00e4ume, ein Sinnesraum, ein Ton-Studio und ein Saal mit B\u00fchne zum gemeinsamen Entdecken, Forschen und Mitmachen ein. Zum Angebot geh\u00f6ren Schulprojekte, Nachmittagsprojekte, [&hellip;]<\/p>\n","protected":false},"author":2,"featured_media":0,"parent":0,"menu_order":0,"comment_status":"closed","ping_status":"closed","template":"","meta":{"footnotes":""},"categories":[],"tags":[],"class_list":["post-133","page","type-page","status-publish","hentry"],"yoast_head":"<!-- This site is optimized with the Yoast SEO plugin v27.4 - https:\/\/yoast.com\/product\/yoast-seo-wordpress\/ -->\n<title>\u00dcber uns - musiculum<\/title>\n<meta name=\"robots\" content=\"index, follow, max-snippet:-1, max-image-preview:large, max-video-preview:-1\" \/>\n<link rel=\"canonical\" href=\"https:\/\/musiculum.de\/index.php\/ueber-uns\/\" \/>\n<meta property=\"og:locale\" content=\"de_DE\" \/>\n<meta property=\"og:type\" content=\"article\" \/>\n<meta property=\"og:title\" content=\"\u00dcber uns - musiculum\" \/>\n<meta property=\"og:description\" content=\"Musik und Akustik erleben \u2013 das k\u00f6nnen Kinder und Jugendliche im\u00a0musiculum! Das musiculum ist eine Lern- und Experimentier\u00adwerkstatt f\u00fcr Kinder und Jugendliche. Auf einer Gesamtfl\u00e4che von 2.400m\u00b2\u00a0laden rund 400 Musikinstrumente und gro\u00dfformatige Akustik-Exponate, Experimentierr\u00e4ume, ein Sinnesraum, ein Ton-Studio und ein Saal mit B\u00fchne zum gemeinsamen Entdecken, Forschen und Mitmachen ein. Zum Angebot geh\u00f6ren Schulprojekte, Nachmittagsprojekte, [&hellip;]\" \/>\n<meta property=\"og:url\" content=\"https:\/\/musiculum.de\/index.php\/ueber-uns\/\" \/>\n<meta property=\"og:site_name\" content=\"musiculum\" \/>\n<meta property=\"article:modified_time\" content=\"2026-02-10T08:54:28+00:00\" \/>\n<meta name=\"twitter:card\" content=\"summary_large_image\" \/>\n<meta name=\"twitter:label1\" content=\"Gesch\u00e4tzte Lesezeit\" \/>\n\t<meta name=\"twitter:data1\" content=\"2\u00a0Minuten\" \/>\n<script type=\"application\/ld+json\" class=\"yoast-schema-graph\">{\"@context\":\"https:\\\/\\\/schema.org\",\"@graph\":[{\"@type\":\"WebPage\",\"@id\":\"https:\\\/\\\/musiculum.de\\\/index.php\\\/ueber-uns\\\/\",\"url\":\"https:\\\/\\\/musiculum.de\\\/index.php\\\/ueber-uns\\\/\",\"name\":\"\u00dcber uns - musiculum\",\"isPartOf\":{\"@id\":\"https:\\\/\\\/musiculum.de\\\/#website\"},\"datePublished\":\"2016-06-09T09:08:44+00:00\",\"dateModified\":\"2026-02-10T08:54:28+00:00\",\"breadcrumb\":{\"@id\":\"https:\\\/\\\/musiculum.de\\\/index.php\\\/ueber-uns\\\/#breadcrumb\"},\"inLanguage\":\"de\",\"potentialAction\":[{\"@type\":\"ReadAction\",\"target\":[\"https:\\\/\\\/musiculum.de\\\/index.php\\\/ueber-uns\\\/\"]}]},{\"@type\":\"BreadcrumbList\",\"@id\":\"https:\\\/\\\/musiculum.de\\\/index.php\\\/ueber-uns\\\/#breadcrumb\",\"itemListElement\":[{\"@type\":\"ListItem\",\"position\":1,\"name\":\"Startseite\",\"item\":\"https:\\\/\\\/musiculum.de\\\/\"},{\"@type\":\"ListItem\",\"position\":2,\"name\":\"\u00dcber uns\"}]},{\"@type\":\"WebSite\",\"@id\":\"https:\\\/\\\/musiculum.de\\\/#website\",\"url\":\"https:\\\/\\\/musiculum.de\\\/\",\"name\":\"musiculum\",\"description\":\"Lern- und Experimentierwerkstatt f\u00fcr Kinder und Jugendliche\",\"potentialAction\":[{\"@type\":\"SearchAction\",\"target\":{\"@type\":\"EntryPoint\",\"urlTemplate\":\"https:\\\/\\\/musiculum.de\\\/?s={search_term_string}\"},\"query-input\":{\"@type\":\"PropertyValueSpecification\",\"valueRequired\":true,\"valueName\":\"search_term_string\"}}],\"inLanguage\":\"de\"}]}<\/script>\n<!-- \/ Yoast SEO plugin. -->","yoast_head_json":{"title":"\u00dcber uns - musiculum","robots":{"index":"index","follow":"follow","max-snippet":"max-snippet:-1","max-image-preview":"max-image-preview:large","max-video-preview":"max-video-preview:-1"},"canonical":"https:\/\/musiculum.de\/index.php\/ueber-uns\/","og_locale":"de_DE","og_type":"article","og_title":"\u00dcber uns - musiculum","og_description":"Musik und Akustik erleben \u2013 das k\u00f6nnen Kinder und Jugendliche im\u00a0musiculum! Das musiculum ist eine Lern- und Experimentier\u00adwerkstatt f\u00fcr Kinder und Jugendliche. Auf einer Gesamtfl\u00e4che von 2.400m\u00b2\u00a0laden rund 400 Musikinstrumente und gro\u00dfformatige Akustik-Exponate, Experimentierr\u00e4ume, ein Sinnesraum, ein Ton-Studio und ein Saal mit B\u00fchne zum gemeinsamen Entdecken, Forschen und Mitmachen ein. Zum Angebot geh\u00f6ren Schulprojekte, Nachmittagsprojekte, [&hellip;]","og_url":"https:\/\/musiculum.de\/index.php\/ueber-uns\/","og_site_name":"musiculum","article_modified_time":"2026-02-10T08:54:28+00:00","twitter_card":"summary_large_image","twitter_misc":{"Gesch\u00e4tzte Lesezeit":"2\u00a0Minuten"},"schema":{"@context":"https:\/\/schema.org","@graph":[{"@type":"WebPage","@id":"https:\/\/musiculum.de\/index.php\/ueber-uns\/","url":"https:\/\/musiculum.de\/index.php\/ueber-uns\/","name":"\u00dcber uns - musiculum","isPartOf":{"@id":"https:\/\/musiculum.de\/#website"},"datePublished":"2016-06-09T09:08:44+00:00","dateModified":"2026-02-10T08:54:28+00:00","breadcrumb":{"@id":"https:\/\/musiculum.de\/index.php\/ueber-uns\/#breadcrumb"},"inLanguage":"de","potentialAction":[{"@type":"ReadAction","target":["https:\/\/musiculum.de\/index.php\/ueber-uns\/"]}]},{"@type":"BreadcrumbList","@id":"https:\/\/musiculum.de\/index.php\/ueber-uns\/#breadcrumb","itemListElement":[{"@type":"ListItem","position":1,"name":"Startseite","item":"https:\/\/musiculum.de\/"},{"@type":"ListItem","position":2,"name":"\u00dcber uns"}]},{"@type":"WebSite","@id":"https:\/\/musiculum.de\/#website","url":"https:\/\/musiculum.de\/","name":"musiculum","description":"Lern- und Experimentierwerkstatt f\u00fcr Kinder und Jugendliche","potentialAction":[{"@type":"SearchAction","target":{"@type":"EntryPoint","urlTemplate":"https:\/\/musiculum.de\/?s={search_term_string}"},"query-input":{"@type":"PropertyValueSpecification","valueRequired":true,"valueName":"search_term_string"}}],"inLanguage":"de"}]}},"_links":{"self":[{"href":"https:\/\/musiculum.de\/index.php\/wp-json\/wp\/v2\/pages\/133","targetHints":{"allow":["GET"]}}],"collection":[{"href":"https:\/\/musiculum.de\/index.php\/wp-json\/wp\/v2\/pages"}],"about":[{"href":"https:\/\/musiculum.de\/index.php\/wp-json\/wp\/v2\/types\/page"}],"author":[{"embeddable":true,"href":"https:\/\/musiculum.de\/index.php\/wp-json\/wp\/v2\/users\/2"}],"replies":[{"embeddable":true,"href":"https:\/\/musiculum.de\/index.php\/wp-json\/wp\/v2\/comments?post=133"}],"version-history":[{"count":5,"href":"https:\/\/musiculum.de\/index.php\/wp-json\/wp\/v2\/pages\/133\/revisions"}],"predecessor-version":[{"id":7210,"href":"https:\/\/musiculum.de\/index.php\/wp-json\/wp\/v2\/pages\/133\/revisions\/7210"}],"wp:attachment":[{"href":"https:\/\/musiculum.de\/index.php\/wp-json\/wp\/v2\/media?parent=133"}],"wp:term":[{"taxonomy":"category","embeddable":true,"href":"https:\/\/musiculum.de\/index.php\/wp-json\/wp\/v2\/categories?post=133"},{"taxonomy":"post_tag","embeddable":true,"href":"https:\/\/musiculum.de\/index.php\/wp-json\/wp\/v2\/tags?post=133"}],"curies":[{"name":"wp","href":"https:\/\/api.w.org\/{rel}","templated":true}]}}