{"id":101,"date":"2016-06-09T10:40:20","date_gmt":"2016-06-09T08:40:20","guid":{"rendered":"http:\/\/jo12.de\/?page_id=101"},"modified":"2026-03-09T08:56:56","modified_gmt":"2026-03-09T07:56:56","slug":"stiftung-jovita","status":"publish","type":"page","link":"https:\/\/musiculum.de\/index.php\/stiftung-jovita\/","title":{"rendered":"Stiftung Jovita"},"content":{"rendered":"<div id=\"pg-101-0\"  class=\"panel-grid\" ><div class=\"panel-grid-core\"><div id=\"pgc-101-0-0\"  class=\"panel-grid-cell\" ><div class=\"panel-widget-style\" ><p style=\"\"><img decoding=\"async\" src=\"https:\/\/musiculum.de\/wp-content\/uploads\/2016\/06\/jovita_4c.jpg\" alt=\"\" style=\"\" \/><\/p><\/div><div class=\"panel-widget-style\" ><p style=\"\"><img decoding=\"async\" src=\"https:\/\/musiculum.de\/wp-content\/uploads\/2016\/12\/bild_maedchen_stiftung_jovita_02.jpg\" alt=\"\" style=\"\" \/><\/p><\/div><\/div><div id=\"pgc-101-0-1\"  class=\"panel-grid-cell\" ><div class=\"panel-widget-style\" >\t\t\t<div class=\"textwidget\"><p><strong>Jovita macht Kinder stark f\u00fcrs Leben<\/strong><\/p>\n<p>Kindern und Jugendlichen unabh\u00e4ngig von ihrer kulturellen, religi\u00f6sen und sozialen Herkunft durch kreative Bildungsangebote positive Impulse f\u00fcr ihre Pers\u00f6nlichkeitsentwicklung geben &#8211; das ist das Ziel der Stiftung Jovita. Zu besseren Zukunftsperspektiven z\u00e4hlen ein gest\u00e4rktes Selbstwertgef\u00fchl ebenso wie Verantwortungsbewusstsein, soziale Kompetenz und Offenheit f\u00fcr Vielfalt. Um die Potenziale und Interessen junger Menschen zu wecken und zu f\u00f6rdern, hat Jovita zwei gro\u00dfe Leuchtturmprojekte als Bildungsinitiative realisiert: die gelbe Villa in Berlin (<a href=\"http:\/\/www.die-gelbe-villa.de\" target=\"_blank\" rel=\"noopener noreferrer\">www.die-gelbe-villa.de<\/a>) und das musiculum in Kiel. Mit au\u00dferschulischer Projektarbeit sowie bewusst weitestgehend kostenfreien Nachmittags- und Ferienprogrammen leisten beide H\u00e4user einen wertvollen Beitrag zu mehr Chancengleichheit und Teilhabe. Seit 2015 organisieren sie zus\u00e4tzlich Angebote f\u00fcr Kinder und Jugendliche mit Fluchterfahrung mit dem Schwerpunkt Integration.<\/p>\n<p>Mehr Informationen unter <a href=\"http:\/\/www.stiftung-jovita.org\" target=\"_blank\" rel=\"noopener noreferrer\">www.stiftung-jovita.org<\/a>.<\/p>\n<p><b><\/b>Ansprechpartnerinnen:<br \/>\n<strong>Nadine Hansen (Vorstand), Nicole Schomburg (Vorstand) und Vivian Krohn (Vorstand)<\/strong><br \/>\nPickhuben 2<br \/>\n20457 Hamburg<br \/>\n<strong>Tel:<\/strong> +49(0)40\/30 06 98 12<br \/>\n<strong>Fax:<\/strong> +49(0)40\/30 06 98 29<br \/>\n<strong>E-Mail:<\/strong> info@stiftung-jovita.org<br \/>\n<a href=\"http:\/\/www.stiftung-jovita.org\" target=\"_blank\" rel=\"noopener\"><strong>www.stiftung-jovita.org<\/strong><\/a><\/p>\n<\/div>\n\t\t<\/div><div class=\"panel-widget-style\" >\t\t\t<div class=\"textwidget\"><p><strong>Gegen Hass, Krieg und Gewalt<br \/>\n<\/strong><\/p>\n<p>Die terroristischen Angriffe gegen Israel sind nicht zu rechtfertigen und dienen auch nicht dem Interesse der pal\u00e4stinensischen Zivilbev\u00f6lkerung, vor allem nicht den vielen Kindern und Jugendlichen in Gaza. Als musiculum, ein Projekt der Kinder- und Jugendstiftung Jovita, stellen wir uns gleicherma\u00dfen gegen Terror, Hass und Antisemitismus wie gegen pauschale islamfeindliche Kritik. Wir wollen in einer offenen und toleranten Gesellschaft leben, die Menschenrechte, Demokratie und Rechtsstattlichkeit achtet und verteidigt. Offener Hass und Menschenverachtung sowie Ausschreitungen auf unseren Stra\u00dfen sind ein Angriff auf eine solche Lebensweise, auf uns alle, und k\u00f6nnen nicht hingenommen werden.<\/p>\n<p>Wir missbilligen ebenso den fortdauernden Krieg Russlands gegen die Ukraine und alle dort lebenden Menschen. Die Aggression richtet sich gegen ein friedliches Zusammenleben in einem demokratischen und menschlichen Europa wie auf der ganzen Welt. Unsere Arbeit macht sich hingegen stark f\u00fcr den Zusammenhalt von Menschen, unabh\u00e4ngig von ihrer Herkunft. Wir stehen nach innen wie au\u00dfen f\u00fcr Offenheit, Vielfalt und Toleranz und unterst\u00fctzen dabei nach Kr\u00e4ften auch diejenigen, die bei uns in der Stadt Schutz und Sicherheit suchen.<\/p>\n<\/div>\n\t\t<\/div><\/div><\/div><\/div>","protected":false},"excerpt":{"rendered":"<p>Jovita macht Kinder stark f\u00fcrs Leben Kindern und Jugendlichen unabh\u00e4ngig von ihrer kulturellen, religi\u00f6sen und sozialen Herkunft durch kreative Bildungsangebote positive Impulse f\u00fcr ihre Pers\u00f6nlichkeitsentwicklung geben &#8211; das ist das Ziel der Stiftung Jovita. Zu besseren Zukunftsperspektiven z\u00e4hlen ein gest\u00e4rktes Selbstwertgef\u00fchl ebenso wie Verantwortungsbewusstsein, soziale Kompetenz und Offenheit f\u00fcr Vielfalt. Um die Potenziale und Interessen [&hellip;]<\/p>\n","protected":false},"author":2,"featured_media":0,"parent":0,"menu_order":0,"comment_status":"closed","ping_status":"closed","template":"","meta":{"footnotes":""},"categories":[],"tags":[],"class_list":["post-101","page","type-page","status-publish","hentry"],"yoast_head":"<!-- This site is optimized with the Yoast SEO plugin v27.2 - https:\/\/yoast.com\/product\/yoast-seo-wordpress\/ -->\n<title>Stiftung Jovita - musiculum<\/title>\n<meta name=\"robots\" content=\"index, follow, max-snippet:-1, max-image-preview:large, max-video-preview:-1\" \/>\n<link rel=\"canonical\" href=\"https:\/\/musiculum.de\/index.php\/stiftung-jovita\/\" \/>\n<meta property=\"og:locale\" content=\"de_DE\" \/>\n<meta property=\"og:type\" content=\"article\" \/>\n<meta property=\"og:title\" content=\"Stiftung Jovita - musiculum\" \/>\n<meta property=\"og:description\" content=\"Jovita macht Kinder stark f\u00fcrs Leben Kindern und Jugendlichen unabh\u00e4ngig von ihrer kulturellen, religi\u00f6sen und sozialen Herkunft durch kreative Bildungsangebote positive Impulse f\u00fcr ihre Pers\u00f6nlichkeitsentwicklung geben - das ist das Ziel der Stiftung Jovita. Zu besseren Zukunftsperspektiven z\u00e4hlen ein gest\u00e4rktes Selbstwertgef\u00fchl ebenso wie Verantwortungsbewusstsein, soziale Kompetenz und Offenheit f\u00fcr Vielfalt. Um die Potenziale und Interessen [&hellip;]\" \/>\n<meta property=\"og:url\" content=\"https:\/\/musiculum.de\/index.php\/stiftung-jovita\/\" \/>\n<meta property=\"og:site_name\" content=\"musiculum\" \/>\n<meta property=\"article:modified_time\" content=\"2026-03-09T07:56:56+00:00\" \/>\n<meta name=\"twitter:card\" content=\"summary_large_image\" \/>\n<meta name=\"twitter:label1\" content=\"Gesch\u00e4tzte Lesezeit\" \/>\n\t<meta name=\"twitter:data1\" content=\"2\u00a0Minuten\" \/>\n<script type=\"application\/ld+json\" class=\"yoast-schema-graph\">{\"@context\":\"https:\/\/schema.org\",\"@graph\":[{\"@type\":\"WebPage\",\"@id\":\"https:\/\/musiculum.de\/index.php\/stiftung-jovita\/\",\"url\":\"https:\/\/musiculum.de\/index.php\/stiftung-jovita\/\",\"name\":\"Stiftung Jovita - musiculum\",\"isPartOf\":{\"@id\":\"https:\/\/musiculum.de\/#website\"},\"datePublished\":\"2016-06-09T08:40:20+00:00\",\"dateModified\":\"2026-03-09T07:56:56+00:00\",\"breadcrumb\":{\"@id\":\"https:\/\/musiculum.de\/index.php\/stiftung-jovita\/#breadcrumb\"},\"inLanguage\":\"de\",\"potentialAction\":[{\"@type\":\"ReadAction\",\"target\":[\"https:\/\/musiculum.de\/index.php\/stiftung-jovita\/\"]}]},{\"@type\":\"BreadcrumbList\",\"@id\":\"https:\/\/musiculum.de\/index.php\/stiftung-jovita\/#breadcrumb\",\"itemListElement\":[{\"@type\":\"ListItem\",\"position\":1,\"name\":\"Startseite\",\"item\":\"https:\/\/musiculum.de\/\"},{\"@type\":\"ListItem\",\"position\":2,\"name\":\"Stiftung Jovita\"}]},{\"@type\":\"WebSite\",\"@id\":\"https:\/\/musiculum.de\/#website\",\"url\":\"https:\/\/musiculum.de\/\",\"name\":\"musiculum\",\"description\":\"Lern- und Experimentierwerkstatt f\u00fcr Kinder und Jugendliche\",\"potentialAction\":[{\"@type\":\"SearchAction\",\"target\":{\"@type\":\"EntryPoint\",\"urlTemplate\":\"https:\/\/musiculum.de\/?s={search_term_string}\"},\"query-input\":{\"@type\":\"PropertyValueSpecification\",\"valueRequired\":true,\"valueName\":\"search_term_string\"}}],\"inLanguage\":\"de\"}]}<\/script>\n<!-- \/ Yoast SEO plugin. -->","yoast_head_json":{"title":"Stiftung Jovita - musiculum","robots":{"index":"index","follow":"follow","max-snippet":"max-snippet:-1","max-image-preview":"max-image-preview:large","max-video-preview":"max-video-preview:-1"},"canonical":"https:\/\/musiculum.de\/index.php\/stiftung-jovita\/","og_locale":"de_DE","og_type":"article","og_title":"Stiftung Jovita - musiculum","og_description":"Jovita macht Kinder stark f\u00fcrs Leben Kindern und Jugendlichen unabh\u00e4ngig von ihrer kulturellen, religi\u00f6sen und sozialen Herkunft durch kreative Bildungsangebote positive Impulse f\u00fcr ihre Pers\u00f6nlichkeitsentwicklung geben - das ist das Ziel der Stiftung Jovita. Zu besseren Zukunftsperspektiven z\u00e4hlen ein gest\u00e4rktes Selbstwertgef\u00fchl ebenso wie Verantwortungsbewusstsein, soziale Kompetenz und Offenheit f\u00fcr Vielfalt. Um die Potenziale und Interessen [&hellip;]","og_url":"https:\/\/musiculum.de\/index.php\/stiftung-jovita\/","og_site_name":"musiculum","article_modified_time":"2026-03-09T07:56:56+00:00","twitter_card":"summary_large_image","twitter_misc":{"Gesch\u00e4tzte Lesezeit":"2\u00a0Minuten"},"schema":{"@context":"https:\/\/schema.org","@graph":[{"@type":"WebPage","@id":"https:\/\/musiculum.de\/index.php\/stiftung-jovita\/","url":"https:\/\/musiculum.de\/index.php\/stiftung-jovita\/","name":"Stiftung Jovita - musiculum","isPartOf":{"@id":"https:\/\/musiculum.de\/#website"},"datePublished":"2016-06-09T08:40:20+00:00","dateModified":"2026-03-09T07:56:56+00:00","breadcrumb":{"@id":"https:\/\/musiculum.de\/index.php\/stiftung-jovita\/#breadcrumb"},"inLanguage":"de","potentialAction":[{"@type":"ReadAction","target":["https:\/\/musiculum.de\/index.php\/stiftung-jovita\/"]}]},{"@type":"BreadcrumbList","@id":"https:\/\/musiculum.de\/index.php\/stiftung-jovita\/#breadcrumb","itemListElement":[{"@type":"ListItem","position":1,"name":"Startseite","item":"https:\/\/musiculum.de\/"},{"@type":"ListItem","position":2,"name":"Stiftung Jovita"}]},{"@type":"WebSite","@id":"https:\/\/musiculum.de\/#website","url":"https:\/\/musiculum.de\/","name":"musiculum","description":"Lern- und Experimentierwerkstatt f\u00fcr Kinder und Jugendliche","potentialAction":[{"@type":"SearchAction","target":{"@type":"EntryPoint","urlTemplate":"https:\/\/musiculum.de\/?s={search_term_string}"},"query-input":{"@type":"PropertyValueSpecification","valueRequired":true,"valueName":"search_term_string"}}],"inLanguage":"de"}]}},"_links":{"self":[{"href":"https:\/\/musiculum.de\/index.php\/wp-json\/wp\/v2\/pages\/101","targetHints":{"allow":["GET"]}}],"collection":[{"href":"https:\/\/musiculum.de\/index.php\/wp-json\/wp\/v2\/pages"}],"about":[{"href":"https:\/\/musiculum.de\/index.php\/wp-json\/wp\/v2\/types\/page"}],"author":[{"embeddable":true,"href":"https:\/\/musiculum.de\/index.php\/wp-json\/wp\/v2\/users\/2"}],"replies":[{"embeddable":true,"href":"https:\/\/musiculum.de\/index.php\/wp-json\/wp\/v2\/comments?post=101"}],"version-history":[{"count":5,"href":"https:\/\/musiculum.de\/index.php\/wp-json\/wp\/v2\/pages\/101\/revisions"}],"predecessor-version":[{"id":7289,"href":"https:\/\/musiculum.de\/index.php\/wp-json\/wp\/v2\/pages\/101\/revisions\/7289"}],"wp:attachment":[{"href":"https:\/\/musiculum.de\/index.php\/wp-json\/wp\/v2\/media?parent=101"}],"wp:term":[{"taxonomy":"category","embeddable":true,"href":"https:\/\/musiculum.de\/index.php\/wp-json\/wp\/v2\/categories?post=101"},{"taxonomy":"post_tag","embeddable":true,"href":"https:\/\/musiculum.de\/index.php\/wp-json\/wp\/v2\/tags?post=101"}],"curies":[{"name":"wp","href":"https:\/\/api.w.org\/{rel}","templated":true}]}}